{"id":3677,"date":"2024-04-11T20:04:46","date_gmt":"2024-04-11T12:04:46","guid":{"rendered":"https:\/\/yutaimachinery.com\/?post_type=product&#038;p=3677"},"modified":"2025-12-14T14:54:15","modified_gmt":"2025-12-14T06:54:15","slug":"caladora","status":"publish","type":"product","link":"https:\/\/yutaimachinery.com\/es\/product\/jiggering-machine\/","title":{"rendered":"M\u00e1quina autom\u00e1tica para fabricar tazas de cer\u00e1mica, m\u00e1quina de moldeado"},"content":{"rendered":"<div class=\"wp-block-columns is-layout-flex wp-container-core-columns-is-layout-9d6595d7 wp-block-columns-is-layout-flex\">\n<div class=\"wp-block-column is-layout-flow wp-block-column-is-layout-flow\">\n<figure class=\"wp-block-embed is-type-video is-provider-youtube wp-block-embed-youtube wp-embed-aspect-16-9 wp-has-aspect-ratio\"><div class=\"wp-block-embed__wrapper\">\n<iframe title=\"M\u00e1quina para fabricar tazas de cer\u00e1mica con asa\" width=\"940\" height=\"529\" src=\"https:\/\/www.youtube.com\/embed\/BHIx1WBU9Tc?feature=oembed\" frameborder=\"0\" allow=\"accelerometer; autoplay; clipboard-write; encrypted-media; gyroscope; picture-in-picture; web-share\" referrerpolicy=\"strict-origin-when-cross-origin\" allowfullscreen><\/iframe>\n<\/div><\/figure>\n<\/div>\n\n\n\n<div class=\"wp-block-column is-layout-flow wp-block-column-is-layout-flow\">\n<h2 class=\"wp-block-heading\">Caracter\u00edsticas de la m\u00e1quina de jigging<\/h2>\n\n\n\n<p><strong>Dise\u00f1ado para f\u00e1bricas de vajillas:<\/strong> Optimizado espec\u00edficamente para la producci\u00f3n de platos, cuencos y tazas con un moldeado estable y resultados repetibles.<\/p>\n\n\n\n<p><strong>Formaci\u00f3n automatizada por sacudida: <\/strong>Garantiza un grosor uniforme, superficies lisas y dimensiones precisas para la producci\u00f3n en masa de vajillas.<\/p>\n\n\n\n<p><strong>Secado y desmoldeo integrados:<\/strong> Optimiza el flujo de producci\u00f3n y acorta el tiempo de ciclo para lograr una mayor eficiencia general.<\/p>\n\n\n\n<p><strong>F\u00e1cil manejo y mantenimiento: <\/strong>El sencillo sistema de control y la estructura duradera permiten un funcionamiento sencillo y unos bajos costes de mantenimiento.<\/p>\n\n\n\n<p><strong>Producci\u00f3n rentable: <\/strong>Reduce los requisitos de mano de obra al tiempo que mantiene un rendimiento constante, lo que ayuda a reducir los costes generales de fabricaci\u00f3n.<\/p>\n\n\n\n<p><strong>Estabilidad de grado industrial: <\/strong>Dise\u00f1ado para un funcionamiento continuo en f\u00e1brica con una larga vida \u00fatil y un rendimiento fiable.<\/p>\n<\/div>\n<\/div>\n\n\n\n<div class=\"wp-block-columns is-layout-flex wp-container-core-columns-is-layout-9d6595d7 wp-block-columns-is-layout-flex\">\n<div class=\"wp-block-column is-layout-flow wp-block-column-is-layout-flow\">\n<figure class=\"wp-block-image size-full\"><img fetchpriority=\"high\" decoding=\"async\" width=\"1276\" height=\"1276\" src=\"https:\/\/yutaimachinery.com\/wp-content\/uploads\/2024\/04\/jiggering-machine4.webp\" alt=\"caladora\" class=\"wp-image-3701\" title=\"\" srcset=\"https:\/\/yutaimachinery.com\/wp-content\/uploads\/2024\/04\/jiggering-machine4.webp 1276w, https:\/\/yutaimachinery.com\/wp-content\/uploads\/2024\/04\/jiggering-machine4-300x300.webp 300w, https:\/\/yutaimachinery.com\/wp-content\/uploads\/2024\/04\/jiggering-machine4-150x150.webp 150w, https:\/\/yutaimachinery.com\/wp-content\/uploads\/2024\/04\/jiggering-machine4-768x768.webp 768w, https:\/\/yutaimachinery.com\/wp-content\/uploads\/2024\/04\/jiggering-machine4-285x285.webp 285w, https:\/\/yutaimachinery.com\/wp-content\/uploads\/2024\/04\/jiggering-machine4-270x270.webp 270w, https:\/\/yutaimachinery.com\/wp-content\/uploads\/2024\/04\/jiggering-machine4-540x540.webp 540w, https:\/\/yutaimachinery.com\/wp-content\/uploads\/2024\/04\/jiggering-machine4-660x660.webp 660w\" sizes=\"(max-width: 1276px) 100vw, 1276px\" \/><\/figure>\n<\/div>\n\n\n\n<div class=\"wp-block-column is-layout-flow wp-block-column-is-layout-flow\">\n<figure class=\"wp-block-image size-full\"><img decoding=\"async\" width=\"3024\" height=\"3024\" src=\"https:\/\/yutaimachinery.com\/wp-content\/uploads\/2024\/04\/jiggering-machine3.webp\" alt=\"caladora\" class=\"wp-image-3700\" title=\"\" srcset=\"https:\/\/yutaimachinery.com\/wp-content\/uploads\/2024\/04\/jiggering-machine3.webp 3024w, https:\/\/yutaimachinery.com\/wp-content\/uploads\/2024\/04\/jiggering-machine3-300x300.webp 300w, https:\/\/yutaimachinery.com\/wp-content\/uploads\/2024\/04\/jiggering-machine3-150x150.webp 150w, https:\/\/yutaimachinery.com\/wp-content\/uploads\/2024\/04\/jiggering-machine3-768x768.webp 768w, https:\/\/yutaimachinery.com\/wp-content\/uploads\/2024\/04\/jiggering-machine3-285x285.webp 285w, https:\/\/yutaimachinery.com\/wp-content\/uploads\/2024\/04\/jiggering-machine3-1600x1600.webp 1600w, https:\/\/yutaimachinery.com\/wp-content\/uploads\/2024\/04\/jiggering-machine3-270x270.webp 270w, https:\/\/yutaimachinery.com\/wp-content\/uploads\/2024\/04\/jiggering-machine3-540x540.webp 540w, https:\/\/yutaimachinery.com\/wp-content\/uploads\/2024\/04\/jiggering-machine3-660x660.webp 660w\" sizes=\"(max-width: 3024px) 100vw, 3024px\" \/><\/figure>\n<\/div>\n<\/div>","protected":false},"excerpt":{"rendered":"<p>La m\u00e1quina autom\u00e1tica para la fabricaci\u00f3n de vajillas de cer\u00e1mica es una soluci\u00f3n pr\u00e1ctica y rentable dise\u00f1ada para la producci\u00f3n diaria de vajillas. Es ideal para f\u00e1bricas de cer\u00e1mica que buscan una producci\u00f3n estable, una baja mano de obra y unos costes de fabricaci\u00f3n controlados. \u00a1P\u00f3ngase en contacto con nosotros ahora para solicitar un presupuesto!<\/p>\n<h2>Soluci\u00f3n integral para la m\u00e1quina de fabricaci\u00f3n de tazas y vasos de cer\u00e1mica:<\/h2>\n<ol>\n<li><strong>Soluciones llave en mano para l\u00edneas de cer\u00e1mica:<\/strong> Asistencia completa desde la selecci\u00f3n de equipos y la planificaci\u00f3n del dise\u00f1o de la l\u00ednea hasta la integraci\u00f3n completa de la l\u00ednea de producci\u00f3n.<\/li>\n<li><strong>Personalizaci\u00f3n del equipo:<\/strong> Configuraciones de m\u00e1quinas adaptadas a diferentes productos cer\u00e1micos, como platos, cuencos, tazas y vasos, en funci\u00f3n del tama\u00f1o, la forma y la capacidad de producci\u00f3n.<\/li>\n<li><strong>Instalaci\u00f3n y puesta en marcha:<\/strong> Asistencia t\u00e9cnica in situ o remota para garantizar un funcionamiento estable y resultados de fundici\u00f3n precisos.<\/li>\n<li><strong>Formaci\u00f3n de operadores y asistencia t\u00e9cnica:<\/strong> Formaci\u00f3n integral que abarca el funcionamiento de la m\u00e1quina, el mantenimiento y el control de calidad.<\/li>\n<li><strong>Servicio posventa y suministro de repuestos:<\/strong> Servicio t\u00e9cnico de respuesta r\u00e1pida, programas de mantenimiento preventivo y disponibilidad fiable de piezas de repuesto.<\/li>\n<li><strong>Mejora de la calidad y optimizaci\u00f3n del rendimiento:<\/strong> Soluciones para reducir defectos, mejorar la consistencia de la fundici\u00f3n y aumentar la eficiencia de la producci\u00f3n.<\/li>\n<\/ol>","protected":false},"featured_media":3701,"template":"","meta":{"_acf_changed":false},"product_brand":[],"product_cat":[55],"product_tag":[76],"class_list":{"0":"post-3677","1":"product","2":"type-product","3":"status-publish","4":"has-post-thumbnail","6":"product_cat-ceramic-forming-machine","7":"product_tag-jiggering-machine","9":"first","10":"instock","11":"shipping-taxable","12":"product-type-simple"},"acf":{"customization_content":"<h2><\/h2>\r\n<div><\/div>","customization_content_source":{"label":"Customization Content","type":"wysiwyg","formatted_value":"<h2><\/h2>\n<div><\/div>\n"},"why_choose_us_content":"<h2 style=\"text-align: center;\">Why Choose Us as Your <strong>Jiggering Machine<\/strong> Supplier<\/h2>\r\n\r\n<hr \/>\r\n<p style=\"text-align: center;\">Yutai as a ceramic tableware manufacturer, maintains strict quality standards and excellent service. Revolutionize your manufacturing processes with cutting-edge automation technology that streamlines forming and enhances efficiency.<\/p>","why_choose_us_content_source":{"label":"Why Choose Us Content","type":"wysiwyg","formatted_value":"<h2 style=\"text-align: center;\">Why Choose Us as Your <strong>Jiggering Machine<\/strong> Supplier<\/h2>\n<hr \/>\n<p style=\"text-align: center;\">Yutai as a ceramic tableware manufacturer, maintains strict quality standards and excellent service. Revolutionize your manufacturing processes with cutting-edge automation technology that streamlines forming and enhances efficiency.<\/p>\n"}},"_links":{"self":[{"href":"https:\/\/yutaimachinery.com\/es\/wp-json\/wp\/v2\/product\/3677","targetHints":{"allow":["GET"]}}],"collection":[{"href":"https:\/\/yutaimachinery.com\/es\/wp-json\/wp\/v2\/product"}],"about":[{"href":"https:\/\/yutaimachinery.com\/es\/wp-json\/wp\/v2\/types\/product"}],"version-history":[{"count":0,"href":"https:\/\/yutaimachinery.com\/es\/wp-json\/wp\/v2\/product\/3677\/revisions"}],"wp:featuredmedia":[{"embeddable":true,"href":"https:\/\/yutaimachinery.com\/es\/wp-json\/wp\/v2\/media\/3701"}],"wp:attachment":[{"href":"https:\/\/yutaimachinery.com\/es\/wp-json\/wp\/v2\/media?parent=3677"}],"wp:term":[{"taxonomy":"product_brand","embeddable":true,"href":"https:\/\/yutaimachinery.com\/es\/wp-json\/wp\/v2\/product_brand?post=3677"},{"taxonomy":"product_cat","embeddable":true,"href":"https:\/\/yutaimachinery.com\/es\/wp-json\/wp\/v2\/product_cat?post=3677"},{"taxonomy":"product_tag","embeddable":true,"href":"https:\/\/yutaimachinery.com\/es\/wp-json\/wp\/v2\/product_tag?post=3677"}],"curies":[{"name":"wp","href":"https:\/\/api.w.org\/{rel}","templated":true}]}}