{"id":3664,"date":"2024-04-11T15:18:18","date_gmt":"2024-04-11T07:18:18","guid":{"rendered":"https:\/\/yutaimachinery.com\/?post_type=product&#038;p=3664"},"modified":"2024-04-11T20:12:22","modified_gmt":"2024-04-11T12:12:22","slug":"impresora-de-tampon-ceramico-2","status":"publish","type":"product","link":"https:\/\/yutaimachinery.com\/es\/product\/ceramic-pad-printer\/","title":{"rendered":"Tampograf\u00eda cer\u00e1mica autom\u00e1tica personalizada de 2-4 colores para la impresi\u00f3n cer\u00e1mica"},"content":{"rendered":"<div class=\"wp-block-columns is-layout-flex wp-container-core-columns-is-layout-9d6595d7 wp-block-columns-is-layout-flex\">\n<div class=\"wp-block-column is-layout-flow wp-block-column-is-layout-flow\">\n<figure class=\"wp-block-embed is-type-video is-provider-youtube wp-block-embed-youtube wp-embed-aspect-16-9 wp-has-aspect-ratio\"><div class=\"wp-block-embed__wrapper\">\n<iframe title=\"tampograf\u00eda de planchas de cer\u00e1mica\" width=\"940\" height=\"529\" src=\"https:\/\/www.youtube.com\/embed\/TkmTveFmIrY?feature=oembed\" frameborder=\"0\" allow=\"accelerometer; autoplay; clipboard-write; encrypted-media; gyroscope; picture-in-picture; web-share\" referrerpolicy=\"strict-origin-when-cross-origin\" allowfullscreen><\/iframe>\n<\/div><\/figure>\n<\/div>\n\n\n\n<div class=\"wp-block-column is-layout-flow wp-block-column-is-layout-flow\">\n<h2 class=\"wp-block-heading\"><strong>Caracter\u00edsticas de la tampograf\u00eda<\/strong><\/h2>\n\n\n\n<p>Versatilidad: Adecuado para la impresi\u00f3n en una variedad de superficies de cer\u00e1mica, incluyendo formas planas, curvas e irregulares, dentro y fuera de cer\u00e1mica. Y se puede aplicar a tazas de cer\u00e1mica impresas, platos, golpes, y cualquier plato.<\/p>\n\n\n\n<p>Impresi\u00f3n multicolor y personalizable: Admite capacidades de impresi\u00f3n multicolor, incluidas opciones de 2 y 4 colores. As\u00ed como dise\u00f1os y patrones de impresi\u00f3n personalizables para satisfacer las necesidades de los clientes y las tendencias del mercado.<\/p>\n<\/div>\n<\/div>\n\n\n\n<div class=\"wp-block-columns is-layout-flex wp-container-core-columns-is-layout-9d6595d7 wp-block-columns-is-layout-flex\">\n<div class=\"wp-block-column is-layout-flow wp-block-column-is-layout-flow\"><div class=\"wp-block-image\">\n<figure class=\"aligncenter size-full is-resized\"><img fetchpriority=\"high\" decoding=\"async\" width=\"1276\" height=\"1276\" src=\"https:\/\/yutaimachinery.com\/wp-content\/uploads\/2024\/04\/pad-printer5.webp\" alt=\"impresora de almohadilla\" class=\"wp-image-3674\" style=\"width:404px;height:auto\" title=\"\" srcset=\"https:\/\/yutaimachinery.com\/wp-content\/uploads\/2024\/04\/pad-printer5.webp 1276w, https:\/\/yutaimachinery.com\/wp-content\/uploads\/2024\/04\/pad-printer5-300x300.webp 300w, https:\/\/yutaimachinery.com\/wp-content\/uploads\/2024\/04\/pad-printer5-150x150.webp 150w, https:\/\/yutaimachinery.com\/wp-content\/uploads\/2024\/04\/pad-printer5-768x768.webp 768w, https:\/\/yutaimachinery.com\/wp-content\/uploads\/2024\/04\/pad-printer5-285x285.webp 285w, https:\/\/yutaimachinery.com\/wp-content\/uploads\/2024\/04\/pad-printer5-270x270.webp 270w, https:\/\/yutaimachinery.com\/wp-content\/uploads\/2024\/04\/pad-printer5-540x540.webp 540w, https:\/\/yutaimachinery.com\/wp-content\/uploads\/2024\/04\/pad-printer5-660x660.webp 660w\" sizes=\"(max-width: 1276px) 100vw, 1276px\" \/><\/figure>\n<\/div><\/div>\n\n\n\n<div class=\"wp-block-column is-layout-flow wp-block-column-is-layout-flow\">\n<h2 class=\"wp-block-heading\"><strong>Par\u00e1metros de la impresora de tamp\u00f3n<\/strong><\/h2>\n\n\n\n<figure class=\"wp-block-table\"><table><tbody><tr><td>Modelo<\/td><td>2 colores<\/td><td>4colores<\/td><td><\/td><\/tr><tr><td>Altura de impresi\u00f3n<\/td><td>25-35 cm<\/td><td>25-35 cm<\/td><td><\/td><\/tr><tr><td>\u00c1rea de impresi\u00f3n m\u00e1x.<\/td><td>40x40cm<\/td><td>40x40cm<\/td><td><\/td><\/tr><tr><td>Tama\u00f1o de la placa de tinta<\/td><td>75\u00d755 cm<\/td><td>75\u00d755 cm<\/td><td><\/td><\/tr><tr><td>Potencia (kw)<\/td><td>1,5kw\/22ov<\/td><td>1,5 kW<\/td><td><\/td><\/tr><tr><td>Dimensiones (lxwxh)<\/td><td>200x65x220cm(h)<\/td><td>220x130x220cm(h)<\/td><td><\/td><\/tr><tr><td>Velocidad<\/td><td>600-800 piezas\/h<\/td><td>600-800 piezas\/h<\/td><td><\/td><\/tr><tr><td>Peso (kg)<\/td><td>500 kg<\/td><td>1200kgs<\/td><td><\/td><\/tr><\/tbody><\/table><\/figure>\n<\/div>\n<\/div>","protected":false},"excerpt":{"rendered":"<p>M\u00e1quina de tampograf\u00eda cer\u00e1mica con 2-4 opciones de color, adecuada para tazas de cer\u00e1mica, cuencos, y la impresi\u00f3n de placas. Ofrecemos precios de f\u00e1brica y servicios t\u00e9cnicos personalizados para usted.<\/p>\n<h2>Soluci\u00f3n integral para tampograf\u00eda :<\/h2>\n<ol>\n<li>Personalizaci\u00f3n: Admite piezas de equipo personalizadas, accesorios personalizados y aplicaciones personalizadas.<\/li>\n<li>Asesoramiento de dise\u00f1o:  De acuerdo con el \u00e1rea de la f\u00e1brica, el plan de producci\u00f3n y la inversi\u00f3n de capital, proporcionar asesoramiento profesional de dise\u00f1o de equipos de impresi\u00f3n.<\/li>\n<li>Asistencia t\u00e9cnica: Ofrecemos asistencia t\u00e9cnica continua para resolver cualquier problema o duda que pueda surgir durante el funcionamiento de la m\u00e1quina.<\/li>\n<\/ol>","protected":false},"featured_media":3674,"template":"","meta":{"_acf_changed":false},"product_brand":[],"product_cat":[59],"product_tag":[73],"class_list":{"0":"post-3664","1":"product","2":"type-product","3":"status-publish","4":"has-post-thumbnail","6":"product_cat-ceramic-printing-machine","7":"product_tag-pad-printer","9":"first","10":"instock","11":"shipping-taxable","12":"product-type-simple"},"acf":{"customization_content":"<h2><\/h2>\r\n<div><\/div>","customization_content_source":{"label":"Customization Content","type":"wysiwyg","formatted_value":"<h2><\/h2>\n<div><\/div>\n"},"why_choose_us_content":"<h2 style=\"text-align: center;\">Why Choose Us as Your Pad Printer Supplier<\/h2>\r\n\r\n<hr \/>\r\n<p style=\"text-align: center;\">Yutai as a ceramic tableware manufacturer, maintains strict quality standards and excellent service. Revolutionize your manufacturing processes with cutting-edge automation technology that streamlines forming and enhances efficiency.<\/p>","why_choose_us_content_source":{"label":"Why Choose Us Content","type":"wysiwyg","formatted_value":"<h2 style=\"text-align: center;\">Why Choose Us as Your Pad Printer Supplier<\/h2>\n<hr \/>\n<p style=\"text-align: center;\">Yutai as a ceramic tableware manufacturer, maintains strict quality standards and excellent service. Revolutionize your manufacturing processes with cutting-edge automation technology that streamlines forming and enhances efficiency.<\/p>\n"}},"_links":{"self":[{"href":"https:\/\/yutaimachinery.com\/es\/wp-json\/wp\/v2\/product\/3664","targetHints":{"allow":["GET"]}}],"collection":[{"href":"https:\/\/yutaimachinery.com\/es\/wp-json\/wp\/v2\/product"}],"about":[{"href":"https:\/\/yutaimachinery.com\/es\/wp-json\/wp\/v2\/types\/product"}],"version-history":[{"count":0,"href":"https:\/\/yutaimachinery.com\/es\/wp-json\/wp\/v2\/product\/3664\/revisions"}],"wp:featuredmedia":[{"embeddable":true,"href":"https:\/\/yutaimachinery.com\/es\/wp-json\/wp\/v2\/media\/3674"}],"wp:attachment":[{"href":"https:\/\/yutaimachinery.com\/es\/wp-json\/wp\/v2\/media?parent=3664"}],"wp:term":[{"taxonomy":"product_brand","embeddable":true,"href":"https:\/\/yutaimachinery.com\/es\/wp-json\/wp\/v2\/product_brand?post=3664"},{"taxonomy":"product_cat","embeddable":true,"href":"https:\/\/yutaimachinery.com\/es\/wp-json\/wp\/v2\/product_cat?post=3664"},{"taxonomy":"product_tag","embeddable":true,"href":"https:\/\/yutaimachinery.com\/es\/wp-json\/wp\/v2\/product_tag?post=3664"}],"curies":[{"name":"wp","href":"https:\/\/api.w.org\/{rel}","templated":true}]}}