{"id":3654,"date":"2024-04-10T18:58:46","date_gmt":"2024-04-10T10:58:46","guid":{"rendered":"https:\/\/yutaimachinery.com\/?post_type=product&#038;p=3654"},"modified":"2024-04-11T15:23:45","modified_gmt":"2024-04-11T07:23:45","slug":"maquina-de-impresion-de-calcomanias-ceramicas","status":"publish","type":"product","link":"https:\/\/yutaimachinery.com\/es\/product\/ceramic-decal-printing-machine\/","title":{"rendered":"M\u00e1quina de impresi\u00f3n autom\u00e1tica de calcoman\u00edas cer\u00e1micas Durable"},"content":{"rendered":"<div class=\"wp-block-columns is-layout-flex wp-container-core-columns-is-layout-9d6595d7 wp-block-columns-is-layout-flex\">\n<div class=\"wp-block-column is-layout-flow wp-block-column-is-layout-flow\">\n<figure class=\"wp-block-embed is-type-video is-provider-youtube wp-block-embed-youtube wp-embed-aspect-16-9 wp-has-aspect-ratio\"><div class=\"wp-block-embed__wrapper\">\n<iframe title=\"M\u00e1quina de impresi\u00f3n autom\u00e1tica de calcoman\u00edas por transferencia de diapositivas de agua\" width=\"940\" height=\"529\" src=\"https:\/\/www.youtube.com\/embed\/uKsopM37BKE?feature=oembed\" frameborder=\"0\" allow=\"accelerometer; autoplay; clipboard-write; encrypted-media; gyroscope; picture-in-picture; web-share\" referrerpolicy=\"strict-origin-when-cross-origin\" allowfullscreen><\/iframe>\n<\/div><\/figure>\n<\/div>\n\n\n\n<div class=\"wp-block-column is-layout-flow wp-block-column-is-layout-flow\">\n<h2 class=\"wp-block-heading\"><strong>Caracter\u00edsticas de la m\u00e1quina impresora de calcoman\u00edas cer\u00e1micas<\/strong><\/h2>\n\n\n\n<p>Versatilidad: Es compatible con una amplia gama de productos cer\u00e1micos, incluidos azulejos, vajillas, sanitarios y art\u00edculos decorativos, lo que proporciona versatilidad en las aplicaciones de impresi\u00f3n.<\/p>\n\n\n\n<p>Personalizaci\u00f3n: La m\u00e1quina permite dise\u00f1os y patrones personalizables, atendiendo a las preferencias individuales de los clientes y a las demandas espec\u00edficas del mercado.<\/p>\n\n\n\n<p>Impresi\u00f3n de alta velocidad: Con velocidades de impresi\u00f3n r\u00e1pidas, la m\u00e1quina mejora la eficiencia y el rendimiento de la producci\u00f3n, lo que permite completar r\u00e1pidamente grandes pedidos de impresi\u00f3n.<\/p>\n<\/div>\n<\/div>\n\n\n\n<div class=\"wp-block-columns is-layout-flex wp-container-core-columns-is-layout-9d6595d7 wp-block-columns-is-layout-flex\">\n<div class=\"wp-block-column is-layout-flow wp-block-column-is-layout-flow\">\n<h2 class=\"wp-block-heading\">Par\u00e1metros de la m\u00e1quina impresora de calcoman\u00edas cer\u00e1micas<\/h2>\n\n\n\n<figure class=\"wp-block-table\"><table><tbody><tr><td>Modelo<\/td><td>\u00c1rea impresi\u00f3n m\u00e1x.<\/td><td>Tama\u00f1o m\u00e1ximo del papel (cm)<\/td><td>Tama\u00f1o m\u00edn.papel<\/td><td>Grosor del papel<\/td><td>Peso (kg)<\/td><\/tr><tr><td>720<\/td><td>720x500mm<\/td><td>720x520mm<\/td><td>350x270mm<\/td><td>80-350g\/\u33a1<\/td><td>3500<\/td><\/tr><tr><td>780<\/td><td>780x520mm<\/td><td>780x520mm<\/td><td>350x270mm<\/td><td>80-350g\/\u33a1<\/td><td>3800<\/td><\/tr><tr><td>1020<\/td><td>1020x700mm<\/td><td>1020x720mm<\/td><td>350x560mm<\/td><td>80-350 g\/m<\/td><td>5000<\/td><\/tr><\/tbody><\/table><\/figure>\n<\/div>\n<\/div>\n\n\n\n<figure class=\"wp-block-table\"><table><tbody><tr><td>Tama\u00f1o del marco<\/td><td>Potencia (kw)<\/td><td>Dimensiones (lxwxh)<\/td><\/tr><tr><td>880x880mm<\/td><td>7,3 kW<\/td><td>4700x1960x1270mm<\/td><\/tr><tr><td>940x940mm<\/td><td>7,8 kW<\/td><td>4900x2080x1270mm<\/td><\/tr><tr><td>1280x1140mm<\/td><td>8,2 kW<\/td><td>5300x2720x1430mm<\/td><\/tr><\/tbody><\/table><\/figure>","protected":false},"excerpt":{"rendered":"<p>China f\u00e1brica de alta calidad de impresi\u00f3n autom\u00e1tica de calcoman\u00edas de cer\u00e1mica m\u00e1quina adecuada para la reorientaci\u00f3n de calcoman\u00edas en placas de vidrio de cer\u00e1mica tazones tazas con 1360 pec clips de papel y de alta velocidad de operaci\u00f3n.<\/p>\n<h2>Soluci\u00f3n integral para la m\u00e1quina de impresi\u00f3n de calcoman\u00edas cer\u00e1micas :<\/h2>\n<ol>\n<li>Personalizaci\u00f3n: Admite piezas de equipo personalizadas, accesorios personalizados y aplicaciones personalizadas.<\/li>\n<li>Apoyo al dise\u00f1o:  De acuerdo con el \u00e1rea de la f\u00e1brica, el plan de producci\u00f3n y la inversi\u00f3n de capital, proporcionamos servicios profesionales de dise\u00f1o y disposici\u00f3n.<\/li>\n<li>Asistencia t\u00e9cnica y servicio: T\u00e9cnicos altamente cualificados montar\u00e1n su maquinaria y le proporcionar\u00e1n formaci\u00f3n en v\u00eddeo y asistencia t\u00e9cnica.<\/li>\n<\/ol>","protected":false},"featured_media":3661,"template":"","meta":{"_acf_changed":false},"product_brand":[],"product_cat":[59],"product_tag":[72],"class_list":{"0":"post-3654","1":"product","2":"type-product","3":"status-publish","4":"has-post-thumbnail","6":"product_cat-ceramic-printing-machine","7":"product_tag-ceramic-decal-printing-machine","9":"first","10":"instock","11":"shipping-taxable","12":"product-type-simple"},"acf":{"customization_content":"<h2><\/h2>\r\n<div><\/div>","customization_content_source":{"label":"Customization Content","type":"wysiwyg","formatted_value":"<h2><\/h2>\n<div><\/div>\n"},"why_choose_us_content":"<h2 style=\"text-align: center;\">Why Choose Us as Your Ceramic Printing Machine Supplier<\/h2>\r\n\r\n<hr \/>\r\n<p style=\"text-align: center;\">Yutai as a ceramic tableware manufacturer, maintains strict quality standards and excellent service. Revolutionize your manufacturing processes with cutting-edge automation technology that streamlines forming and enhances efficiency.<\/p>","why_choose_us_content_source":{"label":"Why Choose Us Content","type":"wysiwyg","formatted_value":"<h2 style=\"text-align: center;\">Why Choose Us as Your Ceramic Printing Machine Supplier<\/h2>\n<hr \/>\n<p style=\"text-align: center;\">Yutai as a ceramic tableware manufacturer, maintains strict quality standards and excellent service. Revolutionize your manufacturing processes with cutting-edge automation technology that streamlines forming and enhances efficiency.<\/p>\n"}},"_links":{"self":[{"href":"https:\/\/yutaimachinery.com\/es\/wp-json\/wp\/v2\/product\/3654","targetHints":{"allow":["GET"]}}],"collection":[{"href":"https:\/\/yutaimachinery.com\/es\/wp-json\/wp\/v2\/product"}],"about":[{"href":"https:\/\/yutaimachinery.com\/es\/wp-json\/wp\/v2\/types\/product"}],"version-history":[{"count":0,"href":"https:\/\/yutaimachinery.com\/es\/wp-json\/wp\/v2\/product\/3654\/revisions"}],"wp:featuredmedia":[{"embeddable":true,"href":"https:\/\/yutaimachinery.com\/es\/wp-json\/wp\/v2\/media\/3661"}],"wp:attachment":[{"href":"https:\/\/yutaimachinery.com\/es\/wp-json\/wp\/v2\/media?parent=3654"}],"wp:term":[{"taxonomy":"product_brand","embeddable":true,"href":"https:\/\/yutaimachinery.com\/es\/wp-json\/wp\/v2\/product_brand?post=3654"},{"taxonomy":"product_cat","embeddable":true,"href":"https:\/\/yutaimachinery.com\/es\/wp-json\/wp\/v2\/product_cat?post=3654"},{"taxonomy":"product_tag","embeddable":true,"href":"https:\/\/yutaimachinery.com\/es\/wp-json\/wp\/v2\/product_tag?post=3654"}],"curies":[{"name":"wp","href":"https:\/\/api.w.org\/{rel}","templated":true}]}}