{"id":3639,"date":"2024-04-09T16:14:31","date_gmt":"2024-04-09T08:14:31","guid":{"rendered":"https:\/\/yutaimachinery.com\/?post_type=product&#038;p=3639"},"modified":"2025-12-14T14:09:18","modified_gmt":"2025-12-14T06:09:18","slug":"maquina-de-prensar-ceramica-2","status":"publish","type":"product","link":"https:\/\/yutaimachinery.com\/es\/product\/ceramic-press-machine\/","title":{"rendered":"M\u00e1quina de prensa de cer\u00e1mica de 30T de alta calidad para la formaci\u00f3n de vajilla de cer\u00e1mica"},"content":{"rendered":"<div class=\"wp-block-columns is-layout-flex wp-container-core-columns-is-layout-9d6595d7 wp-block-columns-is-layout-flex\">\n<div class=\"wp-block-column is-layout-flow wp-block-column-is-layout-flow\">\n<h2 class=\"wp-block-heading\">Par\u00e1metros de la m\u00e1quina prensadora de cer\u00e1mica<\/h2>\n\n\n\n<figure class=\"wp-block-table\"><table><tbody><tr><td><strong>Capacidad<\/strong><\/td><td>5-6 unidades\/minuto<\/td><\/tr><tr><td><strong>Pesta\u00f1a de trabajo Eficaz<\/strong><\/td><td>60x48cm<\/td><\/tr><tr><td><strong>Carrera de trabajo<\/strong><\/td><td>40 cm<\/td><\/tr><tr><td><strong>Presi\u00f3n de trabajo<\/strong><\/td><td>\u22646,3 MPa<\/td><\/tr><tr><td><strong>Dimensi\u00f3n externa (mm)<\/strong><\/td><td>110 x 64 x 170 cm \/ 85 x 65 x 105 cm<\/td><\/tr><\/tbody><\/table><\/figure>\n\n\n\n<h2 class=\"wp-block-heading\">Caracter\u00edsticas de la m\u00e1quina prensadora de cer\u00e1mica<\/h2>\n\n\n\n<p><strong>Capacidad de alta presi\u00f3n:<\/strong> La m\u00e1quina est\u00e1 equipada con una capacidad de prensado de 30 toneladas, lo que permite la compresi\u00f3n eficiente y eficaz de materiales cer\u00e1micos en las formas y figuras deseadas.<\/p>\n\n\n\n<p><strong>Control de precisi\u00f3n:<\/strong> Ofrece un control preciso sobre los par\u00e1metros de prensado, como la presi\u00f3n, la velocidad y el tiempo, lo que garantiza la uniformidad y la consistencia en la producci\u00f3n de productos cer\u00e1micos.<\/p>\n\n\n\n<p><strong>Durabilidad de grado industrial:<\/strong> Fabricado con acero de alta resistencia y componentes de primera calidad para un funcionamiento duradero y fiable.<\/p>\n\n\n\n<p><strong>Calidad constante del producto:<\/strong> Garantiza un espesor uniforme, superficies lisas y dimensiones precisas para la producci\u00f3n en masa.<\/p>\n\n\n\n<p><strong>Eficiente y ahorra trabajo:<\/strong> Reduce la manipulaci\u00f3n manual y aumenta la eficiencia de la producci\u00f3n para la fabricaci\u00f3n de grandes vol\u00famenes.<\/p>\n<\/div>\n\n\n\n<div class=\"wp-block-column is-layout-flow wp-block-column-is-layout-flow\">\n<figure class=\"wp-block-image size-full\"><img fetchpriority=\"high\" decoding=\"async\" width=\"678\" height=\"678\" src=\"https:\/\/yutaimachinery.com\/wp-content\/uploads\/2024\/04\/Ceramic-Press-Machine.webp\" alt=\"M\u00e1quina de prensar cer\u00e1mica\" class=\"wp-image-3640\" title=\"\" srcset=\"https:\/\/yutaimachinery.com\/wp-content\/uploads\/2024\/04\/Ceramic-Press-Machine.webp 678w, https:\/\/yutaimachinery.com\/wp-content\/uploads\/2024\/04\/Ceramic-Press-Machine-300x300.webp 300w, https:\/\/yutaimachinery.com\/wp-content\/uploads\/2024\/04\/Ceramic-Press-Machine-150x150.webp 150w, https:\/\/yutaimachinery.com\/wp-content\/uploads\/2024\/04\/Ceramic-Press-Machine-285x285.webp 285w, https:\/\/yutaimachinery.com\/wp-content\/uploads\/2024\/04\/Ceramic-Press-Machine-270x270.webp 270w, https:\/\/yutaimachinery.com\/wp-content\/uploads\/2024\/04\/Ceramic-Press-Machine-540x540.webp 540w, https:\/\/yutaimachinery.com\/wp-content\/uploads\/2024\/04\/Ceramic-Press-Machine-660x660.webp 660w\" sizes=\"(max-width: 678px) 100vw, 678px\" \/><\/figure>\n<\/div>\n<\/div>","protected":false},"excerpt":{"rendered":"<p>Esta m\u00e1quina prensadora de cer\u00e1mica es una soluci\u00f3n de conformado robusta, duradera y extremadamente precisa, adecuada para producir diversas placas cer\u00e1micas de formas irregulares. Su presi\u00f3n m\u00e1xima de 30 toneladas garantiza un conformado consistente y una densidad uniforme en todos los productos cer\u00e1micos. \u00a1Solicite hoy mismo m\u00e1s informaci\u00f3n sobre nuestras soluciones de maquinaria!<\/p>\n<h2>Soluci\u00f3n integral para la m\u00e1quina de prensado cer\u00e1mico:<\/h2>\n<ol>\n<li><strong>Personalizaci\u00f3n del equipo:<\/strong> Adapte la fuerza de prensado, el dise\u00f1o del molde, el nivel de automatizaci\u00f3n y la configuraci\u00f3n de la m\u00e1quina a sus tipos de productos y volumen de producci\u00f3n.<\/li>\n<li><strong>Dise\u00f1o de moldes y asistencia en herramientas:<\/strong> Desarrollo de moldes de precisi\u00f3n para diversas placas cer\u00e1micas de formas irregulares, vajillas o cer\u00e1micas decorativas.<\/li>\n<li><strong>Instalaci\u00f3n y puesta en marcha:<\/strong> Asistencia in situ o remota para garantizar un funcionamiento estable y una producci\u00f3n eficiente.<\/li>\n<li><strong>Formaci\u00f3n de operadores y orientaci\u00f3n t\u00e9cnica:<\/strong> Formaci\u00f3n sobre el funcionamiento, el mantenimiento y el control de calidad de las m\u00e1quinas para maximizar el tiempo de actividad y el rendimiento.<\/li>\n<li><strong>Servicio posventa y suministro de repuestos:<\/strong> Asistencia t\u00e9cnica de respuesta r\u00e1pida, mantenimiento preventivo y disponibilidad fiable de piezas de repuesto.<\/li>\n<li><strong>Soluciones de mejora y ampliaci\u00f3n de la producci\u00f3n:<\/strong> Asistencia para la futura ampliaci\u00f3n de la capacidad, las actualizaciones de automatizaci\u00f3n de l\u00edneas o la integraci\u00f3n con otros equipos de formaci\u00f3n de cer\u00e1mica.<\/li>\n<\/ol>","protected":false},"featured_media":3640,"template":"","meta":{"_acf_changed":false},"product_brand":[],"product_cat":[55],"product_tag":[],"class_list":{"0":"post-3639","1":"product","2":"type-product","3":"status-publish","4":"has-post-thumbnail","6":"product_cat-ceramic-forming-machine","8":"first","9":"instock","10":"shipping-taxable","11":"product-type-simple"},"acf":{"customization_content":"<h2><\/h2>\r\n<div><\/div>","customization_content_source":{"label":"Customization Content","type":"wysiwyg","formatted_value":"<h2><\/h2>\n<div><\/div>\n"},"why_choose_us_content":"<h2 style=\"text-align: center;\">Why Choose Us as Your <strong>Ceramic Press Machine<\/strong> Supplier<\/h2>\r\n\r\n<hr \/>\r\n<p style=\"text-align: center;\">Yutai as a ceramic tableware manufacturer, maintains strict quality standards and excellent service. Revolutionize your manufacturing processes with cutting-edge automation technology that streamlines forming and enhances efficiency.<\/p>","why_choose_us_content_source":{"label":"Why Choose Us Content","type":"wysiwyg","formatted_value":"<h2 style=\"text-align: center;\">Why Choose Us as Your <strong>Ceramic Press Machine<\/strong> Supplier<\/h2>\n<hr \/>\n<p style=\"text-align: center;\">Yutai as a ceramic tableware manufacturer, maintains strict quality standards and excellent service. Revolutionize your manufacturing processes with cutting-edge automation technology that streamlines forming and enhances efficiency.<\/p>\n"}},"_links":{"self":[{"href":"https:\/\/yutaimachinery.com\/es\/wp-json\/wp\/v2\/product\/3639","targetHints":{"allow":["GET"]}}],"collection":[{"href":"https:\/\/yutaimachinery.com\/es\/wp-json\/wp\/v2\/product"}],"about":[{"href":"https:\/\/yutaimachinery.com\/es\/wp-json\/wp\/v2\/types\/product"}],"version-history":[{"count":0,"href":"https:\/\/yutaimachinery.com\/es\/wp-json\/wp\/v2\/product\/3639\/revisions"}],"wp:featuredmedia":[{"embeddable":true,"href":"https:\/\/yutaimachinery.com\/es\/wp-json\/wp\/v2\/media\/3640"}],"wp:attachment":[{"href":"https:\/\/yutaimachinery.com\/es\/wp-json\/wp\/v2\/media?parent=3639"}],"wp:term":[{"taxonomy":"product_brand","embeddable":true,"href":"https:\/\/yutaimachinery.com\/es\/wp-json\/wp\/v2\/product_brand?post=3639"},{"taxonomy":"product_cat","embeddable":true,"href":"https:\/\/yutaimachinery.com\/es\/wp-json\/wp\/v2\/product_cat?post=3639"},{"taxonomy":"product_tag","embeddable":true,"href":"https:\/\/yutaimachinery.com\/es\/wp-json\/wp\/v2\/product_tag?post=3639"}],"curies":[{"name":"wp","href":"https:\/\/api.w.org\/{rel}","templated":true}]}}