{"id":3630,"date":"2024-04-09T14:44:12","date_gmt":"2024-04-09T06:44:12","guid":{"rendered":"https:\/\/yutaimachinery.com\/?post_type=product&#038;p=3630"},"modified":"2024-04-16T16:35:25","modified_gmt":"2024-04-16T08:35:25","slug":"maquina-limpiadora-de-esmaltes-ceramicos-2","status":"publish","type":"product","link":"https:\/\/yutaimachinery.com\/es\/product\/ceramic-glazing-wiping-machine\/","title":{"rendered":"Venta al por mayor esponja limpiadora para esmaltado cer\u00e1mico de fondo"},"content":{"rendered":"<div class=\"wp-block-columns is-layout-flex wp-container-core-columns-is-layout-9d6595d7 wp-block-columns-is-layout-flex\">\n<div class=\"wp-block-column is-layout-flow wp-block-column-is-layout-flow\">\n<h2 class=\"wp-block-heading\">Par\u00e1metros de la m\u00e1quina limpiadora de esmalte cer\u00e1mico<\/h2>\n\n\n\n<figure class=\"wp-block-table\"><table><tbody><tr><td>Modelo<\/td><td>Cm Tama\u00f1o del cintur\u00f3n<\/td><td>Dimensiones (lxwxh)<\/td><td>Color<\/td><\/tr><tr><td>Correa \u00fanica<\/td><td>30x90cm<\/td><td>55x100x90cm(h)<\/td><td>naranja<\/td><\/tr><tr><td>Cintur\u00f3n doble<\/td><td>40x90cm<\/td><td>65x100x90cm<\/td><td>negro<\/td><\/tr><\/tbody><\/table><\/figure>\n<\/div>\n\n\n\n<div class=\"wp-block-column is-layout-flow wp-block-column-is-layout-flow\">\n<h2 class=\"wp-block-heading\"><strong>Caracter\u00edsticas de la m\u00e1quina limpiadora de esmalte cer\u00e1mico<\/strong><\/h2>\n\n\n\n<p>Cinta transportadora de esponja Eliminaci\u00f3n eficaz del glaseado: La cinta transportadora cuenta con una esponja de alta calidad que puede eliminar eficazmente el exceso de esmalte de los fondos de los productos cer\u00e1micos despu\u00e9s del esmaltado, garantizando acabados limpios y lisos.<\/p>\n\n\n\n<p>Funci\u00f3n de autolimpieza: La esponja tiene una funci\u00f3n de autolimpieza, enjuagando continuamente los residuos de esmalte durante el funcionamiento para mantener un rendimiento \u00f3ptimo de limpieza.<\/p>\n\n\n\n<p>Aplicaci\u00f3n vers\u00e1til: La m\u00e1quina es adecuada para varios tipos y tama\u00f1os de productos cer\u00e1micos, proporcionando versatilidad en la eliminaci\u00f3n de esmalte para diferentes requisitos de producci\u00f3n.<\/p>\n<\/div>\n<\/div>\n\n\n\n<div class=\"wp-block-columns is-layout-flex wp-container-core-columns-is-layout-9d6595d7 wp-block-columns-is-layout-flex\">\n<div class=\"wp-block-column is-layout-flow wp-block-column-is-layout-flow\">\n<div class=\"wp-block-columns is-layout-flex wp-container-core-columns-is-layout-9d6595d7 wp-block-columns-is-layout-flex\">\n<div class=\"wp-block-column is-layout-flow wp-block-column-is-layout-flow\" style=\"flex-basis:100%\">\n<div class=\"wp-block-columns is-layout-flex wp-container-core-columns-is-layout-9d6595d7 wp-block-columns-is-layout-flex\">\n<div class=\"wp-block-column is-layout-flow wp-block-column-is-layout-flow\">\n<figure class=\"wp-block-image size-full\"><img fetchpriority=\"high\" decoding=\"async\" width=\"1170\" height=\"1170\" src=\"https:\/\/yutaimachinery.com\/wp-content\/uploads\/2024\/04\/Wiping-Machine-for-Ceramic-Glazing-Wiping3.webp\" alt=\"M\u00e1quina limpiadora de esmalte cer\u00e1mico\" class=\"wp-image-3631\" title=\"\" srcset=\"https:\/\/yutaimachinery.com\/wp-content\/uploads\/2024\/04\/Wiping-Machine-for-Ceramic-Glazing-Wiping3.webp 1170w, https:\/\/yutaimachinery.com\/wp-content\/uploads\/2024\/04\/Wiping-Machine-for-Ceramic-Glazing-Wiping3-300x300.webp 300w, https:\/\/yutaimachinery.com\/wp-content\/uploads\/2024\/04\/Wiping-Machine-for-Ceramic-Glazing-Wiping3-150x150.webp 150w, https:\/\/yutaimachinery.com\/wp-content\/uploads\/2024\/04\/Wiping-Machine-for-Ceramic-Glazing-Wiping3-768x768.webp 768w, https:\/\/yutaimachinery.com\/wp-content\/uploads\/2024\/04\/Wiping-Machine-for-Ceramic-Glazing-Wiping3-285x285.webp 285w, https:\/\/yutaimachinery.com\/wp-content\/uploads\/2024\/04\/Wiping-Machine-for-Ceramic-Glazing-Wiping3-270x270.webp 270w, https:\/\/yutaimachinery.com\/wp-content\/uploads\/2024\/04\/Wiping-Machine-for-Ceramic-Glazing-Wiping3-540x540.webp 540w, https:\/\/yutaimachinery.com\/wp-content\/uploads\/2024\/04\/Wiping-Machine-for-Ceramic-Glazing-Wiping3-660x660.webp 660w\" sizes=\"(max-width: 1170px) 100vw, 1170px\" \/><\/figure>\n<\/div>\n\n\n\n<div class=\"wp-block-column is-layout-flow wp-block-column-is-layout-flow\">\n<figure class=\"wp-block-image size-full\"><img decoding=\"async\" width=\"1080\" height=\"1080\" src=\"https:\/\/yutaimachinery.com\/wp-content\/uploads\/2024\/04\/Ceramic-Glazing-Wiping-Machine2.webp\" alt=\"M\u00e1quina limpiadora de esmalte cer\u00e1mico\" class=\"wp-image-3636\" title=\"\" srcset=\"https:\/\/yutaimachinery.com\/wp-content\/uploads\/2024\/04\/Ceramic-Glazing-Wiping-Machine2.webp 1080w, https:\/\/yutaimachinery.com\/wp-content\/uploads\/2024\/04\/Ceramic-Glazing-Wiping-Machine2-300x300.webp 300w, https:\/\/yutaimachinery.com\/wp-content\/uploads\/2024\/04\/Ceramic-Glazing-Wiping-Machine2-150x150.webp 150w, https:\/\/yutaimachinery.com\/wp-content\/uploads\/2024\/04\/Ceramic-Glazing-Wiping-Machine2-768x768.webp 768w, https:\/\/yutaimachinery.com\/wp-content\/uploads\/2024\/04\/Ceramic-Glazing-Wiping-Machine2-285x285.webp 285w, https:\/\/yutaimachinery.com\/wp-content\/uploads\/2024\/04\/Ceramic-Glazing-Wiping-Machine2-270x270.webp 270w, https:\/\/yutaimachinery.com\/wp-content\/uploads\/2024\/04\/Ceramic-Glazing-Wiping-Machine2-540x540.webp 540w, https:\/\/yutaimachinery.com\/wp-content\/uploads\/2024\/04\/Ceramic-Glazing-Wiping-Machine2-660x660.webp 660w\" sizes=\"(max-width: 1080px) 100vw, 1080px\" \/><\/figure>\n<\/div>\n\n\n\n<div class=\"wp-block-column is-layout-flow wp-block-column-is-layout-flow\">\n<figure class=\"wp-block-image size-full\"><img decoding=\"async\" width=\"1080\" height=\"1080\" src=\"https:\/\/yutaimachinery.com\/wp-content\/uploads\/2024\/04\/Wiping-Machine-for-Ceramic-Glazing-Wiping2.webp\" alt=\"M\u00e1quina limpiadora de esmalte cer\u00e1mico\" class=\"wp-image-3632\" title=\"\" srcset=\"https:\/\/yutaimachinery.com\/wp-content\/uploads\/2024\/04\/Wiping-Machine-for-Ceramic-Glazing-Wiping2.webp 1080w, https:\/\/yutaimachinery.com\/wp-content\/uploads\/2024\/04\/Wiping-Machine-for-Ceramic-Glazing-Wiping2-300x300.webp 300w, https:\/\/yutaimachinery.com\/wp-content\/uploads\/2024\/04\/Wiping-Machine-for-Ceramic-Glazing-Wiping2-150x150.webp 150w, https:\/\/yutaimachinery.com\/wp-content\/uploads\/2024\/04\/Wiping-Machine-for-Ceramic-Glazing-Wiping2-768x768.webp 768w, https:\/\/yutaimachinery.com\/wp-content\/uploads\/2024\/04\/Wiping-Machine-for-Ceramic-Glazing-Wiping2-285x285.webp 285w, https:\/\/yutaimachinery.com\/wp-content\/uploads\/2024\/04\/Wiping-Machine-for-Ceramic-Glazing-Wiping2-270x270.webp 270w, https:\/\/yutaimachinery.com\/wp-content\/uploads\/2024\/04\/Wiping-Machine-for-Ceramic-Glazing-Wiping2-540x540.webp 540w, https:\/\/yutaimachinery.com\/wp-content\/uploads\/2024\/04\/Wiping-Machine-for-Ceramic-Glazing-Wiping2-660x660.webp 660w\" sizes=\"(max-width: 1080px) 100vw, 1080px\" \/><\/figure>\n<\/div>\n<\/div>\n<\/div>\n<\/div>\n<\/div>\n<\/div>","protected":false},"excerpt":{"rendered":"<p>Factory Direct ofrece precios al por mayor de f\u00e1brica. La m\u00e1quina limpiadora de esmalte cer\u00e1mico utiliza una esponja de alta calidad para limpiar el fondo. La esponja de funcionamiento tiene una funci\u00f3n de autolimpieza Tiene una cinta simple y una cinta doble.<\/p>\n<h2>Soluci\u00f3n integral para c<strong>m\u00e1quina limpiadora de esmaltes cer\u00e1micos<\/strong> :<\/h2>\n<ol>\n<li>Dise\u00f1o a medida: Ofrecemos soluciones de dise\u00f1o a medida para satisfacer las necesidades espec\u00edficas y los requisitos de producci\u00f3n de nuestros clientes, garantizando una integraci\u00f3n perfecta del producto con su l\u00ednea de producci\u00f3n.<\/li>\n<li>Asistencia t\u00e9cnica y formaci\u00f3n operativa: Ofrecemos asistencia t\u00e9cnica y formaci\u00f3n operativa las 24 horas del d\u00eda para garantizar que los clientes entienden los m\u00e9todos de funcionamiento de los equipos y las t\u00e9cnicas de mantenimiento.<\/li>\n<li>Suministro de piezas de repuesto: Suministramos los componentes y piezas de repuesto necesarios para los equipos, garantizando un funcionamiento estable a largo plazo.<\/li>\n<\/ol>","protected":false},"featured_media":3634,"template":"","meta":{"_acf_changed":false},"product_brand":[],"product_cat":[57],"product_tag":[69],"class_list":{"0":"post-3630","1":"product","2":"type-product","3":"status-publish","4":"has-post-thumbnail","6":"product_cat-ceramic-glazing-machine","7":"product_tag-ceramic-glazing-wiping-machine","9":"first","10":"instock","11":"shipping-taxable","12":"product-type-simple"},"acf":{"customization_content":"<h2><\/h2>\r\n<div><\/div>","customization_content_source":{"label":"Customization Content","type":"wysiwyg","formatted_value":"<h2><\/h2>\n<div><\/div>\n"},"why_choose_us_content":"<h2 style=\"text-align: center;\">Why Choose Us as Your Glazing Wiping Machine\u00a0Supplier<\/h2>\r\n\r\n<hr \/>\r\n<p style=\"text-align: center;\">Yutai as a ceramic tableware manufacturer, maintains strict quality standards and excellent service. Revolutionize your manufacturing processes with cutting-edge automation technology that streamlines forming and enhances efficiency.<\/p>","why_choose_us_content_source":{"label":"Why Choose Us Content","type":"wysiwyg","formatted_value":"<h2 style=\"text-align: center;\">Why Choose Us as Your Glazing Wiping Machine\u00a0Supplier<\/h2>\n<hr \/>\n<p style=\"text-align: center;\">Yutai as a ceramic tableware manufacturer, maintains strict quality standards and excellent service. Revolutionize your manufacturing processes with cutting-edge automation technology that streamlines forming and enhances efficiency.<\/p>\n"}},"_links":{"self":[{"href":"https:\/\/yutaimachinery.com\/es\/wp-json\/wp\/v2\/product\/3630","targetHints":{"allow":["GET"]}}],"collection":[{"href":"https:\/\/yutaimachinery.com\/es\/wp-json\/wp\/v2\/product"}],"about":[{"href":"https:\/\/yutaimachinery.com\/es\/wp-json\/wp\/v2\/types\/product"}],"version-history":[{"count":0,"href":"https:\/\/yutaimachinery.com\/es\/wp-json\/wp\/v2\/product\/3630\/revisions"}],"wp:featuredmedia":[{"embeddable":true,"href":"https:\/\/yutaimachinery.com\/es\/wp-json\/wp\/v2\/media\/3634"}],"wp:attachment":[{"href":"https:\/\/yutaimachinery.com\/es\/wp-json\/wp\/v2\/media?parent=3630"}],"wp:term":[{"taxonomy":"product_brand","embeddable":true,"href":"https:\/\/yutaimachinery.com\/es\/wp-json\/wp\/v2\/product_brand?post=3630"},{"taxonomy":"product_cat","embeddable":true,"href":"https:\/\/yutaimachinery.com\/es\/wp-json\/wp\/v2\/product_cat?post=3630"},{"taxonomy":"product_tag","embeddable":true,"href":"https:\/\/yutaimachinery.com\/es\/wp-json\/wp\/v2\/product_tag?post=3630"}],"curies":[{"name":"wp","href":"https:\/\/api.w.org\/{rel}","templated":true}]}}