{"id":3596,"date":"2024-04-07T19:04:42","date_gmt":"2024-04-07T11:04:42","guid":{"rendered":"https:\/\/yutaimachinery.com\/?post_type=product&#038;p=3596"},"modified":"2024-04-07T20:14:12","modified_gmt":"2024-04-07T12:14:12","slug":"molino-de-bolas-2","status":"publish","type":"product","link":"https:\/\/yutaimachinery.com\/es\/product\/ball-mill\/","title":{"rendered":"Molino de bolas para moler materias primas cer\u00e1micas"},"content":{"rendered":"<div class=\"wp-block-columns is-layout-flex wp-container-core-columns-is-layout-9d6595d7 wp-block-columns-is-layout-flex\">\n<div class=\"wp-block-column is-layout-flow wp-block-column-is-layout-flow\">\n<figure class=\"wp-block-embed is-type-video is-provider-youtube wp-block-embed-youtube wp-embed-aspect-16-9 wp-has-aspect-ratio\"><div class=\"wp-block-embed__wrapper\">\n<iframe title=\"MOLINO DE BOLAS\" width=\"940\" height=\"529\" src=\"https:\/\/www.youtube.com\/embed\/54ySjxX3mpU?feature=oembed\" frameborder=\"0\" allow=\"accelerometer; autoplay; clipboard-write; encrypted-media; gyroscope; picture-in-picture; web-share\" referrerpolicy=\"strict-origin-when-cross-origin\" allowfullscreen><\/iframe>\n<\/div><\/figure>\n<\/div>\n\n\n\n<div class=\"wp-block-column is-layout-flow wp-block-column-is-layout-flow\">\n<h2 class=\"wp-block-heading\"><strong>Caracter\u00edsticas del molino de bolas<\/strong><\/h2>\n\n\n\n<p>El molino de bolas se utiliza para moler materias primas cer\u00e1micas. El molino de bolas intermitente depende de la rotaci\u00f3n y el deslizamiento relativo de la muela de bolas para satisfacer el requisito de finura del material.<\/p>\n\n\n\n<p>Versatilidad: Ofrecemos una amplia gama de opciones, desde 35 kg hasta 2 toneladas. Tanto si se trata de procesamiento por lotes a peque\u00f1a escala como de producci\u00f3n a gran escala, nuestro molino de bolas se adapta a diversas capacidades.<\/p>\n\n\n\n<p>Durabilidad: Ladrillos de corind\u00f3n de alta al\u00famina o ladrillos de m\u00e1rmol, ladrillos de al\u00famina en el interior del molino de bolas es una estructura m\u00e1s fuerte, lo que garantiza la durabilidad<\/p>\n<\/div>\n<\/div>\n\n\n\n<div class=\"wp-block-columns is-layout-flex wp-container-core-columns-is-layout-9d6595d7 wp-block-columns-is-layout-flex\">\n<div class=\"wp-block-column is-layout-flow wp-block-column-is-layout-flow\">\n<h2 class=\"wp-block-heading\"><strong>Par\u00e1metros del molino de bolas<\/strong><\/h2>\n\n\n\n<figure class=\"wp-block-table\"><table><tbody><tr><td>Nombre<\/td><td>Dimensi\u00f3n(l x a x h)mm<\/td><td>Capacidad<\/td><td>Potencia (kw)<\/td><\/tr><tr><td>molino de bolas 35kgs<\/td><td>950x800x1160mm<\/td><td>35kgs\/vez<\/td><td>1,5 kW\/380 V<\/td><\/tr><tr><td>molino de bolas 50kgs<\/td><td>1055x880x1230mm<\/td><td>50kgs\/vez<\/td><td>1,5 kW\/380 V<\/td><\/tr><tr><td>molino de bolas 100kgs<\/td><td>1170x1100x1300mm<\/td><td>100kgs\/vez<\/td><td>1,5 kW\/380 V<\/td><\/tr><tr><td>molino de bolas 150kgs<\/td><td>1200x1150x1350mm<\/td><td>150kgs\/vez<\/td><td>2kw\/380v<\/td><\/tr><tr><td>molino de bolas 200kgs<\/td><td>1500x1950x1160mm<\/td><td>200kgs\/vez<\/td><td>2,2 kW\/380 V<\/td><\/tr><tr><td>molino de bolas 300kgs<\/td><td>2150x1600x1700mm<\/td><td>300kgs\/vez<\/td><td>3kw\/380v<\/td><\/tr><tr><td>molino de bolas 500kgs<\/td><td>2330x1660x1700mm<\/td><td>500kgs\/vez<\/td><td>5,5 kW\/380 V<\/td><\/tr><tr><td>molino de bolas 1t<\/td><td>2400x2200x2100mm<\/td><td>1 t\/tiempo<\/td><td>11kw\/380v<\/td><\/tr><tr><td>molino de bolas 2t<\/td><td>3000x1800x2200mm<\/td><td>2t\/tiempo<\/td><td>18kw\/380v<\/td><\/tr><tr><td>molino de bolas 3t<\/td><td>3500x2200x2300mm<\/td><td>3t\/hora<\/td><td>30kw\/380v<\/td><\/tr><\/tbody><\/table><\/figure>\n<\/div>\n<\/div>","protected":false},"excerpt":{"rendered":"<p>Nuestro molino de bolas para cer\u00e1mica tiene opciones de 35kg-2t y se utiliza para moler materias primas cer\u00e1micas. La venta directa de f\u00e1brica y la distribuci\u00f3n mundial proporcionan soluciones integrales para garantizar una eficiencia de producci\u00f3n \u00f3ptima para diversas aplicaciones.<\/p>\n<h2>Soluci\u00f3n \u00fanica para b<strong>todo molino<\/strong> :<\/h2>\n<ol>\n<li>Personalizaci\u00f3n: Servicios de personalizaci\u00f3n para adaptar el molino de bolas a los requisitos y aplicaciones espec\u00edficos del cliente.<\/li>\n<li>Apoyo a la formaci\u00f3n: Proporcionar formaci\u00f3n sobre el funcionamiento y asistencia t\u00e9cnica para garantizar que los clientes puedan utilizar y mantener los equipos de forma competente.<\/li>\n<li>Suministro de piezas de repuesto: Proporcionar servicios de suministro de piezas de repuesto originales para garantizar que los clientes puedan acceder a piezas de repuesto y consumibles de alta calidad en cualquier momento.<\/li>\n<\/ol>","protected":false},"featured_media":3605,"template":"","meta":{"_acf_changed":false},"product_brand":[],"product_cat":[54],"product_tag":[67],"class_list":{"0":"post-3596","1":"product","2":"type-product","3":"status-publish","4":"has-post-thumbnail","6":"product_cat-clay-making-machine","7":"product_tag-ball-mill","9":"first","10":"instock","11":"shipping-taxable","12":"product-type-simple"},"acf":{"customization_content":"<h2><\/h2>\r\n<div><\/div>","customization_content_source":{"label":"Customization Content","type":"wysiwyg","formatted_value":"<h2><\/h2>\n<div><\/div>\n"},"why_choose_us_content":"<h2 style=\"text-align: center;\">Why Choose Us as Your <strong>Ball Mill<\/strong> Supplier<\/h2>\r\n\r\n<hr \/>\r\n<p style=\"text-align: center;\">Yutai as a ceramic tableware manufacturer, maintains strict quality standards and excellent service. Revolutionize your manufacturing processes with cutting-edge automation technology that streamlines forming and enhances efficiency.<\/p>","why_choose_us_content_source":{"label":"Why Choose Us Content","type":"wysiwyg","formatted_value":"<h2 style=\"text-align: center;\">Why Choose Us as Your <strong>Ball Mill<\/strong> Supplier<\/h2>\n<hr \/>\n<p style=\"text-align: center;\">Yutai as a ceramic tableware manufacturer, maintains strict quality standards and excellent service. Revolutionize your manufacturing processes with cutting-edge automation technology that streamlines forming and enhances efficiency.<\/p>\n"}},"_links":{"self":[{"href":"https:\/\/yutaimachinery.com\/es\/wp-json\/wp\/v2\/product\/3596","targetHints":{"allow":["GET"]}}],"collection":[{"href":"https:\/\/yutaimachinery.com\/es\/wp-json\/wp\/v2\/product"}],"about":[{"href":"https:\/\/yutaimachinery.com\/es\/wp-json\/wp\/v2\/types\/product"}],"version-history":[{"count":0,"href":"https:\/\/yutaimachinery.com\/es\/wp-json\/wp\/v2\/product\/3596\/revisions"}],"wp:featuredmedia":[{"embeddable":true,"href":"https:\/\/yutaimachinery.com\/es\/wp-json\/wp\/v2\/media\/3605"}],"wp:attachment":[{"href":"https:\/\/yutaimachinery.com\/es\/wp-json\/wp\/v2\/media?parent=3596"}],"wp:term":[{"taxonomy":"product_brand","embeddable":true,"href":"https:\/\/yutaimachinery.com\/es\/wp-json\/wp\/v2\/product_brand?post=3596"},{"taxonomy":"product_cat","embeddable":true,"href":"https:\/\/yutaimachinery.com\/es\/wp-json\/wp\/v2\/product_cat?post=3596"},{"taxonomy":"product_tag","embeddable":true,"href":"https:\/\/yutaimachinery.com\/es\/wp-json\/wp\/v2\/product_tag?post=3596"}],"curies":[{"name":"wp","href":"https:\/\/api.w.org\/{rel}","templated":true}]}}