{"id":3294,"date":"2024-04-05T15:17:39","date_gmt":"2024-04-05T07:17:39","guid":{"rendered":"https:\/\/yutaimachinery.com\/?post_type=product&#038;p=3294"},"modified":"2024-04-09T18:04:43","modified_gmt":"2024-04-09T10:04:43","slug":"maquina-secadora-de-ceramica","status":"publish","type":"product","link":"https:\/\/yutaimachinery.com\/es\/product\/ceramic-drying-machine\/","title":{"rendered":"M\u00e1quina secadora de cer\u00e1mica de cadena de alta eficiencia para secado de cer\u00e1mica"},"content":{"rendered":"<div class=\"wp-block-columns is-layout-flex wp-container-core-columns-is-layout-9d6595d7 wp-block-columns-is-layout-flex\">\n<div class=\"wp-block-column is-layout-flow wp-block-column-is-layout-flow\">\n<figure class=\"wp-block-image size-large\"><img fetchpriority=\"high\" decoding=\"async\" width=\"1024\" height=\"1024\" src=\"https:\/\/yutaimachinery.com\/wp-content\/uploads\/2024\/04\/ceramic-drying-machine-1024x1024.webp\" alt=\"m\u00e1quina secadora de cer\u00e1mica\" class=\"wp-image-3295\" title=\"\" srcset=\"https:\/\/yutaimachinery.com\/wp-content\/uploads\/2024\/04\/ceramic-drying-machine-1024x1024.webp 1024w, https:\/\/yutaimachinery.com\/wp-content\/uploads\/2024\/04\/ceramic-drying-machine-300x300.webp 300w, https:\/\/yutaimachinery.com\/wp-content\/uploads\/2024\/04\/ceramic-drying-machine-150x150.webp 150w, https:\/\/yutaimachinery.com\/wp-content\/uploads\/2024\/04\/ceramic-drying-machine-768x768.webp 768w, https:\/\/yutaimachinery.com\/wp-content\/uploads\/2024\/04\/ceramic-drying-machine-1536x1536.webp 1536w, https:\/\/yutaimachinery.com\/wp-content\/uploads\/2024\/04\/ceramic-drying-machine-2048x2048.webp 2048w, https:\/\/yutaimachinery.com\/wp-content\/uploads\/2024\/04\/ceramic-drying-machine-285x285.webp 285w, https:\/\/yutaimachinery.com\/wp-content\/uploads\/2024\/04\/ceramic-drying-machine-1600x1600.webp 1600w, https:\/\/yutaimachinery.com\/wp-content\/uploads\/2024\/04\/ceramic-drying-machine-270x270.webp 270w, https:\/\/yutaimachinery.com\/wp-content\/uploads\/2024\/04\/ceramic-drying-machine-540x540.webp 540w, https:\/\/yutaimachinery.com\/wp-content\/uploads\/2024\/04\/ceramic-drying-machine-660x660.webp 660w\" sizes=\"(max-width: 1024px) 100vw, 1024px\" \/><\/figure>\n<\/div>\n\n\n\n<div class=\"wp-block-column is-layout-flow wp-block-column-is-layout-flow\">\n<h2 class=\"wp-block-heading\">Caracter\u00edsticas de la m\u00e1quina secadora de cer\u00e1mica autom\u00e1tica<\/h2>\n\n\n\n<ol class=\"wp-block-list\">\n<li>Alta eficacia: El dise\u00f1o tipo cadena permite el secado continuo y automatizado de productos cer\u00e1micos, maximizando la eficiencia y el rendimiento de la producci\u00f3n.<\/li>\n\n\n\n<li>Secado uniforme: El proceso de secado es uniforme en todos los productos cer\u00e1micos, lo que garantiza una eliminaci\u00f3n constante de la humedad y evita el secado desigual o el agrietamiento.<\/li>\n\n\n\n<li>Capacidad de integraci\u00f3n: La l\u00ednea de secado puede integrarse perfectamente con otros equipos de producci\u00f3n, como m\u00e1quinas de conformado, l\u00edneas de esmaltado y hornos, creando un proceso de producci\u00f3n de cer\u00e1mica totalmente automatizado.<\/li>\n<\/ol>\n<\/div>\n<\/div>","protected":false},"excerpt":{"rendered":"<p>Elija al fabricante de maquinaria cer\u00e1mica Yutai para su soluci\u00f3n integral. Proporcionamos soporte t\u00e9cnico de personalizaci\u00f3n e instalaci\u00f3n para ayudar a su l\u00ednea de secado de cer\u00e1mica en cadena a integrarse con otros equipos de producci\u00f3n para lograr un proceso de producci\u00f3n de cer\u00e1mica totalmente automatizado.<\/p>\n<h2>Soluci\u00f3n integral para m\u00e1quinas de secado de cer\u00e1mica:<\/h2>\n<ol>\n<li>Personalizaci\u00f3n a medida: Admite piezas de equipo personalizadas, accesorios personalizados y aplicaciones personalizadas.<\/li>\n<li>Apoyo al dise\u00f1o:  De acuerdo con el \u00e1rea de la f\u00e1brica, el plan de producci\u00f3n y la inversi\u00f3n de capital, proporcionamos servicios profesionales de dise\u00f1o y disposici\u00f3n.<\/li>\n<li>Asistencia t\u00e9cnica y servicio: T\u00e9cnicos altamente cualificados montar\u00e1n su maquinaria y le proporcionar\u00e1n formaci\u00f3n en v\u00eddeo y asistencia t\u00e9cnica.<\/li>\n<\/ol>","protected":false},"featured_media":3295,"template":"","meta":{"_acf_changed":false},"product_brand":[],"product_cat":[56],"product_tag":[71],"class_list":{"0":"post-3294","1":"product","2":"type-product","3":"status-publish","4":"has-post-thumbnail","6":"product_cat-ceramic-drying-machine","7":"product_tag-ceramic-drying-machine","9":"first","10":"instock","11":"shipping-taxable","12":"product-type-simple"},"acf":{"customization_content":"<h2><\/h2>\r\n<div><\/div>","customization_content_source":{"label":"Customization Content","type":"wysiwyg","formatted_value":"<h2><\/h2>\n<div><\/div>\n"},"why_choose_us_content":"<h2 style=\"text-align: center;\">Why Choose Us as Your Ceramic Drying Machine Supplier<\/h2>\r\n\r\n<hr \/>\r\n<p style=\"text-align: center;\">Yutai as a ceramic tableware manufacturer, maintains strict quality standards and excellent service. Revolutionize your manufacturing processes with cutting-edge automation technology that streamlines forming and enhances efficiency.<\/p>","why_choose_us_content_source":{"label":"Why Choose Us Content","type":"wysiwyg","formatted_value":"<h2 style=\"text-align: center;\">Why Choose Us as Your Ceramic Drying Machine Supplier<\/h2>\n<hr \/>\n<p style=\"text-align: center;\">Yutai as a ceramic tableware manufacturer, maintains strict quality standards and excellent service. Revolutionize your manufacturing processes with cutting-edge automation technology that streamlines forming and enhances efficiency.<\/p>\n"}},"_links":{"self":[{"href":"https:\/\/yutaimachinery.com\/es\/wp-json\/wp\/v2\/product\/3294","targetHints":{"allow":["GET"]}}],"collection":[{"href":"https:\/\/yutaimachinery.com\/es\/wp-json\/wp\/v2\/product"}],"about":[{"href":"https:\/\/yutaimachinery.com\/es\/wp-json\/wp\/v2\/types\/product"}],"version-history":[{"count":0,"href":"https:\/\/yutaimachinery.com\/es\/wp-json\/wp\/v2\/product\/3294\/revisions"}],"wp:featuredmedia":[{"embeddable":true,"href":"https:\/\/yutaimachinery.com\/es\/wp-json\/wp\/v2\/media\/3295"}],"wp:attachment":[{"href":"https:\/\/yutaimachinery.com\/es\/wp-json\/wp\/v2\/media?parent=3294"}],"wp:term":[{"taxonomy":"product_brand","embeddable":true,"href":"https:\/\/yutaimachinery.com\/es\/wp-json\/wp\/v2\/product_brand?post=3294"},{"taxonomy":"product_cat","embeddable":true,"href":"https:\/\/yutaimachinery.com\/es\/wp-json\/wp\/v2\/product_cat?post=3294"},{"taxonomy":"product_tag","embeddable":true,"href":"https:\/\/yutaimachinery.com\/es\/wp-json\/wp\/v2\/product_tag?post=3294"}],"curies":[{"name":"wp","href":"https:\/\/api.w.org\/{rel}","templated":true}]}}