{"id":3280,"date":"2024-04-05T04:25:21","date_gmt":"2024-04-04T20:25:21","guid":{"rendered":"https:\/\/yutaimachinery.com\/?post_type=product&#038;p=3280"},"modified":"2024-04-06T18:57:02","modified_gmt":"2024-04-06T10:57:02","slug":"esmaltadora-automatica-de-ceramica-de-20-m-2","status":"publish","type":"product","link":"https:\/\/yutaimachinery.com\/es\/product\/20m-automatic-ceramic-glazing-machine\/","title":{"rendered":"M\u00e1quina esmaltadora de cer\u00e1mica autom\u00e1tica 20M"},"content":{"rendered":"<div class=\"wp-block-columns is-layout-flex wp-container-core-columns-is-layout-9d6595d7 wp-block-columns-is-layout-flex\">\n<div class=\"wp-block-column is-layout-flow wp-block-column-is-layout-flow\">\n<figure class=\"wp-block-embed is-type-video is-provider-youtube wp-block-embed-youtube wp-embed-aspect-4-3 wp-has-aspect-ratio\"><div class=\"wp-block-embed__wrapper\">\n<iframe title=\"Esmaltadora autom\u00e1tica de placas cer\u00e1micas\" width=\"940\" height=\"705\" src=\"https:\/\/www.youtube.com\/embed\/-_xJOZt_byQ?start=59&#038;feature=oembed\" frameborder=\"0\" allow=\"accelerometer; autoplay; clipboard-write; encrypted-media; gyroscope; picture-in-picture; web-share\" referrerpolicy=\"strict-origin-when-cross-origin\" allowfullscreen><\/iframe>\n<\/div><\/figure>\n<\/div>\n\n\n\n<div class=\"wp-block-column is-layout-flow wp-block-column-is-layout-flow\">\n<h2 class=\"wp-block-heading\">Caracter\u00edsticas de la m\u00e1quina autom\u00e1tica para hacer esmalte cer\u00e1mico<\/h2>\n\n\n\n<ol class=\"wp-block-list\">\n<li>La l\u00ednea de esmaltado integra el soplado de polvo, la humidificaci\u00f3n, el esmaltado, la limpieza de fondo y el secado, lo que reduce la intensidad del trabajo manual y aumenta significativamente la eficiencia de la producci\u00f3n.<\/li>\n\n\n\n<li>El funcionamiento de la l\u00ednea de acristalamiento adopta un control de velocidad sin escalones, y la producci\u00f3n (8 horas) puede ajustarse entre 25.000 y 46.000 piezas, satisfaciendo los requisitos de producci\u00f3n individuales de diferentes fabricantes.<\/li>\n\n\n\n<li>El acristalamiento adopta el \u00faltimo dispositivo de acristalamiento de campana de alta precisi\u00f3n, lo que hace que la superficie del acristalamiento sea lisa y de color uniforme, y mejora en gran medida la calidad de la superficie del acristalamiento.<\/li>\n<\/ol>\n<\/div>\n<\/div>\n\n\n\n<div class=\"wp-block-columns is-layout-flex wp-container-core-columns-is-layout-9d6595d7 wp-block-columns-is-layout-flex\">\n<div class=\"wp-block-column is-layout-flow wp-block-column-is-layout-flow\">\n<figure class=\"wp-block-image size-full\"><img fetchpriority=\"high\" decoding=\"async\" width=\"849\" height=\"513\" src=\"https:\/\/yutaimachinery.com\/wp-content\/uploads\/2024\/04\/auto-ceramic-glazing-machine2.webp\" alt=\"m\u00e1quina autom\u00e1tica de esmaltado cer\u00e1mico\" class=\"wp-image-3284\" title=\"\" srcset=\"https:\/\/yutaimachinery.com\/wp-content\/uploads\/2024\/04\/auto-ceramic-glazing-machine2.webp 849w, https:\/\/yutaimachinery.com\/wp-content\/uploads\/2024\/04\/auto-ceramic-glazing-machine2-300x181.webp 300w, https:\/\/yutaimachinery.com\/wp-content\/uploads\/2024\/04\/auto-ceramic-glazing-machine2-768x464.webp 768w, https:\/\/yutaimachinery.com\/wp-content\/uploads\/2024\/04\/auto-ceramic-glazing-machine2-285x172.webp 285w, https:\/\/yutaimachinery.com\/wp-content\/uploads\/2024\/04\/auto-ceramic-glazing-machine2-660x399.webp 660w, https:\/\/yutaimachinery.com\/wp-content\/uploads\/2024\/04\/auto-ceramic-glazing-machine2-150x91.webp 150w\" sizes=\"(max-width: 849px) 100vw, 849px\" \/><\/figure>\n<\/div>\n\n\n\n<div class=\"wp-block-column is-layout-flow wp-block-column-is-layout-flow\">\n<h2 class=\"wp-block-heading\">Par\u00e1metros de la m\u00e1quina autom\u00e1tica para hacer esmalte cer\u00e1mico<\/h2>\n\n\n\n<figure class=\"wp-block-table\"><table><tbody><tr><td>Capacidad de producci\u00f3n<\/td><td>20-50 Piezas\/Monte<\/td><\/tr><tr><td>Potencia total<\/td><td>8,15Kw 3 Fases<\/td><\/tr><tr><td>Dimensi\u00f3n<\/td><td>20X2X1 M<\/td><\/tr><tr><td>Peso<\/td><td>4500Kgs<\/td><\/tr><tr><td>Tama\u00f1o de la placa<\/td><td>Plato de 6~12<\/td><\/tr><tr><td>Stander<\/td><td>160 unidades<\/td><\/tr><tr><td>Velocidad de transporte<\/td><td>20M\/Minuto<\/td><\/tr><\/tbody><\/table><\/figure>\n<\/div>\n<\/div>\n\n\n\n<p> <\/p>","protected":false},"excerpt":{"rendered":"<p>Esta m\u00e1quina de esmaltado autom\u00e1tico de cer\u00e1mica tiene una secci\u00f3n de soplado de polvo, una secci\u00f3n de humidificaci\u00f3n, una secci\u00f3n de esmaltado, una secci\u00f3n inferior de batido y una secci\u00f3n de secado. Mejora enormemente la calidad y la capacidad de producci\u00f3n y reduce el coste de mano de obra.<\/p>\n<h2>Soluci\u00f3n integral para m\u00e1quinas de esmaltado cer\u00e1mico:<\/h2>\n<ol>\n<li>Personalizaci\u00f3n a medida: Admite piezas de equipo personalizadas, accesorios personalizados y aplicaciones personalizadas.<\/li>\n<li>Apoyo al dise\u00f1o:  De acuerdo con el \u00e1rea de la f\u00e1brica, el plan de producci\u00f3n y la inversi\u00f3n de capital, proporcionamos servicios profesionales de dise\u00f1o y disposici\u00f3n.<\/li>\n<li>Asistencia t\u00e9cnica y servicio: T\u00e9cnicos altamente cualificados montar\u00e1n su maquinaria y le proporcionar\u00e1n formaci\u00f3n en v\u00eddeo y asistencia t\u00e9cnica.<\/li>\n<\/ol>","protected":false},"featured_media":3283,"template":"","meta":{"_acf_changed":false},"product_brand":[],"product_cat":[57],"product_tag":[],"class_list":{"0":"post-3280","1":"product","2":"type-product","3":"status-publish","4":"has-post-thumbnail","6":"product_cat-ceramic-glazing-machine","8":"first","9":"instock","10":"shipping-taxable","11":"product-type-simple"},"acf":{"customization_content":"<h2><\/h2>\r\n<div><\/div>","customization_content_source":{"label":"Customization Content","type":"wysiwyg","formatted_value":"<h2><\/h2>\n<div><\/div>\n"},"why_choose_us_content":"<h2 style=\"text-align: center;\">Why Choose Us as Your Automatic Ceramic Glazing Machine Supplier<\/h2>\r\n\r\n<hr \/>\r\n<p style=\"text-align: center;\">Yutai as a ceramic tableware manufacturer, maintains strict quality standards and excellent service. Revolutionize your manufacturing processes with cutting-edge automation technology that streamlines forming and enhances efficiency.<\/p>","why_choose_us_content_source":{"label":"Why Choose Us Content","type":"wysiwyg","formatted_value":"<h2 style=\"text-align: center;\">Why Choose Us as Your Automatic Ceramic Glazing Machine Supplier<\/h2>\n<hr \/>\n<p style=\"text-align: center;\">Yutai as a ceramic tableware manufacturer, maintains strict quality standards and excellent service. Revolutionize your manufacturing processes with cutting-edge automation technology that streamlines forming and enhances efficiency.<\/p>\n"}},"_links":{"self":[{"href":"https:\/\/yutaimachinery.com\/es\/wp-json\/wp\/v2\/product\/3280","targetHints":{"allow":["GET"]}}],"collection":[{"href":"https:\/\/yutaimachinery.com\/es\/wp-json\/wp\/v2\/product"}],"about":[{"href":"https:\/\/yutaimachinery.com\/es\/wp-json\/wp\/v2\/types\/product"}],"version-history":[{"count":0,"href":"https:\/\/yutaimachinery.com\/es\/wp-json\/wp\/v2\/product\/3280\/revisions"}],"wp:featuredmedia":[{"embeddable":true,"href":"https:\/\/yutaimachinery.com\/es\/wp-json\/wp\/v2\/media\/3283"}],"wp:attachment":[{"href":"https:\/\/yutaimachinery.com\/es\/wp-json\/wp\/v2\/media?parent=3280"}],"wp:term":[{"taxonomy":"product_brand","embeddable":true,"href":"https:\/\/yutaimachinery.com\/es\/wp-json\/wp\/v2\/product_brand?post=3280"},{"taxonomy":"product_cat","embeddable":true,"href":"https:\/\/yutaimachinery.com\/es\/wp-json\/wp\/v2\/product_cat?post=3280"},{"taxonomy":"product_tag","embeddable":true,"href":"https:\/\/yutaimachinery.com\/es\/wp-json\/wp\/v2\/product_tag?post=3280"}],"curies":[{"name":"wp","href":"https:\/\/api.w.org\/{rel}","templated":true}]}}