{"id":3152,"date":"2024-04-01T08:33:34","date_gmt":"2024-04-01T00:33:34","guid":{"rendered":"https:\/\/yutaimachinery.com\/?post_type=product&#038;p=3152"},"modified":"2024-04-07T16:48:00","modified_gmt":"2024-04-07T08:48:00","slug":"filtro-prensa-2","status":"publish","type":"product","link":"https:\/\/yutaimachinery.com\/es\/product\/filter-press\/","title":{"rendered":"M\u00e1quina de procesamiento de arcilla de placa redonda de filtro prensa"},"content":{"rendered":"<div class=\"wp-block-columns is-layout-flex wp-container-core-columns-is-layout-9d6595d7 wp-block-columns-is-layout-flex\">\n<div class=\"wp-block-column is-layout-flow wp-block-column-is-layout-flow\" style=\"flex-basis:50%\">\n<figure class=\"wp-block-embed is-type-video is-provider-youtube wp-block-embed-youtube wp-embed-aspect-16-9 wp-has-aspect-ratio\"><div class=\"wp-block-embed__wrapper\">\n<iframe title=\"\u00bfc\u00f3mo fabricar arcilla cer\u00e1mica? \u00bfc\u00f3mo fabricar materiales cer\u00e1micos para vajillas? filtro prensa,molino pug\" width=\"940\" height=\"529\" src=\"https:\/\/www.youtube.com\/embed\/jgu1eH8ANHc?feature=oembed\" frameborder=\"0\" allow=\"accelerometer; autoplay; clipboard-write; encrypted-media; gyroscope; picture-in-picture; web-share\" referrerpolicy=\"strict-origin-when-cross-origin\" allowfullscreen><\/iframe>\n<\/div><\/figure>\n<\/div>\n\n\n\n<div class=\"wp-block-column is-layout-flow wp-block-column-is-layout-flow\">\n<h2 class=\"wp-block-heading\">Caracter\u00edsticas del filtro prensa<\/h2>\n\n\n\n<ol class=\"wp-block-list\">\n<li>Proceso de deshidrataci\u00f3n eficaz:<br>Su avanzado mecanismo de filtraci\u00f3n permite una r\u00e1pida deshidrataci\u00f3n, minimizando el tiempo de procesamiento y maximizando la productividad en la fabricaci\u00f3n de cer\u00e1mica.<\/li>\n\n\n\n<li>Contenido de agua ajustable:<br>El filtro prensa ofrece un control flexible del contenido de agua de la palanquilla, normalmente entre 17% y 26%, con ajustes ajustables para satisfacer requisitos de producci\u00f3n espec\u00edficos.<\/li>\n\n\n\n<li>Soluciones rentables:<br>Su eficacia en la eliminaci\u00f3n de agua se traduce en un menor consumo de energ\u00eda y una reducci\u00f3n de residuos, lo que ayuda a los fabricantes de cer\u00e1mica a ahorrar costes generales.<\/li>\n\n\n\n<li>Aplicaciones habituales:<br>Desde la preparaci\u00f3n inicial del lodo hasta la formaci\u00f3n final del tocho, el filtro prensa tiene una amplia gama de aplicaciones en todas las fases de la producci\u00f3n cer\u00e1mica.<\/li>\n<\/ol>\n<\/div>\n<\/div>\n\n\n<h2>Tabla de par\u00e1metros del filtro prensa<\/h2>\n<hr \/>\n<table width=\"946\">\n<tbody>\n<tr>\n<td width=\"145\">Modelo<\/td>\n<td width=\"199\">Di\u00e1metro de la tabla (cm)<\/td>\n<td width=\"199\">Capacidad<\/td>\n<td width=\"257\">Potencia (kw)<\/td>\n<td width=\"73\">Dimensiones (lxwxh)<\/td>\n<td width=\"73\">Peso (kg)<\/td>\n<\/tr>\n<tr>\n<td width=\"145\">80-80<\/td>\n<td width=\"199\">80cm x80pcs<\/td>\n<td width=\"199\">2t\/tiempo<\/td>\n<td width=\"257\">3kw<\/td>\n<td width=\"73\">680x110x160cm(h)<\/td>\n<td width=\"73\">5000<\/td>\n<\/tr>\n<tr>\n<td width=\"145\">80-100<\/td>\n<td width=\"199\">80cmx100uds.<\/td>\n<td width=\"199\">2,5t\/hora<\/td>\n<td width=\"257\">4kw<\/td>\n<td width=\"73\">780x110xx160cm(h)<\/td>\n<td width=\"73\">6000<\/td>\n<\/tr>\n<tr>\n<td width=\"145\">100-100<\/td>\n<td width=\"199\">100cmx100pcs<\/td>\n<td width=\"199\">3-4t\/tiempo<\/td>\n<td width=\"257\">5,5 kW<\/td>\n<td width=\"73\">865x136x150cm(h)<\/td>\n<td width=\"73\">7000<\/td>\n<\/tr>\n<\/tbody>\n<\/table>\n\n\n<div class=\"wp-block-columns is-layout-flex wp-container-core-columns-is-layout-9d6595d7 wp-block-columns-is-layout-flex\">\n<div class=\"wp-block-column is-layout-flow wp-block-column-is-layout-flow\"><\/div>\n\n\n\n<div class=\"wp-block-column is-layout-flow wp-block-column-is-layout-flow\"><\/div>\n<\/div>","protected":false},"excerpt":{"rendered":"<p>Esta m\u00e1quina se utiliza para la deshidrataci\u00f3n de lodos en la industria cer\u00e1mica, con 17%-26%(ajustable) contenido de agua de tocho.<\/p>\n<h2>Soluci\u00f3n integral para filtros prensa:<\/h2>\n<ol>\n<li>Personalizaci\u00f3n a medida: Admite piezas de equipo personalizadas, accesorios personalizados y aplicaciones personalizadas.<\/li>\n<li>Apoyo al dise\u00f1o:  De acuerdo con el \u00e1rea de la f\u00e1brica, el plan de producci\u00f3n y la inversi\u00f3n de capital, proporcionamos servicios profesionales de dise\u00f1o y disposici\u00f3n.<\/li>\n<li>Asistencia t\u00e9cnica y servicio: T\u00e9cnicos altamente cualificados montar\u00e1n su maquinaria y le proporcionar\u00e1n formaci\u00f3n en v\u00eddeo y asistencia t\u00e9cnica.<\/li>\n<\/ol>","protected":false},"featured_media":3154,"template":"","meta":{"_acf_changed":false},"product_brand":[],"product_cat":[54],"product_tag":[],"class_list":{"0":"post-3152","1":"product","2":"type-product","3":"status-publish","4":"has-post-thumbnail","6":"product_cat-clay-making-machine","8":"first","9":"instock","10":"shipping-taxable","11":"product-type-simple"},"acf":{"customization_content":"","customization_content_source":{"label":"Customization Content","type":"wysiwyg","formatted_value":""},"why_choose_us_content":"<h2 style=\"text-align: center;\">Why Choose Us as Your Filter Press Supplier<\/h2>\r\n\r\n<hr \/>\r\n<p style=\"text-align: center;\">Yutai as a ceramic tableware manufacturer, maintains strict quality standards and excellent service. Revolutionize your manufacturing processes with cutting-edge automation technology that streamlines forming and enhances efficiency.<\/p>","why_choose_us_content_source":{"label":"Why Choose Us Content","type":"wysiwyg","formatted_value":"<h2 style=\"text-align: center;\">Why Choose Us as Your Filter Press Supplier<\/h2>\n<hr \/>\n<p style=\"text-align: center;\">Yutai as a ceramic tableware manufacturer, maintains strict quality standards and excellent service. Revolutionize your manufacturing processes with cutting-edge automation technology that streamlines forming and enhances efficiency.<\/p>\n"}},"_links":{"self":[{"href":"https:\/\/yutaimachinery.com\/es\/wp-json\/wp\/v2\/product\/3152","targetHints":{"allow":["GET"]}}],"collection":[{"href":"https:\/\/yutaimachinery.com\/es\/wp-json\/wp\/v2\/product"}],"about":[{"href":"https:\/\/yutaimachinery.com\/es\/wp-json\/wp\/v2\/types\/product"}],"version-history":[{"count":0,"href":"https:\/\/yutaimachinery.com\/es\/wp-json\/wp\/v2\/product\/3152\/revisions"}],"wp:featuredmedia":[{"embeddable":true,"href":"https:\/\/yutaimachinery.com\/es\/wp-json\/wp\/v2\/media\/3154"}],"wp:attachment":[{"href":"https:\/\/yutaimachinery.com\/es\/wp-json\/wp\/v2\/media?parent=3152"}],"wp:term":[{"taxonomy":"product_brand","embeddable":true,"href":"https:\/\/yutaimachinery.com\/es\/wp-json\/wp\/v2\/product_brand?post=3152"},{"taxonomy":"product_cat","embeddable":true,"href":"https:\/\/yutaimachinery.com\/es\/wp-json\/wp\/v2\/product_cat?post=3152"},{"taxonomy":"product_tag","embeddable":true,"href":"https:\/\/yutaimachinery.com\/es\/wp-json\/wp\/v2\/product_tag?post=3152"}],"curies":[{"name":"wp","href":"https:\/\/api.w.org\/{rel}","templated":true}]}}