{"id":3114,"date":"2025-12-10T22:20:02","date_gmt":"2025-12-10T14:20:02","guid":{"rendered":"https:\/\/yutaimachinery.com\/?post_type=product&#038;p=3114"},"modified":"2026-01-15T11:38:47","modified_gmt":"2026-01-15T03:38:47","slug":"linea-de-conformado-automatico-de-ceramica-2","status":"publish","type":"product","link":"https:\/\/yutaimachinery.com\/es\/product\/ceramic-automatic-forming-line\/","title":{"rendered":"L\u00ednea de producci\u00f3n autom\u00e1tica de placas, vasos y tazas de cer\u00e1mica"},"content":{"rendered":"<figure class=\"wp-block-image size-full\"><img fetchpriority=\"high\" decoding=\"async\" width=\"2000\" height=\"1366\" src=\"https:\/\/yutaimachinery.com\/wp-content\/uploads\/2024\/03\/ceramic-automatic-forming-line-1-1.webp\" alt=\"l\u00ednea de conformado autom\u00e1tico de cer\u00e1mica \" class=\"wp-image-3119\" title=\"\" srcset=\"https:\/\/yutaimachinery.com\/wp-content\/uploads\/2024\/03\/ceramic-automatic-forming-line-1-1.webp 2000w, https:\/\/yutaimachinery.com\/wp-content\/uploads\/2024\/03\/ceramic-automatic-forming-line-1-1-300x205.webp 300w, https:\/\/yutaimachinery.com\/wp-content\/uploads\/2024\/03\/ceramic-automatic-forming-line-1-1-768x525.webp 768w, https:\/\/yutaimachinery.com\/wp-content\/uploads\/2024\/03\/ceramic-automatic-forming-line-1-1-285x195.webp 285w, https:\/\/yutaimachinery.com\/wp-content\/uploads\/2024\/03\/ceramic-automatic-forming-line-1-1-1600x1093.webp 1600w, https:\/\/yutaimachinery.com\/wp-content\/uploads\/2024\/03\/ceramic-automatic-forming-line-1-1-660x451.webp 660w, https:\/\/yutaimachinery.com\/wp-content\/uploads\/2024\/03\/ceramic-automatic-forming-line-1-1-150x102.webp 150w\" sizes=\"(max-width: 2000px) 100vw, 2000px\" \/><\/figure>\n\n\n\n<div class=\"wp-block-columns is-layout-flex wp-container-core-columns-is-layout-9d6595d7 wp-block-columns-is-layout-flex\">\n<div class=\"wp-block-column is-layout-flow wp-block-column-is-layout-flow\">\n<h2 class=\"wp-block-heading\">L\u00ednea de formado de cer\u00e1mica Caracter\u00edsticas:<\/h2>\n\n\n\n<h3 class=\"wp-block-heading\">1. Funcionamiento totalmente automatizado y controlado por PLC.<\/h3>\n\n\n\n<p>Toda la l\u00ednea funciona bajo un sistema de control PLC integrado con una interfaz HMI, lo que permite un control preciso y sincronizado de todos los procesos. La avanzada tecnolog\u00eda de transmisi\u00f3n garantiza un rendimiento estable, un bajo \u00edndice de aver\u00edas y un mantenimiento sencillo.<\/p>\n\n\n\n<h3 class=\"wp-block-heading\">2. Componentes de potencia importados de alta gama<\/h3>\n\n\n\n<p>Equipado con marcas globales de primera calidad para garantizar la fiabilidad y una larga vida \u00fatil:<\/p>\n\n\n\n<ul class=\"wp-block-list\">\n<li>Toshiba Motors (Jap\u00f3n)<\/li>\n\n\n\n<li>Reductores Sumitomo (Jap\u00f3n)<\/li>\n\n\n\n<li>Servomotores Yaskawa<\/li>\n\n\n\n<li>Inversores Mitsubishi o Panasonic<\/li>\n<\/ul>\n\n\n\n<h3 class=\"wp-block-heading\">3. Rodamientos y piezas mec\u00e1nicas de primera calidad<\/h3>\n\n\n\n<p>Todos los rodamientos son de NTN, NSK o SKF, lo que garantiza una alta precisi\u00f3n, un funcionamiento suave y estabilidad a largo plazo.<\/p>\n\n\n\n<h3 class=\"wp-block-heading\">4. Sistema neum\u00e1tico y de movimiento lineal fiable<\/h3>\n\n\n\n<ul class=\"wp-block-list\">\n<li>Componentes neum\u00e1ticos de SMC o TEC<\/li>\n\n\n\n<li>Gu\u00edas lineales de HIWIN (Taiw\u00e1n), TBI o CSK<br>Esto garantiza un posicionamiento preciso, un movimiento suave y una calidad de conformado constante.<\/li>\n<\/ul>\n\n\n\n<h3 class=\"wp-block-heading\">5. Sistema avanzado de secado<\/h3>\n\n\n\n<p>El conducto de aire de secado presenta una estructura de acero inoxidable de doble capa con deshumidificaci\u00f3n, que proporciona un secado uniforme y controlado para satisfacer los distintos requisitos del proceso cer\u00e1mico.<\/p>\n\n\n\n<h3 class=\"wp-block-heading\">6. Amasadora al vac\u00edo de acero inoxidable 304<\/h3>\n\n\n\n<p>El molino triturador al vac\u00edo de acero inoxidable 304 garantiza una alimentaci\u00f3n estable de la arcilla, una calidad uniforme del material y un rendimiento fiable del conformado.<\/p>\n\n\n\n<h3 class=\"wp-block-heading\">7. Control neum\u00e1tico de alta estabilidad<\/h3>\n\n\n\n<p>El sistema neum\u00e1tico utiliza filtraci\u00f3n de doble capa y fuentes de aire de alta calidad, lo que mejora significativamente la estabilidad del equipo y la consistencia operativa.<\/p>\n<\/div>\n\n\n\n<div class=\"wp-block-column is-layout-flow wp-block-column-is-layout-flow\">\n<figure class=\"wp-block-embed is-type-video is-provider-youtube wp-block-embed-youtube wp-embed-aspect-16-9 wp-has-aspect-ratio\"><div class=\"wp-block-embed__wrapper\">\n<iframe title=\"Cearmic Plate M\u00e1quina conformadora autom\u00e1tica de doble cabezal\" width=\"940\" height=\"529\" src=\"https:\/\/www.youtube.com\/embed\/vae_S931OYI?feature=oembed\" frameborder=\"0\" allow=\"accelerometer; autoplay; clipboard-write; encrypted-media; gyroscope; picture-in-picture; web-share\" referrerpolicy=\"strict-origin-when-cross-origin\" allowfullscreen><\/iframe>\n<\/div><\/figure>\n\n\n\n<figure class=\"wp-block-image size-full\"><img decoding=\"async\" width=\"500\" height=\"500\" src=\"https:\/\/yutaimachinery.com\/wp-content\/uploads\/2025\/12\/ceramic-dinnerware-making-machine.webp\" alt=\"vajilla de cer\u00e1mica que hace la m\u00e1quina\" class=\"wp-image-6300\" title=\"\" srcset=\"https:\/\/yutaimachinery.com\/wp-content\/uploads\/2025\/12\/ceramic-dinnerware-making-machine.webp 500w, https:\/\/yutaimachinery.com\/wp-content\/uploads\/2025\/12\/ceramic-dinnerware-making-machine-300x300.webp 300w, https:\/\/yutaimachinery.com\/wp-content\/uploads\/2025\/12\/ceramic-dinnerware-making-machine-150x150.webp 150w, https:\/\/yutaimachinery.com\/wp-content\/uploads\/2025\/12\/ceramic-dinnerware-making-machine-12x12.webp 12w, https:\/\/yutaimachinery.com\/wp-content\/uploads\/2025\/12\/ceramic-dinnerware-making-machine-285x285.webp 285w, https:\/\/yutaimachinery.com\/wp-content\/uploads\/2025\/12\/ceramic-dinnerware-making-machine-270x270.webp 270w\" sizes=\"(max-width: 500px) 100vw, 500px\" \/><\/figure>\n<\/div>\n<\/div>\n\n\n\n<h2 class=\"wp-block-heading\">Par\u00e1metros de la l\u00ednea de formado de cer\u00e1mica:<\/h2>\n\n\n\n<figure class=\"wp-block-table\"><table class=\"has-fixed-layout\"><tbody><tr><td><strong>MODELO<\/strong><\/td><td><strong>MODELO 250<\/strong><\/td><td><strong>MODELO 35O<\/strong><\/td><\/tr><tr><td class=\"has-text-align-left\" data-align=\"left\"><strong>Max termin\u00f3 el tama\u00f1o del producto.<\/strong><\/td><td>En un cuenco de 15 cm y un plato de 18 cm (debido principalmente a la diferencia en la tasa de contracci\u00f3n real, la tasa de contracci\u00f3n de referencia de este producto es 1,16).<\/td><td>En un bol de 10 pulgadas y un plato de 10,5 pulgadas (debido principalmente a la diferencia en la tasa de contracci\u00f3n real, la tasa de contracci\u00f3n de referencia de este producto es 1,16).<\/td><\/tr><tr><td><strong>Tipo Forder (tocho moldeado)<\/strong><\/td><td>Tama\u00f1o m\u00e1ximo de la taza, el cuenco mediano y el plato: \u03c6190 mm.<\/td><td>Tama\u00f1o m\u00e1ximo de taza, cuenco mediano y plato: \u03c6290 mm.<\/td><\/tr><tr><td><strong>Tama\u00f1o m\u00e1ximo del molde de yeso (est\u00e1ndar)<\/strong><\/td><td>Modo Yin \u03c6240 mm H150 mm<\/td><td>Modo Yin \u03c6340mm H150mm, modo Yang Modo Yin \u03c6340mmH80mm<\/td><\/tr><tr><td><strong>Capacidad (PCS\/hora)<\/strong><\/td><td>1200<\/td><td>600-720Seg\u00fan las necesidades reales de producci\u00f3n)<\/td><\/tr><tr><td><strong>Potencia<\/strong><\/td><td>35KW<\/td><td>40KW<\/td><\/tr><tr><td><strong>Calor del quemador<\/strong><\/td><td>50.000 Kcal\/hora<\/td><td>60.000 Kcal\/hora<\/td><\/tr><tr><td><strong>Aire<\/strong><\/td><td>1000L\/min<\/td><td>1000L\/min<\/td><\/tr><tr><td><strong>Agua<\/strong><\/td><td>200 l\/h<\/td><td>200 l\/h<\/td><\/tr><tr><td><strong>Moldes<\/strong><\/td><td>160 UNIDADES<\/td><td>160 UNIDADES<\/td><\/tr><tr><td><strong>Dimensi\u00f3n<\/strong><\/td><td>L23000\u00d7W4300\u00d7H1800<\/td><td>L31500\u00d7W4500\u00d7H1800<\/td><\/tr><\/tbody><\/table><\/figure>","protected":false},"excerpt":{"rendered":"<p>Esta l\u00ednea de producci\u00f3n de vajillas de cer\u00e1mica totalmente autom\u00e1tica integra amasadoras, corte de arcilla, moldeado, secado, desmoldeo y recorte de bordes en un flujo de trabajo continuo. El sistema se puede conectar a una l\u00ednea de esmaltado, lo que permite una producci\u00f3n precisa, de alta eficiencia y con bajos costes de mano de obra. Es adecuado para la fabricaci\u00f3n de platos, cuencos, tazas, tazas, platillos y vajillas de cer\u00e1mica y porcelana.<\/p>\n<h2 data-start=\"595\" data-end=\"614\">Aplicaciones de la l\u00ednea autom\u00e1tica de conformado cer\u00e1mico:<\/h2>\n<ul>\n<li data-start=\"617\" data-end=\"661\">Producci\u00f3n de vajillas de cer\u00e1mica y porcelana<\/li>\n<li data-start=\"617\" data-end=\"661\">Platos, cuencos, tazas, jarras y platillos.<\/li>\n<li data-start=\"617\" data-end=\"661\">Cer\u00e1mica y vajilla de uso diario<\/li>\n<li data-start=\"617\" data-end=\"661\">Cer\u00e1mica para hoteles, restauraci\u00f3n y hogar.<\/li>\n<li data-start=\"617\" data-end=\"661\">L\u00edneas de producci\u00f3n de vajillas de cer\u00e1mica OEM\/ODM<\/li>\n<\/ul>\n<h2>Soluci\u00f3n integral para l\u00edneas autom\u00e1ticas de conformado cer\u00e1mico:<\/h2>\n<ol>\n<li><strong>Soluciones de l\u00edneas de producci\u00f3n llave en mano:<\/strong> Asistencia completa desde la selecci\u00f3n de equipos y la planificaci\u00f3n del dise\u00f1o hasta la integraci\u00f3n completa de la l\u00ednea.<\/li>\n<li><strong>Dise\u00f1o y optimizaci\u00f3n de procesos:<\/strong> Flujos de trabajo personalizados de conformado, secado, recorte y esmaltado para adaptarse a los requisitos de su producto.<\/li>\n<li><strong>Personalizaci\u00f3n del equipo:<\/strong> Configuraciones de m\u00e1quinas a medida, capacidad, nivel de automatizaci\u00f3n y dise\u00f1o de la l\u00ednea basados en el espacio de su f\u00e1brica y sus objetivos de producci\u00f3n.<\/li>\n<li><strong>Instalaci\u00f3n y puesta en marcha:<\/strong> Asistencia in situ o remota para garantizar una configuraci\u00f3n fluida y un funcionamiento estable.<\/li>\n<li><strong>Formaci\u00f3n de operadores y asistencia t\u00e9cnica:<\/strong> Formaci\u00f3n integral para operadores y personal de mantenimiento con el fin de maximizar la eficiencia y el tiempo de actividad.<\/li>\n<li><strong>Servicio posventa y suministro de repuestos:<\/strong> Respuesta t\u00e9cnica r\u00e1pida, asistencia para el mantenimiento preventivo y disponibilidad fiable de piezas de repuesto.<\/li>\n<li><strong>Soluciones para la mejora y ampliaci\u00f3n de la producci\u00f3n:<\/strong> Soluciones flexibles para futuras ampliaciones de capacidad o integraci\u00f3n con sistemas de acristalamiento y cocci\u00f3n.<\/li>\n<\/ol>","protected":false},"featured_media":6265,"template":"","meta":{"_acf_changed":false},"product_brand":[],"product_cat":[55],"product_tag":[],"class_list":{"0":"post-3114","1":"product","2":"type-product","3":"status-publish","4":"has-post-thumbnail","6":"product_cat-ceramic-forming-machine","8":"first","9":"instock","10":"shipping-taxable","11":"product-type-simple"},"acf":{"customization_content":"","customization_content_source":{"label":"Customization Content","type":"wysiwyg","formatted_value":""},"why_choose_us_content":"<h2 style=\"text-align: center;\">Why Choose Us as Your Ceramic Automatic Forming Line Supplier<\/h2>\r\n\r\n<hr \/>\r\n<p style=\"text-align: center;\">Yutai as a ceramic tableware manufacturer, maintains strict quality standards and excellent service. Revolutionize your manufacturing processes with cutting-edge automation technology that streamlines forming and enhances efficiency.<\/p>","why_choose_us_content_source":{"label":"Why Choose Us Content","type":"wysiwyg","formatted_value":"<h2 style=\"text-align: center;\">Why Choose Us as Your Ceramic Automatic Forming Line Supplier<\/h2>\n<hr \/>\n<p style=\"text-align: center;\">Yutai as a ceramic tableware manufacturer, maintains strict quality standards and excellent service. Revolutionize your manufacturing processes with cutting-edge automation technology that streamlines forming and enhances efficiency.<\/p>\n"}},"_links":{"self":[{"href":"https:\/\/yutaimachinery.com\/es\/wp-json\/wp\/v2\/product\/3114","targetHints":{"allow":["GET"]}}],"collection":[{"href":"https:\/\/yutaimachinery.com\/es\/wp-json\/wp\/v2\/product"}],"about":[{"href":"https:\/\/yutaimachinery.com\/es\/wp-json\/wp\/v2\/types\/product"}],"version-history":[{"count":0,"href":"https:\/\/yutaimachinery.com\/es\/wp-json\/wp\/v2\/product\/3114\/revisions"}],"wp:featuredmedia":[{"embeddable":true,"href":"https:\/\/yutaimachinery.com\/es\/wp-json\/wp\/v2\/media\/6265"}],"wp:attachment":[{"href":"https:\/\/yutaimachinery.com\/es\/wp-json\/wp\/v2\/media?parent=3114"}],"wp:term":[{"taxonomy":"product_brand","embeddable":true,"href":"https:\/\/yutaimachinery.com\/es\/wp-json\/wp\/v2\/product_brand?post=3114"},{"taxonomy":"product_cat","embeddable":true,"href":"https:\/\/yutaimachinery.com\/es\/wp-json\/wp\/v2\/product_cat?post=3114"},{"taxonomy":"product_tag","embeddable":true,"href":"https:\/\/yutaimachinery.com\/es\/wp-json\/wp\/v2\/product_tag?post=3114"}],"curies":[{"name":"wp","href":"https:\/\/api.w.org\/{rel}","templated":true}]}}