{"id":6471,"date":"2026-04-30T17:45:19","date_gmt":"2026-04-30T09:45:19","guid":{"rendered":"https:\/\/yutaimachinery.com\/?post_type=product&#038;p=6471"},"modified":"2026-04-30T18:51:06","modified_gmt":"2026-04-30T10:51:06","slug":"ceramic-dry-machine","status":"publish","type":"product","link":"https:\/\/yutaimachinery.com\/de\/product\/ceramic-dry-machine\/","title":{"rendered":"Industrielle keramische Trockenmaschine f\u00fcr galvanisierte Geschirrkeramik"},"content":{"rendered":"<div class=\"wp-block-columns is-layout-flex wp-container-core-columns-is-layout-9d6595d7 wp-block-columns-is-layout-flex\">\n<div class=\"wp-block-column is-layout-flow wp-block-column-is-layout-flow\">\n<h2 class=\"wp-block-heading\">Keramische Trocknungsmaschine Merkmale:<\/h2>\n\n\n\n<p><strong>Optimiert f\u00fcr galvanische Arbeitsabl\u00e4ufe:<\/strong> Entwickelt, um die empfindlichen Trocknungsanforderungen von Metallionen und leitf\u00e4higen Glasuren zu erf\u00fcllen und Oxidation oder Fleckenbildung w\u00e4hrend des Aush\u00e4rtungsprozesses zu verhindern.<\/p>\n\n\n\n<p><strong>Pr\u00e4zise Temperaturregelung:<\/strong> Ausgestattet mit einem intelligenten digitalen PID-Steuerungssystem, das eine gleichm\u00e4\u00dfige W\u00e4rmeverteilung gew\u00e4hrleistet, um eine gleichm\u00e4\u00dfige Farbe und Haftung auf allen Teilen sicherzustellen.<\/p>\n\n\n\n<p><strong>Rotierendes Gestell f\u00fcr gro\u00dfe Mengen Kompatibilit\u00e4t:<\/strong> Der ger\u00e4umige Innenraum ist so konzipiert, dass er industrielle Drehgestelle (wie auf den Bildern zu sehen) aufnehmen kann, die eine 360\u00b0-Luftzirkulation und einen maximalen Durchsatz erm\u00f6glichen.<\/p>\n\n\n\n<p><strong>Energieeffiziente D\u00e4mmung:<\/strong> Hochbelastbare, hochdichte D\u00e4mmplatten minimieren den W\u00e4rmeverlust, senken die Betriebskosten und sorgen gleichzeitig f\u00fcr ein stabiles Innenklima.<\/p>\n\n\n\n<p><strong>Robuste industrielle Bauweise:<\/strong> Er verf\u00fcgt \u00fcber einen verst\u00e4rkten Stahlrahmen und einen sicheren Verriegelungsmechanismus, der f\u00fcr eine kontinuierliche 24\/7-Produktionsumgebung ausgelegt ist.<\/p>\n\n\n\n<h2 class=\"wp-block-heading\">Keramische Trocknungsmaschine Anwendung<\/h2>\n\n\n\n<ul class=\"wp-block-list\">\n<li>Goldverzierte Espresso-Tassen<\/li>\n\n\n\n<li>Metallisch glasierte Smaragd-Geschirrsets<\/li>\n\n\n\n<li>Luster-Ware Schalen und Tabletts<\/li>\n\n\n\n<li>Aush\u00e4rtung leitf\u00e4higer Schichten f\u00fcr die keramische Galvanotechnik<\/li>\n<\/ul>\n<\/div>\n\n\n\n<div class=\"wp-block-column is-layout-flow wp-block-column-is-layout-flow\"><div class=\"wp-block-image\">\n<figure class=\"aligncenter size-full\"><img fetchpriority=\"high\" decoding=\"async\" width=\"800\" height=\"800\" src=\"https:\/\/yutaimachinery.com\/wp-content\/uploads\/2026\/04\/Ceramic-Drying-Machine-for-Electroplated-Tableware-Ceramics-1.webp\" alt=\"Industrielle Keramiktrocknungsmaschine f\u00fcr galvanisierte Geschirrkeramik\" class=\"wp-image-6472\" title=\"\" srcset=\"https:\/\/yutaimachinery.com\/wp-content\/uploads\/2026\/04\/Ceramic-Drying-Machine-for-Electroplated-Tableware-Ceramics-1.webp 800w, https:\/\/yutaimachinery.com\/wp-content\/uploads\/2026\/04\/Ceramic-Drying-Machine-for-Electroplated-Tableware-Ceramics-1-300x300.webp 300w, https:\/\/yutaimachinery.com\/wp-content\/uploads\/2026\/04\/Ceramic-Drying-Machine-for-Electroplated-Tableware-Ceramics-1-150x150.webp 150w, https:\/\/yutaimachinery.com\/wp-content\/uploads\/2026\/04\/Ceramic-Drying-Machine-for-Electroplated-Tableware-Ceramics-1-768x768.webp 768w, https:\/\/yutaimachinery.com\/wp-content\/uploads\/2026\/04\/Ceramic-Drying-Machine-for-Electroplated-Tableware-Ceramics-1-12x12.webp 12w, https:\/\/yutaimachinery.com\/wp-content\/uploads\/2026\/04\/Ceramic-Drying-Machine-for-Electroplated-Tableware-Ceramics-1-285x285.webp 285w, https:\/\/yutaimachinery.com\/wp-content\/uploads\/2026\/04\/Ceramic-Drying-Machine-for-Electroplated-Tableware-Ceramics-1-270x270.webp 270w, https:\/\/yutaimachinery.com\/wp-content\/uploads\/2026\/04\/Ceramic-Drying-Machine-for-Electroplated-Tableware-Ceramics-1-540x540.webp 540w, https:\/\/yutaimachinery.com\/wp-content\/uploads\/2026\/04\/Ceramic-Drying-Machine-for-Electroplated-Tableware-Ceramics-1-660x660.webp 660w\" sizes=\"(max-width: 800px) 100vw, 800px\" \/><\/figure>\n<\/div><\/div>\n<\/div>\n\n\n\n<div class=\"wp-block-columns is-layout-flex wp-container-core-columns-is-layout-9d6595d7 wp-block-columns-is-layout-flex\">\n<div class=\"wp-block-column is-layout-flow wp-block-column-is-layout-flow\">\n<figure class=\"wp-block-image size-full\"><img decoding=\"async\" width=\"800\" height=\"800\" src=\"https:\/\/yutaimachinery.com\/wp-content\/uploads\/2026\/04\/Ceramic-Drying-Machine-for-Electroplated-Tableware-Ceramics-4.webp\" alt=\"Industrielle Keramiktrocknungsmaschine f\u00fcr galvanisierte Geschirrkeramik\" class=\"wp-image-6475\" title=\"\" srcset=\"https:\/\/yutaimachinery.com\/wp-content\/uploads\/2026\/04\/Ceramic-Drying-Machine-for-Electroplated-Tableware-Ceramics-4.webp 800w, https:\/\/yutaimachinery.com\/wp-content\/uploads\/2026\/04\/Ceramic-Drying-Machine-for-Electroplated-Tableware-Ceramics-4-300x300.webp 300w, https:\/\/yutaimachinery.com\/wp-content\/uploads\/2026\/04\/Ceramic-Drying-Machine-for-Electroplated-Tableware-Ceramics-4-150x150.webp 150w, https:\/\/yutaimachinery.com\/wp-content\/uploads\/2026\/04\/Ceramic-Drying-Machine-for-Electroplated-Tableware-Ceramics-4-768x768.webp 768w, https:\/\/yutaimachinery.com\/wp-content\/uploads\/2026\/04\/Ceramic-Drying-Machine-for-Electroplated-Tableware-Ceramics-4-12x12.webp 12w, https:\/\/yutaimachinery.com\/wp-content\/uploads\/2026\/04\/Ceramic-Drying-Machine-for-Electroplated-Tableware-Ceramics-4-285x285.webp 285w, https:\/\/yutaimachinery.com\/wp-content\/uploads\/2026\/04\/Ceramic-Drying-Machine-for-Electroplated-Tableware-Ceramics-4-270x270.webp 270w, https:\/\/yutaimachinery.com\/wp-content\/uploads\/2026\/04\/Ceramic-Drying-Machine-for-Electroplated-Tableware-Ceramics-4-540x540.webp 540w, https:\/\/yutaimachinery.com\/wp-content\/uploads\/2026\/04\/Ceramic-Drying-Machine-for-Electroplated-Tableware-Ceramics-4-660x660.webp 660w\" sizes=\"(max-width: 800px) 100vw, 800px\" \/><\/figure>\n<\/div>\n\n\n\n<div class=\"wp-block-column is-layout-flow wp-block-column-is-layout-flow\">\n<figure class=\"wp-block-image size-full\"><img decoding=\"async\" width=\"800\" height=\"800\" src=\"https:\/\/yutaimachinery.com\/wp-content\/uploads\/2026\/04\/Ceramic-Drying-Machine-for-Electroplated-Tableware-Ceramics-5.webp\" alt=\"Industrielle Keramiktrocknungsmaschine f\u00fcr galvanisierte Geschirrkeramik\" class=\"wp-image-6476\" title=\"\" srcset=\"https:\/\/yutaimachinery.com\/wp-content\/uploads\/2026\/04\/Ceramic-Drying-Machine-for-Electroplated-Tableware-Ceramics-5.webp 800w, https:\/\/yutaimachinery.com\/wp-content\/uploads\/2026\/04\/Ceramic-Drying-Machine-for-Electroplated-Tableware-Ceramics-5-300x300.webp 300w, https:\/\/yutaimachinery.com\/wp-content\/uploads\/2026\/04\/Ceramic-Drying-Machine-for-Electroplated-Tableware-Ceramics-5-150x150.webp 150w, https:\/\/yutaimachinery.com\/wp-content\/uploads\/2026\/04\/Ceramic-Drying-Machine-for-Electroplated-Tableware-Ceramics-5-768x768.webp 768w, https:\/\/yutaimachinery.com\/wp-content\/uploads\/2026\/04\/Ceramic-Drying-Machine-for-Electroplated-Tableware-Ceramics-5-12x12.webp 12w, https:\/\/yutaimachinery.com\/wp-content\/uploads\/2026\/04\/Ceramic-Drying-Machine-for-Electroplated-Tableware-Ceramics-5-285x285.webp 285w, https:\/\/yutaimachinery.com\/wp-content\/uploads\/2026\/04\/Ceramic-Drying-Machine-for-Electroplated-Tableware-Ceramics-5-270x270.webp 270w, https:\/\/yutaimachinery.com\/wp-content\/uploads\/2026\/04\/Ceramic-Drying-Machine-for-Electroplated-Tableware-Ceramics-5-540x540.webp 540w, https:\/\/yutaimachinery.com\/wp-content\/uploads\/2026\/04\/Ceramic-Drying-Machine-for-Electroplated-Tableware-Ceramics-5-660x660.webp 660w\" sizes=\"(max-width: 800px) 100vw, 800px\" \/><\/figure>\n<\/div>\n<\/div>\n\n\n\n<div class=\"wp-block-columns is-layout-flex wp-container-core-columns-is-layout-9d6595d7 wp-block-columns-is-layout-flex\">\n<div class=\"wp-block-column is-layout-flow wp-block-column-is-layout-flow\">\n<figure class=\"wp-block-image size-full\"><img loading=\"lazy\" decoding=\"async\" width=\"800\" height=\"800\" src=\"https:\/\/yutaimachinery.com\/wp-content\/uploads\/2026\/04\/Ceramic-Drying-Machine-for-Electroplated-Tableware-Ceramics-6.webp\" alt=\"Industrielle Keramiktrocknungsmaschine f\u00fcr galvanisierte Geschirrkeramik\" class=\"wp-image-6477\" title=\"\" srcset=\"https:\/\/yutaimachinery.com\/wp-content\/uploads\/2026\/04\/Ceramic-Drying-Machine-for-Electroplated-Tableware-Ceramics-6.webp 800w, https:\/\/yutaimachinery.com\/wp-content\/uploads\/2026\/04\/Ceramic-Drying-Machine-for-Electroplated-Tableware-Ceramics-6-300x300.webp 300w, https:\/\/yutaimachinery.com\/wp-content\/uploads\/2026\/04\/Ceramic-Drying-Machine-for-Electroplated-Tableware-Ceramics-6-150x150.webp 150w, https:\/\/yutaimachinery.com\/wp-content\/uploads\/2026\/04\/Ceramic-Drying-Machine-for-Electroplated-Tableware-Ceramics-6-768x768.webp 768w, https:\/\/yutaimachinery.com\/wp-content\/uploads\/2026\/04\/Ceramic-Drying-Machine-for-Electroplated-Tableware-Ceramics-6-12x12.webp 12w, https:\/\/yutaimachinery.com\/wp-content\/uploads\/2026\/04\/Ceramic-Drying-Machine-for-Electroplated-Tableware-Ceramics-6-285x285.webp 285w, https:\/\/yutaimachinery.com\/wp-content\/uploads\/2026\/04\/Ceramic-Drying-Machine-for-Electroplated-Tableware-Ceramics-6-270x270.webp 270w, https:\/\/yutaimachinery.com\/wp-content\/uploads\/2026\/04\/Ceramic-Drying-Machine-for-Electroplated-Tableware-Ceramics-6-540x540.webp 540w, https:\/\/yutaimachinery.com\/wp-content\/uploads\/2026\/04\/Ceramic-Drying-Machine-for-Electroplated-Tableware-Ceramics-6-660x660.webp 660w\" sizes=\"(max-width: 800px) 100vw, 800px\" \/><\/figure>\n<\/div>\n\n\n\n<div class=\"wp-block-column is-layout-flow wp-block-column-is-layout-flow\">\n<figure class=\"wp-block-image size-full\"><img loading=\"lazy\" decoding=\"async\" width=\"800\" height=\"800\" src=\"https:\/\/yutaimachinery.com\/wp-content\/uploads\/2026\/04\/Ceramic-Drying-Machine-for-Electroplated-Tableware-Ceramics-7.webp\" alt=\"Industrielle Keramiktrocknungsmaschine f\u00fcr galvanisierte Geschirrkeramik\" class=\"wp-image-6478\" title=\"\" srcset=\"https:\/\/yutaimachinery.com\/wp-content\/uploads\/2026\/04\/Ceramic-Drying-Machine-for-Electroplated-Tableware-Ceramics-7.webp 800w, https:\/\/yutaimachinery.com\/wp-content\/uploads\/2026\/04\/Ceramic-Drying-Machine-for-Electroplated-Tableware-Ceramics-7-300x300.webp 300w, https:\/\/yutaimachinery.com\/wp-content\/uploads\/2026\/04\/Ceramic-Drying-Machine-for-Electroplated-Tableware-Ceramics-7-150x150.webp 150w, https:\/\/yutaimachinery.com\/wp-content\/uploads\/2026\/04\/Ceramic-Drying-Machine-for-Electroplated-Tableware-Ceramics-7-768x768.webp 768w, https:\/\/yutaimachinery.com\/wp-content\/uploads\/2026\/04\/Ceramic-Drying-Machine-for-Electroplated-Tableware-Ceramics-7-12x12.webp 12w, https:\/\/yutaimachinery.com\/wp-content\/uploads\/2026\/04\/Ceramic-Drying-Machine-for-Electroplated-Tableware-Ceramics-7-285x285.webp 285w, https:\/\/yutaimachinery.com\/wp-content\/uploads\/2026\/04\/Ceramic-Drying-Machine-for-Electroplated-Tableware-Ceramics-7-270x270.webp 270w, https:\/\/yutaimachinery.com\/wp-content\/uploads\/2026\/04\/Ceramic-Drying-Machine-for-Electroplated-Tableware-Ceramics-7-540x540.webp 540w, https:\/\/yutaimachinery.com\/wp-content\/uploads\/2026\/04\/Ceramic-Drying-Machine-for-Electroplated-Tableware-Ceramics-7-660x660.webp 660w\" sizes=\"(max-width: 800px) 100vw, 800px\" \/><\/figure>\n<\/div>\n<\/div>","protected":false},"excerpt":{"rendered":"<p>Dieses speziell f\u00fcr die Galvanikindustrie entwickelte Hochleistungs-Trockenger\u00e4t (Trockenofen) ist der unverzichtbare Begleiter f\u00fcr die Herstellung von hochwertigem, goldumrandetem und metallisch gl\u00e4nzendem Geschirr. Ganz gleich, ob Sie Grundglasuren aush\u00e4rten oder luxuri\u00f6se galvanische Schichten trocknen, dieses Ger\u00e4t sorgt jedes Mal f\u00fcr ein makelloses, hochgl\u00e4nzendes Finish. Kontaktieren Sie uns jetzt f\u00fcr ein Angebot und technische L\u00f6sungen!<\/p>\n<h2>Keramische Trockenmaschine Parameter:<\/h2>\n<table border=\"0\" width=\"144\" cellspacing=\"0\" cellpadding=\"0\">\n<tbody>\n<tr>\n<td width=\"72\" height=\"18\">Merkmal<\/td>\n<td width=\"72\">Beschreibung<\/td>\n<\/tr>\n<tr>\n<td height=\"18\">Anmeldung<\/td>\n<td>Keramikgeschirr, galvanisierte Glaswaren, metallische H\u00e4rtung<\/td>\n<\/tr>\n<tr>\n<td height=\"18\">Quelle der Heizung<\/td>\n<td>Elektrisch\/Gas-kompatibel (konfigurierbar)<\/td>\n<\/tr>\n<tr>\n<td height=\"18\">Kontrollsystem<\/td>\n<td>Digitaler PLC \/ PID Temperaturregler<\/td>\n<\/tr>\n<tr>\n<td height=\"18\">Typ der T\u00fcr<\/td>\n<td>Heavy-Duty Manual Swing mit Industrie-Dichtung<\/td>\n<\/tr>\n<tr>\n<td height=\"18\">Zirkulation<\/td>\n<td>Zwangsluftkonvektion f\u00fcr Gleichm\u00e4\u00dfigkeit<\/td>\n<\/tr>\n<tr>\n<td height=\"18\">Sicherheit<\/td>\n<td>\u00dcbertemperaturalarm und automatische Abschaltung<\/td>\n<\/tr>\n<\/tbody>\n<\/table>\n<h2>Kundenspezifische L\u00f6sungen f\u00fcr Ultraschallreinigungsmaschinen:<\/h2>\n<p><strong>Ma\u00dfgeschneiderte Gr\u00f6\u00dfen<\/strong>: Die Abmessungen der Boxen werden auf der Grundlage der Werksh\u00f6he des Kunden und der t\u00e4glichen Produktionsanforderungen angepasst.<\/p>\n<p><strong>Logistik-L\u00f6sungen<\/strong>: F\u00fcr den grenz\u00fcberschreitenden B2B-Handel bieten wir verst\u00e4rkte Verpackungen an, die den internationalen Normen entsprechen, um Besch\u00e4digungen w\u00e4hrend der Seefracht zu vermeiden.<\/p>\n<p><strong>Langfristige Ersatzteilversorgung<\/strong>: Wir verf\u00fcgen \u00fcber ein standardisiertes Lager an leicht zu besch\u00e4digenden Teilen wie Heizelementen, Umw\u00e4lzmotoren und Dichtungsb\u00e4ndern, um einen ununterbrochenen Betrieb der Produktionslinie des Kunden rund um die Uhr zu gew\u00e4hrleisten.<\/p>","protected":false},"featured_media":6473,"template":"","meta":{"_acf_changed":false},"product_brand":[],"product_cat":[56],"product_tag":[],"class_list":{"0":"post-6471","1":"product","2":"type-product","3":"status-publish","4":"has-post-thumbnail","6":"product_cat-ceramic-drying-machine","8":"first","9":"instock","10":"shipping-taxable","11":"product-type-simple"},"acf":{"customization_content":"<h2><\/h2>\r\n<div><\/div>","customization_content_source":{"label":"Customization Content","type":"wysiwyg","formatted_value":"<h2><\/h2>\n<div><\/div>\n"},"why_choose_us_content":"<h2 style=\"text-align: center;\">Why Choose Us as Your Ceramic Machine Supplier<\/h2>\r\n\r\n<hr \/>\r\n<p style=\"text-align: center;\">Yutai as a ceramic machine manufacturer, maintains strict quality standards and excellent service. Revolutionize your manufacturing processes with cutting-edge automation technology that streamlines forming and enhances efficiency.<\/p>","why_choose_us_content_source":{"label":"Why Choose Us Content","type":"wysiwyg","formatted_value":"<h2 style=\"text-align: center;\">Why Choose Us as Your Ceramic Machine Supplier<\/h2>\n<hr \/>\n<p style=\"text-align: center;\">Yutai as a ceramic machine manufacturer, maintains strict quality standards and excellent service. Revolutionize your manufacturing processes with cutting-edge automation technology that streamlines forming and enhances efficiency.<\/p>\n"}},"_links":{"self":[{"href":"https:\/\/yutaimachinery.com\/de\/wp-json\/wp\/v2\/product\/6471","targetHints":{"allow":["GET"]}}],"collection":[{"href":"https:\/\/yutaimachinery.com\/de\/wp-json\/wp\/v2\/product"}],"about":[{"href":"https:\/\/yutaimachinery.com\/de\/wp-json\/wp\/v2\/types\/product"}],"version-history":[{"count":2,"href":"https:\/\/yutaimachinery.com\/de\/wp-json\/wp\/v2\/product\/6471\/revisions"}],"predecessor-version":[{"id":6480,"href":"https:\/\/yutaimachinery.com\/de\/wp-json\/wp\/v2\/product\/6471\/revisions\/6480"}],"wp:featuredmedia":[{"embeddable":true,"href":"https:\/\/yutaimachinery.com\/de\/wp-json\/wp\/v2\/media\/6473"}],"wp:attachment":[{"href":"https:\/\/yutaimachinery.com\/de\/wp-json\/wp\/v2\/media?parent=6471"}],"wp:term":[{"taxonomy":"product_brand","embeddable":true,"href":"https:\/\/yutaimachinery.com\/de\/wp-json\/wp\/v2\/product_brand?post=6471"},{"taxonomy":"product_cat","embeddable":true,"href":"https:\/\/yutaimachinery.com\/de\/wp-json\/wp\/v2\/product_cat?post=6471"},{"taxonomy":"product_tag","embeddable":true,"href":"https:\/\/yutaimachinery.com\/de\/wp-json\/wp\/v2\/product_tag?post=6471"}],"curies":[{"name":"wp","href":"https:\/\/api.w.org\/{rel}","templated":true}]}}