{"id":6445,"date":"2026-04-23T15:43:37","date_gmt":"2026-04-23T07:43:37","guid":{"rendered":"https:\/\/yutaimachinery.com\/?post_type=product&#038;p=6445"},"modified":"2026-04-23T17:05:19","modified_gmt":"2026-04-23T09:05:19","slug":"industrial-ultrasonic-cleaning-machine","status":"publish","type":"product","link":"https:\/\/yutaimachinery.com\/de\/product\/industrial-ultrasonic-cleaning-machine\/","title":{"rendered":"Industrielle Ultraschallreinigungsmaschine f\u00fcr galvanisierte Keramikteile"},"content":{"rendered":"<div class=\"wp-block-columns is-layout-flex wp-container-core-columns-is-layout-9d6595d7 wp-block-columns-is-layout-flex\">\n<div class=\"wp-block-column is-layout-flow wp-block-column-is-layout-flow\">\n<h2 class=\"wp-block-heading\">Industrielle Ultraschall-Reinigungsmaschine Merkmale:<\/h2>\n\n\n\n<p><strong>Hochpr\u00e4zise Reinigung ohne tote Ecken:<\/strong> Die Ultraschallkavitation dringt tief in Mikroporen, Sackl\u00f6cher, Rillen und Gewinde ein und gew\u00e4hrleistet eine vollst\u00e4ndige Reinigung komplexer Keramikteile, die mit herk\u00f6mmlichen Methoden nicht erreicht werden k\u00f6nnen.<\/p>\n\n\n\n<p><strong>Besch\u00e4digungsfreies Reinigungsverfahren: <\/strong>Die ber\u00fchrungslose Reinigung vermeidet Kratzer oder Besch\u00e4digungen der Beschichtung und sch\u00fctzt empfindliche Keramiksubstrate und d\u00fcnne galvanische Schichten. Sie gew\u00e4hrleistet kratzfreie Keramikoberfl\u00e4chen und verhindert das Abbl\u00e4ttern oder Besch\u00e4digen der galvanischen Schicht.<\/p>\n\n\n\n<p><strong>Hohe Effizienz f\u00fcr die Massenproduktion: <\/strong>Ein automatisiertes F\u00f6rdersystem mit mehreren Tanks erm\u00f6glicht die Reinigung von Chargen, was die Produktionseffizienz erheblich verbessert.<\/p>\n\n\n\n<p><strong>Flexible Prozesskompatibilit\u00e4t:<\/strong> Einstellbare Frequenz, Leistung und Temperatur erm\u00f6glichen die Anpassung an verschiedene Galvanisierungsstufen ohne Beeintr\u00e4chtigung der Materialeigenschaften.<\/p>\n\n\n\n<h2 class=\"wp-block-heading\">Industrielle Ultraschallreinigungsmaschine Anwendung<\/h2>\n\n\n\n<p>Dieser industrielle Ultraschallreiniger ist weit verbreitet in:<\/p>\n\n\n\n<ul class=\"wp-block-list\">\n<li>Galvanisierte keramische Sanit\u00e4rkeramik<\/li>\n\n\n\n<li>Keramik-Beschl\u00e4ge f\u00fcr Badezimmer<\/li>\n\n\n\n<li>Dekoratives Keramikhandwerk<\/li>\n\n\n\n<li>Elektronische Keramikkomponenten<\/li>\n\n\n\n<li>Keramikteile mit komplexer Struktur (por\u00f6s, mit Gewinde, hohl)<\/li>\n<\/ul>\n<\/div>\n\n\n\n<div class=\"wp-block-column is-layout-flow wp-block-column-is-layout-flow\"><div class=\"wp-block-image\">\n<figure class=\"aligncenter size-full\"><img fetchpriority=\"high\" decoding=\"async\" width=\"800\" height=\"800\" src=\"https:\/\/yutaimachinery.com\/wp-content\/uploads\/2026\/04\/Industrial-Ultrasonic-Cleaning-Machine-for-Electroplated-Ceramic-Parts-3.webp\" alt=\"Industrielle Ultraschallreinigungsmaschine f\u00fcr galvanisierte Keramikteile\" class=\"wp-image-6451\" title=\"\" srcset=\"https:\/\/yutaimachinery.com\/wp-content\/uploads\/2026\/04\/Industrial-Ultrasonic-Cleaning-Machine-for-Electroplated-Ceramic-Parts-3.webp 800w, https:\/\/yutaimachinery.com\/wp-content\/uploads\/2026\/04\/Industrial-Ultrasonic-Cleaning-Machine-for-Electroplated-Ceramic-Parts-3-300x300.webp 300w, https:\/\/yutaimachinery.com\/wp-content\/uploads\/2026\/04\/Industrial-Ultrasonic-Cleaning-Machine-for-Electroplated-Ceramic-Parts-3-150x150.webp 150w, https:\/\/yutaimachinery.com\/wp-content\/uploads\/2026\/04\/Industrial-Ultrasonic-Cleaning-Machine-for-Electroplated-Ceramic-Parts-3-768x768.webp 768w, https:\/\/yutaimachinery.com\/wp-content\/uploads\/2026\/04\/Industrial-Ultrasonic-Cleaning-Machine-for-Electroplated-Ceramic-Parts-3-12x12.webp 12w, https:\/\/yutaimachinery.com\/wp-content\/uploads\/2026\/04\/Industrial-Ultrasonic-Cleaning-Machine-for-Electroplated-Ceramic-Parts-3-285x285.webp 285w, https:\/\/yutaimachinery.com\/wp-content\/uploads\/2026\/04\/Industrial-Ultrasonic-Cleaning-Machine-for-Electroplated-Ceramic-Parts-3-270x270.webp 270w, https:\/\/yutaimachinery.com\/wp-content\/uploads\/2026\/04\/Industrial-Ultrasonic-Cleaning-Machine-for-Electroplated-Ceramic-Parts-3-540x540.webp 540w, https:\/\/yutaimachinery.com\/wp-content\/uploads\/2026\/04\/Industrial-Ultrasonic-Cleaning-Machine-for-Electroplated-Ceramic-Parts-3-660x660.webp 660w\" sizes=\"(max-width: 800px) 100vw, 800px\" \/><\/figure>\n<\/div><\/div>\n<\/div>\n\n\n\n<div class=\"wp-block-columns is-layout-flex wp-container-core-columns-is-layout-9d6595d7 wp-block-columns-is-layout-flex\">\n<div class=\"wp-block-column is-layout-flow wp-block-column-is-layout-flow\"><div class=\"wp-block-image\">\n<figure class=\"aligncenter size-full\"><img decoding=\"async\" width=\"800\" height=\"800\" src=\"https:\/\/yutaimachinery.com\/wp-content\/uploads\/2026\/04\/Industrial-Ultrasonic-Cleaning-Machine-for-Electroplated-Ceramic-Parts-7.webp\" alt=\"Industrielle Ultraschallreinigungsmaschine f\u00fcr galvanisierte Keramikteile\" class=\"wp-image-6455\" title=\"\" srcset=\"https:\/\/yutaimachinery.com\/wp-content\/uploads\/2026\/04\/Industrial-Ultrasonic-Cleaning-Machine-for-Electroplated-Ceramic-Parts-7.webp 800w, https:\/\/yutaimachinery.com\/wp-content\/uploads\/2026\/04\/Industrial-Ultrasonic-Cleaning-Machine-for-Electroplated-Ceramic-Parts-7-300x300.webp 300w, https:\/\/yutaimachinery.com\/wp-content\/uploads\/2026\/04\/Industrial-Ultrasonic-Cleaning-Machine-for-Electroplated-Ceramic-Parts-7-150x150.webp 150w, https:\/\/yutaimachinery.com\/wp-content\/uploads\/2026\/04\/Industrial-Ultrasonic-Cleaning-Machine-for-Electroplated-Ceramic-Parts-7-768x768.webp 768w, https:\/\/yutaimachinery.com\/wp-content\/uploads\/2026\/04\/Industrial-Ultrasonic-Cleaning-Machine-for-Electroplated-Ceramic-Parts-7-12x12.webp 12w, https:\/\/yutaimachinery.com\/wp-content\/uploads\/2026\/04\/Industrial-Ultrasonic-Cleaning-Machine-for-Electroplated-Ceramic-Parts-7-285x285.webp 285w, https:\/\/yutaimachinery.com\/wp-content\/uploads\/2026\/04\/Industrial-Ultrasonic-Cleaning-Machine-for-Electroplated-Ceramic-Parts-7-270x270.webp 270w, https:\/\/yutaimachinery.com\/wp-content\/uploads\/2026\/04\/Industrial-Ultrasonic-Cleaning-Machine-for-Electroplated-Ceramic-Parts-7-540x540.webp 540w, https:\/\/yutaimachinery.com\/wp-content\/uploads\/2026\/04\/Industrial-Ultrasonic-Cleaning-Machine-for-Electroplated-Ceramic-Parts-7-660x660.webp 660w\" sizes=\"(max-width: 800px) 100vw, 800px\" \/><\/figure>\n<\/div><\/div>\n\n\n\n<div class=\"wp-block-column is-layout-flow wp-block-column-is-layout-flow\">\n<h2 class=\"wp-block-heading\">Funktionen und Systemstruktur<\/h2>\n\n\n\n<h3 class=\"wp-block-heading\">Multi-Tank-Reinigungssystem<\/h3>\n\n\n\n<ul class=\"wp-block-list\">\n<li>Reinigung des Tanks<\/li>\n\n\n\n<li>Spr\u00fchbeh\u00e4lter<\/li>\n\n\n\n<li>Sp\u00fcltank<\/li>\n\n\n\n<li>Lufttrocknungsbereich<\/li>\n<\/ul>\n\n\n\n<h3 class=\"wp-block-heading\">F\u00f6rderer &amp; Korb-System<\/h3>\n\n\n\n<ul class=\"wp-block-list\">\n<li>23 K\u00f6rbe Kapazit\u00e4t<\/li>\n\n\n\n<li>Maximale Last pro Korb: 65kg<\/li>\n\n\n\n<li>Stabiles Ketten\u00fcbertragungssystem<\/li>\n<\/ul>\n\n\n\n<h3 class=\"wp-block-heading\">Intelligentes Bedienfeld<\/h3>\n\n\n\n<ul class=\"wp-block-list\">\n<li>Einstellbare Frequenz (28kHz Standard)<\/li>\n\n\n\n<li>Leistungssteuerung (0-100%)<\/li>\n\n\n\n<li>Timer und Strom\u00fcberwachung<\/li>\n\n\n\n<li>Sweep-Funktion f\u00fcr gleichm\u00e4\u00dfige Reinigung<\/li>\n<\/ul>\n<\/div>\n<\/div>\n\n\n\n<div class=\"wp-block-columns is-layout-flex wp-container-core-columns-is-layout-9d6595d7 wp-block-columns-is-layout-flex\">\n<div class=\"wp-block-column is-layout-flow wp-block-column-is-layout-flow\">\n<figure class=\"wp-block-image size-full\"><img decoding=\"async\" width=\"721\" height=\"559\" src=\"https:\/\/yutaimachinery.com\/wp-content\/uploads\/2026\/04\/Industrial-Ultrasonic-Cleaning-Machine-for-Electroplated-Ceramic-Parts-1.webp\" alt=\"Industrielle Ultraschallreinigungsmaschine f\u00fcr galvanisierte Keramikteile\" class=\"wp-image-6446\" title=\"\" srcset=\"https:\/\/yutaimachinery.com\/wp-content\/uploads\/2026\/04\/Industrial-Ultrasonic-Cleaning-Machine-for-Electroplated-Ceramic-Parts-1.webp 721w, https:\/\/yutaimachinery.com\/wp-content\/uploads\/2026\/04\/Industrial-Ultrasonic-Cleaning-Machine-for-Electroplated-Ceramic-Parts-1-300x233.webp 300w, https:\/\/yutaimachinery.com\/wp-content\/uploads\/2026\/04\/Industrial-Ultrasonic-Cleaning-Machine-for-Electroplated-Ceramic-Parts-1-15x12.webp 15w, https:\/\/yutaimachinery.com\/wp-content\/uploads\/2026\/04\/Industrial-Ultrasonic-Cleaning-Machine-for-Electroplated-Ceramic-Parts-1-285x221.webp 285w, https:\/\/yutaimachinery.com\/wp-content\/uploads\/2026\/04\/Industrial-Ultrasonic-Cleaning-Machine-for-Electroplated-Ceramic-Parts-1-360x280.webp 360w, https:\/\/yutaimachinery.com\/wp-content\/uploads\/2026\/04\/Industrial-Ultrasonic-Cleaning-Machine-for-Electroplated-Ceramic-Parts-1-660x512.webp 660w, https:\/\/yutaimachinery.com\/wp-content\/uploads\/2026\/04\/Industrial-Ultrasonic-Cleaning-Machine-for-Electroplated-Ceramic-Parts-1-150x116.webp 150w\" sizes=\"(max-width: 721px) 100vw, 721px\" \/><\/figure>\n<\/div>\n\n\n\n<div class=\"wp-block-column is-layout-flow wp-block-column-is-layout-flow\">\n<figure class=\"wp-block-image size-full\"><img loading=\"lazy\" decoding=\"async\" width=\"721\" height=\"559\" src=\"https:\/\/yutaimachinery.com\/wp-content\/uploads\/2026\/04\/Industrial-Ultrasonic-Cleaning-Machine-for-Electroplated-Ceramic-Parts-2.webp\" alt=\"Industrielle Ultraschallreinigungsmaschine f\u00fcr galvanisierte Keramikteile\" class=\"wp-image-6447\" title=\"\" srcset=\"https:\/\/yutaimachinery.com\/wp-content\/uploads\/2026\/04\/Industrial-Ultrasonic-Cleaning-Machine-for-Electroplated-Ceramic-Parts-2.webp 721w, https:\/\/yutaimachinery.com\/wp-content\/uploads\/2026\/04\/Industrial-Ultrasonic-Cleaning-Machine-for-Electroplated-Ceramic-Parts-2-300x233.webp 300w, https:\/\/yutaimachinery.com\/wp-content\/uploads\/2026\/04\/Industrial-Ultrasonic-Cleaning-Machine-for-Electroplated-Ceramic-Parts-2-15x12.webp 15w, https:\/\/yutaimachinery.com\/wp-content\/uploads\/2026\/04\/Industrial-Ultrasonic-Cleaning-Machine-for-Electroplated-Ceramic-Parts-2-285x221.webp 285w, https:\/\/yutaimachinery.com\/wp-content\/uploads\/2026\/04\/Industrial-Ultrasonic-Cleaning-Machine-for-Electroplated-Ceramic-Parts-2-360x280.webp 360w, https:\/\/yutaimachinery.com\/wp-content\/uploads\/2026\/04\/Industrial-Ultrasonic-Cleaning-Machine-for-Electroplated-Ceramic-Parts-2-660x512.webp 660w, https:\/\/yutaimachinery.com\/wp-content\/uploads\/2026\/04\/Industrial-Ultrasonic-Cleaning-Machine-for-Electroplated-Ceramic-Parts-2-150x116.webp 150w\" sizes=\"(max-width: 721px) 100vw, 721px\" \/><\/figure>\n<\/div>\n<\/div>\n\n\n<div class=\"wp-block-image\">\n<figure class=\"aligncenter size-full\"><img loading=\"lazy\" decoding=\"async\" width=\"726\" height=\"520\" src=\"https:\/\/yutaimachinery.com\/wp-content\/uploads\/2026\/04\/Industrial-Ultrasonic-Cleaning-Machine-for-Electroplated-Ceramic-Parts.webp\" alt=\"Industrielle Ultraschallreinigungsmaschine f\u00fcr galvanisierte Keramikteile\" class=\"wp-image-6448\" title=\"\" srcset=\"https:\/\/yutaimachinery.com\/wp-content\/uploads\/2026\/04\/Industrial-Ultrasonic-Cleaning-Machine-for-Electroplated-Ceramic-Parts.webp 726w, https:\/\/yutaimachinery.com\/wp-content\/uploads\/2026\/04\/Industrial-Ultrasonic-Cleaning-Machine-for-Electroplated-Ceramic-Parts-300x215.webp 300w, https:\/\/yutaimachinery.com\/wp-content\/uploads\/2026\/04\/Industrial-Ultrasonic-Cleaning-Machine-for-Electroplated-Ceramic-Parts-18x12.webp 18w, https:\/\/yutaimachinery.com\/wp-content\/uploads\/2026\/04\/Industrial-Ultrasonic-Cleaning-Machine-for-Electroplated-Ceramic-Parts-285x204.webp 285w, https:\/\/yutaimachinery.com\/wp-content\/uploads\/2026\/04\/Industrial-Ultrasonic-Cleaning-Machine-for-Electroplated-Ceramic-Parts-660x473.webp 660w, https:\/\/yutaimachinery.com\/wp-content\/uploads\/2026\/04\/Industrial-Ultrasonic-Cleaning-Machine-for-Electroplated-Ceramic-Parts-150x107.webp 150w\" sizes=\"(max-width: 726px) 100vw, 726px\" \/><\/figure>\n<\/div>\n\n\n<p><\/p>","protected":false},"excerpt":{"rendered":"<p>Unser industrieller Ultraschallreiniger wurde f\u00fcr die hochpr\u00e4zise Reinigung von galvanisierten Keramikprodukten entwickelt. Durch den Einsatz fortschrittlicher Ultraschallkavitation gelangt er bis in die kleinsten Ritzen und entfernt Poren, Rillen, Gewinde und gepr\u00e4gte Strukturen, die bei der manuellen Reinigung nicht erreicht werden. Diese auf Langlebigkeit und benutzerfreundliche Bedienung ausgelegte Maschine ist ein Grundnahrungsmittel f\u00fcr die industrielle Keramikproduktion. Kontaktieren Sie uns f\u00fcr ein Angebot und technische Spezifikationen!<\/p>\n<h2>Ultraschall-Reinigungsmaschine Parameter:<\/h2>\n<table border=\"0\" width=\"370\" cellspacing=\"0\" cellpadding=\"0\">\n<tbody>\n<tr>\n<td width=\"185\" height=\"19\"><strong>Material<\/strong><\/td>\n<td width=\"185\">Rostfreier Stahl<\/td>\n<\/tr>\n<tr>\n<td width=\"185\" height=\"19\"><strong>Ultraschallfrequenz<\/strong><\/td>\n<td width=\"185\">28 kHz<\/td>\n<\/tr>\n<tr>\n<td width=\"185\" height=\"38\"><strong>Generator Strom<\/strong><\/td>\n<td width=\"185\">3000W \u00d7 6 S\u00e4tze<\/td>\n<\/tr>\n<tr>\n<td width=\"185\" height=\"19\"><strong>Spannung<\/strong><\/td>\n<td width=\"185\">AC 220V<\/td>\n<\/tr>\n<tr>\n<td width=\"185\" height=\"38\"><strong>Korb Menge<\/strong><\/td>\n<td width=\"185\">23 St\u00fcck<\/td>\n<\/tr>\n<tr>\n<td width=\"185\" height=\"57\"><strong>Maximale Last pro Korb<\/strong><\/td>\n<td width=\"185\">65 kg<\/td>\n<\/tr>\n<tr>\n<td width=\"185\" height=\"57\"><strong>Korb Gr\u00f6\u00dfe<\/strong><\/td>\n<td width=\"185\">420 \u00d7 420 \u00d7 100 mm<\/td>\n<\/tr>\n<tr>\n<td width=\"185\" height=\"38\"><strong>Ventilatorleistung<\/strong><\/td>\n<td width=\"185\">330W<\/td>\n<\/tr>\n<tr>\n<td width=\"185\" height=\"76\"><strong>Aufbau der Maschine<\/strong><\/td>\n<td width=\"185\">Automatische Mehrtankanlage<\/td>\n<\/tr>\n<\/tbody>\n<\/table>\n<h2>OEM &amp; kundenspezifische L\u00f6sungen f\u00fcr Ultraschallreinigungsmaschinen:<\/h2>\n<ol>\n<li>Anpassung von Tankmenge und Layout<\/li>\n<li>Frequenz- und Leistungseinstellung<\/li>\n<li>Upgrade der Automatisierungsebene<\/li>\n<li>Integration von Produktionslinien<\/li>\n<li>Spezielle Reinigungsanforderungen Design<\/li>\n<\/ol>","protected":false},"featured_media":6460,"template":"","meta":{"_acf_changed":false},"product_brand":[],"product_cat":[61],"product_tag":[],"class_list":{"0":"post-6445","1":"product","2":"type-product","3":"status-publish","4":"has-post-thumbnail","6":"product_cat-ceramic-machine-tool","8":"first","9":"instock","10":"shipping-taxable","11":"product-type-simple"},"acf":{"customization_content":"<h2><\/h2>\r\n<div><\/div>","customization_content_source":{"label":"Customization Content","type":"wysiwyg","formatted_value":"<h2><\/h2>\n<div><\/div>\n"},"why_choose_us_content":"<h2 style=\"text-align: center;\">Why Choose Us as Your Ceramic Machine Supplier<\/h2>\r\n\r\n<hr \/>\r\n<p style=\"text-align: center;\">Yutai as a ceramic machine manufacturer, maintains strict quality standards and excellent service. Revolutionize your manufacturing processes with cutting-edge automation technology that streamlines forming and enhances efficiency.<\/p>","why_choose_us_content_source":{"label":"Why Choose Us Content","type":"wysiwyg","formatted_value":"<h2 style=\"text-align: center;\">Why Choose Us as Your Ceramic Machine Supplier<\/h2>\n<hr \/>\n<p style=\"text-align: center;\">Yutai as a ceramic machine manufacturer, maintains strict quality standards and excellent service. Revolutionize your manufacturing processes with cutting-edge automation technology that streamlines forming and enhances efficiency.<\/p>\n"}},"_links":{"self":[{"href":"https:\/\/yutaimachinery.com\/de\/wp-json\/wp\/v2\/product\/6445","targetHints":{"allow":["GET"]}}],"collection":[{"href":"https:\/\/yutaimachinery.com\/de\/wp-json\/wp\/v2\/product"}],"about":[{"href":"https:\/\/yutaimachinery.com\/de\/wp-json\/wp\/v2\/types\/product"}],"version-history":[{"count":3,"href":"https:\/\/yutaimachinery.com\/de\/wp-json\/wp\/v2\/product\/6445\/revisions"}],"predecessor-version":[{"id":6464,"href":"https:\/\/yutaimachinery.com\/de\/wp-json\/wp\/v2\/product\/6445\/revisions\/6464"}],"wp:featuredmedia":[{"embeddable":true,"href":"https:\/\/yutaimachinery.com\/de\/wp-json\/wp\/v2\/media\/6460"}],"wp:attachment":[{"href":"https:\/\/yutaimachinery.com\/de\/wp-json\/wp\/v2\/media?parent=6445"}],"wp:term":[{"taxonomy":"product_brand","embeddable":true,"href":"https:\/\/yutaimachinery.com\/de\/wp-json\/wp\/v2\/product_brand?post=6445"},{"taxonomy":"product_cat","embeddable":true,"href":"https:\/\/yutaimachinery.com\/de\/wp-json\/wp\/v2\/product_cat?post=6445"},{"taxonomy":"product_tag","embeddable":true,"href":"https:\/\/yutaimachinery.com\/de\/wp-json\/wp\/v2\/product_tag?post=6445"}],"curies":[{"name":"wp","href":"https:\/\/api.w.org\/{rel}","templated":true}]}}