{"id":5837,"date":"2025-10-20T15:39:20","date_gmt":"2025-10-20T07:39:20","guid":{"rendered":"https:\/\/yutaimachinery.com\/?post_type=product&#038;p=5837"},"modified":"2025-10-20T18:21:48","modified_gmt":"2025-10-20T10:21:48","slug":"custom-decals-for-ceramic-mugs","status":"publish","type":"product","link":"https:\/\/yutaimachinery.com\/de\/product\/custom-decals-for-ceramic-mugs\/","title":{"rendered":"Benutzerdefinierte Abziehbilder f\u00fcr Keramikbecher Vintage Tea Set, Druck Blume Design Waterslide Abziehbilder"},"content":{"rendered":"<div class=\"wp-block-columns is-layout-flex wp-container-core-columns-is-layout-9d6595d7 wp-block-columns-is-layout-flex\">\n<div class=\"wp-block-column is-layout-flow wp-block-column-is-layout-flow\">\n<h2 class=\"wp-block-heading\">Eigenschaften von Abziehbildern f\u00fcr Keramikbecher:<\/h2>\n\n\n\n<p><strong>Elegante florale Looks<\/strong>: Zarte Rosendesigns mit sanften Mustern verleihen allen Keramikprodukten ein europ\u00e4isches Flair der alten Welt.<\/p>\n\n\n\n<p><strong>Bessere Hitzebest\u00e4ndigkeit<\/strong>: Hergestellt, um bei hohen Temperaturen gebrannt zu werden, wobei lebendige Farbt\u00f6ne, glasierte Verbindungen und eine widerstandsf\u00e4hige Oberfl\u00e4che erhalten bleiben.<\/p>\n\n\n\n<p><strong>Verfeinerte Druckqualit\u00e4t<\/strong>: Der hochaufl\u00f6sende Abziehbilddruck sorgt f\u00fcr pr\u00e4zise florale Details und nat\u00fcrliche Farbverl\u00e4ufe, die die Sch\u00f6nheit des feinen Porzellans unterstreichen.<\/p>\n\n\n\n<p><strong>Umfassende Materialabdeckung<\/strong>: Geeignet f\u00fcr Tassen, Teller, Schalen und Erinnerungsst\u00fccke, sowohl f\u00fcr Design- als auch f\u00fcr Gebrauchskollektionen aus Porzellan.<\/p>\n\n\n\n<p><strong>Flexible Anpassung:<\/strong> Yutai bietet flexible OEM\/ODM-Dienstleistungen, einschlie\u00dflich Musterentwicklung, Farbanpassung und Gr\u00f6\u00dfenanpassung von Aufklebern f\u00fcr die industrielle Produktion.<\/p>\n<\/div>\n\n\n\n<div class=\"wp-block-column is-layout-flow wp-block-column-is-layout-flow\">\n<figure class=\"wp-block-image size-full\"><img fetchpriority=\"high\" decoding=\"async\" width=\"1080\" height=\"1080\" src=\"https:\/\/yutaimachinery.com\/wp-content\/uploads\/2025\/10\/custom-decals-for-ceramic-mugs-6.webp\" alt=\"Individuelle Aufkleber f\u00fcr Keramikbecher (6)\" class=\"wp-image-5846\" title=\"\" srcset=\"https:\/\/yutaimachinery.com\/wp-content\/uploads\/2025\/10\/custom-decals-for-ceramic-mugs-6.webp 1080w, https:\/\/yutaimachinery.com\/wp-content\/uploads\/2025\/10\/custom-decals-for-ceramic-mugs-6-300x300.webp 300w, https:\/\/yutaimachinery.com\/wp-content\/uploads\/2025\/10\/custom-decals-for-ceramic-mugs-6-150x150.webp 150w, https:\/\/yutaimachinery.com\/wp-content\/uploads\/2025\/10\/custom-decals-for-ceramic-mugs-6-768x768.webp 768w, https:\/\/yutaimachinery.com\/wp-content\/uploads\/2025\/10\/custom-decals-for-ceramic-mugs-6-12x12.webp 12w, https:\/\/yutaimachinery.com\/wp-content\/uploads\/2025\/10\/custom-decals-for-ceramic-mugs-6-285x285.webp 285w, https:\/\/yutaimachinery.com\/wp-content\/uploads\/2025\/10\/custom-decals-for-ceramic-mugs-6-270x270.webp 270w, https:\/\/yutaimachinery.com\/wp-content\/uploads\/2025\/10\/custom-decals-for-ceramic-mugs-6-540x540.webp 540w, https:\/\/yutaimachinery.com\/wp-content\/uploads\/2025\/10\/custom-decals-for-ceramic-mugs-6-660x660.webp 660w\" sizes=\"(max-width: 1080px) 100vw, 1080px\" \/><\/figure>\n<\/div>\n<\/div>","protected":false},"excerpt":{"rendered":"<p>Individuelle Abziehbilder f\u00fcr Keramikbecher mit zeitloser Eleganz und stabilem Brennverhalten. Ideal f\u00fcr Premium-Porzellanhersteller, die individuelle Blumendesigns und gro\u00dfe Mengen an Abziehbildern suchen. Willkommen bei uns f\u00fcr MOQ und kostenlose Muster zu kontaktieren!<\/p>\n<h2>Keramische Hochtemperatur-Abziehbilder f\u00fcr den t\u00e4glichen Gebrauch aus einer Hand:<\/h2>\n<ul>\n<li style=\"list-style-type: none;\">\n<ul>\n<li><strong>Benutzerdefinierte Optionen<\/strong>: Unterst\u00fctzung individueller Designs, Muster, Gr\u00f6\u00dfen und Farbschemata f\u00fcr Hochtemperaturaufkleber, die zu Ihrer Geschirrkollektion und Marken\u00e4sthetik passen.<\/li>\n<li><strong>Design &amp; Anwendungsunterst\u00fctzung<\/strong>: Fachkundige Beratung bei der Platzierung von Abziehbildern, der Koordination von Mustern und Brennparametern f\u00fcr verschiedene Keramikprodukte des t\u00e4glichen Gebrauchs.<\/li>\n<li><strong>Qualit\u00e4t und technische Unterst\u00fctzung<\/strong>: Hervorragende Farbstabilit\u00e4t, hohe Temperaturbest\u00e4ndigkeit und lang anhaltende Haftung f\u00fcr dauerhafte, sp\u00fclmaschinenfeste Ergebnisse.<\/li>\n<li><strong>Engagierter Dienst:\u00a0 <\/strong> Als zuverl\u00e4ssiger Hersteller von keramischen Abziehbildern bietet Yutai zuverl\u00e4ssige, anpassbare und effiziente L\u00f6sungen f\u00fcr die Produktion von Geschirr und Haushaltskeramik in gro\u00dfem Ma\u00dfstab.<\/li>\n<\/ul>\n<\/li>\n<\/ul>","protected":false},"featured_media":5845,"template":"","meta":{"_acf_changed":false},"product_brand":[],"product_cat":[59,108],"product_tag":[],"class_list":{"0":"post-5837","1":"product","2":"type-product","3":"status-publish","4":"has-post-thumbnail","6":"product_cat-ceramic-printing-machine","7":"product_cat-custom-ceramic-decals-manufacturer","9":"first","10":"instock","11":"shipping-taxable","12":"product-type-simple"},"acf":{"customization_content":"","customization_content_source":{"label":"Customization Content","type":"wysiwyg","formatted_value":""},"why_choose_us_content":"<h2 style=\"text-align: center;\">Why Choose Us as Your Ceramic Decals Supplier<\/h2>\r\n\r\n<hr \/>\r\n<p style=\"text-align: center;\">We have advanced fully automatic decals printing machines that can mass-produce high-quality decals for daily ceramics, bathroom ceramics, glass tableware, etc., suitable for different processes, and provide customized services<\/p>","why_choose_us_content_source":{"label":"Why Choose Us Content","type":"wysiwyg","formatted_value":"<h2 style=\"text-align: center;\">Why Choose Us as Your Ceramic Decals Supplier<\/h2>\n<hr \/>\n<p style=\"text-align: center;\">We have advanced fully automatic decals printing machines that can mass-produce high-quality decals for daily ceramics, bathroom ceramics, glass tableware, etc., suitable for different processes, and provide customized services<\/p>\n"}},"_links":{"self":[{"href":"https:\/\/yutaimachinery.com\/de\/wp-json\/wp\/v2\/product\/5837","targetHints":{"allow":["GET"]}}],"collection":[{"href":"https:\/\/yutaimachinery.com\/de\/wp-json\/wp\/v2\/product"}],"about":[{"href":"https:\/\/yutaimachinery.com\/de\/wp-json\/wp\/v2\/types\/product"}],"version-history":[{"count":0,"href":"https:\/\/yutaimachinery.com\/de\/wp-json\/wp\/v2\/product\/5837\/revisions"}],"wp:featuredmedia":[{"embeddable":true,"href":"https:\/\/yutaimachinery.com\/de\/wp-json\/wp\/v2\/media\/5845"}],"wp:attachment":[{"href":"https:\/\/yutaimachinery.com\/de\/wp-json\/wp\/v2\/media?parent=5837"}],"wp:term":[{"taxonomy":"product_brand","embeddable":true,"href":"https:\/\/yutaimachinery.com\/de\/wp-json\/wp\/v2\/product_brand?post=5837"},{"taxonomy":"product_cat","embeddable":true,"href":"https:\/\/yutaimachinery.com\/de\/wp-json\/wp\/v2\/product_cat?post=5837"},{"taxonomy":"product_tag","embeddable":true,"href":"https:\/\/yutaimachinery.com\/de\/wp-json\/wp\/v2\/product_tag?post=5837"}],"curies":[{"name":"wp","href":"https:\/\/api.w.org\/{rel}","templated":true}]}}