{"id":5832,"date":"2025-10-20T15:22:12","date_gmt":"2025-10-20T07:22:12","guid":{"rendered":"https:\/\/yutaimachinery.com\/?post_type=product&#038;p=5832"},"modified":"2025-10-21T10:56:28","modified_gmt":"2025-10-21T02:56:28","slug":"custom-floral-ceramic-decals","status":"publish","type":"product","link":"https:\/\/yutaimachinery.com\/de\/product\/custom-floral-ceramic-decals\/","title":{"rendered":"Benutzerdefinierte florale Keramik Abziehbilder f\u00fcr Teller Multi Farben Hand malt Abziehbilder"},"content":{"rendered":"<div class=\"wp-block-columns is-layout-flex wp-container-core-columns-is-layout-9d6595d7 wp-block-columns-is-layout-flex\">\n<div class=\"wp-block-column is-layout-flow wp-block-column-is-layout-flow\">\n<h2 class=\"wp-block-heading\">Florale Keramik-Abziehbilder Merkmale:<\/h2>\n\n\n\n<p><strong>Lebendiges Multicolor-Design<\/strong>: Eine luxuri\u00f6se Mischung aus Pfingstrosen, Gerbera und tropischen Blumen mit lebhaften Farbverl\u00e4ufen und naturgetreuen Bl\u00fctenblatteffekten, die ein k\u00fcnstlerisches und luxuri\u00f6ses Aussehen verleihen.<\/p>\n\n\n\n<p><strong>Langlebigkeit bei hohen Temperaturen<\/strong>: Durch das Brennen bei hohen Temperaturen wird eine feste Haftung, ein gleichm\u00e4\u00dfiges Finish und eine dauerhafte Farbbest\u00e4ndigkeit ohne Verblassen oder Abbl\u00e4ttern erreicht.<\/p>\n\n\n\n<p><strong>Au\u00dfergew\u00f6hnliche Druckqualit\u00e4t<\/strong>: Die hochentwickelte Drucktechnologie bewahrt feine Linien und nat\u00fcrliche Farbverl\u00e4ufe f\u00fcr eine beeindruckende, realistische Ausgabe.<\/p>\n\n\n\n<p><strong>Vielseitiger Einsatz<\/strong>: Geeignet f\u00fcr die Herstellung von keramischen Tellern, Schalen, Bechern und Dekorationsgegenst\u00e4nden, f\u00fcr die Tischproduktion im Haushalt und im Gastgewerbe.<\/p>\n\n\n\n<p><strong>OEM &amp; Massenanpassung<\/strong>: Yutai bietet kundenspezifische Entw\u00fcrfe, Gr\u00f6\u00dfen und Farbanpassungen an, mit technologischer Unterst\u00fctzung f\u00fcr die Massenproduktion, stabiler Qualit\u00e4tskontrolle und Beratung.<\/p>\n<\/div>\n\n\n\n<div class=\"wp-block-column is-layout-flow wp-block-column-is-layout-flow\">\n<figure class=\"wp-block-image size-full\"><img fetchpriority=\"high\" decoding=\"async\" width=\"1080\" height=\"1080\" src=\"https:\/\/yutaimachinery.com\/wp-content\/uploads\/2025\/10\/custom-floral-ceramic-decals-2-1.webp\" alt=\"Keramikabziehbilder mit Blumenmotiven (2)\" class=\"wp-image-5860\" title=\"\" srcset=\"https:\/\/yutaimachinery.com\/wp-content\/uploads\/2025\/10\/custom-floral-ceramic-decals-2-1.webp 1080w, https:\/\/yutaimachinery.com\/wp-content\/uploads\/2025\/10\/custom-floral-ceramic-decals-2-1-300x300.webp 300w, https:\/\/yutaimachinery.com\/wp-content\/uploads\/2025\/10\/custom-floral-ceramic-decals-2-1-150x150.webp 150w, https:\/\/yutaimachinery.com\/wp-content\/uploads\/2025\/10\/custom-floral-ceramic-decals-2-1-768x768.webp 768w, https:\/\/yutaimachinery.com\/wp-content\/uploads\/2025\/10\/custom-floral-ceramic-decals-2-1-12x12.webp 12w, https:\/\/yutaimachinery.com\/wp-content\/uploads\/2025\/10\/custom-floral-ceramic-decals-2-1-285x285.webp 285w, https:\/\/yutaimachinery.com\/wp-content\/uploads\/2025\/10\/custom-floral-ceramic-decals-2-1-270x270.webp 270w, https:\/\/yutaimachinery.com\/wp-content\/uploads\/2025\/10\/custom-floral-ceramic-decals-2-1-540x540.webp 540w, https:\/\/yutaimachinery.com\/wp-content\/uploads\/2025\/10\/custom-floral-ceramic-decals-2-1-660x660.webp 660w\" sizes=\"(max-width: 1080px) 100vw, 1080px\" \/><\/figure>\n<\/div>\n<\/div>","protected":false},"excerpt":{"rendered":"<p>Individuelle florale Keramikabziehbilder mit lebendigen, verblassungsbest\u00e4ndigen Designs und glatten Oberfl\u00e4chen. Perfekt f\u00fcr Geschirr und dekorative Keramik. Wir bieten OEM-Anpassung, Lieferung in gro\u00dfen Mengen und zuverl\u00e4ssige Brennleistung. Kontaktieren Sie uns f\u00fcr Muster und Kostenvoranschl\u00e4ge!<\/p>\n<h2>Keramische Hochtemperatur-Abziehbilder f\u00fcr den t\u00e4glichen Gebrauch aus einer Hand:<\/h2>\n<ul>\n<li style=\"list-style-type: none;\">\n<ul>\n<li><strong>Benutzerdefinierte Optionen<\/strong>: Unterst\u00fctzung individueller Designs, Muster, Gr\u00f6\u00dfen und Farbschemata f\u00fcr Hochtemperaturaufkleber, die zu Ihrer Geschirrkollektion und Marken\u00e4sthetik passen.<\/li>\n<li><strong>Design &amp; Anwendungsunterst\u00fctzung<\/strong>: Fachkundige Beratung bei der Platzierung von Abziehbildern, der Koordination von Mustern und Brennparametern f\u00fcr verschiedene Keramikprodukte des t\u00e4glichen Gebrauchs.<\/li>\n<li><strong>Qualit\u00e4t und technische Unterst\u00fctzung<\/strong>: Hervorragende Farbstabilit\u00e4t, hohe Temperaturbest\u00e4ndigkeit und lang anhaltende Haftung f\u00fcr dauerhafte, sp\u00fclmaschinenfeste Ergebnisse.<\/li>\n<li><strong>Engagierter Dienst:\u00a0 <\/strong> Als zuverl\u00e4ssiger Hersteller von keramischen Abziehbildern bietet Yutai zuverl\u00e4ssige, anpassbare und effiziente L\u00f6sungen f\u00fcr die Produktion von Geschirr und Haushaltskeramik in gro\u00dfem Ma\u00dfstab.<\/li>\n<\/ul>\n<\/li>\n<\/ul>","protected":false},"featured_media":5834,"template":"","meta":{"_acf_changed":false},"product_brand":[],"product_cat":[59,108],"product_tag":[],"class_list":{"0":"post-5832","1":"product","2":"type-product","3":"status-publish","4":"has-post-thumbnail","6":"product_cat-ceramic-printing-machine","7":"product_cat-custom-ceramic-decals-manufacturer","9":"first","10":"instock","11":"shipping-taxable","12":"product-type-simple"},"acf":{"customization_content":"","customization_content_source":{"label":"Customization Content","type":"wysiwyg","formatted_value":""},"why_choose_us_content":"<h2 style=\"text-align: center;\">Why Choose Us as Your Ceramic Decals Supplier<\/h2>\r\n\r\n<hr \/>\r\n<p style=\"text-align: center;\">We have advanced fully automatic decals printing machines that can mass-produce high-quality decals for daily ceramics, bathroom ceramics, glass tableware, etc., suitable for different processes, and provide customized services<\/p>","why_choose_us_content_source":{"label":"Why Choose Us Content","type":"wysiwyg","formatted_value":"<h2 style=\"text-align: center;\">Why Choose Us as Your Ceramic Decals Supplier<\/h2>\n<hr \/>\n<p style=\"text-align: center;\">We have advanced fully automatic decals printing machines that can mass-produce high-quality decals for daily ceramics, bathroom ceramics, glass tableware, etc., suitable for different processes, and provide customized services<\/p>\n"}},"_links":{"self":[{"href":"https:\/\/yutaimachinery.com\/de\/wp-json\/wp\/v2\/product\/5832","targetHints":{"allow":["GET"]}}],"collection":[{"href":"https:\/\/yutaimachinery.com\/de\/wp-json\/wp\/v2\/product"}],"about":[{"href":"https:\/\/yutaimachinery.com\/de\/wp-json\/wp\/v2\/types\/product"}],"version-history":[{"count":0,"href":"https:\/\/yutaimachinery.com\/de\/wp-json\/wp\/v2\/product\/5832\/revisions"}],"wp:featuredmedia":[{"embeddable":true,"href":"https:\/\/yutaimachinery.com\/de\/wp-json\/wp\/v2\/media\/5834"}],"wp:attachment":[{"href":"https:\/\/yutaimachinery.com\/de\/wp-json\/wp\/v2\/media?parent=5832"}],"wp:term":[{"taxonomy":"product_brand","embeddable":true,"href":"https:\/\/yutaimachinery.com\/de\/wp-json\/wp\/v2\/product_brand?post=5832"},{"taxonomy":"product_cat","embeddable":true,"href":"https:\/\/yutaimachinery.com\/de\/wp-json\/wp\/v2\/product_cat?post=5832"},{"taxonomy":"product_tag","embeddable":true,"href":"https:\/\/yutaimachinery.com\/de\/wp-json\/wp\/v2\/product_tag?post=5832"}],"curies":[{"name":"wp","href":"https:\/\/api.w.org\/{rel}","templated":true}]}}