{"id":5824,"date":"2025-10-20T14:41:02","date_gmt":"2025-10-20T06:41:02","guid":{"rendered":"https:\/\/yutaimachinery.com\/?post_type=product&#038;p=5824"},"modified":"2025-10-20T18:21:48","modified_gmt":"2025-10-20T10:21:48","slug":"custom-floral-decals-for-ceramics","status":"publish","type":"product","link":"https:\/\/yutaimachinery.com\/de\/product\/custom-floral-decals-for-ceramics\/","title":{"rendered":"Individuelle Blumenabziehbilder f\u00fcr Keramik Rosa Rose Wasserschiebebilder"},"content":{"rendered":"<div class=\"wp-block-columns is-layout-flex wp-container-core-columns-is-layout-9d6595d7 wp-block-columns-is-layout-flex\">\n<div class=\"wp-block-column is-layout-flow wp-block-column-is-layout-flow\">\n<h2 class=\"wp-block-heading\">Eigenschaften von Floral Decals for Ceramics:<\/h2>\n\n\n\n<p><strong>Abziehbild \"Elegante Rose<\/strong>: Mit seinen verlaufenden Bl\u00fctenbl\u00e4ttern und den leuchtenden Rosen verleiht dieses Abziehbild dem Keramikgeschirr und den Dekorationsgegenst\u00e4nden einen Hauch von Eleganz und Romantik.<\/p>\n\n\n\n<p><strong>Langlebigkeit bei hohen Temperaturen<\/strong>: Bei hohen Temperaturen gebrannt, was eine lang anhaltende Haftung, eine glatte Textur und Best\u00e4ndigkeit gegen Verblassen oder Abbl\u00e4ttern gew\u00e4hrleistet.<\/p>\n\n\n\n<p><strong>Feine Druckqualit\u00e4t<\/strong>: Die feinen Konturen und zarten Textdetails bleiben auch nach dem Brennen klar und deutlich erkennbar, was die visuelle Tiefe und den Realismus erh\u00f6ht.<\/p>\n\n\n\n<p><strong>Vielseitigkeit der Anwendung<\/strong>: Geeignet f\u00fcr Keramikteller, -schalen, -becher und Geschenkartikel, sowohl f\u00fcr den Haushalt als auch f\u00fcr das Gastgewerbe.<\/p>\n\n\n\n<p><strong>OEM- und ODM-Dienstleistungen<\/strong>: Kundenspezifische Designs, Stile und Farben werden auch f\u00fcr Gro\u00dfbestellungen f\u00fcr Hersteller von Geschirr und Keramikprodukten angeboten.<\/p>\n<\/div>\n\n\n\n<div class=\"wp-block-column is-layout-flow wp-block-column-is-layout-flow\">\n<figure class=\"wp-block-image size-full\"><img fetchpriority=\"high\" decoding=\"async\" width=\"1080\" height=\"1080\" src=\"https:\/\/yutaimachinery.com\/wp-content\/uploads\/2025\/10\/Custom-Floral-Decals-for-Ceramics-1-1.webp\" alt=\"Individuelle florale Abziehbilder f\u00fcr Keramik (1)\" class=\"wp-image-5854\" title=\"\" srcset=\"https:\/\/yutaimachinery.com\/wp-content\/uploads\/2025\/10\/Custom-Floral-Decals-for-Ceramics-1-1.webp 1080w, https:\/\/yutaimachinery.com\/wp-content\/uploads\/2025\/10\/Custom-Floral-Decals-for-Ceramics-1-1-300x300.webp 300w, https:\/\/yutaimachinery.com\/wp-content\/uploads\/2025\/10\/Custom-Floral-Decals-for-Ceramics-1-1-150x150.webp 150w, https:\/\/yutaimachinery.com\/wp-content\/uploads\/2025\/10\/Custom-Floral-Decals-for-Ceramics-1-1-768x768.webp 768w, https:\/\/yutaimachinery.com\/wp-content\/uploads\/2025\/10\/Custom-Floral-Decals-for-Ceramics-1-1-12x12.webp 12w, https:\/\/yutaimachinery.com\/wp-content\/uploads\/2025\/10\/Custom-Floral-Decals-for-Ceramics-1-1-285x285.webp 285w, https:\/\/yutaimachinery.com\/wp-content\/uploads\/2025\/10\/Custom-Floral-Decals-for-Ceramics-1-1-270x270.webp 270w, https:\/\/yutaimachinery.com\/wp-content\/uploads\/2025\/10\/Custom-Floral-Decals-for-Ceramics-1-1-540x540.webp 540w, https:\/\/yutaimachinery.com\/wp-content\/uploads\/2025\/10\/Custom-Floral-Decals-for-Ceramics-1-1-660x660.webp 660w\" sizes=\"(max-width: 1080px) 100vw, 1080px\" \/><\/figure>\n<\/div>\n<\/div>","protected":false},"excerpt":{"rendered":"<p>Die floralen Abziehbilder f\u00fcr Keramik von Yutai zeichnen sich durch lebendige Rosenmuster und glatte Oberfl\u00e4chen aus. Sie eignen sich perfekt f\u00fcr Geschirr und Dekorationskeramik und bieten dauerhafte Haftung, leuchtende Farben und anpassbare Designs. Kontaktieren Sie uns f\u00fcr OEM-Service und Gro\u00dflieferungen.<\/p>\n<h2>Keramische Hochtemperatur-Abziehbilder f\u00fcr den t\u00e4glichen Gebrauch aus einer Hand:<\/h2>\n<ul>\n<li style=\"list-style-type: none;\">\n<ul>\n<li><strong>Benutzerdefinierte Optionen<\/strong>: Unterst\u00fctzung individueller Designs, Muster, Gr\u00f6\u00dfen und Farbschemata f\u00fcr Hochtemperaturaufkleber, die zu Ihrer Geschirrkollektion und Marken\u00e4sthetik passen.<\/li>\n<li><strong>Design &amp; Anwendungsunterst\u00fctzung<\/strong>: Fachkundige Beratung bei der Platzierung von Abziehbildern, der Koordination von Mustern und Brennparametern f\u00fcr verschiedene Keramikprodukte des t\u00e4glichen Gebrauchs.<\/li>\n<li><strong>Qualit\u00e4t und technische Unterst\u00fctzung<\/strong>: Hervorragende Farbstabilit\u00e4t, hohe Temperaturbest\u00e4ndigkeit und lang anhaltende Haftung f\u00fcr dauerhafte, sp\u00fclmaschinenfeste Ergebnisse.<\/li>\n<li><strong>Engagierter Dienst:\u00a0 <\/strong> Als zuverl\u00e4ssiger Hersteller von keramischen Abziehbildern bietet Yutai zuverl\u00e4ssige, anpassbare und effiziente L\u00f6sungen f\u00fcr die Produktion von Geschirr und Haushaltskeramik in gro\u00dfem Ma\u00dfstab.<\/li>\n<\/ul>\n<\/li>\n<\/ul>","protected":false},"featured_media":5827,"template":"","meta":{"_acf_changed":false},"product_brand":[],"product_cat":[59,108],"product_tag":[],"class_list":{"0":"post-5824","1":"product","2":"type-product","3":"status-publish","4":"has-post-thumbnail","6":"product_cat-ceramic-printing-machine","7":"product_cat-custom-ceramic-decals-manufacturer","9":"first","10":"instock","11":"shipping-taxable","12":"product-type-simple"},"acf":{"customization_content":"","customization_content_source":{"label":"Customization Content","type":"wysiwyg","formatted_value":""},"why_choose_us_content":"<h2 style=\"text-align: center;\">Why Choose Us as Your Ceramic Decals Supplier<\/h2>\r\n\r\n<hr \/>\r\n<p style=\"text-align: center;\">We have advanced fully automatic decals printing machines that can mass-produce high-quality decals for daily ceramics, bathroom ceramics, glass tableware, etc., suitable for different processes, and provide customized services<\/p>","why_choose_us_content_source":{"label":"Why Choose Us Content","type":"wysiwyg","formatted_value":"<h2 style=\"text-align: center;\">Why Choose Us as Your Ceramic Decals Supplier<\/h2>\n<hr \/>\n<p style=\"text-align: center;\">We have advanced fully automatic decals printing machines that can mass-produce high-quality decals for daily ceramics, bathroom ceramics, glass tableware, etc., suitable for different processes, and provide customized services<\/p>\n"}},"_links":{"self":[{"href":"https:\/\/yutaimachinery.com\/de\/wp-json\/wp\/v2\/product\/5824","targetHints":{"allow":["GET"]}}],"collection":[{"href":"https:\/\/yutaimachinery.com\/de\/wp-json\/wp\/v2\/product"}],"about":[{"href":"https:\/\/yutaimachinery.com\/de\/wp-json\/wp\/v2\/types\/product"}],"version-history":[{"count":0,"href":"https:\/\/yutaimachinery.com\/de\/wp-json\/wp\/v2\/product\/5824\/revisions"}],"wp:featuredmedia":[{"embeddable":true,"href":"https:\/\/yutaimachinery.com\/de\/wp-json\/wp\/v2\/media\/5827"}],"wp:attachment":[{"href":"https:\/\/yutaimachinery.com\/de\/wp-json\/wp\/v2\/media?parent=5824"}],"wp:term":[{"taxonomy":"product_brand","embeddable":true,"href":"https:\/\/yutaimachinery.com\/de\/wp-json\/wp\/v2\/product_brand?post=5824"},{"taxonomy":"product_cat","embeddable":true,"href":"https:\/\/yutaimachinery.com\/de\/wp-json\/wp\/v2\/product_cat?post=5824"},{"taxonomy":"product_tag","embeddable":true,"href":"https:\/\/yutaimachinery.com\/de\/wp-json\/wp\/v2\/product_tag?post=5824"}],"curies":[{"name":"wp","href":"https:\/\/api.w.org\/{rel}","templated":true}]}}