{"id":5812,"date":"2025-10-20T14:15:25","date_gmt":"2025-10-20T06:15:25","guid":{"rendered":"https:\/\/yutaimachinery.com\/?post_type=product&#038;p=5812"},"modified":"2025-10-20T18:21:48","modified_gmt":"2025-10-20T10:21:48","slug":"custom-decals-for-ceramic-plates","status":"publish","type":"product","link":"https:\/\/yutaimachinery.com\/de\/product\/custom-decals-for-ceramic-plates\/","title":{"rendered":"Individuelle Abziehbilder f\u00fcr keramische Platten mit Blumen-Wasserschiebe-Abziehbild"},"content":{"rendered":"<div class=\"wp-block-columns is-layout-flex wp-container-core-columns-is-layout-9d6595d7 wp-block-columns-is-layout-flex\">\n<div class=\"wp-block-column is-layout-flow wp-block-column-is-layout-flow\">\n<h2 class=\"wp-block-heading\">Eigenschaften von Abziehbildern f\u00fcr keramische Platten:<\/h2>\n\n\n\n<p><strong>Europ\u00e4isches Design im romantischen Stil<\/strong>: Das Design mit Blumenstillleben und Gartenszenen enth\u00e4lt europ\u00e4ische Elemente und schafft einen warmen, eleganten und k\u00fcnstlerischen Dekorationsstil.<\/p>\n\n\n\n<p><strong>Exquisites Detail<\/strong>: Das Design enth\u00e4lt Elemente wie Blumen, B\u00fccher, Teeservice, Schmetterlinge und B\u00e4nder, die das dekorative Gesamterlebnis und die Raffinesse steigern.<\/p>\n\n\n\n<p><strong>Weiche und erfrischende Farbe<\/strong>: Die harmonische Farbkombination aus sanften T\u00f6nen wie Rosa, Blau, Gr\u00fcn und Gelb sorgt f\u00fcr ein angenehmes visuelles Erlebnis und schafft eine romantische und warme Atmosph\u00e4re.<\/p>\n\n\n\n<p><strong>Hochtemperatur-Verfahren<\/strong>: Durch das Aufbringen von Abziehbildern bei hohen Temperaturen liefert das Design haltbare, lang anhaltende Farben. Es ist sicher und umweltfreundlich und eignet sich daher sowohl f\u00fcr den t\u00e4glichen Gebrauch beim Essen als auch f\u00fcr den Hausgebrauch.<\/p>\n\n\n\n<p><strong>Geeignet f\u00fcr eine Vielzahl von Keramikformen<\/strong>: Das Design eignet sich f\u00fcr quadratische Teller, runde Teller, Tabletts, Tassen und andere Dekorationsartikel und erf\u00fcllt die dekorativen Bed\u00fcrfnisse einer Vielzahl von Alltags- und Geschenkporzellan.<\/p>\n<\/div>\n\n\n\n<div class=\"wp-block-column is-layout-flow wp-block-column-is-layout-flow\">\n<figure class=\"wp-block-image size-full\"><img fetchpriority=\"high\" decoding=\"async\" width=\"530\" height=\"529\" src=\"https:\/\/yutaimachinery.com\/wp-content\/uploads\/2025\/10\/custom-decals-for-ceramic-plates-1-1.webp\" alt=\"Individuelle Abziehbilder f\u00fcr Keramikplatten (1)\" class=\"wp-image-5849\" title=\"\" srcset=\"https:\/\/yutaimachinery.com\/wp-content\/uploads\/2025\/10\/custom-decals-for-ceramic-plates-1-1.webp 530w, https:\/\/yutaimachinery.com\/wp-content\/uploads\/2025\/10\/custom-decals-for-ceramic-plates-1-1-300x300.webp 300w, https:\/\/yutaimachinery.com\/wp-content\/uploads\/2025\/10\/custom-decals-for-ceramic-plates-1-1-150x150.webp 150w, https:\/\/yutaimachinery.com\/wp-content\/uploads\/2025\/10\/custom-decals-for-ceramic-plates-1-1-12x12.webp 12w, https:\/\/yutaimachinery.com\/wp-content\/uploads\/2025\/10\/custom-decals-for-ceramic-plates-1-1-285x284.webp 285w, https:\/\/yutaimachinery.com\/wp-content\/uploads\/2025\/10\/custom-decals-for-ceramic-plates-1-1-270x270.webp 270w\" sizes=\"(max-width: 530px) 100vw, 530px\" \/><\/figure>\n<\/div>\n<\/div>","protected":false},"excerpt":{"rendered":"<p>Benutzerdefinierte Abziehbilder f\u00fcr Keramikteller mit einem europ\u00e4ischen romantischen Stil, den exquisiten Mustern und den weichen und warmen Farben, die Kunstfertigkeit und Zweckm\u00e4\u00dfigkeit verbinden. Geeignet f\u00fcr Hochtemperatur-Abziehbilder auf Tellern, Tabletts, dekorativem Porzellan und mehr, ist es sicher, langlebig und elegant. Wenn Sie Fragen zu Materialien, Gr\u00f6\u00dfen oder Anpassungen haben, wenden Sie sich bitte an uns!<\/p>\n<h2>Keramische Hochtemperatur-Abziehbilder f\u00fcr den t\u00e4glichen Gebrauch aus einer Hand:<\/h2>\n<ul>\n<li style=\"list-style-type: none;\">\n<ul>\n<li><strong>Benutzerdefinierte Optionen<\/strong>: Unterst\u00fctzung individueller Designs, Muster, Gr\u00f6\u00dfen und Farbschemata f\u00fcr Hochtemperaturaufkleber, die zu Ihrer Geschirrkollektion und Marken\u00e4sthetik passen.<\/li>\n<li><strong>Design &amp; Anwendungsunterst\u00fctzung<\/strong>: Fachkundige Beratung bei der Platzierung von Abziehbildern, der Koordination von Mustern und Brennparametern f\u00fcr verschiedene Keramikprodukte des t\u00e4glichen Gebrauchs.<\/li>\n<li><strong>Qualit\u00e4t und technische Unterst\u00fctzung<\/strong>: Hervorragende Farbstabilit\u00e4t, hohe Temperaturbest\u00e4ndigkeit und lang anhaltende Haftung f\u00fcr dauerhafte, sp\u00fclmaschinenfeste Ergebnisse.<\/li>\n<li><strong>Engagierter Dienst:\u00a0 <\/strong> Als zuverl\u00e4ssiger Hersteller von keramischen Abziehbildern bietet Yutai zuverl\u00e4ssige, anpassbare und effiziente L\u00f6sungen f\u00fcr die Produktion von Geschirr und Haushaltskeramik in gro\u00dfem Ma\u00dfstab.<\/li>\n<\/ul>\n<\/li>\n<\/ul>","protected":false},"featured_media":5814,"template":"","meta":{"_acf_changed":false},"product_brand":[],"product_cat":[59,108],"product_tag":[],"class_list":{"0":"post-5812","1":"product","2":"type-product","3":"status-publish","4":"has-post-thumbnail","6":"product_cat-ceramic-printing-machine","7":"product_cat-custom-ceramic-decals-manufacturer","9":"first","10":"instock","11":"shipping-taxable","12":"product-type-simple"},"acf":{"customization_content":"","customization_content_source":{"label":"Customization Content","type":"wysiwyg","formatted_value":""},"why_choose_us_content":"<h2 style=\"text-align: center;\">Why Choose Us as Your Ceramic Decals Supplier<\/h2>\r\n\r\n<hr \/>\r\n<p style=\"text-align: center;\">We have advanced fully automatic decals printing machines that can mass-produce high-quality decals for daily ceramics, bathroom ceramics, glass tableware, etc., suitable for different processes, and provide customized services<\/p>","why_choose_us_content_source":{"label":"Why Choose Us Content","type":"wysiwyg","formatted_value":"<h2 style=\"text-align: center;\">Why Choose Us as Your Ceramic Decals Supplier<\/h2>\n<hr \/>\n<p style=\"text-align: center;\">We have advanced fully automatic decals printing machines that can mass-produce high-quality decals for daily ceramics, bathroom ceramics, glass tableware, etc., suitable for different processes, and provide customized services<\/p>\n"}},"_links":{"self":[{"href":"https:\/\/yutaimachinery.com\/de\/wp-json\/wp\/v2\/product\/5812","targetHints":{"allow":["GET"]}}],"collection":[{"href":"https:\/\/yutaimachinery.com\/de\/wp-json\/wp\/v2\/product"}],"about":[{"href":"https:\/\/yutaimachinery.com\/de\/wp-json\/wp\/v2\/types\/product"}],"version-history":[{"count":0,"href":"https:\/\/yutaimachinery.com\/de\/wp-json\/wp\/v2\/product\/5812\/revisions"}],"wp:featuredmedia":[{"embeddable":true,"href":"https:\/\/yutaimachinery.com\/de\/wp-json\/wp\/v2\/media\/5814"}],"wp:attachment":[{"href":"https:\/\/yutaimachinery.com\/de\/wp-json\/wp\/v2\/media?parent=5812"}],"wp:term":[{"taxonomy":"product_brand","embeddable":true,"href":"https:\/\/yutaimachinery.com\/de\/wp-json\/wp\/v2\/product_brand?post=5812"},{"taxonomy":"product_cat","embeddable":true,"href":"https:\/\/yutaimachinery.com\/de\/wp-json\/wp\/v2\/product_cat?post=5812"},{"taxonomy":"product_tag","embeddable":true,"href":"https:\/\/yutaimachinery.com\/de\/wp-json\/wp\/v2\/product_tag?post=5812"}],"curies":[{"name":"wp","href":"https:\/\/api.w.org\/{rel}","templated":true}]}}