{"id":5795,"date":"2025-10-18T15:26:59","date_gmt":"2025-10-18T07:26:59","guid":{"rendered":"https:\/\/yutaimachinery.com\/?post_type=product&#038;p=5795"},"modified":"2025-10-20T18:21:49","modified_gmt":"2025-10-20T10:21:49","slug":"custom-decals-for-ceramics","status":"publish","type":"product","link":"https:\/\/yutaimachinery.com\/de\/product\/custom-decals-for-ceramics\/","title":{"rendered":"Benutzerdefinierte Abziehbilder f\u00fcr Keramik Vase T\u00f6pferwaren Platten, Elegante Golden Tree Natural Deer Decal"},"content":{"rendered":"<div class=\"wp-block-columns is-layout-flex wp-container-core-columns-is-layout-9d6595d7 wp-block-columns-is-layout-flex\">\n<div class=\"wp-block-column is-layout-flow wp-block-column-is-layout-flow\">\n<h2 class=\"wp-block-heading\">Merkmale von Abziehbildern f\u00fcr Keramik:<\/h2>\n\n\n\n<p><strong>Premium-Abziehbilder:<\/strong> Ein Baummuster mit zarten schwarzen Linien und goldenen Akzenten am Stamm schafft ein einzigartiges k\u00fcnstlerisches Konzept, das in seiner Schlichtheit ein Gef\u00fchl von Luxus vermittelt.<\/p>\n\n\n\n<p><strong>Dynamisches Blauhirsch-Design:<\/strong> Ein blauer Hirschk\u00f6rper, der mit orangefarbenen Blumen verziert ist und dessen Geweih wie ein Ast geformt ist, bildet mit dem hellroten Stamm eine harmonische und nat\u00fcrliche Szene, die einen starken k\u00fcnstlerischen Eindruck vermittelt.<\/p>\n\n\n\n<p><strong>Exquisite Handwerkskunst der Linie:<\/strong> Die feinen und glatten Linien des Baumes, des Hirschk\u00f6rpers und der Blumenmuster schaffen ein lebensechtes und \u00e4u\u00dferst realistisches Design.<\/p>\n\n\n\n<p><strong>Multiszenen-Kompatibilit\u00e4t:<\/strong> Die keramischen Abziehbilder Baum und Hirsch sind sehr vielseitig und eignen sich f\u00fcr Keramik, Glas und andere Materialien und erf\u00fcllen verschiedene Heim- und Geschenkanforderungen.<\/p>\n\n\n\n<p><strong>Lebendige und langanhaltende Farben:<\/strong> Durch die Verwendung hoch ges\u00e4ttigter, umweltfreundlicher Tinten bleiben die Farben Braun, Gold, Gr\u00fcn und Orange auch nach dem Einbrennen bei niedrigen Temperaturen leuchtend und verblassungsbest\u00e4ndig, was eine lang anhaltende visuelle Attraktivit\u00e4t gew\u00e4hrleistet.<\/p>\n<\/div>\n\n\n\n<div class=\"wp-block-column is-layout-flow wp-block-column-is-layout-flow\">\n<figure class=\"wp-block-image size-full\"><img fetchpriority=\"high\" decoding=\"async\" width=\"800\" height=\"800\" src=\"https:\/\/yutaimachinery.com\/wp-content\/uploads\/2025\/10\/Custom-Decals-for-Ceramics-1.webp\" alt=\"Individuelle Abziehbilder f\u00fcr Keramik (1)\" class=\"wp-image-5797\" title=\"\" srcset=\"https:\/\/yutaimachinery.com\/wp-content\/uploads\/2025\/10\/Custom-Decals-for-Ceramics-1.webp 800w, https:\/\/yutaimachinery.com\/wp-content\/uploads\/2025\/10\/Custom-Decals-for-Ceramics-1-300x300.webp 300w, https:\/\/yutaimachinery.com\/wp-content\/uploads\/2025\/10\/Custom-Decals-for-Ceramics-1-150x150.webp 150w, https:\/\/yutaimachinery.com\/wp-content\/uploads\/2025\/10\/Custom-Decals-for-Ceramics-1-768x768.webp 768w, https:\/\/yutaimachinery.com\/wp-content\/uploads\/2025\/10\/Custom-Decals-for-Ceramics-1-12x12.webp 12w, https:\/\/yutaimachinery.com\/wp-content\/uploads\/2025\/10\/Custom-Decals-for-Ceramics-1-285x285.webp 285w, https:\/\/yutaimachinery.com\/wp-content\/uploads\/2025\/10\/Custom-Decals-for-Ceramics-1-270x270.webp 270w, https:\/\/yutaimachinery.com\/wp-content\/uploads\/2025\/10\/Custom-Decals-for-Ceramics-1-540x540.webp 540w, https:\/\/yutaimachinery.com\/wp-content\/uploads\/2025\/10\/Custom-Decals-for-Ceramics-1-660x660.webp 660w\" sizes=\"(max-width: 800px) 100vw, 800px\" \/><\/figure>\n<\/div>\n<\/div>","protected":false},"excerpt":{"rendered":"<p>Yutai Custom Decals f\u00fcr Keramik, die Premium-Abziehbilder f\u00fcr Niedrigtemperatur-Keramik und Glas mit eleganten Hirsch- und Baummotiven in leuchtenden, lichtechten Farben. Ideal f\u00fcr Geschirr, Dekorationskeramik und Glaswaren. Wir bieten OEM-Anpassung, Lieferung in gro\u00dfen Mengen und technische Unterst\u00fctzung. Kontaktieren Sie uns f\u00fcr Muster und Kostenvoranschl\u00e4ge.<\/p>\n<h2>Die L\u00f6sung f\u00fcr keramische Abziehbilder bei niedrigen Temperaturen aus einer Hand:<\/h2>\n<ul>\n<li data-start=\"641\" data-end=\"1313\"><strong data-start=\"688\" data-end=\"707\">Benutzerdefinierte Optionen:<\/strong> Wir unterst\u00fctzen kundenspezifische Designs, Muster, Gr\u00f6\u00dfen und Tieftemperaturanwendungen f\u00fcr Keramik- und Glasprodukte.<\/li>\n<li data-start=\"641\" data-end=\"1313\"><strong data-start=\"821\" data-end=\"854\">Design- und Anwendungsunterst\u00fctzung:<\/strong> Wir bieten fachkundige Beratung bei der Auswahl von Abziehbildern, dem \u00dcbertragungsprozess und den optimalen Brennbedingungen f\u00fcr Ihre Produktionslinie.<\/li>\n<li data-start=\"641\" data-end=\"1313\"><strong data-start=\"978\" data-end=\"1012\">Qualit\u00e4t und technische Sicherheit:<\/strong> Sie gew\u00e4hrleisten eine stabile Haftung, lebendige Farben und eine ausgezeichnete Haltbarkeit bei niedrigen Brenntemperaturen.<\/li>\n<li data-start=\"641\" data-end=\"1313\"><strong data-start=\"1108\" data-end=\"1130\">Engagierter Dienst:<\/strong> Als professioneller Hersteller von Keramikmaschinen und Abziehbildern unterst\u00fctzt Yutai Ihre Keramik- und Glasdekorationsproduktion mit zuverl\u00e4ssigen, anpassbaren und effizienten Abziehl\u00f6sungen.<\/li>\n<\/ul>","protected":false},"featured_media":5796,"template":"","meta":{"_acf_changed":false},"product_brand":[],"product_cat":[59,108],"product_tag":[],"class_list":{"0":"post-5795","1":"product","2":"type-product","3":"status-publish","4":"has-post-thumbnail","6":"product_cat-ceramic-printing-machine","7":"product_cat-custom-ceramic-decals-manufacturer","9":"first","10":"instock","11":"shipping-taxable","12":"product-type-simple"},"acf":{"customization_content":"","customization_content_source":{"label":"Customization Content","type":"wysiwyg","formatted_value":""},"why_choose_us_content":"<h2 style=\"text-align: center;\">Why Choose Us as Your Ceramic Decals Supplier<\/h2>\r\n\r\n<hr \/>\r\n<p style=\"text-align: center;\">We have advanced fully automatic decals printing machines that can mass-produce high-quality decals for daily ceramics, bathroom ceramics, glass tableware, etc., suitable for different processes, and provide customized services<\/p>","why_choose_us_content_source":{"label":"Why Choose Us Content","type":"wysiwyg","formatted_value":"<h2 style=\"text-align: center;\">Why Choose Us as Your Ceramic Decals Supplier<\/h2>\n<hr \/>\n<p style=\"text-align: center;\">We have advanced fully automatic decals printing machines that can mass-produce high-quality decals for daily ceramics, bathroom ceramics, glass tableware, etc., suitable for different processes, and provide customized services<\/p>\n"}},"_links":{"self":[{"href":"https:\/\/yutaimachinery.com\/de\/wp-json\/wp\/v2\/product\/5795","targetHints":{"allow":["GET"]}}],"collection":[{"href":"https:\/\/yutaimachinery.com\/de\/wp-json\/wp\/v2\/product"}],"about":[{"href":"https:\/\/yutaimachinery.com\/de\/wp-json\/wp\/v2\/types\/product"}],"version-history":[{"count":0,"href":"https:\/\/yutaimachinery.com\/de\/wp-json\/wp\/v2\/product\/5795\/revisions"}],"wp:featuredmedia":[{"embeddable":true,"href":"https:\/\/yutaimachinery.com\/de\/wp-json\/wp\/v2\/media\/5796"}],"wp:attachment":[{"href":"https:\/\/yutaimachinery.com\/de\/wp-json\/wp\/v2\/media?parent=5795"}],"wp:term":[{"taxonomy":"product_brand","embeddable":true,"href":"https:\/\/yutaimachinery.com\/de\/wp-json\/wp\/v2\/product_brand?post=5795"},{"taxonomy":"product_cat","embeddable":true,"href":"https:\/\/yutaimachinery.com\/de\/wp-json\/wp\/v2\/product_cat?post=5795"},{"taxonomy":"product_tag","embeddable":true,"href":"https:\/\/yutaimachinery.com\/de\/wp-json\/wp\/v2\/product_tag?post=5795"}],"curies":[{"name":"wp","href":"https:\/\/api.w.org\/{rel}","templated":true}]}}