{"id":5786,"date":"2025-10-18T14:40:19","date_gmt":"2025-10-18T06:40:19","guid":{"rendered":"https:\/\/yutaimachinery.com\/?post_type=product&#038;p=5786"},"modified":"2025-10-20T18:21:49","modified_gmt":"2025-10-20T10:21:49","slug":"custom-ceramic-decal-paper","status":"publish","type":"product","link":"https:\/\/yutaimachinery.com\/de\/product\/custom-ceramic-decal-paper\/","title":{"rendered":"Benutzerdefinierte keramische Abziehbild Papier Lieferant bunte Blumen Abziehbilder f\u00fcr t\u00e4gliche Keramik"},"content":{"rendered":"<div class=\"wp-block-columns is-layout-flex wp-container-core-columns-is-layout-9d6595d7 wp-block-columns-is-layout-flex\">\n<div class=\"wp-block-column is-layout-flow wp-block-column-is-layout-flow\">\n<h2 class=\"wp-block-heading\">Keramisches Abziehbildpapier Merkmale:<\/h2>\n\n\n\n<p><strong>Reiche florale Muster:<\/strong> Diese Designs, die haupts\u00e4chlich Rosen, Pfingstrosen und G\u00e4nsebl\u00fcmchen zeigen, zeichnen sich durch klare Bl\u00fctenblattstrukturen und nat\u00fcrliche Farb\u00fcberg\u00e4nge aus. Einige Muster enthalten gr\u00fcne Bl\u00e4tter, Fr\u00fcchte und dekorative Linien und schaffen so eine lebendige, romantische und nat\u00fcrliche Atmosph\u00e4re, die den dekorativen Reiz von Keramikprodukten erh\u00f6ht.<\/p>\n\n\n\n<p><strong>Brillante Farben:<\/strong> Von <strong>zartes Rosa und Violett<\/strong> zu <strong>leuchtende Rott\u00f6ne und Gelbt\u00f6ne<\/strong>, bietet diese Serie eine <strong>reiches Farbspektrum<\/strong> anpassungsf\u00e4hig an verschiedene keramische Stile und Fassungen.<\/p>\n\n\n\n<p><strong>Flexible Anpassungsf\u00e4higkeit:<\/strong> Diese Abziehbilder sind in verschiedenen Gr\u00f6\u00dfen und Layouts erh\u00e4ltlich, von einzelnen Bl\u00fcten bis hin zu Blumenb\u00fcscheln, und eignen sich f\u00fcr Keramikvasen, -teller und -dekorationen in verschiedenen Formen.<\/p>\n\n\n\n<p><strong>Hochpr\u00e4ziser Druck:<\/strong> Jedes Abziehbild bewahrt die feinen Details der Bl\u00fctenbl\u00e4tter und die zarten dekorativen Linien. Da sie in einem Niedrigtemperaturverfahren hergestellt werden, sind sie mit Standard-Keramik- und Handwerksabziehbildern kompatibel und gew\u00e4hrleisten dauerhafte, verblassungsbest\u00e4ndige Farben.<\/p>\n\n\n\n<p><strong>Stabile Kontrolle der Massenproduktion:<\/strong> Diese Serie unterst\u00fctzt das Stanzen von Stapeln und das Drucken von Schrifts\u00e4tzen und garantiert gleichm\u00e4\u00dfige Abst\u00e4nde, saubere Kanten und eine einwandfreie Ausrichtung. Sie ist ideal f\u00fcr Gro\u00dfeink\u00e4ufe und tr\u00e4gt dazu bei, die Produktionskosten pro St\u00fcck zu senken und gleichzeitig eine gleichbleibende Qualit\u00e4t zu gew\u00e4hrleisten.<\/p>\n<\/div>\n\n\n\n<div class=\"wp-block-column is-layout-flow wp-block-column-is-layout-flow\">\n<figure class=\"wp-block-image size-full\"><img fetchpriority=\"high\" decoding=\"async\" width=\"800\" height=\"800\" src=\"https:\/\/yutaimachinery.com\/wp-content\/uploads\/2025\/10\/Custom-Ceramic-Paper-Colorful-Floral-Decals-3.webp\" alt=\"Individuelle Keramik Papier bunte Blumen Abziehbilder (3)\" class=\"wp-image-5789\" title=\"\" srcset=\"https:\/\/yutaimachinery.com\/wp-content\/uploads\/2025\/10\/Custom-Ceramic-Paper-Colorful-Floral-Decals-3.webp 800w, https:\/\/yutaimachinery.com\/wp-content\/uploads\/2025\/10\/Custom-Ceramic-Paper-Colorful-Floral-Decals-3-300x300.webp 300w, https:\/\/yutaimachinery.com\/wp-content\/uploads\/2025\/10\/Custom-Ceramic-Paper-Colorful-Floral-Decals-3-150x150.webp 150w, https:\/\/yutaimachinery.com\/wp-content\/uploads\/2025\/10\/Custom-Ceramic-Paper-Colorful-Floral-Decals-3-768x768.webp 768w, https:\/\/yutaimachinery.com\/wp-content\/uploads\/2025\/10\/Custom-Ceramic-Paper-Colorful-Floral-Decals-3-12x12.webp 12w, https:\/\/yutaimachinery.com\/wp-content\/uploads\/2025\/10\/Custom-Ceramic-Paper-Colorful-Floral-Decals-3-285x285.webp 285w, https:\/\/yutaimachinery.com\/wp-content\/uploads\/2025\/10\/Custom-Ceramic-Paper-Colorful-Floral-Decals-3-270x270.webp 270w, https:\/\/yutaimachinery.com\/wp-content\/uploads\/2025\/10\/Custom-Ceramic-Paper-Colorful-Floral-Decals-3-540x540.webp 540w, https:\/\/yutaimachinery.com\/wp-content\/uploads\/2025\/10\/Custom-Ceramic-Paper-Colorful-Floral-Decals-3-660x660.webp 660w\" sizes=\"(max-width: 800px) 100vw, 800px\" \/><\/figure>\n<\/div>\n<\/div>","protected":false},"excerpt":{"rendered":"<p data-start=\"46\" data-end=\"401\">Das individuelle Keramik-Abziehbildpapier von Yutai ist perfekt f\u00fcr die Dekoration von Keramik und Glas. Mit lebendigen Blumenmustern und haltbaren, verblassungsresistenten Farben ist es ideal f\u00fcr Vasen, Teller und Kunsthandwerk, mit kundenspezifischem Design und Massenproduktion erh\u00e4ltlich. Kontaktieren Sie uns f\u00fcr Muster und Kostenvoranschl\u00e4ge!<\/p>\n<h2>Die L\u00f6sung f\u00fcr keramische Abziehbilder bei niedrigen Temperaturen aus einer Hand:<\/h2>\n<ul>\n<li data-start=\"641\" data-end=\"1313\"><strong data-start=\"688\" data-end=\"707\">Benutzerdefinierte Optionen:<\/strong> Wir unterst\u00fctzen kundenspezifische Designs, Muster, Gr\u00f6\u00dfen und Tieftemperaturanwendungen f\u00fcr Keramik- und Glasprodukte.<\/li>\n<li data-start=\"641\" data-end=\"1313\"><strong data-start=\"821\" data-end=\"854\">Design- und Anwendungsunterst\u00fctzung:<\/strong> Wir bieten fachkundige Beratung bei der Auswahl von Abziehbildern, dem \u00dcbertragungsprozess und den optimalen Brennbedingungen f\u00fcr Ihre Produktionslinie.<\/li>\n<li data-start=\"641\" data-end=\"1313\"><strong data-start=\"978\" data-end=\"1012\">Qualit\u00e4t und technische Sicherheit:<\/strong> Sie gew\u00e4hrleisten eine stabile Haftung, lebendige Farben und eine ausgezeichnete Haltbarkeit bei niedrigen Brenntemperaturen.<\/li>\n<li data-start=\"641\" data-end=\"1313\"><strong data-start=\"1108\" data-end=\"1130\">Engagierter Dienst:<\/strong> Als professioneller Hersteller von Keramikmaschinen und Abziehbildern unterst\u00fctzt Yutai Ihre Keramik- und Glasdekorationsproduktion mit zuverl\u00e4ssigen, anpassbaren und effizienten Abziehl\u00f6sungen.<\/li>\n<\/ul>","protected":false},"featured_media":5788,"template":"","meta":{"_acf_changed":false},"product_brand":[],"product_cat":[59,108],"product_tag":[],"class_list":{"0":"post-5786","1":"product","2":"type-product","3":"status-publish","4":"has-post-thumbnail","6":"product_cat-ceramic-printing-machine","7":"product_cat-custom-ceramic-decals-manufacturer","9":"first","10":"instock","11":"shipping-taxable","12":"product-type-simple"},"acf":{"customization_content":"","customization_content_source":{"label":"Customization Content","type":"wysiwyg","formatted_value":""},"why_choose_us_content":"<h2 style=\"text-align: center;\">Why Choose Us as Your Ceramic Decals Supplier<\/h2>\r\n\r\n<hr \/>\r\n<p style=\"text-align: center;\">We have advanced fully automatic decals printing machines that can mass-produce high-quality decals for daily ceramics, bathroom ceramics, glass tableware, etc., suitable for different processes, and provide customized services<\/p>","why_choose_us_content_source":{"label":"Why Choose Us Content","type":"wysiwyg","formatted_value":"<h2 style=\"text-align: center;\">Why Choose Us as Your Ceramic Decals Supplier<\/h2>\n<hr \/>\n<p style=\"text-align: center;\">We have advanced fully automatic decals printing machines that can mass-produce high-quality decals for daily ceramics, bathroom ceramics, glass tableware, etc., suitable for different processes, and provide customized services<\/p>\n"}},"_links":{"self":[{"href":"https:\/\/yutaimachinery.com\/de\/wp-json\/wp\/v2\/product\/5786","targetHints":{"allow":["GET"]}}],"collection":[{"href":"https:\/\/yutaimachinery.com\/de\/wp-json\/wp\/v2\/product"}],"about":[{"href":"https:\/\/yutaimachinery.com\/de\/wp-json\/wp\/v2\/types\/product"}],"version-history":[{"count":0,"href":"https:\/\/yutaimachinery.com\/de\/wp-json\/wp\/v2\/product\/5786\/revisions"}],"wp:featuredmedia":[{"embeddable":true,"href":"https:\/\/yutaimachinery.com\/de\/wp-json\/wp\/v2\/media\/5788"}],"wp:attachment":[{"href":"https:\/\/yutaimachinery.com\/de\/wp-json\/wp\/v2\/media?parent=5786"}],"wp:term":[{"taxonomy":"product_brand","embeddable":true,"href":"https:\/\/yutaimachinery.com\/de\/wp-json\/wp\/v2\/product_brand?post=5786"},{"taxonomy":"product_cat","embeddable":true,"href":"https:\/\/yutaimachinery.com\/de\/wp-json\/wp\/v2\/product_cat?post=5786"},{"taxonomy":"product_tag","embeddable":true,"href":"https:\/\/yutaimachinery.com\/de\/wp-json\/wp\/v2\/product_tag?post=5786"}],"curies":[{"name":"wp","href":"https:\/\/api.w.org\/{rel}","templated":true}]}}