{"id":5776,"date":"2025-10-18T11:45:27","date_gmt":"2025-10-18T03:45:27","guid":{"rendered":"https:\/\/yutaimachinery.com\/?post_type=product&#038;p=5776"},"modified":"2025-10-20T18:21:49","modified_gmt":"2025-10-20T10:21:49","slug":"custom-transfer-decals-for-ceramics","status":"publish","type":"product","link":"https:\/\/yutaimachinery.com\/de\/product\/custom-transfer-decals-for-ceramics\/","title":{"rendered":"Benutzerdefinierte \u00dcbertragung Abziehbilder f\u00fcr Keramik Dekoration, Vogel nat\u00fcrlichen Szene chinesischen Stil Decal Lieferant"},"content":{"rendered":"<div class=\"wp-block-columns is-layout-flex wp-container-core-columns-is-layout-9d6595d7 wp-block-columns-is-layout-flex\">\n<div class=\"wp-block-column is-layout-flow wp-block-column-is-layout-flow\">\n<h2 class=\"wp-block-heading\">Eigenschaften von Transferabziehbildern f\u00fcr Keramik:<\/h2>\n\n\n\n<p><strong>Exquisite feine Pinself\u00fchrung V\u00f6gel und Blumen<\/strong>: Das Blumenpapier wird mit feinen Pinselstrichen bemalt, mit zarten Federn, nat\u00fcrlichen Bl\u00fctenblattverl\u00e4ufen und klaren Adern in Zweigen und Bl\u00e4ttern. Das mit Schmetterlingen verzierte Papier schafft eine handgemalte, k\u00fcnstlerische Qualit\u00e4t, die die Qualit\u00e4t des Keramikprodukts aufwertet.<\/p>\n\n\n\n<p><strong>Verhei\u00dfungsvolle Symbolik, geeignet f\u00fcr mehrere Szenarien<\/strong>: Die Kernelemente sind V\u00f6gel, die f\u00fcr Vitalit\u00e4t stehen, Blumen, die f\u00fcr Sch\u00f6nheit stehen, und Pfauen, die f\u00fcr Eleganz stehen. Diese Elemente verk\u00f6rpern \u00f6stliche \u00c4sthetik und entsprechen direkt der Nachfrage des internationalen Marktes nach \"hochwertigen Geschenken im chinesischen Stil\". Diese Artikel eignen sich f\u00fcr Heimdekoration, Festtagsgeschenke und Hotelornamente und sind f\u00fcr eine Vielzahl von Anl\u00e4ssen geeignet.<\/p>\n\n\n\n<p><strong>Flexible Kompatibilit\u00e4t<\/strong>: Das f\u00fcr Vasen, Teller und Gl\u00e4ser geeignete Musterlayout unterst\u00fctzt vertikale, radiale und symmetrische Kombinationen und erf\u00fcllt die Anforderungen der Keramikhersteller nach \"einem Bild f\u00fcr mehrere Verwendungszwecke\" und reduziert die Kosten f\u00fcr die Produktauswahl.<\/p>\n\n\n\n<p><strong>Niedrig-Temperatur-Brennen<\/strong>: Ir erzielt ges\u00e4ttigte, verblassungsbest\u00e4ndige Farben, passt sich an bestehende Produktionslinien an, spart Energie und senkt die Kosten, w\u00e4hrend es eine glatte Glasur und dauerhafte Muster gew\u00e4hrleistet. Es erf\u00fcllt die internationalen Sicherheitsstandards f\u00fcr den Export.<\/p>\n<\/div>\n\n\n\n<div class=\"wp-block-column is-layout-flow wp-block-column-is-layout-flow\">\n<figure class=\"wp-block-image size-full\"><img fetchpriority=\"high\" decoding=\"async\" width=\"750\" height=\"750\" src=\"https:\/\/yutaimachinery.com\/wp-content\/uploads\/2025\/10\/custom-transfer-decals-for-ceramics-3.webp\" alt=\"individuelle Abziehbilder f\u00fcr Keramik (3)\" class=\"wp-image-5779\" title=\"\" srcset=\"https:\/\/yutaimachinery.com\/wp-content\/uploads\/2025\/10\/custom-transfer-decals-for-ceramics-3.webp 750w, https:\/\/yutaimachinery.com\/wp-content\/uploads\/2025\/10\/custom-transfer-decals-for-ceramics-3-300x300.webp 300w, https:\/\/yutaimachinery.com\/wp-content\/uploads\/2025\/10\/custom-transfer-decals-for-ceramics-3-150x150.webp 150w, https:\/\/yutaimachinery.com\/wp-content\/uploads\/2025\/10\/custom-transfer-decals-for-ceramics-3-12x12.webp 12w, https:\/\/yutaimachinery.com\/wp-content\/uploads\/2025\/10\/custom-transfer-decals-for-ceramics-3-285x285.webp 285w, https:\/\/yutaimachinery.com\/wp-content\/uploads\/2025\/10\/custom-transfer-decals-for-ceramics-3-270x270.webp 270w, https:\/\/yutaimachinery.com\/wp-content\/uploads\/2025\/10\/custom-transfer-decals-for-ceramics-3-540x540.webp 540w, https:\/\/yutaimachinery.com\/wp-content\/uploads\/2025\/10\/custom-transfer-decals-for-ceramics-3-660x660.webp 660w\" sizes=\"(max-width: 750px) 100vw, 750px\" \/><\/figure>\n<\/div>\n<\/div>","protected":false},"excerpt":{"rendered":"<p>Yutai benutzerdefinierte \u00dcbertragung Abziehbilder f\u00fcr Keramik, feine Pinselstrich Blumen und Vogel-Muster, geeignet f\u00fcr Vasen, Teller und andere Formen, niedriger Temperatur brennen, um Kosten zu sparen, kulturelle Erm\u00e4chtigung, um Pr\u00e4mien zu erh\u00f6hen, unterst\u00fctzen schnelle Proofing, klicken Sie auf zu erkundigen und einen Hit zu schaffen!<\/p>\n<h2>Die L\u00f6sung f\u00fcr keramische Abziehbilder bei niedrigen Temperaturen aus einer Hand:<\/h2>\n<ul>\n<li data-start=\"641\" data-end=\"1313\"><strong data-start=\"688\" data-end=\"707\">Benutzerdefinierte Optionen:<\/strong> Wir unterst\u00fctzen kundenspezifische Designs, Muster, Gr\u00f6\u00dfen und Tieftemperaturanwendungen f\u00fcr Keramik- und Glasprodukte.<\/li>\n<li data-start=\"641\" data-end=\"1313\"><strong data-start=\"821\" data-end=\"854\">Design- und Anwendungsunterst\u00fctzung:<\/strong> Wir bieten fachkundige Beratung bei der Auswahl von Abziehbildern, dem \u00dcbertragungsprozess und den optimalen Brennbedingungen f\u00fcr Ihre Produktionslinie.<\/li>\n<li data-start=\"641\" data-end=\"1313\"><strong data-start=\"978\" data-end=\"1012\">Qualit\u00e4t und technische Sicherheit:<\/strong> Sie gew\u00e4hrleisten eine stabile Haftung, lebendige Farben und eine ausgezeichnete Haltbarkeit bei niedrigen Brenntemperaturen.<\/li>\n<li data-start=\"641\" data-end=\"1313\"><strong data-start=\"1108\" data-end=\"1130\">Engagierter Dienst:<\/strong> Als professioneller Hersteller von Keramikmaschinen und Abziehbildern unterst\u00fctzt Yutai Ihre Keramik- und Glasdekorationsproduktion mit zuverl\u00e4ssigen, anpassbaren und effizienten Abziehl\u00f6sungen.<\/li>\n<\/ul>","protected":false},"featured_media":5777,"template":"","meta":{"_acf_changed":false},"product_brand":[],"product_cat":[59,108],"product_tag":[],"class_list":{"0":"post-5776","1":"product","2":"type-product","3":"status-publish","4":"has-post-thumbnail","6":"product_cat-ceramic-printing-machine","7":"product_cat-custom-ceramic-decals-manufacturer","9":"first","10":"instock","11":"shipping-taxable","12":"product-type-simple"},"acf":{"customization_content":"","customization_content_source":{"label":"Customization Content","type":"wysiwyg","formatted_value":""},"why_choose_us_content":"<h2 style=\"text-align: center;\">Why Choose Us as Your Ceramic Decals Supplier<\/h2>\r\n\r\n<hr \/>\r\n<p style=\"text-align: center;\">We have advanced fully automatic decals printing machines that can mass-produce high-quality decals for daily ceramics, bathroom ceramics, glass tableware, etc., suitable for different processes, and provide customized services<\/p>","why_choose_us_content_source":{"label":"Why Choose Us Content","type":"wysiwyg","formatted_value":"<h2 style=\"text-align: center;\">Why Choose Us as Your Ceramic Decals Supplier<\/h2>\n<hr \/>\n<p style=\"text-align: center;\">We have advanced fully automatic decals printing machines that can mass-produce high-quality decals for daily ceramics, bathroom ceramics, glass tableware, etc., suitable for different processes, and provide customized services<\/p>\n"}},"_links":{"self":[{"href":"https:\/\/yutaimachinery.com\/de\/wp-json\/wp\/v2\/product\/5776","targetHints":{"allow":["GET"]}}],"collection":[{"href":"https:\/\/yutaimachinery.com\/de\/wp-json\/wp\/v2\/product"}],"about":[{"href":"https:\/\/yutaimachinery.com\/de\/wp-json\/wp\/v2\/types\/product"}],"version-history":[{"count":0,"href":"https:\/\/yutaimachinery.com\/de\/wp-json\/wp\/v2\/product\/5776\/revisions"}],"wp:featuredmedia":[{"embeddable":true,"href":"https:\/\/yutaimachinery.com\/de\/wp-json\/wp\/v2\/media\/5777"}],"wp:attachment":[{"href":"https:\/\/yutaimachinery.com\/de\/wp-json\/wp\/v2\/media?parent=5776"}],"wp:term":[{"taxonomy":"product_brand","embeddable":true,"href":"https:\/\/yutaimachinery.com\/de\/wp-json\/wp\/v2\/product_brand?post=5776"},{"taxonomy":"product_cat","embeddable":true,"href":"https:\/\/yutaimachinery.com\/de\/wp-json\/wp\/v2\/product_cat?post=5776"},{"taxonomy":"product_tag","embeddable":true,"href":"https:\/\/yutaimachinery.com\/de\/wp-json\/wp\/v2\/product_tag?post=5776"}],"curies":[{"name":"wp","href":"https:\/\/api.w.org\/{rel}","templated":true}]}}