{"id":5767,"date":"2025-10-18T10:35:13","date_gmt":"2025-10-18T02:35:13","guid":{"rendered":"https:\/\/yutaimachinery.com\/?post_type=product&#038;p=5767"},"modified":"2025-10-20T18:21:49","modified_gmt":"2025-10-20T10:21:49","slug":"wholesale-ceramic-decal-transfers-pink-lotus","status":"publish","type":"product","link":"https:\/\/yutaimachinery.com\/de\/product\/wholesale-ceramic-decal-transfers-pink-lotus\/","title":{"rendered":"Gro\u00dfhandel Keramik Abziehbild \u00fcbertr\u00e4gt rosa Lotus Gold Linie Schlaganfall f\u00fcr Keramik-Vasen-Platten"},"content":{"rendered":"<div class=\"wp-block-columns is-layout-flex wp-container-core-columns-is-layout-9d6595d7 wp-block-columns-is-layout-flex\">\n<div class=\"wp-block-column is-layout-flow wp-block-column-is-layout-flow\">\n<h2 class=\"wp-block-heading\">Keramische Abziehbilder Rosa Lotus Eigenschaften:<\/h2>\n\n\n\n<p><strong>Klassische chinesische \u00c4sthetik<\/strong>: Das Design zeigt in akribischer Pinself\u00fchrung bl\u00fchende Lotusblumen, Lotusschoten, Libellen und Lotusbl\u00e4tter. Die Bl\u00fctenbl\u00e4tter gehen in ein zartes Rosa \u00fcber, w\u00e4hrend die Bl\u00e4tter leuchtend smaragdgr\u00fcn sind. Goldfarbene Konturen akzentuieren das Design, w\u00e4hrend das herzf\u00f6rmige Muster die Au\u00dfenseite mit einem goldenen Rahmen einrahmt. Dieses Design erinnert an den eleganten Charme der traditionellen Blumen- und Vogelmalerei. Es eignet sich f\u00fcr hochwertige Keramik wie Teeservice, Vasen und Tafelgeschirr und wertet deren kulturellen Wert auf.<\/p>\n\n\n\n<p><strong>Pr\u00e4zise Anpassungsf\u00e4higkeit der Gr\u00f6\u00dfe<\/strong>: Erh\u00e4ltlich in Standardgr\u00f6\u00dfen wie 17,5 cm (f\u00fcr kleine B\u00f6den\/Tassen) und 19,2 cm (f\u00fcr gro\u00dfe Vasen\/lange B\u00f6den), umfasst es sowohl einzelne gro\u00dfe Lotosblumenarrangements als auch mehrere Reihen kleinerer Lotosblumen. Er unterst\u00fctzt teil- oder vollfl\u00e4chige Abziehbilder f\u00fcr verschiedene Gef\u00e4\u00dfformen und bietet flexible Kompatibilit\u00e4t.<\/p>\n\n\n\n<p><strong>Energiesparendes Verfahren<\/strong>: Das Brennen bei niedriger Temperatur senkt den Energieverbrauch im Vergleich zu herk\u00f6mmlichen Hochtemperatur-Abziehbildern, reduziert die Produktionskosten und gew\u00e4hrleistet gleichzeitig Farbechtheit und eine glatte Glasur, die langfristig gegen Verblassen und Abbl\u00e4ttern best\u00e4ndig ist.<\/p>\n\n\n\n<p><strong>Hochpr\u00e4ziser Druck<\/strong>: Die Textur der Bl\u00fctenbl\u00e4tter und Lotosbl\u00e4tter ist deutlich sichtbar, und die goldene Kontur und der herzf\u00f6rmige Rand sind zart und exquisit. Die Druckaufl\u00f6sung entspricht den h\u00f6chsten Industriestandards, so dass die Keramikprodukte nach dem Aufbringen der Abziehbilder eine \"handgemalte\" Textur haben werden.<\/p>\n\n\n\n<p><strong>Garantie f\u00fcr die Einhaltung der Umweltvorschriften<\/strong>: Keine Auslaugung von Blei oder Kadmium, in \u00dcbereinstimmung mit den internationalen Sicherheitsstandards f\u00fcr Keramik, was Gro\u00dfh\u00e4ndlern und K\u00e4ufern hilft, Exportrisiken zu vermeiden und M\u00e4rkte zu erweitern.<\/p>\n<\/div>\n\n\n\n<div class=\"wp-block-column is-layout-flow wp-block-column-is-layout-flow\">\n<figure class=\"wp-block-image size-full\"><img fetchpriority=\"high\" decoding=\"async\" width=\"1006\" height=\"1006\" src=\"https:\/\/yutaimachinery.com\/wp-content\/uploads\/2025\/10\/Ceramic-Decal-Transfers-Lotus-Wholesale-1.webp\" alt=\"Keramische Abziehbilder Lotus Gro\u00dfhandel (1)\" class=\"wp-image-5768\" title=\"\" srcset=\"https:\/\/yutaimachinery.com\/wp-content\/uploads\/2025\/10\/Ceramic-Decal-Transfers-Lotus-Wholesale-1.webp 1006w, https:\/\/yutaimachinery.com\/wp-content\/uploads\/2025\/10\/Ceramic-Decal-Transfers-Lotus-Wholesale-1-300x300.webp 300w, https:\/\/yutaimachinery.com\/wp-content\/uploads\/2025\/10\/Ceramic-Decal-Transfers-Lotus-Wholesale-1-150x150.webp 150w, https:\/\/yutaimachinery.com\/wp-content\/uploads\/2025\/10\/Ceramic-Decal-Transfers-Lotus-Wholesale-1-768x768.webp 768w, https:\/\/yutaimachinery.com\/wp-content\/uploads\/2025\/10\/Ceramic-Decal-Transfers-Lotus-Wholesale-1-12x12.webp 12w, https:\/\/yutaimachinery.com\/wp-content\/uploads\/2025\/10\/Ceramic-Decal-Transfers-Lotus-Wholesale-1-285x285.webp 285w, https:\/\/yutaimachinery.com\/wp-content\/uploads\/2025\/10\/Ceramic-Decal-Transfers-Lotus-Wholesale-1-270x270.webp 270w, https:\/\/yutaimachinery.com\/wp-content\/uploads\/2025\/10\/Ceramic-Decal-Transfers-Lotus-Wholesale-1-540x540.webp 540w, https:\/\/yutaimachinery.com\/wp-content\/uploads\/2025\/10\/Ceramic-Decal-Transfers-Lotus-Wholesale-1-660x660.webp 660w\" sizes=\"(max-width: 1006px) 100vw, 1006px\" \/><\/figure>\n<\/div>\n<\/div>","protected":false},"excerpt":{"rendered":"<p>Willkommen im Gro\u00dfhandel f\u00fcr keramische Abziehbilder. Das sorgf\u00e4ltig gefertigte Lotosschoten- und Libellenmuster mit seiner chinesischen \u00c4sthetik erh\u00f6ht die Wertigkeit des Produkts und eignet sich perfekt f\u00fcr Teeservice, Geschirr, dekorative Vasen und mehr. Erh\u00e4ltlich in mehreren Gr\u00f6\u00dfen, mit schnellen Proofing, kontaktieren Sie uns f\u00fcr eine individuelle L\u00f6sung!<\/p>\n<h2>Die L\u00f6sung f\u00fcr keramische Abziehbilder bei niedrigen Temperaturen aus einer Hand:<\/h2>\n<ul>\n<li data-start=\"641\" data-end=\"1313\"><strong data-start=\"688\" data-end=\"707\">Benutzerdefinierte Optionen:<\/strong> Wir unterst\u00fctzen kundenspezifische Designs, Muster, Gr\u00f6\u00dfen und Tieftemperaturanwendungen f\u00fcr Keramik- und Glasprodukte.<\/li>\n<li data-start=\"641\" data-end=\"1313\"><strong data-start=\"821\" data-end=\"854\">Design- und Anwendungsunterst\u00fctzung:<\/strong> Wir bieten fachkundige Beratung bei der Auswahl von Abziehbildern, dem \u00dcbertragungsprozess und den optimalen Brennbedingungen f\u00fcr Ihre Produktionslinie.<\/li>\n<li data-start=\"641\" data-end=\"1313\"><strong data-start=\"978\" data-end=\"1012\">Qualit\u00e4t und technische Sicherheit:<\/strong> Sie gew\u00e4hrleisten eine stabile Haftung, lebendige Farben und eine ausgezeichnete Haltbarkeit bei niedrigen Brenntemperaturen.<\/li>\n<li data-start=\"641\" data-end=\"1313\"><strong data-start=\"1108\" data-end=\"1130\">Engagierter Dienst:<\/strong> Als professioneller Hersteller von Keramikmaschinen und Abziehbildern unterst\u00fctzt Yutai Ihre Keramik- und Glasdekorationsproduktion mit zuverl\u00e4ssigen, anpassbaren und effizienten Abziehl\u00f6sungen.<\/li>\n<\/ul>","protected":false},"featured_media":5768,"template":"","meta":{"_acf_changed":false},"product_brand":[],"product_cat":[59,108],"product_tag":[],"class_list":{"0":"post-5767","1":"product","2":"type-product","3":"status-publish","4":"has-post-thumbnail","6":"product_cat-ceramic-printing-machine","7":"product_cat-custom-ceramic-decals-manufacturer","9":"first","10":"instock","11":"shipping-taxable","12":"product-type-simple"},"acf":{"customization_content":"","customization_content_source":{"label":"Customization Content","type":"wysiwyg","formatted_value":""},"why_choose_us_content":"<h2 style=\"text-align: center;\">Why Choose Us as Your Ceramic Decals Supplier<\/h2>\r\n\r\n<hr \/>\r\n<p style=\"text-align: center;\">We have advanced fully automatic decals printing machines that can mass-produce high-quality decals for daily ceramics, bathroom ceramics, glass tableware, etc., suitable for different processes, and provide customized services<\/p>","why_choose_us_content_source":{"label":"Why Choose Us Content","type":"wysiwyg","formatted_value":"<h2 style=\"text-align: center;\">Why Choose Us as Your Ceramic Decals Supplier<\/h2>\n<hr \/>\n<p style=\"text-align: center;\">We have advanced fully automatic decals printing machines that can mass-produce high-quality decals for daily ceramics, bathroom ceramics, glass tableware, etc., suitable for different processes, and provide customized services<\/p>\n"}},"_links":{"self":[{"href":"https:\/\/yutaimachinery.com\/de\/wp-json\/wp\/v2\/product\/5767","targetHints":{"allow":["GET"]}}],"collection":[{"href":"https:\/\/yutaimachinery.com\/de\/wp-json\/wp\/v2\/product"}],"about":[{"href":"https:\/\/yutaimachinery.com\/de\/wp-json\/wp\/v2\/types\/product"}],"version-history":[{"count":0,"href":"https:\/\/yutaimachinery.com\/de\/wp-json\/wp\/v2\/product\/5767\/revisions"}],"wp:featuredmedia":[{"embeddable":true,"href":"https:\/\/yutaimachinery.com\/de\/wp-json\/wp\/v2\/media\/5768"}],"wp:attachment":[{"href":"https:\/\/yutaimachinery.com\/de\/wp-json\/wp\/v2\/media?parent=5767"}],"wp:term":[{"taxonomy":"product_brand","embeddable":true,"href":"https:\/\/yutaimachinery.com\/de\/wp-json\/wp\/v2\/product_brand?post=5767"},{"taxonomy":"product_cat","embeddable":true,"href":"https:\/\/yutaimachinery.com\/de\/wp-json\/wp\/v2\/product_cat?post=5767"},{"taxonomy":"product_tag","embeddable":true,"href":"https:\/\/yutaimachinery.com\/de\/wp-json\/wp\/v2\/product_tag?post=5767"}],"curies":[{"name":"wp","href":"https:\/\/api.w.org\/{rel}","templated":true}]}}