{"id":5757,"date":"2025-10-18T09:57:08","date_gmt":"2025-10-18T01:57:08","guid":{"rendered":"https:\/\/yutaimachinery.com\/?post_type=product&#038;p=5757"},"modified":"2025-10-20T18:21:18","modified_gmt":"2025-10-20T10:21:18","slug":"custom-ceramic-transfer-decals-peacock","status":"publish","type":"product","link":"https:\/\/yutaimachinery.com\/de\/product\/custom-ceramic-transfer-decals-peacock\/","title":{"rendered":"Benutzerdefinierte keramische Transfer-Abziehbilder Pfau Blumenmuster Niedertemperatur-Abziehbild f\u00fcr keramische Glasprodukte"},"content":{"rendered":"<div class=\"wp-block-columns is-layout-flex wp-container-core-columns-is-layout-9d6595d7 wp-block-columns-is-layout-flex\">\n<div class=\"wp-block-column is-layout-flow wp-block-column-is-layout-flow\">\n<h2 class=\"wp-block-heading\">Eigenschaften von Keramik-Transferabziehbildern mit Pfauenmuster:<\/h2>\n\n\n\n<p><strong>Klassische orientalische Sch\u00f6nheit<\/strong>: Die Pfauen- und Blumendesigns, die von der akribischen Blumen- und Vogelmalerei inspiriert sind, verk\u00f6rpern Wohlstand, erinnern an \u00f6stliche Sch\u00f6nheit und eignen sich f\u00fcr Luxuskeramikprodukte.<\/p>\n\n\n\n<p><strong>Hochpr\u00e4zise Musterwiedergabe<\/strong>: Dank der hochaufl\u00f6senden Drucktechnologie werden die feinen Striche und Farbabstufungen der Blumen und Pfauen pr\u00e4zise nachgebildet, so dass jedes Abziehbild transparent und farbenpr\u00e4chtig ist.<\/p>\n\n\n\n<p><strong>Niedertemperatur-H\u00e4rtungstechnologie<\/strong>: Es ist energieeffizient und hochwirksam, spart Energie und h\u00e4lt die Glasur glatt und lichtbest\u00e4ndig.<\/p>\n\n\n\n<p><strong>Stark haftendes Material<\/strong>: Durch eine spezielle Glasurformel entsteht eine feste Verbindung zwischen dem Aufkleber und dem Grundmaterial der Keramik, die Verschlei\u00df- und Kratzfestigkeit gew\u00e4hrleistet und die Exportanforderungen an die Haltbarkeit erf\u00fcllt.<\/p>\n\n\n\n<p><strong>Vielseitig verwendbar<\/strong>: Geeignet f\u00fcr Vasen, Tafelgeschirr, dekoratives Porzellan und vieles mehr, was den Produkten einen Mehrwert verleiht und den Marktbedarf an hochwertigen Geschenken und Heimdekorationen erf\u00fcllt.<\/p>\n\n\n\n<p><strong>Vielseitigkeit bei der Anpassung<\/strong>: Erm\u00f6glicht die Anpassung von Gr\u00f6\u00dfe und Farbe des Musters an die keramische Form des Kunden und bietet schnelle Probedrucke in kleinen Mengen.<\/p>\n<\/div>\n\n\n\n<div class=\"wp-block-column is-layout-flow wp-block-column-is-layout-flow\">\n<figure class=\"wp-block-image size-full\"><img fetchpriority=\"high\" decoding=\"async\" width=\"1080\" height=\"1440\" src=\"https:\/\/yutaimachinery.com\/wp-content\/uploads\/2025\/10\/Custom-Ceramic-Transfer-Decals-Peacock2.webp\" alt=\"Kundenspezifische Keramik-Transferaufkleber Pfau(2)\" class=\"wp-image-5759\" title=\"\" srcset=\"https:\/\/yutaimachinery.com\/wp-content\/uploads\/2025\/10\/Custom-Ceramic-Transfer-Decals-Peacock2.webp 1080w, https:\/\/yutaimachinery.com\/wp-content\/uploads\/2025\/10\/Custom-Ceramic-Transfer-Decals-Peacock2-225x300.webp 225w, https:\/\/yutaimachinery.com\/wp-content\/uploads\/2025\/10\/Custom-Ceramic-Transfer-Decals-Peacock2-768x1024.webp 768w, https:\/\/yutaimachinery.com\/wp-content\/uploads\/2025\/10\/Custom-Ceramic-Transfer-Decals-Peacock2-9x12.webp 9w, https:\/\/yutaimachinery.com\/wp-content\/uploads\/2025\/10\/Custom-Ceramic-Transfer-Decals-Peacock2-285x380.webp 285w, https:\/\/yutaimachinery.com\/wp-content\/uploads\/2025\/10\/Custom-Ceramic-Transfer-Decals-Peacock2-495x660.webp 495w, https:\/\/yutaimachinery.com\/wp-content\/uploads\/2025\/10\/Custom-Ceramic-Transfer-Decals-Peacock2-113x150.webp 113w\" sizes=\"(max-width: 1080px) 100vw, 1080px\" \/><\/figure>\n<\/div>\n<\/div>\n\n\n\n<p><\/p>","protected":false},"excerpt":{"rendered":"<p>Yutai bietet kundenspezifische keramische Abziehbilder, die bei niedriger Temperatur gebrannt werden, lebendige Pfauenmuster, glatte Oberfl\u00e4chen und starke Haftung. Perfekt f\u00fcr Vasen, Teller und Dekorationsartikel. Vollst\u00e4ndige kundenspezifische Anpassung und technische Unterst\u00fctzung verf\u00fcgbar, kontaktieren Sie uns f\u00fcr Muster und Angebote!<\/p>\n<h2>Die L\u00f6sung f\u00fcr keramische Abziehbilder bei niedrigen Temperaturen aus einer Hand:<\/h2>\n<ul>\n<li data-start=\"641\" data-end=\"1313\"><strong data-start=\"688\" data-end=\"707\">Benutzerdefinierte Optionen:<\/strong> Wir unterst\u00fctzen kundenspezifische Designs, Muster, Gr\u00f6\u00dfen und Tieftemperaturanwendungen f\u00fcr Keramik- und Glasprodukte.<\/li>\n<li data-start=\"641\" data-end=\"1313\"><strong data-start=\"821\" data-end=\"854\">Design- und Anwendungsunterst\u00fctzung:<\/strong> Wir bieten fachkundige Beratung bei der Auswahl von Abziehbildern, dem \u00dcbertragungsprozess und den optimalen Brennbedingungen f\u00fcr Ihre Produktionslinie.<\/li>\n<li data-start=\"641\" data-end=\"1313\"><strong data-start=\"978\" data-end=\"1012\">Qualit\u00e4t und technische Sicherheit:<\/strong> Sie gew\u00e4hrleisten eine stabile Haftung, lebendige Farben und eine ausgezeichnete Haltbarkeit bei niedrigen Brenntemperaturen.<\/li>\n<li data-start=\"641\" data-end=\"1313\"><strong data-start=\"1108\" data-end=\"1130\">Engagierter Dienst:<\/strong> Als professioneller Hersteller von Keramikmaschinen und Abziehbildern unterst\u00fctzt Yutai Ihre Keramik- und Glasdekorationsproduktion mit zuverl\u00e4ssigen, anpassbaren und effizienten Abziehl\u00f6sungen.<\/li>\n<\/ul>","protected":false},"featured_media":5760,"template":"","meta":{"_acf_changed":false},"product_brand":[],"product_cat":[59],"product_tag":[],"class_list":{"0":"post-5757","1":"product","2":"type-product","3":"status-publish","4":"has-post-thumbnail","6":"product_cat-ceramic-printing-machine","8":"first","9":"instock","10":"shipping-taxable","11":"product-type-simple"},"acf":{"customization_content":"","customization_content_source":{"label":"Customization Content","type":"wysiwyg","formatted_value":""},"why_choose_us_content":"<h2 style=\"text-align: center;\">Why Choose Us as Your Ceramic Decals Supplier<\/h2>\r\n\r\n<hr \/>\r\n<p style=\"text-align: center;\">We have advanced fully automatic decals printing machines that can mass-produce high-quality decals for daily ceramics, bathroom ceramics, glass tableware, etc., suitable for different processes, and provide customized services<\/p>","why_choose_us_content_source":{"label":"Why Choose Us Content","type":"wysiwyg","formatted_value":"<h2 style=\"text-align: center;\">Why Choose Us as Your Ceramic Decals Supplier<\/h2>\n<hr \/>\n<p style=\"text-align: center;\">We have advanced fully automatic decals printing machines that can mass-produce high-quality decals for daily ceramics, bathroom ceramics, glass tableware, etc., suitable for different processes, and provide customized services<\/p>\n"}},"_links":{"self":[{"href":"https:\/\/yutaimachinery.com\/de\/wp-json\/wp\/v2\/product\/5757","targetHints":{"allow":["GET"]}}],"collection":[{"href":"https:\/\/yutaimachinery.com\/de\/wp-json\/wp\/v2\/product"}],"about":[{"href":"https:\/\/yutaimachinery.com\/de\/wp-json\/wp\/v2\/types\/product"}],"version-history":[{"count":0,"href":"https:\/\/yutaimachinery.com\/de\/wp-json\/wp\/v2\/product\/5757\/revisions"}],"wp:featuredmedia":[{"embeddable":true,"href":"https:\/\/yutaimachinery.com\/de\/wp-json\/wp\/v2\/media\/5760"}],"wp:attachment":[{"href":"https:\/\/yutaimachinery.com\/de\/wp-json\/wp\/v2\/media?parent=5757"}],"wp:term":[{"taxonomy":"product_brand","embeddable":true,"href":"https:\/\/yutaimachinery.com\/de\/wp-json\/wp\/v2\/product_brand?post=5757"},{"taxonomy":"product_cat","embeddable":true,"href":"https:\/\/yutaimachinery.com\/de\/wp-json\/wp\/v2\/product_cat?post=5757"},{"taxonomy":"product_tag","embeddable":true,"href":"https:\/\/yutaimachinery.com\/de\/wp-json\/wp\/v2\/product_tag?post=5757"}],"curies":[{"name":"wp","href":"https:\/\/api.w.org\/{rel}","templated":true}]}}