{"id":5724,"date":"2025-09-30T17:29:09","date_gmt":"2025-09-30T09:29:09","guid":{"rendered":"https:\/\/yutaimachinery.com\/?post_type=product&#038;p=5724"},"modified":"2025-10-20T18:21:49","modified_gmt":"2025-10-20T10:21:49","slug":"ceramic-decals-wholesale","status":"publish","type":"product","link":"https:\/\/yutaimachinery.com\/de\/product\/ceramic-decals-wholesale\/","title":{"rendered":"Keramische Abziehbilder Gro\u00dfhandel Rechteck Gold nat\u00fcrliche Landschaft Muster Abziehbild f\u00fcr Sanit\u00e4r Toilette benutzerdefinierte"},"content":{"rendered":"<div class=\"wp-block-columns is-layout-flex wp-container-core-columns-is-layout-9d6595d7 wp-block-columns-is-layout-flex\">\n<div class=\"wp-block-column is-layout-flow wp-block-column-is-layout-flow\">\n<h2 class=\"wp-block-heading\">Merkmale von Keramik Abziehbilder Gro\u00dfhandel:<\/h2>\n\n\n\n<p><strong>Verschiedene Muster<\/strong>: Mit einer Vielzahl von Naturlandschafts-, Tier-, Blumen-, Pflanzen- und geometrischen Mustern passen diese Abziehbilder zu jedem Badezimmerstil, den Sie haben.<\/p>\n\n\n\n<p><strong>ODM\/OEM-Dienstleistung<\/strong>: Die Kunden k\u00f6nnen ihre eigenen Designs, Fotos und Markenlogos zur Verf\u00fcgung stellen, um nur einige zu nennen. Yutai entwirft dann professionell alle Designs, die auf diesen Materialien basieren, und verleiht den Keramikabziehbildern ihre einzigartige Kreativit\u00e4t.<\/p>\n\n\n\n<p><strong>Anwendbar auf verschiedene Keramikgegenst\u00e4nde<\/strong>: Es kann f\u00fcr Waschbecken, Toilettensch\u00fcsseln und Badezimmerarmaturen verwendet werden. Wir haben Abziehbilder f\u00fcr die verschiedenen Formen dieser Produkte, einschlie\u00dflich runder, quadratischer und einiger spezieller Formen, die passen.<\/p>\n\n\n\n<p><strong>Verschlei\u00dffestigkeit und Langlebigkeit<\/strong>: Speziell behandelt f\u00fcr Verschlei\u00dffestigkeit, sind diese Aufkleber stark gegen Abnutzung durch die t\u00e4gliche Reibung und Sto\u00dffestigkeit, um sicherzustellen, dass sie in gro\u00dfem Zustand bleiben.<\/p>\n\n\n\n<p><strong>Fortschrittliche Drucktechnologie:<\/strong> Das fortschrittliche Druckverfahren erm\u00f6glicht eine pr\u00e4zise Reproduktion von Mustern und Farben auf den Aufklebern.<\/p>\n\n\n\n<p><strong>Brennen bei hoher Temperatur<\/strong>: Die Abziehbilder werden auf das Keramikbett geklebt und verziehen sich nicht, bekommen keine Risse und bl\u00e4ttern nicht ab, so dass eine stabile dekorative Wirkung gew\u00e4hrleistet ist.<\/p>\n<\/div>\n\n\n\n<div class=\"wp-block-column is-layout-flow wp-block-column-is-layout-flow\">\n<figure class=\"wp-block-image size-full\"><img fetchpriority=\"high\" decoding=\"async\" width=\"510\" height=\"511\" src=\"https:\/\/yutaimachinery.com\/wp-content\/uploads\/2025\/09\/ceramic-decals-wholesale-3.webp\" alt=\"Keramik-Abziehbilder Gro\u00dfhandel (3)\" class=\"wp-image-5727\" title=\"\" srcset=\"https:\/\/yutaimachinery.com\/wp-content\/uploads\/2025\/09\/ceramic-decals-wholesale-3.webp 510w, https:\/\/yutaimachinery.com\/wp-content\/uploads\/2025\/09\/ceramic-decals-wholesale-3-300x300.webp 300w, https:\/\/yutaimachinery.com\/wp-content\/uploads\/2025\/09\/ceramic-decals-wholesale-3-150x150.webp 150w, https:\/\/yutaimachinery.com\/wp-content\/uploads\/2025\/09\/ceramic-decals-wholesale-3-12x12.webp 12w, https:\/\/yutaimachinery.com\/wp-content\/uploads\/2025\/09\/ceramic-decals-wholesale-3-285x286.webp 285w, https:\/\/yutaimachinery.com\/wp-content\/uploads\/2025\/09\/ceramic-decals-wholesale-3-270x270.webp 270w\" sizes=\"(max-width: 510px) 100vw, 510px\" \/><\/figure>\n<\/div>\n<\/div>\n\n\n\n<p><\/p>","protected":false},"excerpt":{"rendered":"<p>Keramische Abziehbilder im Gro\u00dfhandel, erh\u00e4ltlich in nat\u00fcrlichen Designs wie B\u00e4ume und Hirsche, geeignet f\u00fcr Waschbecken und Badezimmerkeramik. Mit fortschrittlicher Drucktechnik, ist es wasserdicht und verschlei\u00dffest, und einfach zu bedienen! Yutai Fabrik direkt liefern, unterst\u00fctzen kundenspezifische Zeichnungen, kontaktieren Sie uns f\u00fcr ein Angebot!<\/p>\n<h2>Die L\u00f6sung f\u00fcr keramische Abziehbilder f\u00fcr Sanit\u00e4rkeramik aus einer Hand:<\/h2>\n<ul>\n<li style=\"list-style-type: none;\">\n<ul>\n<li><strong>Benutzerdefinierte Optionen<\/strong>: Unterst\u00fctzt kundenspezifische Aufklebermuster, Gr\u00f6\u00dfen, Farben und Hochtemperaturanwendungen.<\/li>\n<li><strong>Design &amp; Anwendungsunterst\u00fctzung<\/strong>: Wir bieten Ihnen fachkundige Beratung bei der Auswahl und Anbringung von Aufklebern, die auf Ihren Produkttyp und Ihr Produktionsverfahren zugeschnitten sind.<\/li>\n<li><strong>Qualit\u00e4t und technische Unterst\u00fctzung<\/strong>: Gew\u00e4hrleisten Langlebigkeit bei hohen Temperaturen, lebendige Muster und zuverl\u00e4ssige Leistung; Anleitung zum Brennen und zur Verwendung.<\/li>\n<li><strong>Engagierter Dienst:<\/strong> Als f\u00fchrender Hersteller von Keramikmaschinen und Abziehbildern unterst\u00fctzt Yutai Ihre Produktion von Sanit\u00e4rkeramik mit hochwertigen Abziehbildern und ma\u00dfgeschneiderten L\u00f6sungen.<\/li>\n<\/ul>\n<\/li>\n<\/ul>","protected":false},"featured_media":5725,"template":"","meta":{"_acf_changed":false},"product_brand":[],"product_cat":[59,108],"product_tag":[],"class_list":{"0":"post-5724","1":"product","2":"type-product","3":"status-publish","4":"has-post-thumbnail","6":"product_cat-ceramic-printing-machine","7":"product_cat-custom-ceramic-decals-manufacturer","9":"first","10":"instock","11":"shipping-taxable","12":"product-type-simple"},"acf":{"customization_content":"","customization_content_source":{"label":"Customization Content","type":"wysiwyg","formatted_value":""},"why_choose_us_content":"<h2 style=\"text-align: center;\">Why Choose Us as Your Ceramic Decals Supplier<\/h2>\r\n\r\n<hr \/>\r\n<p style=\"text-align: center;\">We have advanced fully automatic decals printing machines that can mass-produce high-quality decals for daily ceramics, bathroom ceramics, glass tableware, etc., suitable for different processes, and provide customized services<\/p>","why_choose_us_content_source":{"label":"Why Choose Us Content","type":"wysiwyg","formatted_value":"<h2 style=\"text-align: center;\">Why Choose Us as Your Ceramic Decals Supplier<\/h2>\n<hr \/>\n<p style=\"text-align: center;\">We have advanced fully automatic decals printing machines that can mass-produce high-quality decals for daily ceramics, bathroom ceramics, glass tableware, etc., suitable for different processes, and provide customized services<\/p>\n"}},"_links":{"self":[{"href":"https:\/\/yutaimachinery.com\/de\/wp-json\/wp\/v2\/product\/5724","targetHints":{"allow":["GET"]}}],"collection":[{"href":"https:\/\/yutaimachinery.com\/de\/wp-json\/wp\/v2\/product"}],"about":[{"href":"https:\/\/yutaimachinery.com\/de\/wp-json\/wp\/v2\/types\/product"}],"version-history":[{"count":0,"href":"https:\/\/yutaimachinery.com\/de\/wp-json\/wp\/v2\/product\/5724\/revisions"}],"wp:featuredmedia":[{"embeddable":true,"href":"https:\/\/yutaimachinery.com\/de\/wp-json\/wp\/v2\/media\/5725"}],"wp:attachment":[{"href":"https:\/\/yutaimachinery.com\/de\/wp-json\/wp\/v2\/media?parent=5724"}],"wp:term":[{"taxonomy":"product_brand","embeddable":true,"href":"https:\/\/yutaimachinery.com\/de\/wp-json\/wp\/v2\/product_brand?post=5724"},{"taxonomy":"product_cat","embeddable":true,"href":"https:\/\/yutaimachinery.com\/de\/wp-json\/wp\/v2\/product_cat?post=5724"},{"taxonomy":"product_tag","embeddable":true,"href":"https:\/\/yutaimachinery.com\/de\/wp-json\/wp\/v2\/product_tag?post=5724"}],"curies":[{"name":"wp","href":"https:\/\/api.w.org\/{rel}","templated":true}]}}