{"id":5713,"date":"2025-09-29T18:09:56","date_gmt":"2025-09-29T10:09:56","guid":{"rendered":"https:\/\/yutaimachinery.com\/?post_type=product&#038;p=5713"},"modified":"2025-10-20T18:21:50","modified_gmt":"2025-10-20T10:21:50","slug":"ceramic-decals-custom","status":"publish","type":"product","link":"https:\/\/yutaimachinery.com\/de\/product\/ceramic-decals-custom\/","title":{"rendered":"Keramische Abziehbilder benutzerdefinierte marmorierte Muster f\u00fcr Arbeitsplatte Waschbecken Bad"},"content":{"rendered":"<div class=\"wp-block-columns is-layout-flex wp-container-core-columns-is-layout-9d6595d7 wp-block-columns-is-layout-flex\">\n<div class=\"wp-block-column is-layout-flow wp-block-column-is-layout-flow\">\n<h2 class=\"wp-block-heading\">Marmor keramische Abziehbilder f\u00fcr Arbeitsplatte Waschbecken Badezimmer Eigenschaften:<\/h2>\n\n\n\n<p><strong>Kompatibilit\u00e4t mit einer Vielzahl von Keramiken<\/strong>: Das keramische Abziehbild wurde speziell f\u00fcr Waschbecken entwickelt und ist mit verschiedenen keramischen Formen kompatibel, wie z.B. rund und eckig, damit es gut zu Ihrer Produktoberfl\u00e4che passt.<\/p>\n\n\n\n<p><strong>Vielfalt an k\u00fcnstlerischen Texturen<\/strong>: Sie bietet eine Reihe von Stilen, darunter Marmor, blaues Craquel\u00e9, goldene Flecken und schwarz-wei\u00dfe Kunst. Diese Kollektion passt sowohl zu einem modernen, minimalistischen Stil als auch zu einem leichten, luxuri\u00f6sen Stil oder zu einem gehobenen Hotelstil.<\/p>\n\n\n\n<p><strong>Hochpr\u00e4ziser Aufkleberdruck<\/strong>: Wir kombinieren hochwertiges Abziehbildpapier, leuchtende Farben und Best\u00e4ndigkeit gegen Abnutzung und hohe Temperaturen. Als \u00d6kosystem produzieren wir einen klaren und dauerhaften Druck, der den Produktwert Ihrer Keramikprodukte erh\u00f6ht.<\/p>\n\n\n\n<p><strong>Anpassungen verf\u00fcgbar<\/strong>: Individuelle Entw\u00fcrfe oder Logos und Firmenlogos k\u00f6nnen angepasst werden, um die visuellen Bed\u00fcrfnisse Ihrer Marke und Ihre Wettbewerbsf\u00e4higkeit auf dem Markt zu erreichen.<\/p>\n\n\n\n<p><strong>Umweltvertr\u00e4glich und sicher<\/strong>: Wir erf\u00fcllen die internationalen Umweltstandards, daher sind unsere Produkte ungiftig und sicher in der Anwendung. Unsere Produkte k\u00f6nnen in Haushaltskeramik, Hotels, hochwertigen B\u00e4dern und mehr verwendet werden.<\/p>\n<\/div>\n\n\n\n<div class=\"wp-block-column is-layout-flow wp-block-column-is-layout-flow\"><div class=\"wp-block-image\">\n<figure class=\"aligncenter size-full\"><img fetchpriority=\"high\" decoding=\"async\" width=\"320\" height=\"320\" src=\"https:\/\/yutaimachinery.com\/wp-content\/uploads\/2025\/09\/ceramic-decals-custom-4.webp\" alt=\"Keramik-Abziehbilder nach Ma\u00df (4)\" class=\"wp-image-5717\" title=\"\" srcset=\"https:\/\/yutaimachinery.com\/wp-content\/uploads\/2025\/09\/ceramic-decals-custom-4.webp 320w, https:\/\/yutaimachinery.com\/wp-content\/uploads\/2025\/09\/ceramic-decals-custom-4-300x300.webp 300w, https:\/\/yutaimachinery.com\/wp-content\/uploads\/2025\/09\/ceramic-decals-custom-4-150x150.webp 150w, https:\/\/yutaimachinery.com\/wp-content\/uploads\/2025\/09\/ceramic-decals-custom-4-12x12.webp 12w, https:\/\/yutaimachinery.com\/wp-content\/uploads\/2025\/09\/ceramic-decals-custom-4-285x285.webp 285w, https:\/\/yutaimachinery.com\/wp-content\/uploads\/2025\/09\/ceramic-decals-custom-4-270x270.webp 270w\" sizes=\"(max-width: 320px) 100vw, 320px\" \/><\/figure>\n<\/div><\/div>\n<\/div>","protected":false},"excerpt":{"rendered":"<p>Hochwertige Yutai-Keramikabziehbilder nach Ma\u00df, geeignet f\u00fcr Waschbecken und Badarmaturen. Erh\u00e4ltlich in einer Vielzahl von Stilen, einschlie\u00dflich Marmor, k\u00fcnstlerische Texturen und Goldakzente, bieten wir kundenspezifische Design-Services, um Ihr Produkt zu erh\u00f6hen! Wir liefern direkt ab Werk, umweltfreundlich und langlebig, kontaktieren Sie uns f\u00fcr ein Angebot!<\/p>\n<h2>Die L\u00f6sung f\u00fcr keramische Abziehbilder f\u00fcr Sanit\u00e4rkeramik aus einer Hand:<\/h2>\n<ul>\n<li style=\"list-style-type: none;\">\n<ul>\n<li><strong>Benutzerdefinierte Optionen<\/strong>: Unterst\u00fctzt kundenspezifische Aufklebermuster, Gr\u00f6\u00dfen, Farben und Hochtemperaturanwendungen.<\/li>\n<li><strong>Design &amp; Anwendungsunterst\u00fctzung<\/strong>: Wir bieten Ihnen fachkundige Beratung bei der Auswahl und Anbringung von Aufklebern, die auf Ihren Produkttyp und Ihr Produktionsverfahren zugeschnitten sind.<\/li>\n<li><strong>Qualit\u00e4t und technische Unterst\u00fctzung<\/strong>: Gew\u00e4hrleisten Langlebigkeit bei hohen Temperaturen, lebendige Muster und zuverl\u00e4ssige Leistung; Anleitung zum Brennen und zur Verwendung.<\/li>\n<li><strong>Engagierter Dienst:<\/strong> Yutai, ein f\u00fchrender Anbieter von Keramikmaschinen und Abziehbildern, unterst\u00fctzt Ihre Produktion von Sanit\u00e4rkeramik mit hochwertigen Abziehbildern und ma\u00dfgeschneiderten L\u00f6sungen.<\/li>\n<\/ul>\n<\/li>\n<\/ul>","protected":false},"featured_media":5714,"template":"","meta":{"_acf_changed":false},"product_brand":[],"product_cat":[59,108],"product_tag":[],"class_list":{"0":"post-5713","1":"product","2":"type-product","3":"status-publish","4":"has-post-thumbnail","6":"product_cat-ceramic-printing-machine","7":"product_cat-custom-ceramic-decals-manufacturer","9":"first","10":"instock","11":"shipping-taxable","12":"product-type-simple"},"acf":{"customization_content":"","customization_content_source":{"label":"Customization Content","type":"wysiwyg","formatted_value":""},"why_choose_us_content":"<h2 style=\"text-align: center;\">Why Choose Us as Your Ceramic Decals Supplier<\/h2>\r\n\r\n<hr \/>\r\n<p style=\"text-align: center;\">We have advanced fully automatic decals printing machines that can mass-produce high-quality decals for daily ceramics, bathroom ceramics, glass tableware, etc., suitable for different processes, and provide customized services.<\/p>","why_choose_us_content_source":{"label":"Why Choose Us Content","type":"wysiwyg","formatted_value":"<h2 style=\"text-align: center;\">Why Choose Us as Your Ceramic Decals Supplier<\/h2>\n<hr \/>\n<p style=\"text-align: center;\">We have advanced fully automatic decals printing machines that can mass-produce high-quality decals for daily ceramics, bathroom ceramics, glass tableware, etc., suitable for different processes, and provide customized services.<\/p>\n"}},"_links":{"self":[{"href":"https:\/\/yutaimachinery.com\/de\/wp-json\/wp\/v2\/product\/5713","targetHints":{"allow":["GET"]}}],"collection":[{"href":"https:\/\/yutaimachinery.com\/de\/wp-json\/wp\/v2\/product"}],"about":[{"href":"https:\/\/yutaimachinery.com\/de\/wp-json\/wp\/v2\/types\/product"}],"version-history":[{"count":0,"href":"https:\/\/yutaimachinery.com\/de\/wp-json\/wp\/v2\/product\/5713\/revisions"}],"wp:featuredmedia":[{"embeddable":true,"href":"https:\/\/yutaimachinery.com\/de\/wp-json\/wp\/v2\/media\/5714"}],"wp:attachment":[{"href":"https:\/\/yutaimachinery.com\/de\/wp-json\/wp\/v2\/media?parent=5713"}],"wp:term":[{"taxonomy":"product_brand","embeddable":true,"href":"https:\/\/yutaimachinery.com\/de\/wp-json\/wp\/v2\/product_brand?post=5713"},{"taxonomy":"product_cat","embeddable":true,"href":"https:\/\/yutaimachinery.com\/de\/wp-json\/wp\/v2\/product_cat?post=5713"},{"taxonomy":"product_tag","embeddable":true,"href":"https:\/\/yutaimachinery.com\/de\/wp-json\/wp\/v2\/product_tag?post=5713"}],"curies":[{"name":"wp","href":"https:\/\/api.w.org\/{rel}","templated":true}]}}