{"id":5697,"date":"2025-09-29T15:13:53","date_gmt":"2025-09-29T07:13:53","guid":{"rendered":"https:\/\/yutaimachinery.com\/?post_type=product&#038;p=5697"},"modified":"2025-10-20T18:21:50","modified_gmt":"2025-10-20T10:21:50","slug":"custom-ceramic-decals","status":"publish","type":"product","link":"https:\/\/yutaimachinery.com\/de\/product\/custom-ceramic-decals\/","title":{"rendered":"Benutzerdefinierte keramische Abziehbilder mit wei\u00dfem geometrischem Muster gr\u00fcn blau rot f\u00fcr Sanit\u00e4rkeramik"},"content":{"rendered":"<div class=\"wp-block-columns is-layout-flex wp-container-core-columns-is-layout-9d6595d7 wp-block-columns-is-layout-flex\">\n<div class=\"wp-block-column is-layout-flow wp-block-column-is-layout-flow\">\n<h2 class=\"wp-block-heading\">Eigenschaften von Keramik-Abziehbildern mit wei\u00dfem, geometrischem Muster:<\/h2>\n\n\n\n<p><strong>Elegante und vielf\u00e4ltige Muster<\/strong>: Geometrische, radiale, bl\u00fctenf\u00f6rmige und symmetrische Muster bieten einen starken visuellen Reiz.<\/p>\n\n\n\n<p><strong>Elegante und harmonische Farben<\/strong>: Wei\u00df mit Rot-, Schwarz-, Blau- und Gr\u00fcnt\u00f6nen ergibt eine starke optische Wirkung und eine tolle Dekoration.<\/p>\n\n\n\n<p><strong>Elegante Details<\/strong>: Das mehrstufige Design, die nach au\u00dfen flie\u00dfende Mitte und die geschwungenen Kanten zeugen von der sorgf\u00e4ltigen Beachtung jedes Details.<\/p>\n\n\n\n<p>H<strong>Hochtemperaturfeuerung<\/strong>: Passt sich ideal an das keramische Produkt an und bietet eine verschlei\u00dffeste, korrosionsbest\u00e4ndige und lichtechte Haltbarkeit, geeignet f\u00fcr Badezimmer mit Feuchtigkeit.<\/p>\n\n\n\n<p><strong>Sicherer Sitz<\/strong>: Verformt sich und sch\u00e4lt sich ab, mit anhaltender Haltbarkeit und langfristiger Nutzung.<\/p>\n\n\n\n<p><strong>Anpassbar<\/strong>: Muster, Farben und Themen lassen sich an die unterschiedlichsten Bed\u00fcrfnisse anpassen.<\/p>\n<\/div>\n\n\n\n<div class=\"wp-block-column is-layout-flow wp-block-column-is-layout-flow\">\n<figure class=\"wp-block-image size-full\"><img fetchpriority=\"high\" decoding=\"async\" width=\"1279\" height=\"1166\" src=\"https:\/\/yutaimachinery.com\/wp-content\/uploads\/2025\/09\/custom-ceramic-decals-1.webp\" alt=\"keramische Abziehbilder (1)\" class=\"wp-image-5698\" title=\"\" srcset=\"https:\/\/yutaimachinery.com\/wp-content\/uploads\/2025\/09\/custom-ceramic-decals-1.webp 1279w, https:\/\/yutaimachinery.com\/wp-content\/uploads\/2025\/09\/custom-ceramic-decals-1-300x273.webp 300w, https:\/\/yutaimachinery.com\/wp-content\/uploads\/2025\/09\/custom-ceramic-decals-1-768x700.webp 768w, https:\/\/yutaimachinery.com\/wp-content\/uploads\/2025\/09\/custom-ceramic-decals-1-13x12.webp 13w, https:\/\/yutaimachinery.com\/wp-content\/uploads\/2025\/09\/custom-ceramic-decals-1-396x360.webp 396w, https:\/\/yutaimachinery.com\/wp-content\/uploads\/2025\/09\/custom-ceramic-decals-1-285x260.webp 285w, https:\/\/yutaimachinery.com\/wp-content\/uploads\/2025\/09\/custom-ceramic-decals-1-660x602.webp 660w, https:\/\/yutaimachinery.com\/wp-content\/uploads\/2025\/09\/custom-ceramic-decals-1-150x137.webp 150w\" sizes=\"(max-width: 1279px) 100vw, 1279px\" \/><\/figure>\n<\/div>\n<\/div>\n\n\n\n<p><\/p>","protected":false},"excerpt":{"rendered":"<p>Individuelle keramische Abziehbilder mit kunstvollen geometrischen Mustern, leuchtenden Farben und Hochtemperaturbrand sorgen f\u00fcr Langlebigkeit und Abnutzungsbest\u00e4ndigkeit. Sie eignen sich perfekt f\u00fcr Waschbecken im Badezimmer und bringen ein k\u00fcnstlerisches Flair in den Raum. Yutai bietet kundenspezifische Dienstleistungen an. Kontaktieren Sie uns f\u00fcr schnelle Muster und Kostenvoranschl\u00e4ge!<\/p>\n<h2>Die L\u00f6sung f\u00fcr keramische Abziehbilder f\u00fcr Sanit\u00e4rkeramik aus einer Hand:<\/h2>\n<ul>\n<li style=\"list-style-type: none;\">\n<ul>\n<li><strong>Benutzerdefinierte Optionen<\/strong>: Unterst\u00fctzt kundenspezifische Aufklebermuster, Gr\u00f6\u00dfen, Farben und Hochtemperaturanwendungen.<\/li>\n<li><strong>Design &amp; Anwendungsunterst\u00fctzung<\/strong>: Wir bieten Ihnen fachkundige Beratung bei der Auswahl und Anbringung von Aufklebern, die auf Ihren Produkttyp und Ihr Produktionsverfahren zugeschnitten sind.<\/li>\n<li><strong>Qualit\u00e4t und technische Unterst\u00fctzung<\/strong>: Gew\u00e4hrleisten Langlebigkeit bei hohen Temperaturen, lebendige Muster und zuverl\u00e4ssige Leistung; Anleitung zum Brennen und zur Verwendung.<\/li>\n<li><strong>Engagierter Dienst:<\/strong> Als f\u00fchrender Hersteller von Keramikmaschinen und Abziehbildern unterst\u00fctzt Yutai Ihre Produktion von Sanit\u00e4rkeramik mit hochwertigen Abziehbildern und ma\u00dfgeschneiderten L\u00f6sungen.<\/li>\n<\/ul>\n<\/li>\n<\/ul>","protected":false},"featured_media":5708,"template":"","meta":{"_acf_changed":false},"product_brand":[],"product_cat":[59,108],"product_tag":[],"class_list":{"0":"post-5697","1":"product","2":"type-product","3":"status-publish","4":"has-post-thumbnail","6":"product_cat-ceramic-printing-machine","7":"product_cat-custom-ceramic-decals-manufacturer","9":"first","10":"instock","11":"shipping-taxable","12":"product-type-simple"},"acf":{"customization_content":"","customization_content_source":{"label":"Customization Content","type":"wysiwyg","formatted_value":""},"why_choose_us_content":"<h2 style=\"text-align: center;\">Why Choose Us as Your Ceramic Decals Supplier<\/h2>\r\n\r\n<hr \/>\r\n<p style=\"text-align: center;\">We have advanced fully automatic decals printing machines that can mass-produce high-quality decals for daily ceramics, bathroom ceramics, glass tableware, etc., suitable for different processes, and provide customized services<\/p>","why_choose_us_content_source":{"label":"Why Choose Us Content","type":"wysiwyg","formatted_value":"<h2 style=\"text-align: center;\">Why Choose Us as Your Ceramic Decals Supplier<\/h2>\n<hr \/>\n<p style=\"text-align: center;\">We have advanced fully automatic decals printing machines that can mass-produce high-quality decals for daily ceramics, bathroom ceramics, glass tableware, etc., suitable for different processes, and provide customized services<\/p>\n"}},"_links":{"self":[{"href":"https:\/\/yutaimachinery.com\/de\/wp-json\/wp\/v2\/product\/5697","targetHints":{"allow":["GET"]}}],"collection":[{"href":"https:\/\/yutaimachinery.com\/de\/wp-json\/wp\/v2\/product"}],"about":[{"href":"https:\/\/yutaimachinery.com\/de\/wp-json\/wp\/v2\/types\/product"}],"version-history":[{"count":0,"href":"https:\/\/yutaimachinery.com\/de\/wp-json\/wp\/v2\/product\/5697\/revisions"}],"wp:featuredmedia":[{"embeddable":true,"href":"https:\/\/yutaimachinery.com\/de\/wp-json\/wp\/v2\/media\/5708"}],"wp:attachment":[{"href":"https:\/\/yutaimachinery.com\/de\/wp-json\/wp\/v2\/media?parent=5697"}],"wp:term":[{"taxonomy":"product_brand","embeddable":true,"href":"https:\/\/yutaimachinery.com\/de\/wp-json\/wp\/v2\/product_brand?post=5697"},{"taxonomy":"product_cat","embeddable":true,"href":"https:\/\/yutaimachinery.com\/de\/wp-json\/wp\/v2\/product_cat?post=5697"},{"taxonomy":"product_tag","embeddable":true,"href":"https:\/\/yutaimachinery.com\/de\/wp-json\/wp\/v2\/product_tag?post=5697"}],"curies":[{"name":"wp","href":"https:\/\/api.w.org\/{rel}","templated":true}]}}