{"id":5391,"date":"2025-09-09T18:32:55","date_gmt":"2025-09-09T10:32:55","guid":{"rendered":"https:\/\/yutaimachinery.com\/?post_type=product&#038;p=5391"},"modified":"2026-01-15T09:29:30","modified_gmt":"2026-01-15T01:29:30","slug":"ceramic-insulator-machine","status":"publish","type":"product","link":"https:\/\/yutaimachinery.com\/de\/product\/ceramic-insulator-machine\/","title":{"rendered":"Keramik-Isolator-Maschine, elektrische Porzellan-Isolator-Produktion Forming Equipment"},"content":{"rendered":"<div class=\"wp-block-columns is-layout-flex wp-container-core-columns-is-layout-9d6595d7 wp-block-columns-is-layout-flex\">\n<div class=\"wp-block-column is-layout-flow wp-block-column-is-layout-flow\">\n<h2 class=\"wp-block-heading\">Keramische Isolatormaschine Merkmale:<\/h2>\n\n\n\n<p><strong>Hochpr\u00e4zise Formgebung:<\/strong> Gew\u00e4hrleistet eine einheitliche Form und Gr\u00f6\u00dfe der keramischen Isolatoren und eine zuverl\u00e4ssige elektrische Leistung.<\/p>\n\n\n\n<p><strong>Automatisiertes Kontrollsystem: <\/strong>Reduziert die manuelle Arbeit, verbessert die Effizienz und gew\u00e4hrleistet eine stabile Produktion.<\/p>\n\n\n\n<p><strong>Langlebige Konstruktion:<\/strong> Er ist aus hochfesten Materialien gefertigt und h\u00e4lt dem Dauerbetrieb und rauen Produktionsumgebungen stand.<\/p>\n\n\n\n<p><strong>Flexibles Design: <\/strong>Geeignet f\u00fcr die Herstellung verschiedener Arten und Gr\u00f6\u00dfen von keramischen Isolatoren, die in Transformatoren und Stromverteilungssystemen verwendet werden.<\/p>\n\n\n\n<p><strong>Einfache Wartung: <\/strong>Das benutzerfreundliche Design erm\u00f6glicht eine schnelle Einstellung, Reinigung und Reparatur.<\/p>\n<\/div>\n\n\n\n<div class=\"wp-block-column is-vertically-aligned-top is-layout-flow wp-block-column-is-layout-flow\">\n<figure class=\"wp-block-embed is-type-video is-provider-youtube wp-block-embed-youtube wp-embed-aspect-16-9 wp-has-aspect-ratio\"><div class=\"wp-block-embed__wrapper\">\n<iframe title=\"Maschine zur Herstellung keramischer Isolatoren #machine\" width=\"940\" height=\"529\" src=\"https:\/\/www.youtube.com\/embed\/d3dZH9CaWgQ?feature=oembed\" frameborder=\"0\" allow=\"accelerometer; autoplay; clipboard-write; encrypted-media; gyroscope; picture-in-picture; web-share\" referrerpolicy=\"strict-origin-when-cross-origin\" allowfullscreen><\/iframe>\n<\/div><\/figure>\n<\/div>\n<\/div>\n\n\n\n<div class=\"wp-block-columns is-layout-flex wp-container-core-columns-is-layout-9d6595d7 wp-block-columns-is-layout-flex\">\n<div class=\"wp-block-column is-layout-flow wp-block-column-is-layout-flow\">\n<figure class=\"wp-block-image size-full\"><img fetchpriority=\"high\" decoding=\"async\" width=\"800\" height=\"800\" src=\"https:\/\/yutaimachinery.com\/wp-content\/uploads\/2025\/09\/ceramic-insulator-machine-2.webp\" alt=\"Keramik-Isolator-Maschine\" class=\"wp-image-5394\" title=\"\" srcset=\"https:\/\/yutaimachinery.com\/wp-content\/uploads\/2025\/09\/ceramic-insulator-machine-2.webp 800w, https:\/\/yutaimachinery.com\/wp-content\/uploads\/2025\/09\/ceramic-insulator-machine-2-300x300.webp 300w, https:\/\/yutaimachinery.com\/wp-content\/uploads\/2025\/09\/ceramic-insulator-machine-2-150x150.webp 150w, https:\/\/yutaimachinery.com\/wp-content\/uploads\/2025\/09\/ceramic-insulator-machine-2-768x768.webp 768w, https:\/\/yutaimachinery.com\/wp-content\/uploads\/2025\/09\/ceramic-insulator-machine-2-12x12.webp 12w, https:\/\/yutaimachinery.com\/wp-content\/uploads\/2025\/09\/ceramic-insulator-machine-2-285x285.webp 285w, https:\/\/yutaimachinery.com\/wp-content\/uploads\/2025\/09\/ceramic-insulator-machine-2-270x270.webp 270w, https:\/\/yutaimachinery.com\/wp-content\/uploads\/2025\/09\/ceramic-insulator-machine-2-540x540.webp 540w, https:\/\/yutaimachinery.com\/wp-content\/uploads\/2025\/09\/ceramic-insulator-machine-2-660x660.webp 660w\" sizes=\"(max-width: 800px) 100vw, 800px\" \/><\/figure>\n<\/div>\n\n\n\n<div class=\"wp-block-column is-layout-flow wp-block-column-is-layout-flow\">\n<figure class=\"wp-block-image size-full\"><img decoding=\"async\" width=\"800\" height=\"800\" src=\"https:\/\/yutaimachinery.com\/wp-content\/uploads\/2025\/09\/electrical-insulator-machine-2.webp\" alt=\"elektrische Isoliermaschine\" class=\"wp-image-5398\" style=\"aspect-ratio:1;object-fit:cover\" title=\"\" srcset=\"https:\/\/yutaimachinery.com\/wp-content\/uploads\/2025\/09\/electrical-insulator-machine-2.webp 800w, https:\/\/yutaimachinery.com\/wp-content\/uploads\/2025\/09\/electrical-insulator-machine-2-300x300.webp 300w, https:\/\/yutaimachinery.com\/wp-content\/uploads\/2025\/09\/electrical-insulator-machine-2-150x150.webp 150w, https:\/\/yutaimachinery.com\/wp-content\/uploads\/2025\/09\/electrical-insulator-machine-2-768x768.webp 768w, https:\/\/yutaimachinery.com\/wp-content\/uploads\/2025\/09\/electrical-insulator-machine-2-12x12.webp 12w, https:\/\/yutaimachinery.com\/wp-content\/uploads\/2025\/09\/electrical-insulator-machine-2-285x285.webp 285w, https:\/\/yutaimachinery.com\/wp-content\/uploads\/2025\/09\/electrical-insulator-machine-2-270x270.webp 270w, https:\/\/yutaimachinery.com\/wp-content\/uploads\/2025\/09\/electrical-insulator-machine-2-540x540.webp 540w, https:\/\/yutaimachinery.com\/wp-content\/uploads\/2025\/09\/electrical-insulator-machine-2-660x660.webp 660w\" sizes=\"(max-width: 800px) 100vw, 800px\" \/><\/figure>\n<\/div>\n<\/div>\n\n\n\n<div class=\"wp-block-columns is-layout-flex wp-container-core-columns-is-layout-9d6595d7 wp-block-columns-is-layout-flex\">\n<div class=\"wp-block-column is-layout-flow wp-block-column-is-layout-flow\">\n<figure class=\"wp-block-image size-full\"><img decoding=\"async\" width=\"511\" height=\"511\" src=\"https:\/\/yutaimachinery.com\/wp-content\/uploads\/2025\/09\/porcelain-insulator-production-machine-1.webp\" alt=\"Maschine zur Herstellung von Porzellanisolatoren\" class=\"wp-image-5401\" style=\"aspect-ratio:1;object-fit:cover\" title=\"\" srcset=\"https:\/\/yutaimachinery.com\/wp-content\/uploads\/2025\/09\/porcelain-insulator-production-machine-1.webp 511w, https:\/\/yutaimachinery.com\/wp-content\/uploads\/2025\/09\/porcelain-insulator-production-machine-1-300x300.webp 300w, https:\/\/yutaimachinery.com\/wp-content\/uploads\/2025\/09\/porcelain-insulator-production-machine-1-150x150.webp 150w, https:\/\/yutaimachinery.com\/wp-content\/uploads\/2025\/09\/porcelain-insulator-production-machine-1-12x12.webp 12w, https:\/\/yutaimachinery.com\/wp-content\/uploads\/2025\/09\/porcelain-insulator-production-machine-1-285x285.webp 285w, https:\/\/yutaimachinery.com\/wp-content\/uploads\/2025\/09\/porcelain-insulator-production-machine-1-270x270.webp 270w\" sizes=\"(max-width: 511px) 100vw, 511px\" \/><\/figure>\n<\/div>\n\n\n\n<div class=\"wp-block-column is-layout-flow wp-block-column-is-layout-flow\">\n<figure class=\"wp-block-image size-full\"><img loading=\"lazy\" decoding=\"async\" width=\"668\" height=\"668\" src=\"https:\/\/yutaimachinery.com\/wp-content\/uploads\/2025\/09\/ceramic-insulator-forming-machine-3.webp\" alt=\"Keramik-Isolatorformmaschine\" class=\"wp-image-5406\" title=\"\" srcset=\"https:\/\/yutaimachinery.com\/wp-content\/uploads\/2025\/09\/ceramic-insulator-forming-machine-3.webp 668w, https:\/\/yutaimachinery.com\/wp-content\/uploads\/2025\/09\/ceramic-insulator-forming-machine-3-300x300.webp 300w, https:\/\/yutaimachinery.com\/wp-content\/uploads\/2025\/09\/ceramic-insulator-forming-machine-3-150x150.webp 150w, https:\/\/yutaimachinery.com\/wp-content\/uploads\/2025\/09\/ceramic-insulator-forming-machine-3-12x12.webp 12w, https:\/\/yutaimachinery.com\/wp-content\/uploads\/2025\/09\/ceramic-insulator-forming-machine-3-285x285.webp 285w, https:\/\/yutaimachinery.com\/wp-content\/uploads\/2025\/09\/ceramic-insulator-forming-machine-3-270x270.webp 270w, https:\/\/yutaimachinery.com\/wp-content\/uploads\/2025\/09\/ceramic-insulator-forming-machine-3-540x540.webp 540w, https:\/\/yutaimachinery.com\/wp-content\/uploads\/2025\/09\/ceramic-insulator-forming-machine-3-660x660.webp 660w\" sizes=\"(max-width: 668px) 100vw, 668px\" \/><\/figure>\n<\/div>\n<\/div>\n\n\n\n<p><\/p>","protected":false},"excerpt":{"rendered":"<p>Die Maschine zur Formung von Keramikisolatoren ist f\u00fcr die Herstellung hochwertiger Keramikisolatoren konzipiert, die in Stromversorgungssystemen verwendet werden, insbesondere f\u00fcr Transformatoren und Hochspannungsanwendungen. Mit fortschrittlicher Formgebungstechnologie, stabilem Betrieb und pr\u00e4ziser Steuerung gew\u00e4hrleistet diese Maschine gleichbleibende Produktabmessungen, hohe mechanische Festigkeit und hervorragende elektrische Isolierleistung. Kontaktieren Sie uns f\u00fcr ein Angebot und technische Unterst\u00fctzung!<\/p>\n<h2>Keramische Isolator-Maschinenl\u00f6sung aus einer Hand:<\/h2>\n<ol>\n<li><strong>Anpassung der Ausr\u00fcstung:<\/strong> Ma\u00dfgeschneiderte Maschinenkonstruktion basierend auf Isolatorart, Abmessungen, Spannungsklasse und Produktionskapazit\u00e4t.<\/li>\n<li><strong>Unterst\u00fctzung bei der Formkonstruktion und Werkzeugherstellung:<\/strong> Pr\u00e4zisionsformentwicklung f\u00fcr Stiftisolatoren, St\u00fctzisolatoren, Durchf\u00fchrungen und spezielle Isolatorausf\u00fchrungen.<\/li>\n<li><strong>Installation und Inbetriebnahme:<\/strong> Technischer Support vor Ort oder per Fernzugriff, um einen stabilen und pr\u00e4zisen Maschinenbetrieb zu gew\u00e4hrleisten.<\/li>\n<li><strong>Bedienerschulung und technische Anleitung:<\/strong> Schulungsprogramme zu Betrieb, Wartung und Qualit\u00e4tskontrollstandards.<\/li>\n<li><strong>Kundendienst und Ersatzteilversorgung:<\/strong> Schneller technischer Support, vorbeugende Wartung und zuverl\u00e4ssige Verf\u00fcgbarkeit von Ersatzteilen.<\/li>\n<li><strong>L\u00f6sungen f\u00fcr gleichbleibende Qualit\u00e4t und Ertragssteigerung:<\/strong> Unterst\u00fctzung bei der Reduzierung von Fehlern, der Verbesserung der Ma\u00dfgenauigkeit und der Steigerung der langfristigen Produktzuverl\u00e4ssigkeit.<\/li>\n<\/ol>","protected":false},"featured_media":6266,"template":"","meta":{"_acf_changed":false},"product_brand":[],"product_cat":[55],"product_tag":[],"class_list":{"0":"post-5391","1":"product","2":"type-product","3":"status-publish","4":"has-post-thumbnail","6":"product_cat-ceramic-forming-machine","8":"first","9":"instock","10":"shipping-taxable","11":"product-type-simple"},"acf":{"customization_content":"","customization_content_source":{"label":"Customization Content","type":"wysiwyg","formatted_value":""},"why_choose_us_content":"<h2 style=\"text-align: center;\">Why Choose Us as Your Ceramic Insulator Machine Supplier<\/h2>\r\n\r\n<hr \/>\r\n<p style=\"text-align: center;\">Yutai is a ceramic machine manufacturer that maintains strict quality standards and excellent service. Revolutionize your manufacturing processes with cutting-edge automation technology that streamlines forming and enhances efficiency.<\/p>","why_choose_us_content_source":{"label":"Why Choose Us Content","type":"wysiwyg","formatted_value":"<h2 style=\"text-align: center;\">Why Choose Us as Your Ceramic Insulator Machine Supplier<\/h2>\n<hr \/>\n<p style=\"text-align: center;\">Yutai is a ceramic machine manufacturer that maintains strict quality standards and excellent service. Revolutionize your manufacturing processes with cutting-edge automation technology that streamlines forming and enhances efficiency.<\/p>\n"}},"_links":{"self":[{"href":"https:\/\/yutaimachinery.com\/de\/wp-json\/wp\/v2\/product\/5391","targetHints":{"allow":["GET"]}}],"collection":[{"href":"https:\/\/yutaimachinery.com\/de\/wp-json\/wp\/v2\/product"}],"about":[{"href":"https:\/\/yutaimachinery.com\/de\/wp-json\/wp\/v2\/types\/product"}],"version-history":[{"count":0,"href":"https:\/\/yutaimachinery.com\/de\/wp-json\/wp\/v2\/product\/5391\/revisions"}],"wp:featuredmedia":[{"embeddable":true,"href":"https:\/\/yutaimachinery.com\/de\/wp-json\/wp\/v2\/media\/6266"}],"wp:attachment":[{"href":"https:\/\/yutaimachinery.com\/de\/wp-json\/wp\/v2\/media?parent=5391"}],"wp:term":[{"taxonomy":"product_brand","embeddable":true,"href":"https:\/\/yutaimachinery.com\/de\/wp-json\/wp\/v2\/product_brand?post=5391"},{"taxonomy":"product_cat","embeddable":true,"href":"https:\/\/yutaimachinery.com\/de\/wp-json\/wp\/v2\/product_cat?post=5391"},{"taxonomy":"product_tag","embeddable":true,"href":"https:\/\/yutaimachinery.com\/de\/wp-json\/wp\/v2\/product_tag?post=5391"}],"curies":[{"name":"wp","href":"https:\/\/api.w.org\/{rel}","templated":true}]}}