{"id":5374,"date":"2025-09-03T18:48:21","date_gmt":"2025-09-03T10:48:21","guid":{"rendered":"https:\/\/yutaimachinery.com\/?post_type=product&#038;p=5374"},"modified":"2025-12-14T14:55:10","modified_gmt":"2025-12-14T06:55:10","slug":"slip-casting-machine-for-sanitary-ware","status":"publish","type":"product","link":"https:\/\/yutaimachinery.com\/de\/product\/slip-casting-machine-for-sanitary-ware\/","title":{"rendered":"Gie\u00dfmaschine f\u00fcr Sanit\u00e4rartikel, Keramiktoiletten und Waschbecken"},"content":{"rendered":"<div class=\"wp-block-columns is-layout-flex wp-container-core-columns-is-layout-9d6595d7 wp-block-columns-is-layout-flex\">\n<div class=\"wp-block-column is-layout-flow wp-block-column-is-layout-flow\">\n<h2 class=\"wp-block-heading\">Merkmale der Schlickergussmaschine f\u00fcr Sanit\u00e4rkeramik<\/h2>\n\n\n\n<p><strong>Vollst\u00e4ndig automatisierter Gie\u00dfprozess: <\/strong>Integriert Schlammeinspritzung, Entleerung, Mikrodruckverfestigung und Heben der Form. Die elektrische SPS-Steuerung und ein hydraulisches Hebesystem erm\u00f6glichen pr\u00e4zise Parametereinstellungen, die ein reibungsloses \u00d6ffnen und Schlie\u00dfen der Form gew\u00e4hrleisten und manuelle Eingriffe minimieren.<\/p>\n\n\n\n<p><strong>Nahtlose Formtechnik<\/strong>: Der 360\u00b0-Guss und die gleichm\u00e4\u00dfige Druckverteilung sorgen f\u00fcr blasen- und verformungsfreie Teile. Dadurch werden durch Formn\u00e4hte verursachte Defekte vermieden und die Oberfl\u00e4cheng\u00fcte und strukturelle Integrit\u00e4t verbessert.<\/p>\n\n\n\n<p><strong>Einstellbare L\u00e4nge der Werkbank (18-30 Meter):<\/strong> Passt sich an verschiedene Fabriklayouts und Produktionsgr\u00f6\u00dfen an.<\/p>\n\n\n\n<p><strong>Ideale Anwendungen:<\/strong> Einteilige Toiletten (Rand und Becken getrennt gegossen), keramische Becken und Waschbecken, Untersetzer und Duschwannen, k\u00fcnstlerische Sanit\u00e4rkeramik<\/p>\n\n\n\n<p><strong>Geringe Wartungs- und Arbeitskosten:<\/strong> Langlebige Materialien und ein hydraulisches und pneumatisches System reduzieren den Verschlei\u00df, verl\u00e4ngern die Lebensdauer der Ger\u00e4te und minimieren den Arbeitsaufwand.<\/p>\n\n\n\n<p><strong>Anpassbarkeit und Skalierbarkeit: <\/strong>Jede Werkbank bietet Platz f\u00fcr 25-30 Arbeitsformen, die sich an verschiedene Produktdesigns anpassen lassen.<\/p>\n<\/div>\n\n\n\n<div class=\"wp-block-column is-vertically-aligned-top is-layout-flow wp-block-column-is-layout-flow\">\n<figure class=\"wp-block-embed is-type-video is-provider-youtube wp-block-embed-youtube wp-embed-aspect-16-9 wp-has-aspect-ratio\"><div class=\"wp-block-embed__wrapper\">\n<iframe title=\"Wie man Tolilet herstellt\" width=\"940\" height=\"529\" src=\"https:\/\/www.youtube.com\/embed\/VXMTyHb0gmA?feature=oembed\" frameborder=\"0\" allow=\"accelerometer; autoplay; clipboard-write; encrypted-media; gyroscope; picture-in-picture; web-share\" referrerpolicy=\"strict-origin-when-cross-origin\" allowfullscreen><\/iframe>\n<\/div><\/figure>\n<\/div>\n<\/div>","protected":false},"excerpt":{"rendered":"<p>Die Slip Casting Machine (Spagless Low-Pressure Casting) ist eine hochmoderne L\u00f6sung f\u00fcr die Herstellung von einteiligen Toiletten, Keramikbecken und anderen Sanit\u00e4rprodukten. Durch den Einsatz der spagless (nahtlosen) Formtechnologie und hydraulischer Hebesysteme gew\u00e4hrleistet diese Maschine einen hochpr\u00e4zisen Guss, reduzierte Arbeitsintensit\u00e4t und hervorragende Produktqualit\u00e4t. Kontaktieren Sie uns f\u00fcr ein Angebot und technische Unterst\u00fctzung!<\/p>\n<h2>Komplettl\u00f6sung f\u00fcr Sanit\u00e4rkeramik-Gie\u00dfmaschinen:<\/h2>\n<ol>\n<li><strong>Schl\u00fcsselfertige L\u00f6sungen f\u00fcr Sanit\u00e4rgusslinien:<\/strong> Umfassende Unterst\u00fctzung von der Auswahl der Anlagen \u00fcber die Planung des Anlagenlayouts bis hin zur vollst\u00e4ndigen Integration der Produktionslinie.<\/li>\n<li><strong>Anpassung der Ausr\u00fcstung:<\/strong> Maschinenkonfigurationen, die auf verschiedene Sanit\u00e4rprodukte wie Toiletten, Waschbecken, Sockel und Urinale zugeschnitten sind, basierend auf Gr\u00f6\u00dfe, Form und Produktionskapazit\u00e4t.<\/li>\n<li><strong>Unterst\u00fctzung bei der Formkonstruktion und Werkzeugherstellung:<\/strong> Pr\u00e4zisionsformentwicklung f\u00fcr komplexe Hohlstrukturen und gro\u00dfformatige Sanit\u00e4rprodukte.<\/li>\n<li><strong>Installation und Inbetriebnahme:<\/strong> Technische Beratung vor Ort oder per Fernzugriff, um einen stabilen Betrieb und genaue Gussergebnisse zu gew\u00e4hrleisten.<\/li>\n<li><strong>Bedienerschulung und technischer Support:<\/strong> Umfassende Schulung zu Maschinenbedienung, Wartung und Qualit\u00e4tskontrolle.<\/li>\n<li><strong>Kundendienst und Ersatzteilversorgung:<\/strong> Schneller technischer Service, vorbeugende Wartungsprogramme und zuverl\u00e4ssige Verf\u00fcgbarkeit von Ersatzteilen.<\/li>\n<li><strong>Qualit\u00e4tsverbesserung und Ertragsoptimierung:<\/strong> L\u00f6sungen zur Reduzierung von Fehlern, zur Verbesserung der Gussqualit\u00e4t und zur Steigerung der Produktionseffizienz.<\/li>\n<\/ol>","protected":false},"featured_media":5375,"template":"","meta":{"_acf_changed":false},"product_brand":[],"product_cat":[55],"product_tag":[],"class_list":{"0":"post-5374","1":"product","2":"type-product","3":"status-publish","4":"has-post-thumbnail","6":"product_cat-ceramic-forming-machine","8":"first","9":"instock","10":"shipping-taxable","11":"product-type-simple"},"acf":{"customization_content":"","customization_content_source":{"label":"Customization Content","type":"wysiwyg","formatted_value":""},"why_choose_us_content":"<h2 style=\"text-align: center;\">Why Choose Us as Your Ceramic Sanitary Ware Machine Supplier<\/h2>\r\n\r\n<hr \/>\r\n<p style=\"text-align: center;\">Yutai is a ceramic machine manufacturer, maintains strict quality standards and excellent service. Revolutionize your manufacturing processes with cutting-edge automation technology that streamlines forming and enhances efficiency.<\/p>","why_choose_us_content_source":{"label":"Why Choose Us Content","type":"wysiwyg","formatted_value":"<h2 style=\"text-align: center;\">Why Choose Us as Your Ceramic Sanitary Ware Machine Supplier<\/h2>\n<hr \/>\n<p style=\"text-align: center;\">Yutai is a ceramic machine manufacturer, maintains strict quality standards and excellent service. Revolutionize your manufacturing processes with cutting-edge automation technology that streamlines forming and enhances efficiency.<\/p>\n"}},"_links":{"self":[{"href":"https:\/\/yutaimachinery.com\/de\/wp-json\/wp\/v2\/product\/5374","targetHints":{"allow":["GET"]}}],"collection":[{"href":"https:\/\/yutaimachinery.com\/de\/wp-json\/wp\/v2\/product"}],"about":[{"href":"https:\/\/yutaimachinery.com\/de\/wp-json\/wp\/v2\/types\/product"}],"version-history":[{"count":0,"href":"https:\/\/yutaimachinery.com\/de\/wp-json\/wp\/v2\/product\/5374\/revisions"}],"wp:featuredmedia":[{"embeddable":true,"href":"https:\/\/yutaimachinery.com\/de\/wp-json\/wp\/v2\/media\/5375"}],"wp:attachment":[{"href":"https:\/\/yutaimachinery.com\/de\/wp-json\/wp\/v2\/media?parent=5374"}],"wp:term":[{"taxonomy":"product_brand","embeddable":true,"href":"https:\/\/yutaimachinery.com\/de\/wp-json\/wp\/v2\/product_brand?post=5374"},{"taxonomy":"product_cat","embeddable":true,"href":"https:\/\/yutaimachinery.com\/de\/wp-json\/wp\/v2\/product_cat?post=5374"},{"taxonomy":"product_tag","embeddable":true,"href":"https:\/\/yutaimachinery.com\/de\/wp-json\/wp\/v2\/product_tag?post=5374"}],"curies":[{"name":"wp","href":"https:\/\/api.w.org\/{rel}","templated":true}]}}