{"id":5353,"date":"2025-09-03T15:21:36","date_gmt":"2025-09-03T07:21:36","guid":{"rendered":"https:\/\/yutaimachinery.com\/?post_type=product&#038;p=5353"},"modified":"2025-12-14T14:54:57","modified_gmt":"2025-12-14T06:54:57","slug":"sanitary-ware-casting-machine","status":"publish","type":"product","link":"https:\/\/yutaimachinery.com\/de\/product\/sanitary-ware-casting-machine\/","title":{"rendered":"Hochdruck-Gie\u00dfmaschine f\u00fcr Sanit\u00e4rartikel, Keramikwaschbecken und Toilettenformmaschinen"},"content":{"rendered":"<div class=\"wp-block-columns is-layout-flex wp-container-core-columns-is-layout-9d6595d7 wp-block-columns-is-layout-flex\">\n<div class=\"wp-block-column is-layout-flow wp-block-column-is-layout-flow\">\n<h2 class=\"wp-block-heading\">Parameter der Gie\u00dfmaschine f\u00fcr Sanit\u00e4rartikel<\/h2>\n\n\n\n<figure class=\"wp-block-table\"><table class=\"has-fixed-layout\"><tbody><tr><td><strong>Modell<\/strong><\/td><td>YT-GYJ<\/td><\/tr><tr><td><strong>Kapazit\u00e4t<\/strong><\/td><td>20-30 St\u00fcck\/Stunde<\/td><\/tr><tr><td><strong>Gesamtleistung<\/strong><\/td><td>15kW<\/td><\/tr><tr><td><strong>Abmessungen (B\u00d7L\u00d7H)<\/strong><\/td><td>200cm \u00d7 2000cm \u00d7 280cm<\/td><\/tr><tr><td><strong>Gewicht<\/strong><\/td><td>5.200kg<\/td><\/tr><tr><td><strong>Kapazit\u00e4t der Form<\/strong><\/td><td>12 S\u00e4tze<\/td><\/tr><tr><td><strong>Technologie<\/strong><\/td><td>Hydraulische und Vakuum-Systeme<\/td><\/tr><tr><td><strong>Anmeldung<\/strong><\/td><td>Toiletten, Waschbecken, Duschwannen, Untersetzungswannen<\/td><\/tr><\/tbody><\/table><\/figure>\n<\/div>\n\n\n\n<div class=\"wp-block-column is-vertically-aligned-top is-layout-flow wp-block-column-is-layout-flow\">\n<figure class=\"wp-block-embed is-type-video is-provider-youtube wp-block-embed-youtube wp-embed-aspect-16-9 wp-has-aspect-ratio\"><div class=\"wp-block-embed__wrapper\">\n<iframe title=\"Wie man ein Waschbecken und eine Toilette aus Keramik herstellt\" width=\"940\" height=\"529\" src=\"https:\/\/www.youtube.com\/embed\/X1ke45U0zTk?feature=oembed\" frameborder=\"0\" allow=\"accelerometer; autoplay; clipboard-write; encrypted-media; gyroscope; picture-in-picture; web-share\" referrerpolicy=\"strict-origin-when-cross-origin\" allowfullscreen><\/iframe>\n<\/div><\/figure>\n<\/div>\n<\/div>\n\n\n\n<div class=\"wp-block-columns is-layout-flex wp-container-core-columns-is-layout-9d6595d7 wp-block-columns-is-layout-flex\">\n<div class=\"wp-block-column is-layout-flow wp-block-column-is-layout-flow\"><div class=\"wp-block-image\">\n<figure class=\"aligncenter size-full\"><img fetchpriority=\"high\" decoding=\"async\" width=\"720\" height=\"720\" src=\"https:\/\/yutaimachinery.com\/wp-content\/uploads\/2025\/09\/High-pressure-Sanitary-Ware-Casting-Machine-5.webp\" alt=\"Hochdruck-Sanit\u00e4rkeramik-Gie\u00dfmaschine\" class=\"wp-image-5363\" title=\"\" srcset=\"https:\/\/yutaimachinery.com\/wp-content\/uploads\/2025\/09\/High-pressure-Sanitary-Ware-Casting-Machine-5.webp 720w, https:\/\/yutaimachinery.com\/wp-content\/uploads\/2025\/09\/High-pressure-Sanitary-Ware-Casting-Machine-5-300x300.webp 300w, https:\/\/yutaimachinery.com\/wp-content\/uploads\/2025\/09\/High-pressure-Sanitary-Ware-Casting-Machine-5-150x150.webp 150w, https:\/\/yutaimachinery.com\/wp-content\/uploads\/2025\/09\/High-pressure-Sanitary-Ware-Casting-Machine-5-12x12.webp 12w, https:\/\/yutaimachinery.com\/wp-content\/uploads\/2025\/09\/High-pressure-Sanitary-Ware-Casting-Machine-5-285x285.webp 285w, https:\/\/yutaimachinery.com\/wp-content\/uploads\/2025\/09\/High-pressure-Sanitary-Ware-Casting-Machine-5-270x270.webp 270w, https:\/\/yutaimachinery.com\/wp-content\/uploads\/2025\/09\/High-pressure-Sanitary-Ware-Casting-Machine-5-540x540.webp 540w, https:\/\/yutaimachinery.com\/wp-content\/uploads\/2025\/09\/High-pressure-Sanitary-Ware-Casting-Machine-5-660x660.webp 660w\" sizes=\"(max-width: 720px) 100vw, 720px\" \/><\/figure>\n<\/div><\/div>\n\n\n\n<div class=\"wp-block-column is-layout-flow wp-block-column-is-layout-flow\">\n<h2 class=\"wp-block-heading\">Merkmale der Hochdruck-Sanit\u00e4rkeramik-Gie\u00dfmaschine<\/h2>\n\n\n\n<p><strong>Vollautomatisches Gie\u00dfverfahren:<\/strong> Unsere Hochdruck-Sanit\u00e4rkeramik-Gie\u00dfmaschine integriert Wasser-, Strom- und Druckluftsysteme, um den gesamten Gie\u00dfprozess zu automatisieren, von der Materialzufuhr bis zur Formf\u00fcllung, was eine gleichbleibende Qualit\u00e4t gew\u00e4hrleistet und manuelle Eingriffe reduziert.<\/p>\n\n\n\n<p><strong>\u00dcberlegene Produktqualit\u00e4t:<\/strong> Die fortschrittliche Hochdrucktechnologie eliminiert effektiv Oberfl\u00e4chenblasen, was zu einem glatteren und \u00e4sthetisch ansprechenderen Ergebnis f\u00fchrt. Pr\u00e4zise gesteuerter Gie\u00dfdruck und -fluss sorgen f\u00fcr eine gleichm\u00e4\u00dfige Materialverteilung, verhindern Produktverformungen und garantieren Ma\u00dfgenauigkeit.<\/p>\n\n\n\n<p><strong>Breite Anwendung: <\/strong>Geeignet f\u00fcr das Gie\u00dfen einer breiten Palette von Sanit\u00e4rkeramikprodukten, einschlie\u00dflich Toiletten (wandmontiert und bodenstehend), Aufsatz- und Unterbaubecken, Waschbecken, Abdeckungen f\u00fcr Hockwannen und Duschwannen.<\/p>\n\n\n\n<p><strong>Hohe Produktionskapazit\u00e4t:<\/strong> 20-30 St\u00fcck pro Stunde erf\u00fcllen die Anforderungen mittlerer bis gro\u00dfer Produktionsanlagen. Der kontinuierliche, automatisierte Betrieb sorgt f\u00fcr minimale Ausfallzeiten und maximalen Aussto\u00df.<\/p>\n\n\n\n<p><strong>Energie-Effizienz:<\/strong> Diese Maschine bietet eine \u00fcberragende Leistung und einen geringeren Stromverbrauch. Ihr Gesamtstromverbrauch von 15 kW ist im Vergleich zu \u00e4hnlichen Maschinen auf dem Markt relativ niedrig, was langfristig zu erheblichen Energieeinsparungen f\u00fchrt.<\/p>\n\n\n\n<p><strong>Kompakte und langlebige Konstruktion:<\/strong> Geeignet f\u00fcr verschiedene Fabriklayouts. Unterst\u00fctzt bis zu 12 Formens\u00e4tze und erm\u00f6glicht so eine flexible Produktionsplanung und einen schnellen Wechsel zwischen verschiedenen Produktmodellen<\/p>\n\n\n\n<p><strong>Benutzerfreundliches Interface: <\/strong>Die Maschine verf\u00fcgt \u00fcber ein intuitives Bedienfeld und einfach zu bedienende Funktionen, die es dem Bediener erm\u00f6glichen, den Injektionsprozess mit minimalem Schulungsaufwand zu \u00fcberwachen und anzupassen.<\/p>\n\n\n\n<p><strong>Zuverl\u00e4ssige technische Unterst\u00fctzung:<\/strong> Wir bieten einen umfassenden Kundendienst, einschlie\u00dflich Installation, Schulung, Wartung und Ersatzteilversorgung. Unser professionelles technisches Team steht Ihnen jederzeit zur Seite, um einen reibungslosen Maschinenbetrieb zu gew\u00e4hrleisten und die Lebensdauer der Maschine zu maximieren.<\/p>\n<\/div>\n<\/div>","protected":false},"excerpt":{"rendered":"<p>Die Hochdruck-Sanit\u00e4rgie\u00dfmaschine ist eine fortschrittliche, vollautomatische L\u00f6sung f\u00fcr die Produktion von Sanit\u00e4rkeramik (Toiletten, Waschbecken, Duschwannen). Mit ihrer Hydraulik- und Vakuumtechnologie sorgt sie f\u00fcr blasenfreie Oberfl\u00e4chen, verhindert Verformungen und steigert die Effizienz mit einer Leistung von 20-30 St\u00fcck pro Stunde und unterst\u00fctzt 12 Formen. Sie ist ideal f\u00fcr mittelgro\u00dfe bis gro\u00dfe Hersteller, die Pr\u00e4zision und Kosteneinsparungen suchen.<\/p>\n<h2>Alles aus einer Hand: Gie\u00dfmaschinen f\u00fcr Sanit\u00e4rprodukte:<\/h2>\n<ol>\n<li><strong>Schl\u00fcsselfertige L\u00f6sungen f\u00fcr Sanit\u00e4rgusslinien:<\/strong> Umfassende Unterst\u00fctzung von der Auswahl der Anlagen \u00fcber die Planung des Anlagenlayouts bis hin zur vollst\u00e4ndigen Integration der Produktionslinie.<\/li>\n<li><strong>Anpassung der Ausr\u00fcstung:<\/strong> Maschinenkonfigurationen, die auf verschiedene Sanit\u00e4rprodukte wie Toiletten, Waschbecken, Sockel und Urinale zugeschnitten sind, basierend auf Gr\u00f6\u00dfe, Form und Produktionskapazit\u00e4t.<\/li>\n<li><strong>Unterst\u00fctzung bei der Formkonstruktion und Werkzeugherstellung:<\/strong> Pr\u00e4zisionsformentwicklung f\u00fcr komplexe Hohlstrukturen und gro\u00dfformatige Sanit\u00e4rprodukte.<\/li>\n<li><strong>Installation und Inbetriebnahme:<\/strong> Technische Beratung vor Ort oder per Fernzugriff, um einen stabilen Betrieb und genaue Gussergebnisse zu gew\u00e4hrleisten.<\/li>\n<li><strong>Bedienerschulung und technischer Support:<\/strong> Umfassende Schulung zu Maschinenbedienung, Wartung und Qualit\u00e4tskontrolle.<\/li>\n<li><strong>Kundendienst und Ersatzteilversorgung:<\/strong> Schneller technischer Service, vorbeugende Wartungsprogramme und zuverl\u00e4ssige Verf\u00fcgbarkeit von Ersatzteilen.<\/li>\n<li><strong>Qualit\u00e4tsverbesserung und Ertragsoptimierung:<\/strong> L\u00f6sungen zur Reduzierung von Fehlern, zur Verbesserung der Gussqualit\u00e4t und zur Steigerung der Produktionseffizienz.<\/li>\n<\/ol>","protected":false},"featured_media":5358,"template":"","meta":{"_acf_changed":false},"product_brand":[],"product_cat":[55],"product_tag":[],"class_list":{"0":"post-5353","1":"product","2":"type-product","3":"status-publish","4":"has-post-thumbnail","6":"product_cat-ceramic-forming-machine","8":"first","9":"instock","10":"shipping-taxable","11":"product-type-simple"},"acf":{"customization_content":"","customization_content_source":{"label":"Customization Content","type":"wysiwyg","formatted_value":""},"why_choose_us_content":"<h2 style=\"text-align: center;\">Why Choose Us as Your Ceramic Sanitary Ware Machine Supplier<\/h2>\r\n\r\n<hr \/>\r\n<p style=\"text-align: center;\">Yutai is a ceramic machine manufacturer, maintains strict quality standards and excellent service. Revolutionize your manufacturing processes with cutting-edge automation technology that streamlines forming and enhances efficiency.<\/p>","why_choose_us_content_source":{"label":"Why Choose Us Content","type":"wysiwyg","formatted_value":"<h2 style=\"text-align: center;\">Why Choose Us as Your Ceramic Sanitary Ware Machine Supplier<\/h2>\n<hr \/>\n<p style=\"text-align: center;\">Yutai is a ceramic machine manufacturer, maintains strict quality standards and excellent service. Revolutionize your manufacturing processes with cutting-edge automation technology that streamlines forming and enhances efficiency.<\/p>\n"}},"_links":{"self":[{"href":"https:\/\/yutaimachinery.com\/de\/wp-json\/wp\/v2\/product\/5353","targetHints":{"allow":["GET"]}}],"collection":[{"href":"https:\/\/yutaimachinery.com\/de\/wp-json\/wp\/v2\/product"}],"about":[{"href":"https:\/\/yutaimachinery.com\/de\/wp-json\/wp\/v2\/types\/product"}],"version-history":[{"count":0,"href":"https:\/\/yutaimachinery.com\/de\/wp-json\/wp\/v2\/product\/5353\/revisions"}],"wp:featuredmedia":[{"embeddable":true,"href":"https:\/\/yutaimachinery.com\/de\/wp-json\/wp\/v2\/media\/5358"}],"wp:attachment":[{"href":"https:\/\/yutaimachinery.com\/de\/wp-json\/wp\/v2\/media?parent=5353"}],"wp:term":[{"taxonomy":"product_brand","embeddable":true,"href":"https:\/\/yutaimachinery.com\/de\/wp-json\/wp\/v2\/product_brand?post=5353"},{"taxonomy":"product_cat","embeddable":true,"href":"https:\/\/yutaimachinery.com\/de\/wp-json\/wp\/v2\/product_cat?post=5353"},{"taxonomy":"product_tag","embeddable":true,"href":"https:\/\/yutaimachinery.com\/de\/wp-json\/wp\/v2\/product_tag?post=5353"}],"curies":[{"name":"wp","href":"https:\/\/api.w.org\/{rel}","templated":true}]}}