{"id":5139,"date":"2025-06-13T16:52:41","date_gmt":"2025-06-13T08:52:41","guid":{"rendered":"https:\/\/yutaimachinery.com\/?post_type=product&#038;p=5139"},"modified":"2026-01-15T11:21:29","modified_gmt":"2026-01-15T03:21:29","slug":"automatic-hollow-casting-machine","status":"publish","type":"product","link":"https:\/\/yutaimachinery.com\/de\/product\/automatic-hollow-casting-machine\/","title":{"rendered":"Automatische Hohlgussmaschine f\u00fcr Keramikflaschen, Formlinie f\u00fcr T\u00f6pfe"},"content":{"rendered":"<div class=\"wp-block-columns is-layout-flex wp-container-core-columns-is-layout-9d6595d7 wp-block-columns-is-layout-flex\">\n<div class=\"wp-block-column is-layout-flow wp-block-column-is-layout-flow\">\n<h2 class=\"wp-block-heading\">Merkmale der automatischen Hohlgussmaschine:<\/h2>\n\n\n\n<p><strong>Automatisches Hohlgie\u00dfverfahren<\/strong><br>Integriert Schlickerguss, Formdrehung und Entformung f\u00fcr eine kontinuierliche Produktion mit minimalen manuellen Eingriffen.<\/p>\n\n\n\n<p><strong>Optimiert f\u00fcr Keramikflaschen<\/strong><br>Speziell f\u00fcr die Herstellung von Keramikflaschen geeignet, mit Formtr\u00e4gern, die komplexe Flaschenformen sicher und stabil halten.<\/p>\n\n\n\n<p><strong>Kettengetriebener F\u00f6rderer<\/strong><br>Ausgestattet mit einem robusten Stahlkettenantriebssystem, das eine pr\u00e4zise Bewegung der Form und einen gleichm\u00e4\u00dfigen Produktionsrhythmus gew\u00e4hrleistet.<\/p>\n\n\n\n<p><strong>Hohe Produktionseffizienz<\/strong><br>Kann mehrere Formen gleichzeitig unterst\u00fctzen, was den Aussto\u00df in der Gro\u00dfserienfertigung deutlich erh\u00f6ht.<\/p>\n\n\n\n<p><strong>Langlebige industrielle Struktur<\/strong><br>Konstruiert mit hochbelastbaren Stahlrahmen und verschlei\u00dffesten Komponenten f\u00fcr einen langfristigen, stabilen Betrieb in Keramikfabriken.<\/p>\n\n\n\n<p><strong>Anpassbare Formgestelle<\/strong><br>Ein flexibles Formenmontagesystem erm\u00f6glicht einen schnellen Wechsel und die Anpassung an unterschiedliche Flaschengr\u00f6\u00dfen und -formen.<\/p>\n\n\n\n<p><strong>Einfache Wartung<\/strong><br>Modularer Aufbau mit zug\u00e4nglichen Komponenten f\u00fcr Reinigung, Schmierung und Teileaustausch.<\/p>\n<\/div>\n\n\n\n<div class=\"wp-block-column is-layout-flow wp-block-column-is-layout-flow\">\n<figure class=\"wp-block-embed is-type-video is-provider-youtube wp-block-embed-youtube wp-embed-aspect-16-9 wp-has-aspect-ratio\"><div class=\"wp-block-embed__wrapper\">\n<iframe title=\"Keramische \u00d6lflasche Automatische Gie\u00dfmaschine (hohl)\" width=\"940\" height=\"529\" src=\"https:\/\/www.youtube.com\/embed\/SvCGDQYC9lU?feature=oembed\" frameborder=\"0\" allow=\"accelerometer; autoplay; clipboard-write; encrypted-media; gyroscope; picture-in-picture; web-share\" referrerpolicy=\"strict-origin-when-cross-origin\" allowfullscreen><\/iframe>\n<\/div><\/figure>\n<\/div>\n<\/div>\n\n\n\n<div class=\"wp-block-columns is-layout-flex wp-container-core-columns-is-layout-9d6595d7 wp-block-columns-is-layout-flex\">\n<div class=\"wp-block-column is-layout-flow wp-block-column-is-layout-flow\">\n<figure class=\"wp-block-image size-full\"><img fetchpriority=\"high\" decoding=\"async\" width=\"800\" height=\"800\" src=\"https:\/\/yutaimachinery.com\/wp-content\/uploads\/2025\/06\/Oil-Bottle-slip-casting-machine.png\" alt=\"\u00d6lflaschengie\u00dfmaschine\" class=\"wp-image-6297\" title=\"\" srcset=\"https:\/\/yutaimachinery.com\/wp-content\/uploads\/2025\/06\/Oil-Bottle-slip-casting-machine.png 800w, https:\/\/yutaimachinery.com\/wp-content\/uploads\/2025\/06\/Oil-Bottle-slip-casting-machine-300x300.png 300w, https:\/\/yutaimachinery.com\/wp-content\/uploads\/2025\/06\/Oil-Bottle-slip-casting-machine-150x150.png 150w, https:\/\/yutaimachinery.com\/wp-content\/uploads\/2025\/06\/Oil-Bottle-slip-casting-machine-768x768.png 768w, https:\/\/yutaimachinery.com\/wp-content\/uploads\/2025\/06\/Oil-Bottle-slip-casting-machine-12x12.png 12w, https:\/\/yutaimachinery.com\/wp-content\/uploads\/2025\/06\/Oil-Bottle-slip-casting-machine-285x285.png 285w, https:\/\/yutaimachinery.com\/wp-content\/uploads\/2025\/06\/Oil-Bottle-slip-casting-machine-270x270.png 270w, https:\/\/yutaimachinery.com\/wp-content\/uploads\/2025\/06\/Oil-Bottle-slip-casting-machine-540x540.png 540w, https:\/\/yutaimachinery.com\/wp-content\/uploads\/2025\/06\/Oil-Bottle-slip-casting-machine-660x660.png 660w\" sizes=\"(max-width: 800px) 100vw, 800px\" \/><\/figure>\n<\/div>\n\n\n\n<div class=\"wp-block-column is-layout-flow wp-block-column-is-layout-flow\">\n<figure class=\"wp-block-image size-full\"><img decoding=\"async\" width=\"757\" height=\"757\" src=\"https:\/\/yutaimachinery.com\/wp-content\/uploads\/2026\/01\/teapot-slip-casting-machine-2-edited.png\" alt=\"Teekannen-Schlickergussmaschine\" class=\"wp-image-6294\" title=\"\" srcset=\"https:\/\/yutaimachinery.com\/wp-content\/uploads\/2026\/01\/teapot-slip-casting-machine-2-edited.png 757w, https:\/\/yutaimachinery.com\/wp-content\/uploads\/2026\/01\/teapot-slip-casting-machine-2-edited-300x300.png 300w, https:\/\/yutaimachinery.com\/wp-content\/uploads\/2026\/01\/teapot-slip-casting-machine-2-edited-150x150.png 150w, https:\/\/yutaimachinery.com\/wp-content\/uploads\/2026\/01\/teapot-slip-casting-machine-2-edited-12x12.png 12w, https:\/\/yutaimachinery.com\/wp-content\/uploads\/2026\/01\/teapot-slip-casting-machine-2-edited-285x285.png 285w, https:\/\/yutaimachinery.com\/wp-content\/uploads\/2026\/01\/teapot-slip-casting-machine-2-edited-270x270.png 270w, https:\/\/yutaimachinery.com\/wp-content\/uploads\/2026\/01\/teapot-slip-casting-machine-2-edited-540x540.png 540w, https:\/\/yutaimachinery.com\/wp-content\/uploads\/2026\/01\/teapot-slip-casting-machine-2-edited-660x660.png 660w\" sizes=\"(max-width: 757px) 100vw, 757px\" \/><\/figure>\n<\/div>\n\n\n\n<div class=\"wp-block-column is-layout-flow wp-block-column-is-layout-flow\">\n<figure class=\"wp-block-image size-full\"><img decoding=\"async\" width=\"1500\" height=\"1500\" src=\"https:\/\/yutaimachinery.com\/wp-content\/uploads\/2024\/04\/Slip-Casting-Machine-for-Ceramic-Bottle-Pot-Vase-Homerware-Production-5.webp\" alt=\"Gie\u00dfmaschine f\u00fcr Keramikflaschen, T\u00f6pfe, Vasen und Haushaltswaren\" class=\"wp-image-6148\" title=\"\" srcset=\"https:\/\/yutaimachinery.com\/wp-content\/uploads\/2024\/04\/Slip-Casting-Machine-for-Ceramic-Bottle-Pot-Vase-Homerware-Production-5.webp 1500w, https:\/\/yutaimachinery.com\/wp-content\/uploads\/2024\/04\/Slip-Casting-Machine-for-Ceramic-Bottle-Pot-Vase-Homerware-Production-5-300x300.webp 300w, https:\/\/yutaimachinery.com\/wp-content\/uploads\/2024\/04\/Slip-Casting-Machine-for-Ceramic-Bottle-Pot-Vase-Homerware-Production-5-150x150.webp 150w, https:\/\/yutaimachinery.com\/wp-content\/uploads\/2024\/04\/Slip-Casting-Machine-for-Ceramic-Bottle-Pot-Vase-Homerware-Production-5-768x768.webp 768w, https:\/\/yutaimachinery.com\/wp-content\/uploads\/2024\/04\/Slip-Casting-Machine-for-Ceramic-Bottle-Pot-Vase-Homerware-Production-5-12x12.webp 12w, https:\/\/yutaimachinery.com\/wp-content\/uploads\/2024\/04\/Slip-Casting-Machine-for-Ceramic-Bottle-Pot-Vase-Homerware-Production-5-285x285.webp 285w, https:\/\/yutaimachinery.com\/wp-content\/uploads\/2024\/04\/Slip-Casting-Machine-for-Ceramic-Bottle-Pot-Vase-Homerware-Production-5-270x270.webp 270w, https:\/\/yutaimachinery.com\/wp-content\/uploads\/2024\/04\/Slip-Casting-Machine-for-Ceramic-Bottle-Pot-Vase-Homerware-Production-5-540x540.webp 540w, https:\/\/yutaimachinery.com\/wp-content\/uploads\/2024\/04\/Slip-Casting-Machine-for-Ceramic-Bottle-Pot-Vase-Homerware-Production-5-660x660.webp 660w\" sizes=\"(max-width: 1500px) 100vw, 1500px\" \/><\/figure>\n<\/div>\n<\/div>\n\n\n\n<p><\/p>","protected":false},"excerpt":{"rendered":"<p>Unsere automatische Hohlgussmaschine kann keramische Flaschen, Vasen, T\u00f6pfe und keramische Wohndekorationen usw. herstellen. Die Maschine verf\u00fcgt \u00fcber ein kontinuierliches Ketten\u00fcbertragungssystem f\u00fcr die Formrotation und den Transport, geeignet f\u00fcr die effiziente Produktion von hohlen strukturellen Keramikprodukten. Yutai Fabrik bietet One-Stop-Keramik-Maschinen Anpassung und technische Unterst\u00fctzung. Bitte z\u00f6gern Sie nicht, uns zu kontaktieren!<\/p>\n<h2>Alles aus einer Hand f\u00fcr Hohlgussmaschinen:<\/h2>\n<ol>\n<li><strong>Schl\u00fcsselfertige L\u00f6sungen f\u00fcr Keramiklinien<\/strong>: Umfassende Unterst\u00fctzung von der Auswahl der Ausr\u00fcstung \u00fcber die Planung des Anlagenlayouts bis hin zur vollst\u00e4ndigen Integration der Produktionslinie.<\/li>\n<li><strong>Anpassung der Ausr\u00fcstung:<\/strong> Maschinenkonfigurationen, die auf verschiedene Keramikprodukte wie Teller, Sch\u00fcsseln, Becher und Tassen zugeschnitten sind, basierend auf Gr\u00f6\u00dfe, Form und Produktionskapazit\u00e4t.<\/li>\n<li><strong>Installation und Inbetriebnahme:<\/strong> Technische Beratung vor Ort oder per Fernzugriff, um einen stabilen Betrieb und genaue Gussergebnisse zu gew\u00e4hrleisten.<\/li>\n<li><strong>Bedienerschulung und technischer Support:<\/strong> Umfassende Schulung zu Maschinenbedienung, Wartung und Qualit\u00e4tskontrolle.<\/li>\n<li><strong>Kundendienst und Ersatzteilversorgung:<\/strong> Schneller technischer Service, vorbeugende Wartungsprogramme und zuverl\u00e4ssige Verf\u00fcgbarkeit von Ersatzteilen.<\/li>\n<li><strong>Qualit\u00e4tsverbesserung und Ertragsoptimierung: S<\/strong>L\u00f6sungen zur Reduzierung von Fehlern, zur Verbesserung der Gussqualit\u00e4t und zur Steigerung der Produktionseffizienz.<\/li>\n<\/ol>","protected":false},"featured_media":5145,"template":"","meta":{"_acf_changed":false},"product_brand":[],"product_cat":[55],"product_tag":[],"class_list":{"0":"post-5139","1":"product","2":"type-product","3":"status-publish","4":"has-post-thumbnail","6":"product_cat-ceramic-forming-machine","8":"first","9":"instock","10":"shipping-taxable","11":"product-type-simple"},"acf":{"customization_content":"","customization_content_source":{"label":"Customization Content","type":"wysiwyg","formatted_value":""},"why_choose_us_content":"<h2 style=\"text-align: center;\">Why Choose Us as Your Ceramic Forming Line Supplier<\/h2>\r\n\r\n<hr \/>\r\n<p style=\"text-align: center;\">Yutai is a ceramic machine manufacturer, maintains strict quality standards and excellent service. Revolutionize your manufacturing processes with cutting-edge automation technology that streamlines forming and enhances efficiency.<\/p>","why_choose_us_content_source":{"label":"Why Choose Us Content","type":"wysiwyg","formatted_value":"<h2 style=\"text-align: center;\">Why Choose Us as Your Ceramic Forming Line Supplier<\/h2>\n<hr \/>\n<p style=\"text-align: center;\">Yutai is a ceramic machine manufacturer, maintains strict quality standards and excellent service. Revolutionize your manufacturing processes with cutting-edge automation technology that streamlines forming and enhances efficiency.<\/p>\n"}},"_links":{"self":[{"href":"https:\/\/yutaimachinery.com\/de\/wp-json\/wp\/v2\/product\/5139","targetHints":{"allow":["GET"]}}],"collection":[{"href":"https:\/\/yutaimachinery.com\/de\/wp-json\/wp\/v2\/product"}],"about":[{"href":"https:\/\/yutaimachinery.com\/de\/wp-json\/wp\/v2\/types\/product"}],"version-history":[{"count":0,"href":"https:\/\/yutaimachinery.com\/de\/wp-json\/wp\/v2\/product\/5139\/revisions"}],"wp:featuredmedia":[{"embeddable":true,"href":"https:\/\/yutaimachinery.com\/de\/wp-json\/wp\/v2\/media\/5145"}],"wp:attachment":[{"href":"https:\/\/yutaimachinery.com\/de\/wp-json\/wp\/v2\/media?parent=5139"}],"wp:term":[{"taxonomy":"product_brand","embeddable":true,"href":"https:\/\/yutaimachinery.com\/de\/wp-json\/wp\/v2\/product_brand?post=5139"},{"taxonomy":"product_cat","embeddable":true,"href":"https:\/\/yutaimachinery.com\/de\/wp-json\/wp\/v2\/product_cat?post=5139"},{"taxonomy":"product_tag","embeddable":true,"href":"https:\/\/yutaimachinery.com\/de\/wp-json\/wp\/v2\/product_tag?post=5139"}],"curies":[{"name":"wp","href":"https:\/\/api.w.org\/{rel}","templated":true}]}}