{"id":5127,"date":"2025-06-13T16:26:03","date_gmt":"2025-06-13T08:26:03","guid":{"rendered":"https:\/\/yutaimachinery.com\/?post_type=product&#038;p=5127"},"modified":"2026-01-15T11:24:32","modified_gmt":"2026-01-15T03:24:32","slug":"ceramic-jiggering-machine","status":"publish","type":"product","link":"https:\/\/yutaimachinery.com\/de\/product\/ceramic-jiggering-machine\/","title":{"rendered":"Automatisierte keramische Ausrichtmaschine f\u00fcr Tassen und Becher mit Henkelformung"},"content":{"rendered":"<div class=\"wp-block-columns is-layout-flex wp-container-core-columns-is-layout-9d6595d7 wp-block-columns-is-layout-flex\">\n<div class=\"wp-block-column is-layout-flow wp-block-column-is-layout-flow\">\n<h2 class=\"wp-block-heading\">Merkmale der Keramikausstechmaschine<\/h2>\n\n\n\n<p><strong>Integriertes Form-, Trocknungs- und Entformungssystem<\/strong>: Die automatisierte Linie kombiniert Formenf\u00f6rderer, eine R\u00fcttlereinheit, einen Trockner und eine CNC-Steuerung und kann mit Glasier- und Brennanlagen verbunden werden. Sie strafft den Arbeitsablauf und verbessert die Produktionseffizienz erheblich.<\/p>\n\n\n\n<p><strong>Einstufige Formgebung f\u00fcr Henkelbecher<\/strong>: Eine spezielle Formkonstruktion und Roboterarme erm\u00f6glichen es, den Tassenk\u00f6rper und den Henkel in einem einzigen Prozess zu formen.<\/p>\n\n\n\n<p><strong>Stabile Leistung mit gleichm\u00e4\u00dfiger Dicke<\/strong>: Sorgt f\u00fcr glatte Oberfl\u00e4chen, gleichm\u00e4\u00dfiges Gewicht und zuverl\u00e4ssige Qualit\u00e4t in der Massenproduktion.<\/p>\n\n\n\n<p><strong>Breites Anwendungsspektrum<\/strong>: Geeignet f\u00fcr Sch\u00fcsseln, Teller, Tassen, Untertassen und verschiedene Keramikformen und -gr\u00f6\u00dfen. Ideal f\u00fcr gro\u00dfe Gegenst\u00e4nde wie Blument\u00f6pfe, gro\u00dfe Schalen und \u00fcbergro\u00dfes Geschirr, die eine h\u00f6here Formkraft erfordern.<\/p>\n\n\n\n<p><strong>Langlebige Konstruktion<\/strong>: Hergestellt aus hochfestem Stahl und korrosionsbest\u00e4ndigen Komponenten f\u00fcr eine lange Nutzungsdauer.<\/p>\n\n\n\n<p><strong>Anpassbare Struktur und Spezifikationen<\/strong>: Formgr\u00f6\u00dfen, Maschinenabmessungen, Geschwindigkeitseinstellungen und Automatisierungsoptionen k\u00f6nnen auf die Kundenanforderungen zugeschnitten werden.<\/p>\n\n\n\n<p><strong>Zeitsparend und hocheffizient<\/strong>: Minimiert die manuelle Handhabung bei gleichbleibender Formgenauigkeit.<\/p>\n<\/div>\n\n\n\n<div class=\"wp-block-column is-layout-flow wp-block-column-is-layout-flow\">\n<figure class=\"wp-block-embed aligncenter is-type-video is-provider-youtube wp-block-embed-youtube wp-embed-aspect-16-9 wp-has-aspect-ratio\"><div class=\"wp-block-embed__wrapper\">\n<iframe title=\"Maschine zur Herstellung von Keramikbechern mit Henkel\" width=\"940\" height=\"529\" src=\"https:\/\/www.youtube.com\/embed\/BHIx1WBU9Tc?feature=oembed\" frameborder=\"0\" allow=\"accelerometer; autoplay; clipboard-write; encrypted-media; gyroscope; picture-in-picture; web-share\" referrerpolicy=\"strict-origin-when-cross-origin\" allowfullscreen><\/iframe>\n<\/div><\/figure>\n<\/div>\n<\/div>\n\n\n\n<div class=\"wp-block-columns is-layout-flex wp-container-core-columns-is-layout-9d6595d7 wp-block-columns-is-layout-flex\">\n<div class=\"wp-block-column is-layout-flow wp-block-column-is-layout-flow\">\n<figure class=\"wp-block-image size-full\"><img fetchpriority=\"high\" decoding=\"async\" width=\"800\" height=\"600\" src=\"https:\/\/yutaimachinery.com\/wp-content\/uploads\/2025\/06\/Automated-Jigger-Machine-vs.-Manual-Handle-Attaching.jpg\" alt=\"Automatisierte Jigger-Maschine vs. manuelles Anbringen der Griffe\" class=\"wp-image-6282\" title=\"\" srcset=\"https:\/\/yutaimachinery.com\/wp-content\/uploads\/2025\/06\/Automated-Jigger-Machine-vs.-Manual-Handle-Attaching.jpg 800w, https:\/\/yutaimachinery.com\/wp-content\/uploads\/2025\/06\/Automated-Jigger-Machine-vs.-Manual-Handle-Attaching-300x225.jpg 300w, https:\/\/yutaimachinery.com\/wp-content\/uploads\/2025\/06\/Automated-Jigger-Machine-vs.-Manual-Handle-Attaching-768x576.jpg 768w, https:\/\/yutaimachinery.com\/wp-content\/uploads\/2025\/06\/Automated-Jigger-Machine-vs.-Manual-Handle-Attaching-16x12.jpg 16w, https:\/\/yutaimachinery.com\/wp-content\/uploads\/2025\/06\/Automated-Jigger-Machine-vs.-Manual-Handle-Attaching-285x214.jpg 285w, https:\/\/yutaimachinery.com\/wp-content\/uploads\/2025\/06\/Automated-Jigger-Machine-vs.-Manual-Handle-Attaching-660x495.jpg 660w, https:\/\/yutaimachinery.com\/wp-content\/uploads\/2025\/06\/Automated-Jigger-Machine-vs.-Manual-Handle-Attaching-150x113.jpg 150w\" sizes=\"(max-width: 800px) 100vw, 800px\" \/><\/figure>\n<\/div>\n\n\n\n<div class=\"wp-block-column is-layout-flow wp-block-column-is-layout-flow\">\n<h2 class=\"wp-block-heading\">Vorteile der Jigger-Maschine bei der Herstellung von Henkelbechern<\/h2>\n\n\n\n<p>Verglichen mit der traditionellen manuellen Anbringung von Griffen, ist ein <strong>automatischer Jigger f\u00fcr Becher und Tassen mit Henkel<\/strong> erm\u00f6glicht einen effizienteren, stabileren und konsistenteren Produktionsprozess.<\/p>\n\n\n\n<p>Das manuelle Anbringen von Griffen ist in hohem Ma\u00dfe von qualifizierten Arbeitskr\u00e4ften abh\u00e4ngig, was h\u00e4ufig zu einer uneinheitlichen Positionierung der Griffe, variabler Klebekraft und h\u00f6heren Fehlerquoten f\u00fchrt.<\/p>\n\n\n\n<p>Durch den Einsatz einer Jigger-Maschine mit automatisiertem Griffsystem k\u00f6nnen die Hersteller ihre Ziele erreichen:<\/p>\n\n\n\n<ul class=\"wp-block-list\">\n<li>Pr\u00e4zise und wiederholbare Griffpositionierung<\/li>\n\n\n\n<li>Gleichm\u00e4\u00dfige Griffform und starke Klebequalit\u00e4t<\/li>\n\n\n\n<li>Geringere Abh\u00e4ngigkeit von Arbeitskr\u00e4ften und niedrigere Produktionskosten<\/li>\n\n\n\n<li>Stabile Leistung, geeignet f\u00fcr die Produktion von Bechern und Tassen in gro\u00dfen Mengen<\/li>\n<\/ul>\n\n\n\n<p>Dies macht die R\u00fcttelmaschine zu einer idealen L\u00f6sung f\u00fcr Fabriken, die Keramikbecher, Tassen und anderes Geschirr herstellen.<\/p>\n<\/div>\n<\/div>\n\n\n\n<div class=\"wp-block-columns is-layout-flex wp-container-core-columns-is-layout-9d6595d7 wp-block-columns-is-layout-flex\">\n<div class=\"wp-block-column is-layout-flow wp-block-column-is-layout-flow\">\n<figure class=\"wp-block-image size-full is-resized\"><img decoding=\"async\" width=\"1000\" height=\"750\" src=\"https:\/\/yutaimachinery.com\/wp-content\/uploads\/2025\/06\/ceramic-jigger-machine-for-mugs-bowls-plates-cups-making-11.webp\" alt=\"Keramik-Jigger-Maschine f\u00fcr die Herstellung von Bechern, Schalen, Tellern und Tassen\" class=\"wp-image-6113\" style=\"width:731px;height:auto\" title=\"\" srcset=\"https:\/\/yutaimachinery.com\/wp-content\/uploads\/2025\/06\/ceramic-jigger-machine-for-mugs-bowls-plates-cups-making-11.webp 1000w, https:\/\/yutaimachinery.com\/wp-content\/uploads\/2025\/06\/ceramic-jigger-machine-for-mugs-bowls-plates-cups-making-11-300x225.webp 300w, https:\/\/yutaimachinery.com\/wp-content\/uploads\/2025\/06\/ceramic-jigger-machine-for-mugs-bowls-plates-cups-making-11-768x576.webp 768w, https:\/\/yutaimachinery.com\/wp-content\/uploads\/2025\/06\/ceramic-jigger-machine-for-mugs-bowls-plates-cups-making-11-16x12.webp 16w, https:\/\/yutaimachinery.com\/wp-content\/uploads\/2025\/06\/ceramic-jigger-machine-for-mugs-bowls-plates-cups-making-11-285x214.webp 285w, https:\/\/yutaimachinery.com\/wp-content\/uploads\/2025\/06\/ceramic-jigger-machine-for-mugs-bowls-plates-cups-making-11-800x600.webp 800w, https:\/\/yutaimachinery.com\/wp-content\/uploads\/2025\/06\/ceramic-jigger-machine-for-mugs-bowls-plates-cups-making-11-660x495.webp 660w, https:\/\/yutaimachinery.com\/wp-content\/uploads\/2025\/06\/ceramic-jigger-machine-for-mugs-bowls-plates-cups-making-11-150x113.webp 150w\" sizes=\"(max-width: 1000px) 100vw, 1000px\" \/><\/figure>\n<\/div>\n\n\n\n<div class=\"wp-block-column is-layout-flow wp-block-column-is-layout-flow\">\n<figure class=\"wp-block-image size-full\"><img decoding=\"async\" width=\"1000\" height=\"750\" src=\"https:\/\/yutaimachinery.com\/wp-content\/uploads\/2025\/12\/ceramic-jigger-machine-for-mugs-bowls-plates-cups-making-18-edited.webp\" alt=\"Keramik-Jigger-Maschine f\u00fcr die Herstellung von Bechern, Schalen, Tellern und Tassen\" class=\"wp-image-6131\" title=\"\" srcset=\"https:\/\/yutaimachinery.com\/wp-content\/uploads\/2025\/12\/ceramic-jigger-machine-for-mugs-bowls-plates-cups-making-18-edited.webp 1000w, https:\/\/yutaimachinery.com\/wp-content\/uploads\/2025\/12\/ceramic-jigger-machine-for-mugs-bowls-plates-cups-making-18-edited-300x225.webp 300w, https:\/\/yutaimachinery.com\/wp-content\/uploads\/2025\/12\/ceramic-jigger-machine-for-mugs-bowls-plates-cups-making-18-edited-768x576.webp 768w, https:\/\/yutaimachinery.com\/wp-content\/uploads\/2025\/12\/ceramic-jigger-machine-for-mugs-bowls-plates-cups-making-18-edited-16x12.webp 16w, https:\/\/yutaimachinery.com\/wp-content\/uploads\/2025\/12\/ceramic-jigger-machine-for-mugs-bowls-plates-cups-making-18-edited-285x214.webp 285w, https:\/\/yutaimachinery.com\/wp-content\/uploads\/2025\/12\/ceramic-jigger-machine-for-mugs-bowls-plates-cups-making-18-edited-800x600.webp 800w, https:\/\/yutaimachinery.com\/wp-content\/uploads\/2025\/12\/ceramic-jigger-machine-for-mugs-bowls-plates-cups-making-18-edited-660x495.webp 660w, https:\/\/yutaimachinery.com\/wp-content\/uploads\/2025\/12\/ceramic-jigger-machine-for-mugs-bowls-plates-cups-making-18-edited-150x113.webp 150w\" sizes=\"(max-width: 1000px) 100vw, 1000px\" \/><\/figure>\n<\/div>\n<\/div>","protected":false},"excerpt":{"rendered":"<p data-start=\"90\" data-end=\"556\"><strong data-start=\"90\" data-end=\"122\">YUTAI Keramik-Jigger-Maschine<\/strong> ist eine vollautomatische Formanlage, die Formtransport, R\u00fctteln und Trocknen integriert und von einem CNC-System gesteuert wird, das einen stabilen und pr\u00e4zisen Betrieb gew\u00e4hrleistet.<br data-start=\"268\" data-end=\"271\" \/>Es ist besonders geeignet f\u00fcr <strong data-start=\"301\" data-end=\"331\">Tassen und Becher mit Henkel<\/strong>, die eine gleichm\u00e4\u00dfige Formgebung und eine effiziente Gro\u00dfserienproduktion gew\u00e4hrleisten, sowie Schalen, Teller, Untertassen, Blument\u00f6pfe und andere keramische Erzeugnisse in verschiedenen Gr\u00f6\u00dfen.<br data-start=\"487\" data-end=\"490\" \/>Die Maschinenspezifikationen k\u00f6nnen an die Kundenanforderungen angepasst werden.<\/p>\n<h2>Anwendung der Keramik-Jigger-Maschine:<\/h2>\n<ul>\n<li>Herstellung von Geschirr f\u00fcr den t\u00e4glichen Gebrauch<\/li>\n<li>Keramikprodukte f\u00fcr Hotels und Gastronomie<\/li>\n<li>Herstellung von gro\u00dfformatigen Keramikwaren<\/li>\n<li>OEM-\/ODM-Keramikproduktlinien<\/li>\n<\/ul>\n<h2>Alles aus einer Hand: Keramik-Schleifmaschinen:<\/h2>\n<ol>\n<li><strong>Schl\u00fcsselfertige Projektunterst\u00fctzung:<\/strong> von der Auswahl der Ausr\u00fcstung bis zur Planung des Layouts.<\/li>\n<li><strong>Formgestaltung und Anpassung:<\/strong> auf Ihre Produktformen und -gr\u00f6\u00dfen zugeschnitten.<\/li>\n<li><strong>Integration in die Produktionslinie:<\/strong> Formgebung, Trocknung, Glasur und Brennofenkoordination.<\/li>\n<li><strong>Installation und Inbetriebnahme:<\/strong> Technische Beratung vor Ort oder per Fernzugriff.<\/li>\n<li><strong>Schulung f\u00fcr Bediener:<\/strong> Gew\u00e4hrleistung eines reibungslosen und effizienten t\u00e4glichen Betriebs.<\/li>\n<li><strong>Technischer Kundendienst:<\/strong> Schnelle Reaktion bei Wartung und Ersatzteilen.<\/li>\n<li><strong>Unterst\u00fctzung bei der Prozessoptimierung:<\/strong> Verbesserung der Ausbeute und Produktkonsistenz.<\/li>\n<\/ol>","protected":false},"featured_media":6267,"template":"","meta":{"_acf_changed":false},"product_brand":[],"product_cat":[55],"product_tag":[],"class_list":{"0":"post-5127","1":"product","2":"type-product","3":"status-publish","4":"has-post-thumbnail","6":"product_cat-ceramic-forming-machine","8":"first","9":"instock","10":"shipping-taxable","11":"product-type-simple"},"acf":{"customization_content":"","customization_content_source":{"label":"Customization Content","type":"wysiwyg","formatted_value":""},"why_choose_us_content":"<h2 style=\"text-align: center;\">Why Choose Us as Your Ceramic Automatic Forming Line Supplier<\/h2>\r\n\r\n<hr \/>\r\n<p style=\"text-align: center;\">Yutai as a ceramic tableware manufacturer, maintains strict quality standards and excellent service. Revolutionize your manufacturing processes with cutting-edge automation technology that streamlines forming and enhances efficiency.<\/p>","why_choose_us_content_source":{"label":"Why Choose Us Content","type":"wysiwyg","formatted_value":"<h2 style=\"text-align: center;\">Why Choose Us as Your Ceramic Automatic Forming Line Supplier<\/h2>\n<hr \/>\n<p style=\"text-align: center;\">Yutai as a ceramic tableware manufacturer, maintains strict quality standards and excellent service. Revolutionize your manufacturing processes with cutting-edge automation technology that streamlines forming and enhances efficiency.<\/p>\n"}},"_links":{"self":[{"href":"https:\/\/yutaimachinery.com\/de\/wp-json\/wp\/v2\/product\/5127","targetHints":{"allow":["GET"]}}],"collection":[{"href":"https:\/\/yutaimachinery.com\/de\/wp-json\/wp\/v2\/product"}],"about":[{"href":"https:\/\/yutaimachinery.com\/de\/wp-json\/wp\/v2\/types\/product"}],"version-history":[{"count":0,"href":"https:\/\/yutaimachinery.com\/de\/wp-json\/wp\/v2\/product\/5127\/revisions"}],"wp:featuredmedia":[{"embeddable":true,"href":"https:\/\/yutaimachinery.com\/de\/wp-json\/wp\/v2\/media\/6267"}],"wp:attachment":[{"href":"https:\/\/yutaimachinery.com\/de\/wp-json\/wp\/v2\/media?parent=5127"}],"wp:term":[{"taxonomy":"product_brand","embeddable":true,"href":"https:\/\/yutaimachinery.com\/de\/wp-json\/wp\/v2\/product_brand?post=5127"},{"taxonomy":"product_cat","embeddable":true,"href":"https:\/\/yutaimachinery.com\/de\/wp-json\/wp\/v2\/product_cat?post=5127"},{"taxonomy":"product_tag","embeddable":true,"href":"https:\/\/yutaimachinery.com\/de\/wp-json\/wp\/v2\/product_tag?post=5127"}],"curies":[{"name":"wp","href":"https:\/\/api.w.org\/{rel}","templated":true}]}}