{"id":5115,"date":"2025-06-13T15:50:32","date_gmt":"2025-06-13T07:50:32","guid":{"rendered":"https:\/\/yutaimachinery.com\/?post_type=product&#038;p=5115"},"modified":"2025-06-17T11:28:05","modified_gmt":"2025-06-17T03:28:05","slug":"automatic-conveyor-belt","status":"publish","type":"product","link":"https:\/\/yutaimachinery.com\/de\/product\/automatic-conveyor-belt\/","title":{"rendered":"Automatisches F\u00f6rderband f\u00fcr keramische Produktionslinie"},"content":{"rendered":"<div class=\"wp-block-columns is-layout-flex wp-container-core-columns-is-layout-9d6595d7 wp-block-columns-is-layout-flex\">\n<div class=\"wp-block-column is-layout-flow wp-block-column-is-layout-flow\" style=\"flex-basis:50%\"><div class=\"wp-block-image\">\n<figure class=\"aligncenter size-full\"><img fetchpriority=\"high\" decoding=\"async\" width=\"800\" height=\"800\" src=\"https:\/\/yutaimachinery.com\/wp-content\/uploads\/2025\/06\/Automatic-Conveyor-Belt-for-Ceramic-Production-Line-4.webp\" alt=\"Automatisches F\u00f6rderband f\u00fcr keramische Produktionslinie (4)\" class=\"wp-image-5120\" title=\"\" srcset=\"https:\/\/yutaimachinery.com\/wp-content\/uploads\/2025\/06\/Automatic-Conveyor-Belt-for-Ceramic-Production-Line-4.webp 800w, https:\/\/yutaimachinery.com\/wp-content\/uploads\/2025\/06\/Automatic-Conveyor-Belt-for-Ceramic-Production-Line-4-300x300.webp 300w, https:\/\/yutaimachinery.com\/wp-content\/uploads\/2025\/06\/Automatic-Conveyor-Belt-for-Ceramic-Production-Line-4-150x150.webp 150w, https:\/\/yutaimachinery.com\/wp-content\/uploads\/2025\/06\/Automatic-Conveyor-Belt-for-Ceramic-Production-Line-4-768x768.webp 768w, https:\/\/yutaimachinery.com\/wp-content\/uploads\/2025\/06\/Automatic-Conveyor-Belt-for-Ceramic-Production-Line-4-12x12.webp 12w, https:\/\/yutaimachinery.com\/wp-content\/uploads\/2025\/06\/Automatic-Conveyor-Belt-for-Ceramic-Production-Line-4-285x285.webp 285w, https:\/\/yutaimachinery.com\/wp-content\/uploads\/2025\/06\/Automatic-Conveyor-Belt-for-Ceramic-Production-Line-4-270x270.webp 270w, https:\/\/yutaimachinery.com\/wp-content\/uploads\/2025\/06\/Automatic-Conveyor-Belt-for-Ceramic-Production-Line-4-540x540.webp 540w, https:\/\/yutaimachinery.com\/wp-content\/uploads\/2025\/06\/Automatic-Conveyor-Belt-for-Ceramic-Production-Line-4-660x660.webp 660w\" sizes=\"(max-width: 800px) 100vw, 800px\" \/><\/figure>\n<\/div><\/div>\n\n\n\n<div class=\"wp-block-column is-layout-flow wp-block-column-is-layout-flow\">\n<h2 class=\"wp-block-heading\">Merkmale von F\u00f6rderb\u00e4ndern:<\/h2>\n\n\n\n<p><strong>Chevron-Muster G\u00fcrtel Design<\/strong><br>Die V-f\u00f6rmige Oberfl\u00e4che erh\u00f6ht die Reibung und verhindert ein Verrutschen des Produkts beim Transport in Hanglage.<\/p>\n\n\n\n<p><strong>Langlebige Konstruktion<\/strong><br>Hergestellt aus einem hochfesten Stahlrahmen und einem verschlei\u00dffesten Gummiband, das eine lange Lebensdauer in Umgebungen mit hohem Staubaufkommen und hoher Belastung gew\u00e4hrleistet.<\/p>\n\n\n\n<p><strong>Anpassbare Abmessungen<\/strong><br>Erh\u00e4ltlich in verschiedenen Breiten, L\u00e4ngen und Neigungswinkeln zur Anpassung an unterschiedliche Produktionslinienlayouts.<\/p>\n\n\n\n<p><strong>Energieeffizienter Motorantrieb<\/strong><br>Ausgestattet mit einem zuverl\u00e4ssigen elektrischen Antriebssystem f\u00fcr stabile Geschwindigkeitsregelung und reduzierten Energieverbrauch.<\/p>\n\n\n\n<p><strong>Einfach zu pflegen<\/strong><br>Das modulare Rollendesign erm\u00f6glicht eine schnelle Inspektion, Reinigung und den Austausch von Teilen und minimiert so die Ausfallzeiten.<\/p>\n<\/div>\n<\/div>\n\n\n\n<div class=\"wp-block-columns is-layout-flex wp-container-core-columns-is-layout-9d6595d7 wp-block-columns-is-layout-flex\">\n<div class=\"wp-block-column is-layout-flow wp-block-column-is-layout-flow\"><\/div>\n\n\n\n<div class=\"wp-block-column is-layout-flow wp-block-column-is-layout-flow\"><\/div>\n<\/div>\n\n\n\n<p><\/p>","protected":false},"excerpt":{"rendered":"<p data-start=\"123\" data-end=\"429\">Dieses automatische F\u00f6rderband wurde speziell f\u00fcr Keramikfabriken entwickelt. Es eignet sich f\u00fcr den automatischen Transport von Rohstoffen in der Keramikproduktion, verbessert effektiv die Produktionseffizienz und reduziert die Arbeitskosten. Die Gr\u00f6\u00dfe kann je nach den Bed\u00fcrfnissen des Kunden angepasst werden. Es ist ein wichtiger Teil der modernen keramischen automatisierten Produktionslinie.<\/p>\n<h2>Alles aus einer Hand f\u00fcr Keramikmaschinen:<\/h2>\n<ol>\n<li>Individuell angepasst: Unterst\u00fctzung f\u00fcr kundenspezifische Ausr\u00fcstungsteile, kundenspezifisches Zubeh\u00f6r und kundenspezifische Anwendungen<\/li>\n<li>Unterst\u00fctzung des Layout-Designs:  Je nach Fabrikfl\u00e4che, Produktionsplan und Kapitalinvestition bieten wir professionelle Design- und Layout-Dienstleistungen.<\/li>\n<li>Technische Unterst\u00fctzung und Service: Hochqualifizierte Techniker montieren Ihre Maschinen und bieten Videoschulungen und technischen Support.<\/li>\n<\/ol>","protected":false},"featured_media":5120,"template":"","meta":{"_acf_changed":false},"product_brand":[],"product_cat":[54],"product_tag":[],"class_list":{"0":"post-5115","1":"product","2":"type-product","3":"status-publish","4":"has-post-thumbnail","6":"product_cat-clay-making-machine","8":"first","9":"instock","10":"shipping-taxable","11":"product-type-simple"},"acf":{"customization_content":"","customization_content_source":{"label":"Customization Content","type":"wysiwyg","formatted_value":""},"why_choose_us_content":"<h2 style=\"text-align: center;\">Why Choose Us as Your Ceramic Machine Supplier<\/h2>\r\n\r\n<hr \/>\r\n<p style=\"text-align: center;\">Yutai is a ceramic machine manufacturer, maintains strict quality standards and excellent service. Revolutionize your manufacturing processes with cutting-edge automation technology that streamlines forming and enhances efficiency.<\/p>","why_choose_us_content_source":{"label":"Why Choose Us Content","type":"wysiwyg","formatted_value":"<h2 style=\"text-align: center;\">Why Choose Us as Your Ceramic Machine Supplier<\/h2>\n<hr \/>\n<p style=\"text-align: center;\">Yutai is a ceramic machine manufacturer, maintains strict quality standards and excellent service. Revolutionize your manufacturing processes with cutting-edge automation technology that streamlines forming and enhances efficiency.<\/p>\n"}},"_links":{"self":[{"href":"https:\/\/yutaimachinery.com\/de\/wp-json\/wp\/v2\/product\/5115","targetHints":{"allow":["GET"]}}],"collection":[{"href":"https:\/\/yutaimachinery.com\/de\/wp-json\/wp\/v2\/product"}],"about":[{"href":"https:\/\/yutaimachinery.com\/de\/wp-json\/wp\/v2\/types\/product"}],"version-history":[{"count":0,"href":"https:\/\/yutaimachinery.com\/de\/wp-json\/wp\/v2\/product\/5115\/revisions"}],"wp:featuredmedia":[{"embeddable":true,"href":"https:\/\/yutaimachinery.com\/de\/wp-json\/wp\/v2\/media\/5120"}],"wp:attachment":[{"href":"https:\/\/yutaimachinery.com\/de\/wp-json\/wp\/v2\/media?parent=5115"}],"wp:term":[{"taxonomy":"product_brand","embeddable":true,"href":"https:\/\/yutaimachinery.com\/de\/wp-json\/wp\/v2\/product_brand?post=5115"},{"taxonomy":"product_cat","embeddable":true,"href":"https:\/\/yutaimachinery.com\/de\/wp-json\/wp\/v2\/product_cat?post=5115"},{"taxonomy":"product_tag","embeddable":true,"href":"https:\/\/yutaimachinery.com\/de\/wp-json\/wp\/v2\/product_tag?post=5115"}],"curies":[{"name":"wp","href":"https:\/\/api.w.org\/{rel}","templated":true}]}}