{"id":4471,"date":"2024-08-23T14:59:40","date_gmt":"2024-08-23T06:59:40","guid":{"rendered":"https:\/\/yutaimachinery.com\/?post_type=product&#038;p=4471"},"modified":"2024-08-23T15:23:08","modified_gmt":"2024-08-23T07:23:08","slug":"pneumatic-screen-stretching-machine","status":"publish","type":"product","link":"https:\/\/yutaimachinery.com\/de\/product\/pneumatic-screen-stretching-machine\/","title":{"rendered":"Pneumatische Siebspannmaschine Luftbetriebene Maischeziehmaschine"},"content":{"rendered":"<div class=\"wp-block-columns is-layout-flex wp-container-core-columns-is-layout-9d6595d7 wp-block-columns-is-layout-flex\">\n<div class=\"wp-block-column is-layout-flow wp-block-column-is-layout-flow\">\n<h2 class=\"wp-block-heading\"><strong><strong>Pneumatische Siebspannmaschine<\/strong><\/strong> <strong>Merkmale:<\/strong><\/h2>\n\n\n\n<p>Die pneumatische Siebspannmaschine ist ein Werkzeug, das im Siebdruck verwendet wird, um Siebe fest zu spannen. Sie arbeitet mit einem Luftkompressor und verwendet mehrere miteinander verbundene Spannr\u00e4der, um das Sieb gleichm\u00e4\u00dfig zu spannen.<\/p>\n\n\n\n<p>Der Netzzugweg betr\u00e4gt bis zu 7,5 cm, und gro\u00dfe und kleine Bretter k\u00f6nnen frei gezogen werden. Jede Netzklemme ist 300 mm lang.<\/p>\n<\/div>\n<\/div>","protected":false},"excerpt":{"rendered":"<p>Die pneumatische Siebspannmaschine macht das Sieb straffer und stabiler. Sie wird von der Yutai Factory hergestellt und vertrieben und bietet erschwingliche Preise und einen schnellen Lieferservice. F\u00fcr weitere Siebdruckmaschine L\u00f6sungen, kontaktieren Sie bitte Yutai Keramik Maschinenhersteller.<\/p>\n<h2>Alles aus einer Hand f\u00fcr die pneumatische Siebspannmaschine:<\/h2>\n<ol>\n<li>\n<p>Fabrik Preis: Als Hersteller von keramischen Druckmaschinen bieten wir kosteng\u00fcnstige pneumatische Siebspannmaschinen an, kontaktieren Sie uns bitte, um den Fabrikpreis zu erhalten.<\/p>\n<\/li>\n<li>\n<p>Technische Unterst\u00fctzung: Professionelle technische Anleitung und mechanische Installation, mit Videoanleitungen, um eine schnelle Nutzung des Produkts zu gew\u00e4hrleisten.<\/p>\n<\/li>\n<li>\n<p>Ersatzteile: Eine Reihe von Original-Ersatzteilen liefern.<\/p>\n<\/li>\n<li>\n<p>Unterst\u00fctzung nach dem Kauf: 24-Stunden-Online-Hilfe, um sicherzustellen, dass Sie mit den pneumatischen Siebspannmaschinen zufrieden sind und dass sie reibungslos in Ihrer Produktionslinie eingesetzt werden.<\/p>\n<\/li>\n<\/ol>","protected":false},"featured_media":4472,"template":"","meta":{"_acf_changed":false},"product_brand":[],"product_cat":[59],"product_tag":[],"class_list":{"0":"post-4471","1":"product","2":"type-product","3":"status-publish","4":"has-post-thumbnail","6":"product_cat-ceramic-printing-machine","8":"first","9":"instock","10":"shipping-taxable","11":"product-type-simple"},"acf":{"customization_content":"<h2><\/h2>\r\n<div><\/div>","customization_content_source":{"label":"Customization Content","type":"wysiwyg","formatted_value":"<h2><\/h2>\n<div><\/div>\n"},"why_choose_us_content":"<h2 style=\"text-align: center;\">Why Choose Us as Your Ceramic Printing Machine Supplier<\/h2>\r\n\r\n<hr \/>\r\n<p style=\"text-align: center;\">\u00a0Yutai as a ceramic printing machine manufacturer, maintains strict quality standards and excellent service. Revolutionize your manufacturing processes with cutting-edge automation technology that streamlines forming and enhances efficiency.<\/p>","why_choose_us_content_source":{"label":"Why Choose Us Content","type":"wysiwyg","formatted_value":"<h2 style=\"text-align: center;\">Why Choose Us as Your Ceramic Printing Machine Supplier<\/h2>\n<hr \/>\n<p style=\"text-align: center;\">\u00a0Yutai as a ceramic printing machine manufacturer, maintains strict quality standards and excellent service. Revolutionize your manufacturing processes with cutting-edge automation technology that streamlines forming and enhances efficiency.<\/p>\n"}},"_links":{"self":[{"href":"https:\/\/yutaimachinery.com\/de\/wp-json\/wp\/v2\/product\/4471","targetHints":{"allow":["GET"]}}],"collection":[{"href":"https:\/\/yutaimachinery.com\/de\/wp-json\/wp\/v2\/product"}],"about":[{"href":"https:\/\/yutaimachinery.com\/de\/wp-json\/wp\/v2\/types\/product"}],"version-history":[{"count":0,"href":"https:\/\/yutaimachinery.com\/de\/wp-json\/wp\/v2\/product\/4471\/revisions"}],"wp:featuredmedia":[{"embeddable":true,"href":"https:\/\/yutaimachinery.com\/de\/wp-json\/wp\/v2\/media\/4472"}],"wp:attachment":[{"href":"https:\/\/yutaimachinery.com\/de\/wp-json\/wp\/v2\/media?parent=4471"}],"wp:term":[{"taxonomy":"product_brand","embeddable":true,"href":"https:\/\/yutaimachinery.com\/de\/wp-json\/wp\/v2\/product_brand?post=4471"},{"taxonomy":"product_cat","embeddable":true,"href":"https:\/\/yutaimachinery.com\/de\/wp-json\/wp\/v2\/product_cat?post=4471"},{"taxonomy":"product_tag","embeddable":true,"href":"https:\/\/yutaimachinery.com\/de\/wp-json\/wp\/v2\/product_tag?post=4471"}],"curies":[{"name":"wp","href":"https:\/\/api.w.org\/{rel}","templated":true}]}}