{"id":4462,"date":"2024-08-20T11:28:36","date_gmt":"2024-08-20T03:28:36","guid":{"rendered":"https:\/\/yutaimachinery.com\/?post_type=product&#038;p=4462"},"modified":"2024-08-20T11:49:11","modified_gmt":"2024-08-20T03:49:11","slug":"siebbelichtungsmaschine","status":"publish","type":"product","link":"https:\/\/yutaimachinery.com\/de\/product\/screen-exposing-machine\/","title":{"rendered":"Siebbelichtungsmaschine Vakuum Automatische Computersteuerung"},"content":{"rendered":"<div class=\"wp-block-columns is-layout-flex wp-container-core-columns-is-layout-9d6595d7 wp-block-columns-is-layout-flex\">\n<div class=\"wp-block-column is-layout-flow wp-block-column-is-layout-flow\">\n<h2 class=\"wp-block-heading\"><strong><strong>Siebbelichtungsmaschine<\/strong><\/strong> <strong>Merkmale:<\/strong><\/h2>\n\n\n\n<p>Trockene Hochleistungs-Vakuumpumpe, hochgespanntes Gummituch.<\/p>\n\n\n\n<p>Automatisches Vakuumieren und automatische Belichtung k\u00f6nnen die Platte kontinuierlich belichten, geeignet f\u00fcr Hersteller mit gro\u00dfem Belichtungsvolumen.<\/p>\n\n\n\n<p>Mikrocomputersteuerung, Verwendung von hochwertigen Vorschaltger\u00e4ten, Ausl\u00f6sern, Belichtungslampen<\/p>\n<\/div>\n\n\n\n<div class=\"wp-block-column is-layout-flow wp-block-column-is-layout-flow\">\n<h2 class=\"wp-block-heading\">Siebbelichtungsmaschine <strong>Parameter:<\/strong><\/h2>\n\n\n\n<figure class=\"wp-block-table\"><table class=\"has-fixed-layout\"><tbody><tr><td>Spez.<\/td><td>1113<\/td><td>1215<\/td><\/tr><tr><td>Maximale Druckfl\u00e4che<\/td><td>1000x1200mm<\/td><td>1100x1400mm<\/td><\/tr><tr><td>Beleuchtung Strom<\/td><td>2Kw\/220V<\/td><td>3Kw1380V<\/td><\/tr><tr><td>Geeignete Stromquelle<\/td><td>220V<\/td><td>220V\/380V<\/td><\/tr><\/tbody><\/table><\/figure>\n<\/div>\n<\/div>","protected":false},"excerpt":{"rendered":"<p>Yutai Screen Printing Machine Factory ist ein Hersteller und Gro\u00dfh\u00e4ndler von Siebdruckmaschinen, Siebbelichtungsmaschinen, Siebtrocknungsmaschinen, Keramikmaschinen, etc. Unsere Fabrik hat ein fortschrittliches technisches Team und einen Kundendienst, der ma\u00dfgeschneiderte L\u00f6sungen aus einer Hand bietet. Willkommen bei uns f\u00fcr weitere Informationen\uff01<\/p>\n<h2>Alles aus einer Hand f\u00fcr die Siebbelichtungsmaschine:<\/h2>\n<ol>\n<li>\n<p>Fabrik Preis: Als Hersteller von keramischen Druckmaschinen bieten wir kosteneffiziente Siebbelichtungsmaschinen an. Bitte kontaktieren Sie uns, um den Fabrikpreis zu erfahren.<\/p>\n<\/li>\n<li>\n<p>Technische Unterst\u00fctzung: Professionelle technische Anleitung und mechanische Installation, mit Videoanleitungen, um eine schnelle Nutzung des Produkts zu gew\u00e4hrleisten.<\/p>\n<\/li>\n<li>\n<p>Ersatzteile: Eine Reihe von Original-Ersatzteilen liefern.<\/p>\n<\/li>\n<li>\n<p>Unterst\u00fctzung nach dem Kauf: 24-Stunden-Online-Hilfe, um sicherzustellen, dass Sie mit den Siebbelichtungsmaschinen zufrieden sind und dass sie reibungslos in Ihrer Produktionslinie eingesetzt werden.<\/p>\n<\/li>\n<\/ol>","protected":false},"featured_media":4463,"template":"","meta":{"_acf_changed":false},"product_brand":[],"product_cat":[59],"product_tag":[],"class_list":{"0":"post-4462","1":"product","2":"type-product","3":"status-publish","4":"has-post-thumbnail","6":"product_cat-ceramic-printing-machine","8":"first","9":"instock","10":"shipping-taxable","11":"product-type-simple"},"acf":{"customization_content":"<h2><\/h2>\r\n<div><\/div>","customization_content_source":{"label":"Customization Content","type":"wysiwyg","formatted_value":"<h2><\/h2>\n<div><\/div>\n"},"why_choose_us_content":"<h2 style=\"text-align: center;\">Why Choose Us as Your Ceramic Printing Machine Supplier<\/h2>\r\n\r\n<hr \/>\r\n<p style=\"text-align: center;\">\u00a0Yutai as a ceramic printing machine manufacturer, maintains strict quality standards and excellent service. Revolutionize your manufacturing processes with cutting-edge automation technology that streamlines forming and enhances efficiency.<\/p>","why_choose_us_content_source":{"label":"Why Choose Us Content","type":"wysiwyg","formatted_value":"<h2 style=\"text-align: center;\">Why Choose Us as Your Ceramic Printing Machine Supplier<\/h2>\n<hr \/>\n<p style=\"text-align: center;\">\u00a0Yutai as a ceramic printing machine manufacturer, maintains strict quality standards and excellent service. Revolutionize your manufacturing processes with cutting-edge automation technology that streamlines forming and enhances efficiency.<\/p>\n"}},"_links":{"self":[{"href":"https:\/\/yutaimachinery.com\/de\/wp-json\/wp\/v2\/product\/4462","targetHints":{"allow":["GET"]}}],"collection":[{"href":"https:\/\/yutaimachinery.com\/de\/wp-json\/wp\/v2\/product"}],"about":[{"href":"https:\/\/yutaimachinery.com\/de\/wp-json\/wp\/v2\/types\/product"}],"version-history":[{"count":0,"href":"https:\/\/yutaimachinery.com\/de\/wp-json\/wp\/v2\/product\/4462\/revisions"}],"wp:featuredmedia":[{"embeddable":true,"href":"https:\/\/yutaimachinery.com\/de\/wp-json\/wp\/v2\/media\/4463"}],"wp:attachment":[{"href":"https:\/\/yutaimachinery.com\/de\/wp-json\/wp\/v2\/media?parent=4462"}],"wp:term":[{"taxonomy":"product_brand","embeddable":true,"href":"https:\/\/yutaimachinery.com\/de\/wp-json\/wp\/v2\/product_brand?post=4462"},{"taxonomy":"product_cat","embeddable":true,"href":"https:\/\/yutaimachinery.com\/de\/wp-json\/wp\/v2\/product_cat?post=4462"},{"taxonomy":"product_tag","embeddable":true,"href":"https:\/\/yutaimachinery.com\/de\/wp-json\/wp\/v2\/product_tag?post=4462"}],"curies":[{"name":"wp","href":"https:\/\/api.w.org\/{rel}","templated":true}]}}