{"id":4453,"date":"2024-08-20T10:45:22","date_gmt":"2024-08-20T02:45:22","guid":{"rendered":"https:\/\/yutaimachinery.com\/?post_type=product&#038;p=4453"},"modified":"2024-08-20T11:15:56","modified_gmt":"2024-08-20T03:15:56","slug":"siebtrockenschrank-2","status":"publish","type":"product","link":"https:\/\/yutaimachinery.com\/de\/product\/screen-drying-cabinet\/","title":{"rendered":"Siebtrockenschrank Vertikal und Horizontal"},"content":{"rendered":"<div class=\"wp-block-columns is-layout-flex wp-container-core-columns-is-layout-9d6595d7 wp-block-columns-is-layout-flex\">\n<div class=\"wp-block-column is-layout-flow wp-block-column-is-layout-flow\">\n<h2 class=\"wp-block-heading\"><strong><strong>Schranktrocknung<\/strong><\/strong> <strong>Merkmale:<\/strong><\/h2>\n\n\n\n<p>Der Siebtrockenschrank wird zum Trocknen von Sieben nach dem Waschen und Kleben verwendet. Er ist in zwei Ausf\u00fchrungen erh\u00e4ltlich, horizontal und vertikal. Im Inneren sind Ger\u00e4te mit konstanter Temperatur installiert, um die Temperatur gleichm\u00e4\u00dfig zu halten und einen guten Trocknungseffekt zu erzielen. Die Maschine verf\u00fcgt \u00fcber eine Schubladenstruktur, die leicht zu schieben und zu ziehen ist. Ein hochtemperaturbest\u00e4ndiger Schaltkasten gew\u00e4hrleistet die Langlebigkeit des Ger\u00e4ts.<\/p>\n<\/div>\n\n\n\n<div class=\"wp-block-column is-layout-flow wp-block-column-is-layout-flow\">\n<h2 class=\"wp-block-heading\">Schranktrocknung <strong>Parameter:<\/strong><\/h2>\n\n\n\n<figure class=\"wp-block-table\"><table class=\"has-fixed-layout\"><tbody><tr><td>Spezifikationen<\/td><td>1113<\/td><td>1215<\/td><\/tr><tr><td>Maximale Bildschirmgr\u00f6\u00dfe<\/td><td>1000x1200mm<\/td><td>1100x1400mm<\/td><\/tr><tr><td>Strom<\/td><td>4KW<\/td><td>6KW<\/td><\/tr><tr><td>Geeignete Stromversorgung<\/td><td>220V<\/td><td>220v<\/td><\/tr><\/tbody><\/table><\/figure>\n<\/div>\n<\/div>","protected":false},"excerpt":{"rendered":"<p>Fabrik-Direktvertrieb Bildschirm Trockenschrank wird verwendet, um den Bildschirm bei einer konstanten Temperatur zu trocknen, ist die W\u00e4rme gleichm\u00e4\u00dfig, hohe Qualit\u00e4t und langlebig. Fabrikpreis, vollst\u00e4ndige Palette von Siebdruck Maschinenl\u00f6sungen sind f\u00fcr Sie zur Verf\u00fcgung gestellt.<\/p>\n<h2>Alles aus einer Hand f\u00fcr den Siebtrockenschrank:<\/h2>\n<ol>\n<li>\n<p>Fabrikpreis: Als Hersteller von keramischen Druckmaschinen bieten wir kosteng\u00fcnstige Siebdruck-Trockenschr\u00e4nke an, bitte kontaktieren Sie uns, um den Fabrikpreis zu erhalten.<\/p>\n<\/li>\n<li>\n<p>Technische Unterst\u00fctzung: Professionelle technische Anleitung und mechanische Installation, mit Videoanleitungen, um eine schnelle Nutzung des Produkts zu gew\u00e4hrleisten.<\/p>\n<\/li>\n<li>\n<p>Ersatzteile: Eine Reihe von Original-Ersatzteilen liefern.<\/p>\n<\/li>\n<li>\n<p>Unterst\u00fctzung nach dem Kauf: 24-Stunden-Online-Hilfe, um sicherzustellen, dass Sie mit den Siebtrockenschr\u00e4nken zufrieden sind und dass sie reibungslos in Ihrer Produktionslinie eingesetzt werden.<\/p>\n<\/li>\n<\/ol>","protected":false},"featured_media":4457,"template":"","meta":{"_acf_changed":false},"product_brand":[],"product_cat":[59],"product_tag":[],"class_list":{"0":"post-4453","1":"product","2":"type-product","3":"status-publish","4":"has-post-thumbnail","6":"product_cat-ceramic-printing-machine","8":"first","9":"instock","10":"shipping-taxable","11":"product-type-simple"},"acf":{"customization_content":"<h2><\/h2>\r\n<div><\/div>","customization_content_source":{"label":"Customization Content","type":"wysiwyg","formatted_value":"<h2><\/h2>\n<div><\/div>\n"},"why_choose_us_content":"<h2 style=\"text-align: center;\">Why Choose Us as Your Ceramic Printing Machine Supplier<\/h2>\r\n\r\n<hr \/>\r\n<p style=\"text-align: center;\">\u00a0Yutai as a ceramic printing machine manufacturer, maintains strict quality standards and excellent service. Revolutionize your manufacturing processes with cutting-edge automation technology that streamlines forming and enhances efficiency.<\/p>","why_choose_us_content_source":{"label":"Why Choose Us Content","type":"wysiwyg","formatted_value":"<h2 style=\"text-align: center;\">Why Choose Us as Your Ceramic Printing Machine Supplier<\/h2>\n<hr \/>\n<p style=\"text-align: center;\">\u00a0Yutai as a ceramic printing machine manufacturer, maintains strict quality standards and excellent service. Revolutionize your manufacturing processes with cutting-edge automation technology that streamlines forming and enhances efficiency.<\/p>\n"}},"_links":{"self":[{"href":"https:\/\/yutaimachinery.com\/de\/wp-json\/wp\/v2\/product\/4453","targetHints":{"allow":["GET"]}}],"collection":[{"href":"https:\/\/yutaimachinery.com\/de\/wp-json\/wp\/v2\/product"}],"about":[{"href":"https:\/\/yutaimachinery.com\/de\/wp-json\/wp\/v2\/types\/product"}],"version-history":[{"count":0,"href":"https:\/\/yutaimachinery.com\/de\/wp-json\/wp\/v2\/product\/4453\/revisions"}],"wp:featuredmedia":[{"embeddable":true,"href":"https:\/\/yutaimachinery.com\/de\/wp-json\/wp\/v2\/media\/4457"}],"wp:attachment":[{"href":"https:\/\/yutaimachinery.com\/de\/wp-json\/wp\/v2\/media?parent=4453"}],"wp:term":[{"taxonomy":"product_brand","embeddable":true,"href":"https:\/\/yutaimachinery.com\/de\/wp-json\/wp\/v2\/product_brand?post=4453"},{"taxonomy":"product_cat","embeddable":true,"href":"https:\/\/yutaimachinery.com\/de\/wp-json\/wp\/v2\/product_cat?post=4453"},{"taxonomy":"product_tag","embeddable":true,"href":"https:\/\/yutaimachinery.com\/de\/wp-json\/wp\/v2\/product_tag?post=4453"}],"curies":[{"name":"wp","href":"https:\/\/api.w.org\/{rel}","templated":true}]}}