{"id":4435,"date":"2024-08-17T14:16:41","date_gmt":"2024-08-17T06:16:41","guid":{"rendered":"https:\/\/yutaimachinery.com\/?post_type=product&#038;p=4435"},"modified":"2024-08-17T16:00:23","modified_gmt":"2024-08-17T08:00:23","slug":"dreifach-walzwerk-maschine","status":"publish","type":"product","link":"https:\/\/yutaimachinery.com\/de\/product\/triple-roll-mill-machine\/","title":{"rendered":"Dreifachwalzenm\u00fchle f\u00fcr Farbpigmente Fabrikpreis"},"content":{"rendered":"<div class=\"wp-block-columns is-layout-flex wp-container-core-columns-is-layout-9d6595d7 wp-block-columns-is-layout-flex\">\n<div class=\"wp-block-column is-layout-flow wp-block-column-is-layout-flow\">\n<h2 class=\"wp-block-heading\"><strong><strong>Dreifach-Walzwerk-Maschine<\/strong><\/strong> <strong>Merkmale:<\/strong><\/h2>\n\n\n\n<p>Die Dreiwalzenm\u00fchle wird haupts\u00e4chlich zum Mahlen verschiedener Farben, \u00d6le, Seifen, Kosmetika, Beschichtungen, chemischer Pigmente, Medikamente, Lebensmittel und anderer Partikel verwendet. Es hat viele Funktionen wie Zerkleinern, Dispergieren, Weichmachen, Homogenisieren und T\u00f6nen. Es ist eine ideale Ausr\u00fcstung f\u00fcr die Druckindustrie, chemische Industrie, Produktion.<\/p>\n<\/div>\n\n\n\n<div class=\"wp-block-column is-layout-flow wp-block-column-is-layout-flow\">\n<h2 class=\"wp-block-heading\"><strong><strong>Dreifach-Walzwerk-Maschine<\/strong><\/strong> <strong>Parameter:<\/strong><\/h2>\n\n\n\n<figure class=\"wp-block-table\"><table class=\"has-fixed-layout\"><tbody><tr><td>Spezifikationen:<\/td><td>70<\/td><td>120<\/td><td>160<\/td><td>260<\/td><\/tr><tr><td>Verh\u00e4ltnis der Rollengeschwindigkeit:<\/td><td>1: 2: 5<\/td><td>1: 3: 9<\/td><td>1: 2: 4.98<\/td><td>1: 2: 5: 25<\/td><\/tr><tr><td>Feinheit der Vermahlung:<\/td><td>15 Mikrometer<\/td><td>15 Mikrometer<\/td><td>15 Mikrometer<\/td><td>15 Mikrometer<\/td><\/tr><tr><td>Motor:<\/td><td>0,75 kw<\/td><td>1. 5 kw<\/td><td>2,2 kw<\/td><td>7. 5 kw<\/td><\/tr><tr><td>H\u00e4rte der Walzen:<\/td><td>Mittlerer Kohlenstoff 55\u00b0<\/td><td>Mittlerer Kohlenstoff 55\u00b0<\/td><td>Mittlerer Kohlenstoff 55\u00b0<\/td><td>Mittlerer Kohlenstoff 55\u00b0<\/td><\/tr><\/tbody><\/table><\/figure>\n<\/div>\n<\/div>","protected":false},"excerpt":{"rendered":"<p>Das Dreiwalzenmahlwerk hat mehrere Funktionen wie Zerkleinerung und Erweichung. Geeignet f\u00fcr die Druck- und Chemieindustrie, um Produkte mit hohen Anforderungen an Viskosit\u00e4t und Feinheit zu mahlen. Das von uns hergestellte Mahlwerk ist von hoher Qualit\u00e4t und hat einen Fabrikpreis. Bitte kontaktieren Sie uns f\u00fcr weitere Informationen.<\/p>\n<h2>Alles aus einer Hand f\u00fcr Dreifach-Walzwerkmaschinen:<\/h2>\n<ol>\n<li>\n<p>Fabrik Preis: Als Hersteller von keramischen Druckmaschinen bieten wir kosteneffiziente Dreifach-Walzenm\u00fchle Maschinen, willkommen, uns zu kontaktieren, um den Fabrikpreis zu erhalten.<\/p>\n<\/li>\n<li>\n<p>Technische Unterst\u00fctzung: Professionelle technische Anleitung und mechanische Installation, mit Videoanleitungen, um eine schnelle Nutzung des Produkts zu gew\u00e4hrleisten.<\/p>\n<\/li>\n<li>\n<p>Ersatzteile: Eine Reihe von Original-Ersatzteilen liefern.<\/p>\n<\/li>\n<li>\n<p>Unterst\u00fctzung nach dem Kauf: 24-Stunden-Online-Hilfe, um sicherzustellen, dass Sie mit der Dreifach-Walzwerkmaschine zufrieden sind und dass sie reibungslos in Ihrer Produktionslinie eingesetzt wird.<\/p>\n<\/li>\n<\/ol>","protected":false},"featured_media":4441,"template":"","meta":{"_acf_changed":false},"product_brand":[],"product_cat":[59],"product_tag":[],"class_list":{"0":"post-4435","1":"product","2":"type-product","3":"status-publish","4":"has-post-thumbnail","6":"product_cat-ceramic-printing-machine","8":"first","9":"instock","10":"shipping-taxable","11":"product-type-simple"},"acf":{"customization_content":"<h2><\/h2>\r\n<div><\/div>","customization_content_source":{"label":"Customization Content","type":"wysiwyg","formatted_value":"<h2><\/h2>\n<div><\/div>\n"},"why_choose_us_content":"<h2 style=\"text-align: center;\">Why Choose Us as Your Ceramic Print Machine Supplier<\/h2>\r\n\r\n<hr \/>\r\n<p style=\"text-align: center;\">\u00a0Yutai as a ceramic printing machine manufacturer, maintains strict quality standards and excellent service. Revolutionize your manufacturing processes with cutting-edge automation technology that streamlines forming and enhances efficiency.<\/p>","why_choose_us_content_source":{"label":"Why Choose Us Content","type":"wysiwyg","formatted_value":"<h2 style=\"text-align: center;\">Why Choose Us as Your Ceramic Print Machine Supplier<\/h2>\n<hr \/>\n<p style=\"text-align: center;\">\u00a0Yutai as a ceramic printing machine manufacturer, maintains strict quality standards and excellent service. Revolutionize your manufacturing processes with cutting-edge automation technology that streamlines forming and enhances efficiency.<\/p>\n"}},"_links":{"self":[{"href":"https:\/\/yutaimachinery.com\/de\/wp-json\/wp\/v2\/product\/4435","targetHints":{"allow":["GET"]}}],"collection":[{"href":"https:\/\/yutaimachinery.com\/de\/wp-json\/wp\/v2\/product"}],"about":[{"href":"https:\/\/yutaimachinery.com\/de\/wp-json\/wp\/v2\/types\/product"}],"version-history":[{"count":0,"href":"https:\/\/yutaimachinery.com\/de\/wp-json\/wp\/v2\/product\/4435\/revisions"}],"wp:featuredmedia":[{"embeddable":true,"href":"https:\/\/yutaimachinery.com\/de\/wp-json\/wp\/v2\/media\/4441"}],"wp:attachment":[{"href":"https:\/\/yutaimachinery.com\/de\/wp-json\/wp\/v2\/media?parent=4435"}],"wp:term":[{"taxonomy":"product_brand","embeddable":true,"href":"https:\/\/yutaimachinery.com\/de\/wp-json\/wp\/v2\/product_brand?post=4435"},{"taxonomy":"product_cat","embeddable":true,"href":"https:\/\/yutaimachinery.com\/de\/wp-json\/wp\/v2\/product_cat?post=4435"},{"taxonomy":"product_tag","embeddable":true,"href":"https:\/\/yutaimachinery.com\/de\/wp-json\/wp\/v2\/product_tag?post=4435"}],"curies":[{"name":"wp","href":"https:\/\/api.w.org\/{rel}","templated":true}]}}