{"id":4431,"date":"2024-08-13T17:20:19","date_gmt":"2024-08-13T09:20:19","guid":{"rendered":"https:\/\/yutaimachinery.com\/?post_type=product&#038;p=4431"},"modified":"2024-08-13T18:24:10","modified_gmt":"2024-08-13T10:24:10","slug":"glass-manual-screen-printing-table-factory-direct-sales","status":"publish","type":"product","link":"https:\/\/yutaimachinery.com\/de\/product\/glass-manual-screen-printing-table-factory-direct-sales\/","title":{"rendered":"Manueller Glas-Siebdrucktisch Fabrik Direktverkauf"},"content":{"rendered":"<div class=\"wp-block-columns is-layout-flex wp-container-core-columns-is-layout-9d6595d7 wp-block-columns-is-layout-flex\">\n<div class=\"wp-block-column is-layout-flow wp-block-column-is-layout-flow\">\n<h2 class=\"wp-block-heading\"><strong><strong>Manueller Siebdrucktisch<\/strong><\/strong> <strong>Merkmale:<\/strong><\/h2>\n\n\n\n<p>Glastisch, installieren Lichtleiter auf dem Tisch, gute Lichtdurchl\u00e4ssigkeit, leicht zu registrieren.<\/p>\n\n\n\n<p>Siebdruckklammern, die zur Befestigung von Siebrahmen verwendet werden, k\u00f6nnen sich frei ausdehnen und zur\u00fcckziehen und stehen f\u00fcr den Siebdruck in jeder Gr\u00f6\u00dfe zur Verf\u00fcgung.<\/p>\n\n\n\n<p>Auf- und abschwenkbarer Siebklammerkopf: erh\u00e4ltlich f\u00fcr die Aufnahme von Artikeln mit unterschiedlicher Dicke.<\/p>\n\n\n\n<p>Fie Zahnstange, die die Registergeschwindigkeit schnell und pr\u00e4zise regulieren kann.<\/p>\n\n\n\n<p>Automatische Sicherheitseinrichtung.<\/p>\n\n\n\n<p>Spezifikation: 6070 (Wir k\u00f6nnen Produkte mit anderen Spezifikationen auf Bestellung herstellen lassen).<\/p>\n\n\n\n<p>Maximale Druckfl\u00e4che: 550\u00d7650 mm<br>Leistung des Lichtleiters: 20 W<br>L\u00fcfterleistung: 800W\/1220V<br>Anwendbare Stromquelle: 220V<\/p>\n<\/div>\n\n\n\n<div class=\"wp-block-column is-layout-flow wp-block-column-is-layout-flow\">\n<figure class=\"wp-block-image size-full\"><img fetchpriority=\"high\" decoding=\"async\" width=\"800\" height=\"800\" src=\"https:\/\/yutaimachinery.com\/wp-content\/uploads\/2024\/08\/manual-screen-printing-table-2.jpg\" alt=\"manueller Siebdrucktisch\" class=\"wp-image-4424\" title=\"\" srcset=\"https:\/\/yutaimachinery.com\/wp-content\/uploads\/2024\/08\/manual-screen-printing-table-2.jpg 800w, https:\/\/yutaimachinery.com\/wp-content\/uploads\/2024\/08\/manual-screen-printing-table-2-300x300.jpg 300w, https:\/\/yutaimachinery.com\/wp-content\/uploads\/2024\/08\/manual-screen-printing-table-2-150x150.jpg 150w, https:\/\/yutaimachinery.com\/wp-content\/uploads\/2024\/08\/manual-screen-printing-table-2-768x768.jpg 768w, https:\/\/yutaimachinery.com\/wp-content\/uploads\/2024\/08\/manual-screen-printing-table-2-12x12.jpg 12w, https:\/\/yutaimachinery.com\/wp-content\/uploads\/2024\/08\/manual-screen-printing-table-2-285x285.jpg 285w, https:\/\/yutaimachinery.com\/wp-content\/uploads\/2024\/08\/manual-screen-printing-table-2-270x270.jpg 270w, https:\/\/yutaimachinery.com\/wp-content\/uploads\/2024\/08\/manual-screen-printing-table-2-540x540.jpg 540w, https:\/\/yutaimachinery.com\/wp-content\/uploads\/2024\/08\/manual-screen-printing-table-2-660x660.jpg 660w\" sizes=\"(max-width: 800px) 100vw, 800px\" \/><\/figure>\n<\/div>\n<\/div>","protected":false},"excerpt":{"rendered":"<p>Glas manuellen Siebdruck Tisch, kann Siebe jeder Gr\u00f6\u00dfe zu drucken, tragen Objekte unterschiedlicher Dicke, Fabrik Direktvertrieb, eine Vielzahl von Siebdruckmaschinen zur Auswahl, willkommen zu kontaktieren Yutai Hersteller f\u00fcr kostenlose Angebot und kundenspezifische L\u00f6sung!<\/p>\n<h2>L\u00f6sung aus einer Hand f\u00fcr manuelle <strong>Siebdrucktisch<\/strong>:<\/h2>\n<ol>\n<li>\n<p>Fabrik Preis: Als Siebdruckmaschinenhersteller bieten wir kosteng\u00fcnstige manuelle Siebdrucktische an, kontaktieren Sie uns bitte, um den Fabrikpreis zu erhalten.<\/p>\n<\/li>\n<li>\n<p>Technische Unterst\u00fctzung: Professionelle technische Anleitung und mechanische Installation, mit Videoanleitungen, um eine schnelle Nutzung des Produkts zu gew\u00e4hrleisten.<\/p>\n<\/li>\n<li>\n<p>Ersatzteile: Eine Reihe von Original-Ersatzteilen liefern.<\/p>\n<\/li>\n<li>\n<p>Unterst\u00fctzung nach dem Kauf: 24-Stunden-Online-Hilfe, um sicherzustellen, dass Sie mit den Siebdruckmaschinen zufrieden sind und dass sie reibungslos in Ihrer Produktionslinie eingesetzt werden.<\/p>\n<\/li>\n<\/ol>","protected":false},"featured_media":4424,"template":"","meta":{"_acf_changed":false},"product_brand":[],"product_cat":[59],"product_tag":[],"class_list":{"0":"post-4431","1":"product","2":"type-product","3":"status-publish","4":"has-post-thumbnail","6":"product_cat-ceramic-printing-machine","8":"first","9":"instock","10":"shipping-taxable","11":"product-type-simple"},"acf":{"customization_content":"<h2><\/h2>\r\n<div><\/div>","customization_content_source":{"label":"Customization Content","type":"wysiwyg","formatted_value":"<h2><\/h2>\n<div><\/div>\n"},"why_choose_us_content":"<h2 style=\"text-align: center;\">Why Choose Us as Your Screen Print Machine Supplier<\/h2>\r\n\r\n<hr \/>\r\n<p style=\"text-align: center;\">\u00a0Yutai as a screen printing machine manufacturer, maintains strict quality standards and excellent service. Revolutionize your manufacturing processes with cutting-edge automation technology that streamlines forming and enhances efficiency.<\/p>","why_choose_us_content_source":{"label":"Why Choose Us Content","type":"wysiwyg","formatted_value":"<h2 style=\"text-align: center;\">Why Choose Us as Your Screen Print Machine Supplier<\/h2>\n<hr \/>\n<p style=\"text-align: center;\">\u00a0Yutai as a screen printing machine manufacturer, maintains strict quality standards and excellent service. Revolutionize your manufacturing processes with cutting-edge automation technology that streamlines forming and enhances efficiency.<\/p>\n"}},"_links":{"self":[{"href":"https:\/\/yutaimachinery.com\/de\/wp-json\/wp\/v2\/product\/4431","targetHints":{"allow":["GET"]}}],"collection":[{"href":"https:\/\/yutaimachinery.com\/de\/wp-json\/wp\/v2\/product"}],"about":[{"href":"https:\/\/yutaimachinery.com\/de\/wp-json\/wp\/v2\/types\/product"}],"version-history":[{"count":0,"href":"https:\/\/yutaimachinery.com\/de\/wp-json\/wp\/v2\/product\/4431\/revisions"}],"wp:featuredmedia":[{"embeddable":true,"href":"https:\/\/yutaimachinery.com\/de\/wp-json\/wp\/v2\/media\/4424"}],"wp:attachment":[{"href":"https:\/\/yutaimachinery.com\/de\/wp-json\/wp\/v2\/media?parent=4431"}],"wp:term":[{"taxonomy":"product_brand","embeddable":true,"href":"https:\/\/yutaimachinery.com\/de\/wp-json\/wp\/v2\/product_brand?post=4431"},{"taxonomy":"product_cat","embeddable":true,"href":"https:\/\/yutaimachinery.com\/de\/wp-json\/wp\/v2\/product_cat?post=4431"},{"taxonomy":"product_tag","embeddable":true,"href":"https:\/\/yutaimachinery.com\/de\/wp-json\/wp\/v2\/product_tag?post=4431"}],"curies":[{"name":"wp","href":"https:\/\/api.w.org\/{rel}","templated":true}]}}