{"id":4412,"date":"2024-08-10T19:33:03","date_gmt":"2024-08-10T11:33:03","guid":{"rendered":"https:\/\/yutaimachinery.com\/?post_type=product&#038;p=4412"},"modified":"2024-08-10T19:52:08","modified_gmt":"2024-08-10T11:52:08","slug":"screen-printing-squeegee-sharpener","status":"publish","type":"product","link":"https:\/\/yutaimachinery.com\/de\/product\/screen-printing-squeegee-sharpener\/","title":{"rendered":"Manueller G\u00fcrtelrakelspitzer Siebdruck"},"content":{"rendered":"<div class=\"wp-block-columns is-layout-flex wp-container-core-columns-is-layout-9d6595d7 wp-block-columns-is-layout-flex\">\n<div class=\"wp-block-column is-layout-flow wp-block-column-is-layout-flow\">\n<h2 class=\"wp-block-heading\"><strong><strong>Rakelspitzer Siebdruck<\/strong><\/strong> <strong>Merkmale:<\/strong><\/h2>\n\n\n\n<p>Der manuelle Bandschleifschaber verwendet ein Schleifband und eine Riemenscheibe, um eine gerade Linie zu bilden, die die Ebenheit des Schaberblattes gew\u00e4hrleisten kann.<\/p>\n\n\n\n<p>Die Schiene gleitet auf importierten Lagern, so dass die Bediener leicht schieben k\u00f6nnen.<\/p>\n\n\n\n<p>Dieses Modell ist einfach zu bedienen und zu warten.<\/p>\n\n\n\n<p>Der Winkel des Abstreifers in der Schlossrille wird horizontal gehalten, und der Schleifdruck ist gleichm\u00e4\u00dfig, was eine stabile und gute Druckqualit\u00e4t gew\u00e4hrleistet.<\/p>\n<\/div>\n<\/div>\n\n\n\n<h2 class=\"wp-block-heading\"><strong><strong>Rakelspitzer Siebdruck<\/strong><\/strong> Parameter<\/h2>\n\n\n\n<figure class=\"wp-block-table\"><table class=\"has-fixed-layout\"><tbody><tr><td>Abmessungen<\/td><td>1500\u00d7350\u00d7600 mm<\/td><\/tr><tr><td>Gewicht<\/td><td>100 kg<\/td><\/tr><tr><td>Schleifhub&nbsp;<\/td><td>400-1200 mm<\/td><\/tr><tr><td>Strom<\/td><td>220V\/370W<\/td><\/tr><\/tbody><\/table><\/figure>","protected":false},"excerpt":{"rendered":"<p>Yutai Machinery hat sich auf die Herstellung von Rakelabstreifern spezialisiert und verf\u00fcgt \u00fcber mehr als 20 Jahre technische Erfahrung. Wir agieren als Vertreter f\u00fcr Siebdruckmaschinenhersteller in mehr als 50 L\u00e4ndern und bieten Vorzugspreise und Qualit\u00e4tssicherung. Wir freuen uns darauf, Sie zu beraten und zu bedienen.<\/p>\n<h2>Alles aus einer Hand f\u00fcr Rakelspitzer:<\/h2>\n<ol>\n<li>\n<p>Fabrik Preis: Als Hersteller von Siebdruckmaschinen bieten wir kosteng\u00fcnstige Siebdruckmaschinen an. Bitte kontaktieren Sie uns, um den Fabrikpreis zu erfahren.<\/p>\n<\/li>\n<li>\n<p>Technische Unterst\u00fctzung: Professionelle technische Anleitung und mechanische Installation, mit Videoanleitungen, um eine schnelle Nutzung des Produkts zu gew\u00e4hrleisten.<\/p>\n<\/li>\n<li>\n<p>Ersatzteile: Eine Reihe von Original-Ersatzteilen liefern.<\/p>\n<\/li>\n<li>\n<p>Unterst\u00fctzung nach dem Kauf: 24-Stunden-Online-Hilfe, um sicherzustellen, dass Sie mit den Siebdruckmaschinen zufrieden sind und dass sie reibungslos in Ihrer Produktionslinie eingesetzt werden.<\/p>\n<\/li>\n<\/ol>","protected":false},"featured_media":4413,"template":"","meta":{"_acf_changed":false},"product_brand":[],"product_cat":[59],"product_tag":[],"class_list":{"0":"post-4412","1":"product","2":"type-product","3":"status-publish","4":"has-post-thumbnail","6":"product_cat-ceramic-printing-machine","8":"first","9":"instock","10":"shipping-taxable","11":"product-type-simple"},"acf":{"customization_content":"<h2><\/h2>\r\n<div><\/div>","customization_content_source":{"label":"Customization Content","type":"wysiwyg","formatted_value":"<h2><\/h2>\n<div><\/div>\n"},"why_choose_us_content":"<h2 style=\"text-align: center;\">Why Choose Us as Your Screen Print Machine Supplier<\/h2>\r\n\r\n<hr \/>\r\n<p style=\"text-align: center;\">\u00a0Yutai as a screen printing machine manufacturer, maintains strict quality standards and excellent service. Revolutionize your manufacturing processes with cutting-edge automation technology that streamlines forming and enhances efficiency.<\/p>","why_choose_us_content_source":{"label":"Why Choose Us Content","type":"wysiwyg","formatted_value":"<h2 style=\"text-align: center;\">Why Choose Us as Your Screen Print Machine Supplier<\/h2>\n<hr \/>\n<p style=\"text-align: center;\">\u00a0Yutai as a screen printing machine manufacturer, maintains strict quality standards and excellent service. Revolutionize your manufacturing processes with cutting-edge automation technology that streamlines forming and enhances efficiency.<\/p>\n"}},"_links":{"self":[{"href":"https:\/\/yutaimachinery.com\/de\/wp-json\/wp\/v2\/product\/4412","targetHints":{"allow":["GET"]}}],"collection":[{"href":"https:\/\/yutaimachinery.com\/de\/wp-json\/wp\/v2\/product"}],"about":[{"href":"https:\/\/yutaimachinery.com\/de\/wp-json\/wp\/v2\/types\/product"}],"version-history":[{"count":0,"href":"https:\/\/yutaimachinery.com\/de\/wp-json\/wp\/v2\/product\/4412\/revisions"}],"wp:featuredmedia":[{"embeddable":true,"href":"https:\/\/yutaimachinery.com\/de\/wp-json\/wp\/v2\/media\/4413"}],"wp:attachment":[{"href":"https:\/\/yutaimachinery.com\/de\/wp-json\/wp\/v2\/media?parent=4412"}],"wp:term":[{"taxonomy":"product_brand","embeddable":true,"href":"https:\/\/yutaimachinery.com\/de\/wp-json\/wp\/v2\/product_brand?post=4412"},{"taxonomy":"product_cat","embeddable":true,"href":"https:\/\/yutaimachinery.com\/de\/wp-json\/wp\/v2\/product_cat?post=4412"},{"taxonomy":"product_tag","embeddable":true,"href":"https:\/\/yutaimachinery.com\/de\/wp-json\/wp\/v2\/product_tag?post=4412"}],"curies":[{"name":"wp","href":"https:\/\/api.w.org\/{rel}","templated":true}]}}