{"id":4376,"date":"2024-08-07T14:58:27","date_gmt":"2024-08-07T06:58:27","guid":{"rendered":"https:\/\/yutaimachinery.com\/?post_type=product&#038;p=4376"},"modified":"2024-08-07T17:07:18","modified_gmt":"2024-08-07T09:07:18","slug":"siebdruckmaschine-3","status":"publish","type":"product","link":"https:\/\/yutaimachinery.com\/de\/product\/screen-print-machine\/","title":{"rendered":"Automatische Siebdruckmaschine Gebogene Oberfl\u00e4che Tassendruckmaschine"},"content":{"rendered":"<div class=\"wp-block-columns is-layout-flex wp-container-core-columns-is-layout-9d6595d7 wp-block-columns-is-layout-flex\">\n<div class=\"wp-block-column is-layout-flow wp-block-column-is-layout-flow\">\n<h2 class=\"wp-block-heading\"><strong><strong>Siebdruckmaschine<\/strong><\/strong> <strong>Merkmale:<\/strong><\/h2>\n\n\n\n<p>PLC-Mikrocomputer-Touchscreen-Steuerung, einfache Bedienung<\/p>\n\n\n\n<p>Der Druckhub und die Druckgeschwindigkeit sind einstellbar, um verschiedenen Druckanforderungen gerecht zu werden.<\/p>\n\n\n\n<p>Die Werkbank kann nach oben und unten, links und rechts fein eingestellt werden, und der Winkel der Ebene kann f\u00fcr einen pr\u00e4zisen Druck angepasst werden.<\/p>\n\n\n\n<p>Automatisches Abstreifen von Tinte, R\u00fcckf\u00fchrung von Tinte, Anheben des Arbeitstisches usw., was nicht nur die Bedienung vereinfacht, sondern auch die Stabilit\u00e4t der Druckqualit\u00e4t gew\u00e4hrleistet.<\/p>\n<\/div>\n\n\n\n<div class=\"wp-block-column is-layout-flow wp-block-column-is-layout-flow\">\n<figure class=\"wp-block-image size-full\"><img fetchpriority=\"high\" decoding=\"async\" width=\"480\" height=\"480\" src=\"https:\/\/yutaimachinery.com\/wp-content\/uploads\/2024\/08\/screen-print-machine-1.webp\" alt=\"Siebdruckmaschine\" class=\"wp-image-4377\" title=\"\" srcset=\"https:\/\/yutaimachinery.com\/wp-content\/uploads\/2024\/08\/screen-print-machine-1.webp 480w, https:\/\/yutaimachinery.com\/wp-content\/uploads\/2024\/08\/screen-print-machine-1-300x300.webp 300w, https:\/\/yutaimachinery.com\/wp-content\/uploads\/2024\/08\/screen-print-machine-1-150x150.webp 150w, https:\/\/yutaimachinery.com\/wp-content\/uploads\/2024\/08\/screen-print-machine-1-12x12.webp 12w, https:\/\/yutaimachinery.com\/wp-content\/uploads\/2024\/08\/screen-print-machine-1-285x285.webp 285w, https:\/\/yutaimachinery.com\/wp-content\/uploads\/2024\/08\/screen-print-machine-1-270x270.webp 270w\" sizes=\"(max-width: 480px) 100vw, 480px\" \/><\/figure>\n<\/div>\n<\/div>\n\n\n\n<div class=\"wp-block-columns is-layout-flex wp-container-core-columns-is-layout-9d6595d7 wp-block-columns-is-layout-flex\">\n<div class=\"wp-block-column is-layout-flow wp-block-column-is-layout-flow\">\n<figure class=\"wp-block-image size-full\"><img decoding=\"async\" width=\"1080\" height=\"1440\" src=\"https:\/\/yutaimachinery.com\/wp-content\/uploads\/2024\/08\/screen-print-machine-3-edited.webp\" alt=\"Tassen-Siebdruckmaschine\" class=\"wp-image-4391\" title=\"\" srcset=\"https:\/\/yutaimachinery.com\/wp-content\/uploads\/2024\/08\/screen-print-machine-3-edited.webp 1080w, https:\/\/yutaimachinery.com\/wp-content\/uploads\/2024\/08\/screen-print-machine-3-edited-225x300.webp 225w, https:\/\/yutaimachinery.com\/wp-content\/uploads\/2024\/08\/screen-print-machine-3-edited-768x1024.webp 768w, https:\/\/yutaimachinery.com\/wp-content\/uploads\/2024\/08\/screen-print-machine-3-edited-9x12.webp 9w, https:\/\/yutaimachinery.com\/wp-content\/uploads\/2024\/08\/screen-print-machine-3-edited-285x380.webp 285w, https:\/\/yutaimachinery.com\/wp-content\/uploads\/2024\/08\/screen-print-machine-3-edited-495x660.webp 495w, https:\/\/yutaimachinery.com\/wp-content\/uploads\/2024\/08\/screen-print-machine-3-edited-113x150.webp 113w\" sizes=\"(max-width: 1080px) 100vw, 1080px\" \/><\/figure>\n<\/div>\n\n\n\n<div class=\"wp-block-column is-layout-flow wp-block-column-is-layout-flow\">\n<figure class=\"wp-block-image size-full\"><img decoding=\"async\" width=\"899\" height=\"1199\" src=\"https:\/\/yutaimachinery.com\/wp-content\/uploads\/2024\/08\/screen-print-machine-2-1-edited.webp\" alt=\"Tassen-Siebdruckmaschine\" class=\"wp-image-4392\" title=\"\" srcset=\"https:\/\/yutaimachinery.com\/wp-content\/uploads\/2024\/08\/screen-print-machine-2-1-edited.webp 899w, https:\/\/yutaimachinery.com\/wp-content\/uploads\/2024\/08\/screen-print-machine-2-1-edited-225x300.webp 225w, https:\/\/yutaimachinery.com\/wp-content\/uploads\/2024\/08\/screen-print-machine-2-1-edited-768x1024.webp 768w, https:\/\/yutaimachinery.com\/wp-content\/uploads\/2024\/08\/screen-print-machine-2-1-edited-9x12.webp 9w, https:\/\/yutaimachinery.com\/wp-content\/uploads\/2024\/08\/screen-print-machine-2-1-edited-285x380.webp 285w, https:\/\/yutaimachinery.com\/wp-content\/uploads\/2024\/08\/screen-print-machine-2-1-edited-495x660.webp 495w, https:\/\/yutaimachinery.com\/wp-content\/uploads\/2024\/08\/screen-print-machine-2-1-edited-112x150.webp 112w\" sizes=\"(max-width: 899px) 100vw, 899px\" \/><\/figure>\n<\/div>\n\n\n\n<div class=\"wp-block-column is-layout-flow wp-block-column-is-layout-flow\">\n<figure class=\"wp-block-image size-full is-resized\"><img loading=\"lazy\" decoding=\"async\" width=\"1146\" height=\"1146\" src=\"https:\/\/yutaimachinery.com\/wp-content\/uploads\/2024\/08\/screen-print-machine-4-edited.webp\" alt=\"Tassen-Siebdruckmaschine\" class=\"wp-image-4387\" style=\"width:166px;height:auto\" title=\"\" srcset=\"https:\/\/yutaimachinery.com\/wp-content\/uploads\/2024\/08\/screen-print-machine-4-edited.webp 1146w, https:\/\/yutaimachinery.com\/wp-content\/uploads\/2024\/08\/screen-print-machine-4-edited-300x300.webp 300w, https:\/\/yutaimachinery.com\/wp-content\/uploads\/2024\/08\/screen-print-machine-4-edited-150x150.webp 150w, https:\/\/yutaimachinery.com\/wp-content\/uploads\/2024\/08\/screen-print-machine-4-edited-768x768.webp 768w, https:\/\/yutaimachinery.com\/wp-content\/uploads\/2024\/08\/screen-print-machine-4-edited-12x12.webp 12w, https:\/\/yutaimachinery.com\/wp-content\/uploads\/2024\/08\/screen-print-machine-4-edited-285x285.webp 285w, https:\/\/yutaimachinery.com\/wp-content\/uploads\/2024\/08\/screen-print-machine-4-edited-270x270.webp 270w, https:\/\/yutaimachinery.com\/wp-content\/uploads\/2024\/08\/screen-print-machine-4-edited-540x540.webp 540w, https:\/\/yutaimachinery.com\/wp-content\/uploads\/2024\/08\/screen-print-machine-4-edited-660x660.webp 660w\" sizes=\"(max-width: 1146px) 100vw, 1146px\" \/><\/figure>\n\n\n\n<figure class=\"wp-block-image size-full is-resized\"><img loading=\"lazy\" decoding=\"async\" width=\"955\" height=\"955\" src=\"https:\/\/yutaimachinery.com\/wp-content\/uploads\/2024\/08\/screen-print-machine-5-edited.webp\" alt=\"Tassen-Siebdruckmaschine\" class=\"wp-image-4388\" style=\"width:163px;height:auto\" title=\"\" srcset=\"https:\/\/yutaimachinery.com\/wp-content\/uploads\/2024\/08\/screen-print-machine-5-edited.webp 955w, https:\/\/yutaimachinery.com\/wp-content\/uploads\/2024\/08\/screen-print-machine-5-edited-300x300.webp 300w, https:\/\/yutaimachinery.com\/wp-content\/uploads\/2024\/08\/screen-print-machine-5-edited-150x150.webp 150w, https:\/\/yutaimachinery.com\/wp-content\/uploads\/2024\/08\/screen-print-machine-5-edited-768x768.webp 768w, https:\/\/yutaimachinery.com\/wp-content\/uploads\/2024\/08\/screen-print-machine-5-edited-12x12.webp 12w, https:\/\/yutaimachinery.com\/wp-content\/uploads\/2024\/08\/screen-print-machine-5-edited-285x285.webp 285w, https:\/\/yutaimachinery.com\/wp-content\/uploads\/2024\/08\/screen-print-machine-5-edited-270x270.webp 270w, https:\/\/yutaimachinery.com\/wp-content\/uploads\/2024\/08\/screen-print-machine-5-edited-540x540.webp 540w, https:\/\/yutaimachinery.com\/wp-content\/uploads\/2024\/08\/screen-print-machine-5-edited-660x660.webp 660w\" sizes=\"(max-width: 955px) 100vw, 955px\" \/><\/figure>\n<\/div>\n<\/div>\n\n\n\n<h2 class=\"wp-block-heading\"><strong><strong>Siebdruckmaschine<\/strong><\/strong> Parameter<\/h2>\n\n\n\n<figure class=\"wp-block-table\"><table class=\"has-fixed-layout\"><tbody><tr><td>Modell<\/td><td>YT-250<\/td><td>YT-400<\/td><td>YT-800<\/td><\/tr><tr><td>Max. Druckgr\u00f6\u00dfe<\/td><td>70\u00d7200 mm<\/td><td>120\u00d7400 mm<\/td><td>254\u00d7800 mm<\/td><\/tr><tr><td>Dimension<\/td><td>75x58x128 mm<\/td><td>96x99x138 mm<\/td><td><\/td><\/tr><tr><td>Spannung<\/td><td>220V\/50Hz 60W<\/td><td>220V\/50Hz 60W<\/td><td>220V\/50Hz 60W<\/td><\/tr><tr><td>Wei ght<\/td><td>100 kg<\/td><td>138 kg<\/td><td>180 kg<\/td><\/tr><tr><td>Geschwindigkeit<\/td><td>25 mal\/min<\/td><td>20 mal\/min<\/td><td>15 mal\/min<\/td><\/tr><tr><td>Luftdruck<\/td><td>5bar<\/td><td>5bar<\/td><td>5bar<\/td><\/tr><\/tbody><\/table><\/figure>\n\n\n\n<p><\/p>","protected":false},"excerpt":{"rendered":"<p>Automatische gew\u00f6lbte Oberfl\u00e4che Druckmaschine Siebdruckmaschine, helle Druckeffekt, schnelle Geschwindigkeit, Arbeitsersparnis, g\u00fcnstigen Preis, geeignet f\u00fcr gro\u00df angelegte Druck von Tassen, Becher, Plastikbecher, Glasbecher, etc.<\/p>\n<h2>One-Stop-L\u00f6sung f\u00fcr Siebdruckmaschinen:<\/h2>\n<ol>\n<li>\n<p>Fabrik Preis: Als Hersteller von Siebdruckmaschinen bieten wir kosteng\u00fcnstige Siebdruckmaschinen an. Bitte kontaktieren Sie uns, um den Fabrikpreis zu erfahren.<\/p>\n<\/li>\n<li>\n<p>Technische Unterst\u00fctzung: Professionelle technische Anleitung und mechanische Installation, mit Videoanleitungen, um eine schnelle Nutzung des Produkts zu gew\u00e4hrleisten.<\/p>\n<\/li>\n<li>\n<p>Ersatzteile: Eine Reihe von Original-Ersatzteilen liefern.<\/p>\n<\/li>\n<li>\n<p>Unterst\u00fctzung nach dem Kauf: 24-Stunden-Online-Hilfe, um sicherzustellen, dass Sie mit den Siebdruckmaschinen zufrieden sind und dass sie reibungslos in Ihrer Produktionslinie eingesetzt werden.<\/p>\n<\/li>\n<\/ol>","protected":false},"featured_media":4377,"template":"","meta":{"_acf_changed":false},"product_brand":[],"product_cat":[59],"product_tag":[],"class_list":{"0":"post-4376","1":"product","2":"type-product","3":"status-publish","4":"has-post-thumbnail","6":"product_cat-ceramic-printing-machine","8":"first","9":"instock","10":"shipping-taxable","11":"product-type-simple"},"acf":{"customization_content":"<h2><\/h2>\r\n<div><\/div>","customization_content_source":{"label":"Customization Content","type":"wysiwyg","formatted_value":"<h2><\/h2>\n<div><\/div>\n"},"why_choose_us_content":"<h2 style=\"text-align: center;\">Why Choose Us as Your Screen Print Machine Supplier<\/h2>\r\n\r\n<hr \/>\r\n<p style=\"text-align: center;\">\u00a0Yutai as a screen printing machine manufacturer, maintains strict quality standards and excellent service. Revolutionize your manufacturing processes with cutting-edge automation technology that streamlines forming and enhances efficiency.<\/p>","why_choose_us_content_source":{"label":"Why Choose Us Content","type":"wysiwyg","formatted_value":"<h2 style=\"text-align: center;\">Why Choose Us as Your Screen Print Machine Supplier<\/h2>\n<hr \/>\n<p style=\"text-align: center;\">\u00a0Yutai as a screen printing machine manufacturer, maintains strict quality standards and excellent service. Revolutionize your manufacturing processes with cutting-edge automation technology that streamlines forming and enhances efficiency.<\/p>\n"}},"_links":{"self":[{"href":"https:\/\/yutaimachinery.com\/de\/wp-json\/wp\/v2\/product\/4376","targetHints":{"allow":["GET"]}}],"collection":[{"href":"https:\/\/yutaimachinery.com\/de\/wp-json\/wp\/v2\/product"}],"about":[{"href":"https:\/\/yutaimachinery.com\/de\/wp-json\/wp\/v2\/types\/product"}],"version-history":[{"count":0,"href":"https:\/\/yutaimachinery.com\/de\/wp-json\/wp\/v2\/product\/4376\/revisions"}],"wp:featuredmedia":[{"embeddable":true,"href":"https:\/\/yutaimachinery.com\/de\/wp-json\/wp\/v2\/media\/4377"}],"wp:attachment":[{"href":"https:\/\/yutaimachinery.com\/de\/wp-json\/wp\/v2\/media?parent=4376"}],"wp:term":[{"taxonomy":"product_brand","embeddable":true,"href":"https:\/\/yutaimachinery.com\/de\/wp-json\/wp\/v2\/product_brand?post=4376"},{"taxonomy":"product_cat","embeddable":true,"href":"https:\/\/yutaimachinery.com\/de\/wp-json\/wp\/v2\/product_cat?post=4376"},{"taxonomy":"product_tag","embeddable":true,"href":"https:\/\/yutaimachinery.com\/de\/wp-json\/wp\/v2\/product_tag?post=4376"}],"curies":[{"name":"wp","href":"https:\/\/api.w.org\/{rel}","templated":true}]}}