{"id":4368,"date":"2024-08-06T10:03:26","date_gmt":"2024-08-06T02:03:26","guid":{"rendered":"https:\/\/yutaimachinery.com\/?post_type=product&#038;p=4368"},"modified":"2024-08-10T18:23:36","modified_gmt":"2024-08-10T10:23:36","slug":"siebdruckmaschine-2","status":"publish","type":"product","link":"https:\/\/yutaimachinery.com\/de\/product\/screen-printing-machine\/","title":{"rendered":"Siebdruckmaschine vertikal flach hochpr\u00e4zise"},"content":{"rendered":"<div class=\"wp-block-columns is-layout-flex wp-container-core-columns-is-layout-9d6595d7 wp-block-columns-is-layout-flex\">\n<div class=\"wp-block-column is-layout-flow wp-block-column-is-layout-flow\">\n<h2 class=\"wp-block-heading\"><strong><strong>Siebdruckmaschine<\/strong><\/strong> <strong>Merkmale:<\/strong><\/h2>\n\n\n\n<p>Die Siebdruckplatte kann sich elektromotorisch heben und senken, die Farbe flie\u00dft ohne Ablenkung, ablenkungsfreier Druck.<\/p>\n\n\n\n<p>Steuerung durch Mikrocomputer, Heben und Senken werden durch Adderley-Wandler und Druck gesteuert<\/p>\n\n\n\n<p>Verwendet importierte F\u00fchrungsschienen, SMC-Zylinder und pneumatische Organe, Qualit\u00e4tssicherung<\/p>\n\n\n\n<p>Die Sperrholzplatten werden durch eine automatische Anlage kontrolliert, die daf\u00fcr sorgt, dass die Sperrholzplatten unbeweglich sind.<\/p>\n\n\n\n<p>Geeignet f\u00fcr verschiedene Drucke, wie z. B. Membranschalterplatinen, keramische Abziehbilder, Metallglas und alle fetten Plattenmaterialien.<\/p>\n<\/div>\n\n\n\n<div class=\"wp-block-column is-layout-flow wp-block-column-is-layout-flow\"><div class=\"wp-block-image\">\n<figure class=\"aligncenter size-full is-resized\"><img fetchpriority=\"high\" decoding=\"async\" width=\"568\" height=\"642\" src=\"https:\/\/yutaimachinery.com\/wp-content\/uploads\/2024\/08\/screen-printing-machine-3.jpg\" alt=\"Siebdruckmaschine\" class=\"wp-image-4370\" style=\"width:333px;height:auto\" title=\"\" srcset=\"https:\/\/yutaimachinery.com\/wp-content\/uploads\/2024\/08\/screen-printing-machine-3.jpg 568w, https:\/\/yutaimachinery.com\/wp-content\/uploads\/2024\/08\/screen-printing-machine-3-265x300.jpg 265w, https:\/\/yutaimachinery.com\/wp-content\/uploads\/2024\/08\/screen-printing-machine-3-11x12.jpg 11w, https:\/\/yutaimachinery.com\/wp-content\/uploads\/2024\/08\/screen-printing-machine-3-285x322.jpg 285w, https:\/\/yutaimachinery.com\/wp-content\/uploads\/2024\/08\/screen-printing-machine-3-133x150.jpg 133w\" sizes=\"(max-width: 568px) 100vw, 568px\" \/><\/figure>\n<\/div><\/div>\n<\/div>\n\n\n\n<div class=\"wp-block-columns is-layout-flex wp-container-core-columns-is-layout-9d6595d7 wp-block-columns-is-layout-flex\">\n<div class=\"wp-block-column is-layout-flow wp-block-column-is-layout-flow\">\n<figure class=\"wp-block-embed is-type-video is-provider-youtube wp-block-embed-youtube wp-embed-aspect-4-3 wp-has-aspect-ratio\"><div class=\"wp-block-embed__wrapper\">\n<iframe title=\"YT-Flachsiebdruckmaschine, vertikal\" width=\"940\" height=\"705\" src=\"https:\/\/www.youtube.com\/embed\/KB9A3u5zQF0?feature=oembed\" frameborder=\"0\" allow=\"accelerometer; autoplay; clipboard-write; encrypted-media; gyroscope; picture-in-picture; web-share\" referrerpolicy=\"strict-origin-when-cross-origin\" allowfullscreen><\/iframe>\n<\/div><\/figure>\n<\/div>\n\n\n\n<div class=\"wp-block-column is-layout-flow wp-block-column-is-layout-flow\">\n<h2 class=\"wp-block-heading\"><strong><strong>Siebdruckmaschine<\/strong><\/strong> <strong>Merkmale:<\/strong><\/h2>\n\n\n\n<figure class=\"wp-block-table\"><table class=\"has-fixed-layout\"><tbody><tr><td>MODELL<\/td><td>YT4060<\/td><td>YT6090<\/td><td>YT80120<\/td><td>YT1218<\/td><\/tr><tr><td>MAX. DRUCKFL\u00c4CHE<\/td><td>400\u00d7600 mm<\/td><td>600\u00d7900 mm<\/td><td>800\u00d71200 mm<\/td><td>1200\u00d71800 mm<\/td><\/tr><tr><td>MAX. GR\u00d6SSE DES BILDSCHIRMRAHMENS<\/td><td>700\u00d7900 mm<\/td><td>800\u00d71100 mm<\/td><td>1000\u00d71400 mm<\/td><td>1400\u00d72000 mm<\/td><\/tr><tr><td>MAX. DRUCKGESCHWINDIGKEIT<\/td><td>1000 Mal<\/td><td>1000 Mal<\/td><td>800 Mal<\/td><td>600 Mal<\/td><\/tr><tr><td>ARBEITSLUFTDRUCK<\/td><td>0,5-0,7 mpa<\/td><td>0,5-0,7 mpa<\/td><td>0,6-0,9 mpa<\/td><td>0,6-0,9 mpa<\/td><\/tr><tr><td>STROMSPANNUNG<\/td><td>220v\/13KW<\/td><td>220v\/14 KW<\/td><td>380V\/4KW<\/td><td>380v\/4KW<\/td><\/tr><\/tbody><\/table><\/figure>\n<\/div>\n<\/div>","protected":false},"excerpt":{"rendered":"<p>Fabrikdirektverkauf Siebdruckmaschine, elektrisches Heben, hohe Pr\u00e4zision und hohe Qualit\u00e4t, geeignet f\u00fcr verschiedene Drucke, wie z. B. keramische Abziehbilder, Metallglas, Schalterplatinen, etc. Bieten Fabrik Preis technische Beratung, willkommen, uns f\u00fcr ein kostenloses Angebot zu kontaktieren!<\/p>\n<h2>One-Stop-L\u00f6sung f\u00fcr Siebdruckmaschinen:<\/h2>\n<ol>\n<li>\n<p>Fabrikpreis: Als Siebdruckmaschinenhersteller bieten wir kosteng\u00fcnstige Siebdruckmaschinen an, kontaktieren Sie uns bitte, um den Fabrikpreis zu erhalten.<\/p>\n<\/li>\n<li>\n<p>Technische Unterst\u00fctzung: Professionelle technische Anleitung und mechanische Installation, mit Videoanleitungen, um eine schnelle Nutzung des Produkts zu gew\u00e4hrleisten.<\/p>\n<\/li>\n<li>\n<p>Ersatzteile: Eine Reihe von Original-Ersatzteilen liefern.<\/p>\n<\/li>\n<li>\n<p>Unterst\u00fctzung nach dem Kauf: 24-Stunden-Online-Hilfe, um sicherzustellen, dass Sie mit den Siebdruckmaschinen zufrieden sind und dass sie reibungslos in Ihrer Produktionslinie eingesetzt werden.<\/p>\n<\/li>\n<\/ol>","protected":false},"featured_media":4373,"template":"","meta":{"_acf_changed":false},"product_brand":[],"product_cat":[59],"product_tag":[86],"class_list":{"0":"post-4368","1":"product","2":"type-product","3":"status-publish","4":"has-post-thumbnail","6":"product_cat-ceramic-printing-machine","7":"product_tag-glazing-spray-machine","9":"first","10":"instock","11":"shipping-taxable","12":"product-type-simple"},"acf":{"customization_content":"<h2><\/h2>\r\n<div><\/div>","customization_content_source":{"label":"Customization Content","type":"wysiwyg","formatted_value":"<h2><\/h2>\n<div><\/div>\n"},"why_choose_us_content":"<h2 style=\"text-align: center;\">Why Choose Us as Your Screen Printing Machine Supplier<\/h2>\r\n\r\n<hr \/>\r\n<p style=\"text-align: center;\">\u00a0Yutai as a screen printing machine manufacturer, maintains strict quality standards and excellent service. Revolutionize your manufacturing processes with cutting-edge automation technology that streamlines forming and enhances efficiency.<\/p>","why_choose_us_content_source":{"label":"Why Choose Us Content","type":"wysiwyg","formatted_value":"<h2 style=\"text-align: center;\">Why Choose Us as Your Screen Printing Machine Supplier<\/h2>\n<hr \/>\n<p style=\"text-align: center;\">\u00a0Yutai as a screen printing machine manufacturer, maintains strict quality standards and excellent service. Revolutionize your manufacturing processes with cutting-edge automation technology that streamlines forming and enhances efficiency.<\/p>\n"}},"_links":{"self":[{"href":"https:\/\/yutaimachinery.com\/de\/wp-json\/wp\/v2\/product\/4368","targetHints":{"allow":["GET"]}}],"collection":[{"href":"https:\/\/yutaimachinery.com\/de\/wp-json\/wp\/v2\/product"}],"about":[{"href":"https:\/\/yutaimachinery.com\/de\/wp-json\/wp\/v2\/types\/product"}],"version-history":[{"count":0,"href":"https:\/\/yutaimachinery.com\/de\/wp-json\/wp\/v2\/product\/4368\/revisions"}],"wp:featuredmedia":[{"embeddable":true,"href":"https:\/\/yutaimachinery.com\/de\/wp-json\/wp\/v2\/media\/4373"}],"wp:attachment":[{"href":"https:\/\/yutaimachinery.com\/de\/wp-json\/wp\/v2\/media?parent=4368"}],"wp:term":[{"taxonomy":"product_brand","embeddable":true,"href":"https:\/\/yutaimachinery.com\/de\/wp-json\/wp\/v2\/product_brand?post=4368"},{"taxonomy":"product_cat","embeddable":true,"href":"https:\/\/yutaimachinery.com\/de\/wp-json\/wp\/v2\/product_cat?post=4368"},{"taxonomy":"product_tag","embeddable":true,"href":"https:\/\/yutaimachinery.com\/de\/wp-json\/wp\/v2\/product_tag?post=4368"}],"curies":[{"name":"wp","href":"https:\/\/api.w.org\/{rel}","templated":true}]}}