{"id":4235,"date":"2024-06-18T16:46:35","date_gmt":"2024-06-18T08:46:35","guid":{"rendered":"https:\/\/yutaimachinery.com\/?post_type=product&#038;p=4235"},"modified":"2024-06-18T16:59:54","modified_gmt":"2024-06-18T08:59:54","slug":"spritzpistole","status":"publish","type":"product","link":"https:\/\/yutaimachinery.com\/de\/product\/spray-gun\/","title":{"rendered":"Spritzpistole"},"content":{"rendered":"","protected":false},"excerpt":{"rendered":"<p>Die Spritzpistole wird haupts\u00e4chlich zum gleichm\u00e4\u00dfigen Aufspr\u00fchen der Glasur auf die Oberfl\u00e4che der keramischen Erzeugnisse verwendet, kann aber auch mit anderen Arten von Schutz- oder Funktionsbeschichtungen versehen werden, z. B. mit einer wasserdichten Schicht, einer Antifouling-Schicht usw., um die Funktionalit\u00e4t und Haltbarkeit der keramischen Erzeugnisse zu verbessern. Spritzpistolen k\u00f6nnen auch verwendet werden, um die Oberfl\u00e4che von keramischen Erzeugnissen zu reinigen, Staub und Verunreinigungen zu entfernen und den anschlie\u00dfenden Glasurprozess vorzubereiten.<\/p>","protected":false},"featured_media":4209,"template":"","meta":{"_acf_changed":false},"product_brand":[],"product_cat":[61],"product_tag":[],"class_list":{"0":"post-4235","1":"product","2":"type-product","3":"status-publish","4":"has-post-thumbnail","6":"product_cat-ceramic-machine-tool","8":"first","9":"instock","10":"shipping-taxable","11":"product-type-simple"},"acf":{"customization_content":"","customization_content_source":{"label":"Customization Content","type":"wysiwyg","formatted_value":""},"why_choose_us_content":"<h2 style=\"text-align: center;\">Why Choose Us as Your Ceramic Machine Supplier<\/h2>\r\n\r\n<hr \/>\r\n<p style=\"text-align: center;\">Yutai as a ceramic tableware manufacturer, maintains strict quality standards and excellent service. Revolutionize your manufacturing processes with cutting-edge automation technology that streamlines forming and enhances efficiency.<\/p>","why_choose_us_content_source":{"label":"Why Choose Us Content","type":"wysiwyg","formatted_value":"<h2 style=\"text-align: center;\">Why Choose Us as Your Ceramic Machine Supplier<\/h2>\n<hr \/>\n<p style=\"text-align: center;\">Yutai as a ceramic tableware manufacturer, maintains strict quality standards and excellent service. Revolutionize your manufacturing processes with cutting-edge automation technology that streamlines forming and enhances efficiency.<\/p>\n"}},"_links":{"self":[{"href":"https:\/\/yutaimachinery.com\/de\/wp-json\/wp\/v2\/product\/4235","targetHints":{"allow":["GET"]}}],"collection":[{"href":"https:\/\/yutaimachinery.com\/de\/wp-json\/wp\/v2\/product"}],"about":[{"href":"https:\/\/yutaimachinery.com\/de\/wp-json\/wp\/v2\/types\/product"}],"version-history":[{"count":0,"href":"https:\/\/yutaimachinery.com\/de\/wp-json\/wp\/v2\/product\/4235\/revisions"}],"wp:featuredmedia":[{"embeddable":true,"href":"https:\/\/yutaimachinery.com\/de\/wp-json\/wp\/v2\/media\/4209"}],"wp:attachment":[{"href":"https:\/\/yutaimachinery.com\/de\/wp-json\/wp\/v2\/media?parent=4235"}],"wp:term":[{"taxonomy":"product_brand","embeddable":true,"href":"https:\/\/yutaimachinery.com\/de\/wp-json\/wp\/v2\/product_brand?post=4235"},{"taxonomy":"product_cat","embeddable":true,"href":"https:\/\/yutaimachinery.com\/de\/wp-json\/wp\/v2\/product_cat?post=4235"},{"taxonomy":"product_tag","embeddable":true,"href":"https:\/\/yutaimachinery.com\/de\/wp-json\/wp\/v2\/product_tag?post=4235"}],"curies":[{"name":"wp","href":"https:\/\/api.w.org\/{rel}","templated":true}]}}