{"id":4233,"date":"2024-06-18T16:40:15","date_gmt":"2024-06-18T08:40:15","guid":{"rendered":"https:\/\/yutaimachinery.com\/?post_type=product&#038;p=4233"},"modified":"2024-06-18T16:40:17","modified_gmt":"2024-06-18T08:40:17","slug":"trimmschwamm","status":"publish","type":"product","link":"https:\/\/yutaimachinery.com\/de\/product\/trimming-sponge\/","title":{"rendered":"Trimm-Schwamm"},"content":{"rendered":"<p>Trimmschw\u00e4mme werden haupts\u00e4chlich in Keramikmaschinen und -produktionsprozessen zum Trimmen und Polieren, Befeuchten und Reinigen, zur Feinbearbeitung und zum Entfernen von \u00fcbersch\u00fcssigem Ton verwendet, um die Oberfl\u00e4chenqualit\u00e4t von Keramikprodukten und die Gesamt\u00e4sthetik zu verbessern.<\/p>","protected":false},"excerpt":{"rendered":"<p>Der Trimmschwamm wird haupts\u00e4chlich in keramischen Maschinen und Produktionsprozessen zum Trimmen und Polieren, Befeuchten und Reinigen,...<\/p>","protected":false},"featured_media":4208,"template":"","meta":{"_acf_changed":false},"product_brand":[],"product_cat":[61],"product_tag":[],"class_list":{"0":"post-4233","1":"product","2":"type-product","3":"status-publish","4":"has-post-thumbnail","6":"product_cat-ceramic-machine-tool","8":"first","9":"instock","10":"shipping-taxable","11":"product-type-simple"},"acf":{"customization_content":"","customization_content_source":{"label":"Customization Content","type":"wysiwyg","formatted_value":""},"why_choose_us_content":"<h2 style=\"text-align: center;\">Why Choose Us as Your Ceramic Machine Supplier<\/h2>\r\n\r\n<hr \/>\r\n<p style=\"text-align: center;\">Yutai as a ceramic tableware manufacturer, maintains strict quality standards and excellent service. Revolutionize your manufacturing processes with cutting-edge automation technology that streamlines forming and enhances efficiency.<\/p>","why_choose_us_content_source":{"label":"Why Choose Us Content","type":"wysiwyg","formatted_value":"<h2 style=\"text-align: center;\">Why Choose Us as Your Ceramic Machine Supplier<\/h2>\n<hr \/>\n<p style=\"text-align: center;\">Yutai as a ceramic tableware manufacturer, maintains strict quality standards and excellent service. Revolutionize your manufacturing processes with cutting-edge automation technology that streamlines forming and enhances efficiency.<\/p>\n"}},"_links":{"self":[{"href":"https:\/\/yutaimachinery.com\/de\/wp-json\/wp\/v2\/product\/4233","targetHints":{"allow":["GET"]}}],"collection":[{"href":"https:\/\/yutaimachinery.com\/de\/wp-json\/wp\/v2\/product"}],"about":[{"href":"https:\/\/yutaimachinery.com\/de\/wp-json\/wp\/v2\/types\/product"}],"version-history":[{"count":0,"href":"https:\/\/yutaimachinery.com\/de\/wp-json\/wp\/v2\/product\/4233\/revisions"}],"wp:featuredmedia":[{"embeddable":true,"href":"https:\/\/yutaimachinery.com\/de\/wp-json\/wp\/v2\/media\/4208"}],"wp:attachment":[{"href":"https:\/\/yutaimachinery.com\/de\/wp-json\/wp\/v2\/media?parent=4233"}],"wp:term":[{"taxonomy":"product_brand","embeddable":true,"href":"https:\/\/yutaimachinery.com\/de\/wp-json\/wp\/v2\/product_brand?post=4233"},{"taxonomy":"product_cat","embeddable":true,"href":"https:\/\/yutaimachinery.com\/de\/wp-json\/wp\/v2\/product_cat?post=4233"},{"taxonomy":"product_tag","embeddable":true,"href":"https:\/\/yutaimachinery.com\/de\/wp-json\/wp\/v2\/product_tag?post=4233"}],"curies":[{"name":"wp","href":"https:\/\/api.w.org\/{rel}","templated":true}]}}