{"id":4201,"date":"2024-06-18T15:49:37","date_gmt":"2024-06-18T07:49:37","guid":{"rendered":"https:\/\/yutaimachinery.com\/?post_type=product&#038;p=4201"},"modified":"2024-06-18T15:49:38","modified_gmt":"2024-06-18T07:49:38","slug":"alle-arten-von-schleifmaschinen","status":"publish","type":"product","link":"https:\/\/yutaimachinery.com\/de\/product\/all-kind-sander\/","title":{"rendered":"All Kind Sander"},"content":{"rendered":"","protected":false},"excerpt":{"rendered":"<p>Der All Kind Sander wird haupts\u00e4chlich f\u00fcr das Nivellieren von Oberfl\u00e4chen, das Abschleifen von Kanten, das Entgraten, das Vorbereiten von Glasuren und das Ausbessern von Wiederaufbereitungen verwendet. Er kann die keramische Oberfl\u00e4che glatter und flacher machen, f\u00fcr saubere Kanten sorgen, w\u00e4hrend des Produktionsprozesses entstandene Grate entfernen, die Haftung der Glasur verbessern und kleine Defekte ausbessern und so die Qualit\u00e4t und Produktivit\u00e4t von keramischen Produkten effektiv verbessern.<\/p>","protected":false},"featured_media":4202,"template":"","meta":{"_acf_changed":false},"product_brand":[],"product_cat":[61],"product_tag":[],"class_list":{"0":"post-4201","1":"product","2":"type-product","3":"status-publish","4":"has-post-thumbnail","6":"product_cat-ceramic-machine-tool","8":"first","9":"instock","10":"shipping-taxable","11":"product-type-simple"},"acf":{"customization_content":"<h2 style=\"text-align: center;\">Why Choose Us as Your Ceramic Machine Supplier<\/h2>\r\n\r\n<hr \/>\r\n<p style=\"text-align: center;\">Yutai as a ceramic tableware manufacturer, maintains strict quality standards and excellent service. Revolutionize your manufacturing processes with cutting-edge automation technology that streamlines forming and enhances efficiency.<\/p>","customization_content_source":{"label":"Customization Content","type":"wysiwyg","formatted_value":"<h2 style=\"text-align: center;\">Why Choose Us as Your Ceramic Machine Supplier<\/h2>\n<hr \/>\n<p style=\"text-align: center;\">Yutai as a ceramic tableware manufacturer, maintains strict quality standards and excellent service. Revolutionize your manufacturing processes with cutting-edge automation technology that streamlines forming and enhances efficiency.<\/p>\n"},"why_choose_us_content":"","why_choose_us_content_source":{"label":"Why Choose Us Content","type":"wysiwyg","formatted_value":""}},"_links":{"self":[{"href":"https:\/\/yutaimachinery.com\/de\/wp-json\/wp\/v2\/product\/4201","targetHints":{"allow":["GET"]}}],"collection":[{"href":"https:\/\/yutaimachinery.com\/de\/wp-json\/wp\/v2\/product"}],"about":[{"href":"https:\/\/yutaimachinery.com\/de\/wp-json\/wp\/v2\/types\/product"}],"version-history":[{"count":0,"href":"https:\/\/yutaimachinery.com\/de\/wp-json\/wp\/v2\/product\/4201\/revisions"}],"wp:featuredmedia":[{"embeddable":true,"href":"https:\/\/yutaimachinery.com\/de\/wp-json\/wp\/v2\/media\/4202"}],"wp:attachment":[{"href":"https:\/\/yutaimachinery.com\/de\/wp-json\/wp\/v2\/media?parent=4201"}],"wp:term":[{"taxonomy":"product_brand","embeddable":true,"href":"https:\/\/yutaimachinery.com\/de\/wp-json\/wp\/v2\/product_brand?post=4201"},{"taxonomy":"product_cat","embeddable":true,"href":"https:\/\/yutaimachinery.com\/de\/wp-json\/wp\/v2\/product_cat?post=4201"},{"taxonomy":"product_tag","embeddable":true,"href":"https:\/\/yutaimachinery.com\/de\/wp-json\/wp\/v2\/product_tag?post=4201"}],"curies":[{"name":"wp","href":"https:\/\/api.w.org\/{rel}","templated":true}]}}