{"id":4195,"date":"2024-06-14T22:21:55","date_gmt":"2024-06-14T14:21:55","guid":{"rendered":"https:\/\/yutaimachinery.com\/?post_type=product&#038;p=4195"},"modified":"2024-06-14T23:18:35","modified_gmt":"2024-06-14T15:18:35","slug":"keramik-tunnelofen-2","status":"publish","type":"product","link":"https:\/\/yutaimachinery.com\/de\/product\/ceramic-tunnel-kiln\/","title":{"rendered":"Automatischer keramischer Tunnelofen mit kreisf\u00f6rmiger Umlaufbahn f\u00fcr keramische Abziehbilder"},"content":{"rendered":"<div class=\"wp-block-columns is-layout-flex wp-container-core-columns-is-layout-9d6595d7 wp-block-columns-is-layout-flex\">\n<div class=\"wp-block-column is-layout-flow wp-block-column-is-layout-flow\">\n<figure class=\"wp-block-image size-full\"><img fetchpriority=\"high\" decoding=\"async\" width=\"2129\" height=\"2129\" src=\"https:\/\/yutaimachinery.com\/wp-content\/uploads\/2024\/06\/ceramic-tunnel-kiln6.webp\" alt=\"Keramik-Tunnelofen\" class=\"wp-image-4186\" title=\"\" srcset=\"https:\/\/yutaimachinery.com\/wp-content\/uploads\/2024\/06\/ceramic-tunnel-kiln6.webp 2129w, https:\/\/yutaimachinery.com\/wp-content\/uploads\/2024\/06\/ceramic-tunnel-kiln6-300x300.webp 300w, https:\/\/yutaimachinery.com\/wp-content\/uploads\/2024\/06\/ceramic-tunnel-kiln6-150x150.webp 150w, https:\/\/yutaimachinery.com\/wp-content\/uploads\/2024\/06\/ceramic-tunnel-kiln6-768x768.webp 768w, https:\/\/yutaimachinery.com\/wp-content\/uploads\/2024\/06\/ceramic-tunnel-kiln6-285x285.webp 285w, https:\/\/yutaimachinery.com\/wp-content\/uploads\/2024\/06\/ceramic-tunnel-kiln6-1600x1600.webp 1600w, https:\/\/yutaimachinery.com\/wp-content\/uploads\/2024\/06\/ceramic-tunnel-kiln6-270x270.webp 270w, https:\/\/yutaimachinery.com\/wp-content\/uploads\/2024\/06\/ceramic-tunnel-kiln6-540x540.webp 540w, https:\/\/yutaimachinery.com\/wp-content\/uploads\/2024\/06\/ceramic-tunnel-kiln6-660x660.webp 660w\" sizes=\"(max-width: 2129px) 100vw, 2129px\" \/><\/figure>\n<\/div>\n\n\n\n<div class=\"wp-block-column is-layout-flow wp-block-column-is-layout-flow\">\n<h2 class=\"wp-block-heading\"><strong>Merkmale von<\/strong> Keramischer Tunnelofen<\/h2>\n\n\n\n<p>Hohe Raumausnutzung: Durch die Ringbauweise ist der Ofen kompakter und ben\u00f6tigt eine geringere Stellfl\u00e4che, wodurch der Platz in der Fabrik effektiv genutzt wird, insbesondere f\u00fcr Unternehmen mit begrenztem Platzangebot.<\/p>\n\n\n\n<p>Kontinuierliche Produktion: Die Ringbahnkonstruktion unterst\u00fctzt eine echte kontinuierliche Produktion, bei der sich das Material ohne Unterbrechung auf der Ringbahn bewegen kann, was die Produktivit\u00e4t weiter erh\u00f6ht und die Ausfallzeiten reduziert.<\/p>\n\n\n\n<p>Gleichm\u00e4\u00dfige Temperaturverteilung: Die Ringbahnkonstruktion erm\u00f6glicht eine gleichm\u00e4\u00dfige Temperaturverteilung innerhalb des Ofens, wodurch ungleichm\u00e4\u00dfige Temperaturen, wie sie bei herk\u00f6mmlichen linearen \u00d6fen auftreten k\u00f6nnen, vermieden werden, was die Stabilit\u00e4t und Konsistenz der Produktqualit\u00e4t verbessert.<\/p>\n\n\n\n<p>Einfacher Betrieb: Ring\u00f6fen sind in der Regel mit automatisierten Transport- und Steuerungssystemen ausgestattet, die den Betriebsablauf vereinfachen, die Arbeitskosten senken und den Automatisierungsgrad der Produktion verbessern.<\/p>\n<\/div>\n<\/div>\n\n\n\n<div class=\"wp-block-columns is-layout-flex wp-container-core-columns-is-layout-9d6595d7 wp-block-columns-is-layout-flex\">\n<div class=\"wp-block-column is-layout-flow wp-block-column-is-layout-flow\"><\/div>\n\n\n\n<div class=\"wp-block-column is-layout-flow wp-block-column-is-layout-flow\"><\/div>\n<\/div>","protected":false},"excerpt":{"rendered":"<p>Die kreisf\u00f6rmige Bauweise des Keramik-Tunnelofens f\u00fchrt zu einer h\u00f6heren Raumausnutzung und Produktivit\u00e4t sowie zu einer einfacheren Bedienung und Wartung, was ihn zur bevorzugten Anlage f\u00fcr die moderne Keramikproduktion macht.<\/p>\n<h2>Alles aus einer Hand f\u00fcr Keramik-Tunnel\u00f6fen:<\/h2>\n<ol>\n<li>\n<p>L\u00f6sung f\u00fcr das Fabriklayout: Nach der Fabrik Raum und Produktionsplan, bieten professionelle Keramik Maschinen Layout Vorschl\u00e4ge.<\/p>\n<\/li>\n<li>\n<p>Technische Unterst\u00fctzung: Professionelle technische Anleitung und Unterst\u00fctzung mit Videoanleitungen f\u00fcr eine schnelle Nutzung des Produkts<\/p>\n<\/li>\n<li>\n<p>Ersatzteile: Eine Reihe von Original-Ersatzteilen liefern.<\/p>\n<\/li>\n<li>\n<p>Unterst\u00fctzung nach dem Kauf: 24-Stunden-Online-Hilfe, um sicherzustellen, dass Sie mit dem Keramiktunnelofen zufrieden sind und dass er reibungslos in Ihrer Produktionslinie eingesetzt wird.<\/p>\n<\/li>\n<\/ol>","protected":false},"featured_media":4191,"template":"","meta":{"_acf_changed":false},"product_brand":[],"product_cat":[58],"product_tag":[65],"class_list":{"0":"post-4195","1":"product","2":"type-product","3":"status-publish","4":"has-post-thumbnail","6":"product_cat-ceramic-kiln","7":"product_tag-tunnel-kiln","9":"first","10":"instock","11":"shipping-taxable","12":"product-type-simple"},"acf":{"customization_content":"<h2><\/h2>\r\n<div><\/div>","customization_content_source":{"label":"Customization Content","type":"wysiwyg","formatted_value":"<h2><\/h2>\n<div><\/div>\n"},"why_choose_us_content":"<h2 style=\"text-align: center;\">Why Choose Us as Your Ceramic Kiln\u00a0Supplier<\/h2>\r\n\r\n<hr \/>\r\n<p style=\"text-align: center;\">Yutai as a ceramic tableware manufacturer, maintains strict quality standards and excellent service. Revolutionize your manufacturing processes with cutting-edge automation technology that streamlines forming and enhances efficiency.<\/p>","why_choose_us_content_source":{"label":"Why Choose Us Content","type":"wysiwyg","formatted_value":"<h2 style=\"text-align: center;\">Why Choose Us as Your Ceramic Kiln\u00a0Supplier<\/h2>\n<hr \/>\n<p style=\"text-align: center;\">Yutai as a ceramic tableware manufacturer, maintains strict quality standards and excellent service. Revolutionize your manufacturing processes with cutting-edge automation technology that streamlines forming and enhances efficiency.<\/p>\n"}},"_links":{"self":[{"href":"https:\/\/yutaimachinery.com\/de\/wp-json\/wp\/v2\/product\/4195","targetHints":{"allow":["GET"]}}],"collection":[{"href":"https:\/\/yutaimachinery.com\/de\/wp-json\/wp\/v2\/product"}],"about":[{"href":"https:\/\/yutaimachinery.com\/de\/wp-json\/wp\/v2\/types\/product"}],"version-history":[{"count":0,"href":"https:\/\/yutaimachinery.com\/de\/wp-json\/wp\/v2\/product\/4195\/revisions"}],"wp:featuredmedia":[{"embeddable":true,"href":"https:\/\/yutaimachinery.com\/de\/wp-json\/wp\/v2\/media\/4191"}],"wp:attachment":[{"href":"https:\/\/yutaimachinery.com\/de\/wp-json\/wp\/v2\/media?parent=4195"}],"wp:term":[{"taxonomy":"product_brand","embeddable":true,"href":"https:\/\/yutaimachinery.com\/de\/wp-json\/wp\/v2\/product_brand?post=4195"},{"taxonomy":"product_cat","embeddable":true,"href":"https:\/\/yutaimachinery.com\/de\/wp-json\/wp\/v2\/product_cat?post=4195"},{"taxonomy":"product_tag","embeddable":true,"href":"https:\/\/yutaimachinery.com\/de\/wp-json\/wp\/v2\/product_tag?post=4195"}],"curies":[{"name":"wp","href":"https:\/\/api.w.org\/{rel}","templated":true}]}}