{"id":4182,"date":"2024-06-14T22:21:43","date_gmt":"2024-06-14T14:21:43","guid":{"rendered":"https:\/\/yutaimachinery.com\/?post_type=product&#038;p=4182"},"modified":"2024-06-14T22:21:44","modified_gmt":"2024-06-14T14:21:44","slug":"herdwagenofen-2","status":"publish","type":"product","link":"https:\/\/yutaimachinery.com\/de\/product\/shuttle-kilns\/","title":{"rendered":"Kleine Shuttle-\u00d6fen f\u00fcr Keramik Tassen Platte Abziehbild Ofen"},"content":{"rendered":"<div class=\"wp-block-columns is-layout-flex wp-container-core-columns-is-layout-9d6595d7 wp-block-columns-is-layout-flex\">\n<div class=\"wp-block-column is-layout-flow wp-block-column-is-layout-flow\">\n<h2 class=\"wp-block-heading\">Herdwagen\u00f6fen Merkmale<\/h2>\n\n\n\n<p>Kleiner Herdwagenofen mit hoher Flexibilit\u00e4t, geringem Platzbedarf, einfacher Bedienung, einfacher Wartung und vielen anderen Vorteilen, geeignet f\u00fcr die Produktion von Keramik in kleinen Chargen und mehreren Arten. Sein modernes Steuerungssystem gew\u00e4hrleistet die Produktqualit\u00e4t und reduziert effektiv den Energieverbrauch und die Umweltbelastung, besonders geeignet f\u00fcr Arbeitsumgebungen mit begrenztem Raum.<\/p>\n<\/div>\n\n\n\n<div class=\"wp-block-column is-layout-flow wp-block-column-is-layout-flow\">\n<figure class=\"wp-block-image size-full is-resized\"><img fetchpriority=\"high\" decoding=\"async\" width=\"3024\" height=\"3024\" src=\"https:\/\/yutaimachinery.com\/wp-content\/uploads\/2024\/06\/shuttle-kiln2.webp\" alt=\"Herdwagenofen\" class=\"wp-image-4183\" style=\"width:365px;height:auto\" title=\"\" srcset=\"https:\/\/yutaimachinery.com\/wp-content\/uploads\/2024\/06\/shuttle-kiln2.webp 3024w, https:\/\/yutaimachinery.com\/wp-content\/uploads\/2024\/06\/shuttle-kiln2-300x300.webp 300w, https:\/\/yutaimachinery.com\/wp-content\/uploads\/2024\/06\/shuttle-kiln2-150x150.webp 150w, https:\/\/yutaimachinery.com\/wp-content\/uploads\/2024\/06\/shuttle-kiln2-768x768.webp 768w, https:\/\/yutaimachinery.com\/wp-content\/uploads\/2024\/06\/shuttle-kiln2-285x285.webp 285w, https:\/\/yutaimachinery.com\/wp-content\/uploads\/2024\/06\/shuttle-kiln2-1600x1600.webp 1600w, https:\/\/yutaimachinery.com\/wp-content\/uploads\/2024\/06\/shuttle-kiln2-270x270.webp 270w, https:\/\/yutaimachinery.com\/wp-content\/uploads\/2024\/06\/shuttle-kiln2-540x540.webp 540w, https:\/\/yutaimachinery.com\/wp-content\/uploads\/2024\/06\/shuttle-kiln2-660x660.webp 660w\" sizes=\"(max-width: 3024px) 100vw, 3024px\" \/><\/figure>\n<\/div>\n<\/div>","protected":false},"excerpt":{"rendered":"<p>Kleiner Pendelofen mit hohem Wirkungsgrad und energiesparenden, flexiblen Eigenschaften, geeignet f\u00fcr kleine Mengen keramischer Schalen, Teller und Tassen von Abziehbildback\u00f6fen.<\/p>\n<h2>Eine L\u00f6sung f\u00fcr Herdwagen\u00f6fen aus einer Hand:<\/h2>\n<ol>\n<li>Fabrik Preis: Wir sind keramische Maschinen Hersteller, die kosteng\u00fcnstige keramische \u00d6fen, willkommen, uns zu kontaktieren, um die Fabrik Preis zu erhalten.<\/li>\n<li>Technische Unterst\u00fctzung: Professionelle technische Anleitung und Unterst\u00fctzung mit Videoanleitungen f\u00fcr eine schnelle Nutzung des Produkts<\/li>\n<li>Ersatzteile: Eine Reihe von Original-Ersatzteilen liefern.<\/li>\n<li>Unterst\u00fctzung nach dem Kauf: 24-Stunden-Online-Hilfe, um sicherzustellen, dass Sie mit den \u00d6fen zufrieden sind und dass sie reibungslos in Ihrer Produktionslinie eingesetzt werden.<\/li>\n<\/ol>","protected":false},"featured_media":4184,"template":"","meta":{"_acf_changed":false},"product_brand":[],"product_cat":[58],"product_tag":[79],"class_list":{"0":"post-4182","1":"product","2":"type-product","3":"status-publish","4":"has-post-thumbnail","6":"product_cat-ceramic-kiln","7":"product_tag-shuttle-kiln","9":"first","10":"instock","11":"shipping-taxable","12":"product-type-simple"},"acf":{"customization_content":"","customization_content_source":{"label":"Customization Content","type":"wysiwyg","formatted_value":""},"why_choose_us_content":"<h2 style=\"text-align: center;\">Why Choose Us as Your <strong>Shuttle Kil<\/strong>ns Supplier<\/h2>\r\n\r\n<hr \/>\r\n<p style=\"text-align: center;\">Yutai as a ceramic tableware manufacturer, maintains strict quality standards and excellent service. Revolutionize your manufacturing processes with cutting-edge automation technology streamlining forming and enhancing efficiency.<\/p>","why_choose_us_content_source":{"label":"Why Choose Us Content","type":"wysiwyg","formatted_value":"<h2 style=\"text-align: center;\">Why Choose Us as Your <strong>Shuttle Kil<\/strong>ns Supplier<\/h2>\n<hr \/>\n<p style=\"text-align: center;\">Yutai as a ceramic tableware manufacturer, maintains strict quality standards and excellent service. Revolutionize your manufacturing processes with cutting-edge automation technology streamlining forming and enhancing efficiency.<\/p>\n"}},"_links":{"self":[{"href":"https:\/\/yutaimachinery.com\/de\/wp-json\/wp\/v2\/product\/4182","targetHints":{"allow":["GET"]}}],"collection":[{"href":"https:\/\/yutaimachinery.com\/de\/wp-json\/wp\/v2\/product"}],"about":[{"href":"https:\/\/yutaimachinery.com\/de\/wp-json\/wp\/v2\/types\/product"}],"version-history":[{"count":0,"href":"https:\/\/yutaimachinery.com\/de\/wp-json\/wp\/v2\/product\/4182\/revisions"}],"wp:featuredmedia":[{"embeddable":true,"href":"https:\/\/yutaimachinery.com\/de\/wp-json\/wp\/v2\/media\/4184"}],"wp:attachment":[{"href":"https:\/\/yutaimachinery.com\/de\/wp-json\/wp\/v2\/media?parent=4182"}],"wp:term":[{"taxonomy":"product_brand","embeddable":true,"href":"https:\/\/yutaimachinery.com\/de\/wp-json\/wp\/v2\/product_brand?post=4182"},{"taxonomy":"product_cat","embeddable":true,"href":"https:\/\/yutaimachinery.com\/de\/wp-json\/wp\/v2\/product_cat?post=4182"},{"taxonomy":"product_tag","embeddable":true,"href":"https:\/\/yutaimachinery.com\/de\/wp-json\/wp\/v2\/product_tag?post=4182"}],"curies":[{"name":"wp","href":"https:\/\/api.w.org\/{rel}","templated":true}]}}