{"id":4118,"date":"2024-05-23T16:44:59","date_gmt":"2024-05-23T08:44:59","guid":{"rendered":"https:\/\/yutaimachinery.com\/?post_type=product&#038;p=4118"},"modified":"2024-05-23T18:41:01","modified_gmt":"2024-05-23T10:41:01","slug":"glaze-spray-booth","status":"publish","type":"product","link":"https:\/\/yutaimachinery.com\/de\/product\/glaze-spray-booth\/","title":{"rendered":"Auto-Glasur-Spritzkabine mit hoher Kapazit\u00e4t und 12 Stationen f\u00fcr die Glasur von Becherschalen"},"content":{"rendered":"<div class=\"wp-block-columns is-layout-flex wp-container-core-columns-is-layout-9d6595d7 wp-block-columns-is-layout-flex\">\n<div class=\"wp-block-column is-layout-flow wp-block-column-is-layout-flow\">\n<h2 class=\"wp-block-heading\"><strong><strong>Glasur-Spritzkabine<\/strong><\/strong> <strong>Merkmale:<\/strong><\/h2>\n\n\n\n<p>12 Multistation, ausgestattet mit einer Spritzpistole: mehrere Projekte k\u00f6nnen gleichzeitig gespritzt werden, um die Produktionseffizienz zu verbessern.<\/p>\n\n\n\n<p>Produktrotation: Der St\u00e4nder verf\u00fcgt \u00fcber einen Produktrotationsmechanismus, der eine gleichm\u00e4\u00dfige Glasurabdeckung auf allen Oberfl\u00e4chen gew\u00e4hrleistet, auch an schwer zug\u00e4nglichen Stellen.<\/p>\n\n\n\n<p>Benutzerfreundliche Schnittstelle: Das intuitive Bedienfeld erm\u00f6glicht eine einfache Bedienung und eine schnelle Anpassung der Einstellungen, wodurch die Lernkurve des Bedieners verk\u00fcrzt wird.<\/p>\n\n\n\n<p>Vielseitigkeit: Geeignet f\u00fcr eine Vielzahl von Keramikartikeln wie Teller, Schalen, Tassen usw., anpassbar an eine Vielzahl von Formen und Gr\u00f6\u00dfen.<\/p>\n\n\n\n<p>Anpassungsm\u00f6glichkeiten: Die Kabine kann an spezifische Produktionsbed\u00fcrfnisse angepasst werden, einschlie\u00dflich zus\u00e4tzlicher Arbeitspl\u00e4tze oder spezieller Spr\u00fchmechanismen, um besondere Produktionsanforderungen zu erf\u00fcllen.<\/p>\n<\/div>\n\n\n\n<div class=\"wp-block-column is-layout-flow wp-block-column-is-layout-flow\">\n<figure class=\"wp-block-embed is-type-video is-provider-youtube wp-block-embed-youtube wp-embed-aspect-16-9 wp-has-aspect-ratio\"><div class=\"wp-block-embed__wrapper\">\n<iframe title=\"Glasur-Spritzkabine f\u00fcr keramische Tassen, Schalen und Teller - mehrere Stationen\" width=\"940\" height=\"529\" src=\"https:\/\/www.youtube.com\/embed\/kso0A4FTmzI?feature=oembed\" frameborder=\"0\" allow=\"accelerometer; autoplay; clipboard-write; encrypted-media; gyroscope; picture-in-picture; web-share\" referrerpolicy=\"strict-origin-when-cross-origin\" allowfullscreen><\/iframe>\n<\/div><\/figure>\n\n\n<div class=\"wp-block-image\">\n<figure class=\"aligncenter size-full is-resized\"><img fetchpriority=\"high\" decoding=\"async\" width=\"568\" height=\"568\" src=\"https:\/\/yutaimachinery.com\/wp-content\/uploads\/2024\/05\/multistations-glaze-spray-booth2.webp\" alt=\"Multistationen Glasur-Spritzkabine\" class=\"wp-image-4120\" style=\"width:333px;height:auto\" title=\"\" srcset=\"https:\/\/yutaimachinery.com\/wp-content\/uploads\/2024\/05\/multistations-glaze-spray-booth2.webp 568w, https:\/\/yutaimachinery.com\/wp-content\/uploads\/2024\/05\/multistations-glaze-spray-booth2-300x300.webp 300w, https:\/\/yutaimachinery.com\/wp-content\/uploads\/2024\/05\/multistations-glaze-spray-booth2-150x150.webp 150w, https:\/\/yutaimachinery.com\/wp-content\/uploads\/2024\/05\/multistations-glaze-spray-booth2-285x285.webp 285w, https:\/\/yutaimachinery.com\/wp-content\/uploads\/2024\/05\/multistations-glaze-spray-booth2-270x270.webp 270w, https:\/\/yutaimachinery.com\/wp-content\/uploads\/2024\/05\/multistations-glaze-spray-booth2-540x540.webp 540w\" sizes=\"(max-width: 568px) 100vw, 568px\" \/><\/figure>\n<\/div><\/div>\n<\/div>","protected":false},"excerpt":{"rendered":"<p>12-Station Glasur Spritzkabine h\u00f6here Effizienz zu erreichen einheitliche Spray Glasur Tassen und Schalen, Fabrik Preis kundenspezifische L\u00f6sungen, bieten Installation Dienstleistungen, willkommen zu kontaktieren Yutai keramischen Maschinenhersteller.<\/p>\n<h2>Alles aus einer Hand f\u00fcr die Glasur-Spritzkabine:<\/h2>\n<ol>\n<li>\n<p>Fabrikpreis: Als Hersteller von keramischen Maschinen bieten wir kosteng\u00fcnstige Glasur-Spritzkabinen an, bitte kontaktieren Sie uns, um den Fabrikpreis zu erhalten.<\/p>\n<\/li>\n<li>\n<p>Technische Unterst\u00fctzung: Professionelle technische Anleitung und mechanische Installation, mit Videoanleitungen f\u00fcr eine schnelle Nutzung des Produkts<\/p>\n<\/li>\n<li>\n<p>Ersatzteile: Eine Reihe von Original-Ersatzteilen liefern.<\/p>\n<\/li>\n<li>\n<p>Unterst\u00fctzung nach dem Kauf: 24-Stunden-Online-Hilfe, um sicherzustellen, dass Sie mit den Glasur-Spritzkabinen zufrieden sind und dass sie reibungslos in Ihrer Produktionslinie eingesetzt werden.<\/p>\n<\/li>\n<\/ol>","protected":false},"featured_media":4124,"template":"","meta":{"_acf_changed":false},"product_brand":[],"product_cat":[57],"product_tag":[86],"class_list":{"0":"post-4118","1":"product","2":"type-product","3":"status-publish","4":"has-post-thumbnail","6":"product_cat-ceramic-glazing-machine","7":"product_tag-glazing-spray-machine","9":"first","10":"instock","11":"shipping-taxable","12":"product-type-simple"},"acf":{"customization_content":"<h2><\/h2>\r\n<div><\/div>","customization_content_source":{"label":"Customization Content","type":"wysiwyg","formatted_value":"<h2><\/h2>\n<div><\/div>\n"},"why_choose_us_content":"<h2 style=\"text-align: center;\">Why Choose Us as Your Glaze Spray Booth Supplier<\/h2>\r\n\r\n<hr \/>\r\n<p style=\"text-align: center;\">\u00a0Yutai as a ceramic machine manufacturer, maintains strict quality standards and excellent service. Revolutionize your manufacturing processes with cutting-edge automation technology that streamlines forming and enhances efficiency.<\/p>","why_choose_us_content_source":{"label":"Why Choose Us Content","type":"wysiwyg","formatted_value":"<h2 style=\"text-align: center;\">Why Choose Us as Your Glaze Spray Booth Supplier<\/h2>\n<hr \/>\n<p style=\"text-align: center;\">\u00a0Yutai as a ceramic machine manufacturer, maintains strict quality standards and excellent service. Revolutionize your manufacturing processes with cutting-edge automation technology that streamlines forming and enhances efficiency.<\/p>\n"}},"_links":{"self":[{"href":"https:\/\/yutaimachinery.com\/de\/wp-json\/wp\/v2\/product\/4118","targetHints":{"allow":["GET"]}}],"collection":[{"href":"https:\/\/yutaimachinery.com\/de\/wp-json\/wp\/v2\/product"}],"about":[{"href":"https:\/\/yutaimachinery.com\/de\/wp-json\/wp\/v2\/types\/product"}],"version-history":[{"count":0,"href":"https:\/\/yutaimachinery.com\/de\/wp-json\/wp\/v2\/product\/4118\/revisions"}],"wp:featuredmedia":[{"embeddable":true,"href":"https:\/\/yutaimachinery.com\/de\/wp-json\/wp\/v2\/media\/4124"}],"wp:attachment":[{"href":"https:\/\/yutaimachinery.com\/de\/wp-json\/wp\/v2\/media?parent=4118"}],"wp:term":[{"taxonomy":"product_brand","embeddable":true,"href":"https:\/\/yutaimachinery.com\/de\/wp-json\/wp\/v2\/product_brand?post=4118"},{"taxonomy":"product_cat","embeddable":true,"href":"https:\/\/yutaimachinery.com\/de\/wp-json\/wp\/v2\/product_cat?post=4118"},{"taxonomy":"product_tag","embeddable":true,"href":"https:\/\/yutaimachinery.com\/de\/wp-json\/wp\/v2\/product_tag?post=4118"}],"curies":[{"name":"wp","href":"https:\/\/api.w.org\/{rel}","templated":true}]}}