{"id":4110,"date":"2024-05-23T09:39:48","date_gmt":"2024-05-23T01:39:48","guid":{"rendered":"https:\/\/yutaimachinery.com\/?post_type=product&#038;p=4110"},"modified":"2024-05-23T10:21:04","modified_gmt":"2024-05-23T02:21:04","slug":"keramik-glasur-spritzkabine","status":"publish","type":"product","link":"https:\/\/yutaimachinery.com\/de\/product\/ceramic-glaze-spray-booth\/","title":{"rendered":"Keramikglasur-Spritzkabine Einzelstation f\u00fcr T\u00f6pferplatte Sch\u00fcssel"},"content":{"rendered":"<div class=\"wp-block-columns is-layout-flex wp-container-core-columns-is-layout-9d6595d7 wp-block-columns-is-layout-flex\">\n<div class=\"wp-block-column is-layout-flow wp-block-column-is-layout-flow\">\n<h2 class=\"wp-block-heading\"><strong><strong>Keramik-Glasur-Spritzkabine<\/strong><\/strong> <strong>Merkmale:<\/strong><\/h2>\n\n\n\n<p>Das Produkt kann gedreht werden und die Geschwindigkeit ist einstellbar, mit einer industriellen manuellen Spritzpistole mit R\u00fchrfunktion, um den Niederschlag der Glasur zu verhindern, Wasservorhang Kabinett f\u00fcr die Entfernung von Staub, geeignet f\u00fcr die Glasierung von Keramik-Teller \/ Schalen \/ Tassen \/ Untertassen \/ T\u00f6pfe.<\/p>\n<\/div>\n\n\n\n<div class=\"wp-block-column is-layout-flow wp-block-column-is-layout-flow\">\n<figure class=\"wp-block-image size-full\"><img fetchpriority=\"high\" decoding=\"async\" width=\"3024\" height=\"3024\" src=\"https:\/\/yutaimachinery.com\/wp-content\/uploads\/2024\/05\/ceramic-glaze-spray-booth4.webp\" alt=\"Keramik-Glasur-Spritzkabine\" class=\"wp-image-4113\" title=\"\" srcset=\"https:\/\/yutaimachinery.com\/wp-content\/uploads\/2024\/05\/ceramic-glaze-spray-booth4.webp 3024w, https:\/\/yutaimachinery.com\/wp-content\/uploads\/2024\/05\/ceramic-glaze-spray-booth4-300x300.webp 300w, https:\/\/yutaimachinery.com\/wp-content\/uploads\/2024\/05\/ceramic-glaze-spray-booth4-150x150.webp 150w, https:\/\/yutaimachinery.com\/wp-content\/uploads\/2024\/05\/ceramic-glaze-spray-booth4-768x768.webp 768w, https:\/\/yutaimachinery.com\/wp-content\/uploads\/2024\/05\/ceramic-glaze-spray-booth4-285x285.webp 285w, https:\/\/yutaimachinery.com\/wp-content\/uploads\/2024\/05\/ceramic-glaze-spray-booth4-1600x1600.webp 1600w, https:\/\/yutaimachinery.com\/wp-content\/uploads\/2024\/05\/ceramic-glaze-spray-booth4-270x270.webp 270w, https:\/\/yutaimachinery.com\/wp-content\/uploads\/2024\/05\/ceramic-glaze-spray-booth4-540x540.webp 540w, https:\/\/yutaimachinery.com\/wp-content\/uploads\/2024\/05\/ceramic-glaze-spray-booth4-660x660.webp 660w\" sizes=\"(max-width: 3024px) 100vw, 3024px\" \/><\/figure>\n<\/div>\n<\/div>\n\n\n\n<h2 class=\"wp-block-heading\"><strong><strong>Keramik-Glasur-Spritzkabine<\/strong><\/strong> Parameter<\/h2>\n\n\n\n<figure class=\"wp-block-table\"><table><tbody><tr><td>Modell<\/td><td>Max. Umformung Gr\u00f6\u00dfe (cm)<\/td><td>Kapazit\u00e4t<\/td><td>Leistung(kw)<\/td><td>Abmessung (lxbxh)<\/td><td>Gewicht (kg)<\/td><\/tr><tr><td>Einzelne Staion<\/td><td>Dia 20* 50cm(h)<\/td><td>480St\u00fcck\/h<\/td><td>180kw<\/td><td>100X100X200cm<\/td><td>150<\/td><\/tr><\/tbody><\/table><\/figure>","protected":false},"excerpt":{"rendered":"<p>Fabrik Gro\u00dfhandel keramischen Spray Glasur Stand kann das Produkt Rotationsgeschwindigkeit einzustellen, und mit R\u00fchrfunktion, um Glasur Niederschlag zu vermeiden, hohe Konfiguration niedrigen Preis, willkommen zu kontaktieren Yutai keramischen Fabrik f\u00fcr kostenloses Angebot.<\/p>\n<h2>Alles aus einer Hand f\u00fcr Keramikglasur-Spritzkabinen:<\/h2>\n<ol>\n<li>\n<p>Fabrikpreis: Als Hersteller von keramischen Maschinen bieten wir kosteng\u00fcnstige keramische Glasur-Spritzkabinen an, bitte kontaktieren Sie uns, um den Fabrikpreis zu erhalten.<\/p>\n<\/li>\n<li>\n<p>Technische Unterst\u00fctzung: Professionelle technische Anleitung und mechanische Installation, mit Videoanleitungen f\u00fcr eine schnelle Nutzung des Produkts<\/p>\n<\/li>\n<li>\n<p>Ersatzteile: Eine Reihe von Original-Ersatzteilen liefern.<\/p>\n<\/li>\n<li>\n<p>Unterst\u00fctzung nach dem Kauf: 24-Stunden-Online-Hilfe, um sicherzustellen, dass Sie mit den Glasur-Spritzkabinen zufrieden sind und dass sie reibungslos in Ihrer Produktionslinie eingesetzt werden.<\/p>\n<\/li>\n<\/ol>","protected":false},"featured_media":4112,"template":"","meta":{"_acf_changed":false},"product_brand":[],"product_cat":[57],"product_tag":[86],"class_list":{"0":"post-4110","1":"product","2":"type-product","3":"status-publish","4":"has-post-thumbnail","6":"product_cat-ceramic-glazing-machine","7":"product_tag-glazing-spray-machine","9":"first","10":"instock","11":"shipping-taxable","12":"product-type-simple"},"acf":{"customization_content":"<h2><\/h2>\r\n<div><\/div>","customization_content_source":{"label":"Customization Content","type":"wysiwyg","formatted_value":"<h2><\/h2>\n<div><\/div>\n"},"why_choose_us_content":"<h2 style=\"text-align: center;\">Why Choose Us as Your Ceramic Glaze Spray Booth Supplier<\/h2>\r\n\r\n<hr \/>\r\n<p style=\"text-align: center;\">\u00a0Yutai as a ceramic machine manufacturer, maintains strict quality standards and excellent service. Revolutionize your manufacturing processes with cutting-edge automation technology that streamlines forming and enhances efficiency.<\/p>","why_choose_us_content_source":{"label":"Why Choose Us Content","type":"wysiwyg","formatted_value":"<h2 style=\"text-align: center;\">Why Choose Us as Your Ceramic Glaze Spray Booth Supplier<\/h2>\n<hr \/>\n<p style=\"text-align: center;\">\u00a0Yutai as a ceramic machine manufacturer, maintains strict quality standards and excellent service. Revolutionize your manufacturing processes with cutting-edge automation technology that streamlines forming and enhances efficiency.<\/p>\n"}},"_links":{"self":[{"href":"https:\/\/yutaimachinery.com\/de\/wp-json\/wp\/v2\/product\/4110","targetHints":{"allow":["GET"]}}],"collection":[{"href":"https:\/\/yutaimachinery.com\/de\/wp-json\/wp\/v2\/product"}],"about":[{"href":"https:\/\/yutaimachinery.com\/de\/wp-json\/wp\/v2\/types\/product"}],"version-history":[{"count":0,"href":"https:\/\/yutaimachinery.com\/de\/wp-json\/wp\/v2\/product\/4110\/revisions"}],"wp:featuredmedia":[{"embeddable":true,"href":"https:\/\/yutaimachinery.com\/de\/wp-json\/wp\/v2\/media\/4112"}],"wp:attachment":[{"href":"https:\/\/yutaimachinery.com\/de\/wp-json\/wp\/v2\/media?parent=4110"}],"wp:term":[{"taxonomy":"product_brand","embeddable":true,"href":"https:\/\/yutaimachinery.com\/de\/wp-json\/wp\/v2\/product_brand?post=4110"},{"taxonomy":"product_cat","embeddable":true,"href":"https:\/\/yutaimachinery.com\/de\/wp-json\/wp\/v2\/product_cat?post=4110"},{"taxonomy":"product_tag","embeddable":true,"href":"https:\/\/yutaimachinery.com\/de\/wp-json\/wp\/v2\/product_tag?post=4110"}],"curies":[{"name":"wp","href":"https:\/\/api.w.org\/{rel}","templated":true}]}}