{"id":4085,"date":"2024-05-17T11:57:19","date_gmt":"2024-05-17T03:57:19","guid":{"rendered":"https:\/\/yutaimachinery.com\/?post_type=product&#038;p=4085"},"modified":"2024-05-17T15:56:26","modified_gmt":"2024-05-17T07:56:26","slug":"pottery-outside-glazing-machines-for-ceramic-mugs-pots-bowls","status":"publish","type":"product","link":"https:\/\/yutaimachinery.com\/de\/product\/pottery-outside-glazing-machines-for-ceramic-mugs-pots-bowls\/","title":{"rendered":"T\u00f6pferei Au\u00dfenglasiermaschinen f\u00fcr keramische Tassen T\u00f6pfe Schalen"},"content":{"rendered":"<div class=\"wp-block-columns is-layout-flex wp-container-core-columns-is-layout-9d6595d7 wp-block-columns-is-layout-flex\">\n<div class=\"wp-block-column is-layout-flow wp-block-column-is-layout-flow\">\n<h2 class=\"wp-block-heading\"><strong><strong>Verglasungsmaschinen<\/strong><\/strong> <strong>Merkmale:<\/strong><\/h2>\n\n\n\n<p>Diese halbautomatische Glasiermaschine kann die Au\u00dfenseite von kleinen Keramikprodukten fest und gleichm\u00e4\u00dfig glasieren. Geeignet f\u00fcr Schalen, Tassen und Untertassen. Verbessern Sie die Produktionseffizienz und sparen Sie Arbeitskosten. Wir bieten alle Arten von keramischen Produktionsmaschinen an und sind uns der Bed\u00fcrfnisse des keramischen Fabrikbaus bewusst, um L\u00f6sungen f\u00fcr jeden Kunden zu unterst\u00fctzen.<\/p>\n<\/div>\n\n\n\n<div class=\"wp-block-column is-layout-flow wp-block-column-is-layout-flow\">\n<figure class=\"wp-block-embed is-type-video is-provider-youtube wp-block-embed-youtube wp-embed-aspect-4-3 wp-has-aspect-ratio\"><div class=\"wp-block-embed__wrapper\">\n<iframe title=\"halbautomatische Au\u00dfenverglasung\" width=\"940\" height=\"705\" src=\"https:\/\/www.youtube.com\/embed\/iEo_pylQxsU?feature=oembed\" frameborder=\"0\" allow=\"accelerometer; autoplay; clipboard-write; encrypted-media; gyroscope; picture-in-picture; web-share\" referrerpolicy=\"strict-origin-when-cross-origin\" allowfullscreen><\/iframe>\n<\/div><\/figure>\n<\/div>\n<\/div>\n\n\n\n<h2 class=\"wp-block-heading\"><strong><strong>Verglasungsmaschinen<\/strong><\/strong> Parameter<\/h2>\n\n\n\n<figure class=\"wp-block-table\"><table><tbody><tr><td>Modell<\/td><td>Max. Umformung Gr\u00f6\u00dfe (cm)<\/td><td>Kapazit\u00e4t<\/td><td>Leistung(kw)<\/td><td>Abmessung (lxbxh)<\/td><td>Gewicht (kg)<\/td><\/tr><tr><td>\u00c4u\u00dfere Verglasung<\/td><td>Durchmesser 20x 30cm (H)<\/td><td>90-480 St\u00fcck\/Std.<\/td><td>0,8 kW<\/td><td>130\u00d785 x170 Cm(h)<\/td><td>250<\/td><\/tr><\/tbody><\/table><\/figure>","protected":false},"excerpt":{"rendered":"<p>Automatische Glasiermaschinen glasieren Keramikprodukte von au\u00dfen, geeignet f\u00fcr Keramikschalen, Tassen, Teller und Untertassen. Einfach zu bedienen, spart Arbeitskosten. Erfahren Sie mehr \u00fcber Glasiermaschinen Kontaktieren Sie den Hersteller und Lieferanten Yutai Ceramic Machinery.<\/p>\n<h2>Alles aus einer Hand f\u00fcr Verglasungsmaschinen:<\/h2>\n<ol>\n<li>\n<p>Fabrikpreis: Als Hersteller von keramischen Maschinen bieten wir kosteng\u00fcnstige Glasiermaschinen an. Bitte kontaktieren Sie uns, um den Fabrikpreis zu erfahren.<\/p>\n<\/li>\n<li>\n<p>Technische Unterst\u00fctzung: Professionelle technische Anleitung und mechanische Installation, mit Videoanleitungen f\u00fcr eine schnelle Nutzung des Produkts<\/p>\n<\/li>\n<li>\n<p>Ersatzteile: Eine Reihe von Original-Ersatzteilen liefern.<\/p>\n<\/li>\n<li>\n<p>Unterst\u00fctzung nach dem Kauf: 24-Stunden-Online-Hilfe, um sicherzustellen, dass Sie mit den Verglasungsmaschinen zufrieden sind und dass sie reibungslos in Ihrer Produktionslinie eingesetzt werden.<\/p>\n<\/li>\n<\/ol>","protected":false},"featured_media":4091,"template":"","meta":{"_acf_changed":false},"product_brand":[],"product_cat":[57],"product_tag":[78],"class_list":{"0":"post-4085","1":"product","2":"type-product","3":"status-publish","4":"has-post-thumbnail","6":"product_cat-ceramic-glazing-machine","7":"product_tag-glaze-dipping-machine","9":"first","10":"instock","11":"shipping-taxable","12":"product-type-simple"},"acf":{"customization_content":"<h2><\/h2>\r\n<div><\/div>","customization_content_source":{"label":"Customization Content","type":"wysiwyg","formatted_value":"<h2><\/h2>\n<div><\/div>\n"},"why_choose_us_content":"<h2 style=\"text-align: center;\">Why Choose Us as Your Glazing Machines Supplier<\/h2>\r\n\r\n<hr \/>\r\n<p style=\"text-align: center;\">\u00a0Yutai as a ceramic machine manufacturer, maintains strict quality standards and excellent service. Revolutionize your manufacturing processes with cutting-edge automation technology that streamlines forming and enhances efficiency.<\/p>","why_choose_us_content_source":{"label":"Why Choose Us Content","type":"wysiwyg","formatted_value":"<h2 style=\"text-align: center;\">Why Choose Us as Your Glazing Machines Supplier<\/h2>\n<hr \/>\n<p style=\"text-align: center;\">\u00a0Yutai as a ceramic machine manufacturer, maintains strict quality standards and excellent service. Revolutionize your manufacturing processes with cutting-edge automation technology that streamlines forming and enhances efficiency.<\/p>\n"}},"_links":{"self":[{"href":"https:\/\/yutaimachinery.com\/de\/wp-json\/wp\/v2\/product\/4085","targetHints":{"allow":["GET"]}}],"collection":[{"href":"https:\/\/yutaimachinery.com\/de\/wp-json\/wp\/v2\/product"}],"about":[{"href":"https:\/\/yutaimachinery.com\/de\/wp-json\/wp\/v2\/types\/product"}],"version-history":[{"count":0,"href":"https:\/\/yutaimachinery.com\/de\/wp-json\/wp\/v2\/product\/4085\/revisions"}],"wp:featuredmedia":[{"embeddable":true,"href":"https:\/\/yutaimachinery.com\/de\/wp-json\/wp\/v2\/media\/4091"}],"wp:attachment":[{"href":"https:\/\/yutaimachinery.com\/de\/wp-json\/wp\/v2\/media?parent=4085"}],"wp:term":[{"taxonomy":"product_brand","embeddable":true,"href":"https:\/\/yutaimachinery.com\/de\/wp-json\/wp\/v2\/product_brand?post=4085"},{"taxonomy":"product_cat","embeddable":true,"href":"https:\/\/yutaimachinery.com\/de\/wp-json\/wp\/v2\/product_cat?post=4085"},{"taxonomy":"product_tag","embeddable":true,"href":"https:\/\/yutaimachinery.com\/de\/wp-json\/wp\/v2\/product_tag?post=4085"}],"curies":[{"name":"wp","href":"https:\/\/api.w.org\/{rel}","templated":true}]}}