{"id":4077,"date":"2024-05-16T17:35:26","date_gmt":"2024-05-16T09:35:26","guid":{"rendered":"https:\/\/yutaimachinery.com\/?post_type=product&#038;p=4077"},"modified":"2024-05-17T11:57:04","modified_gmt":"2024-05-17T03:57:04","slug":"tauchmaschine","status":"publish","type":"product","link":"https:\/\/yutaimachinery.com\/de\/product\/dipping-machine\/","title":{"rendered":"Automatische Keramiktauchmaschine Doppeltank f\u00fcr Glasschalen&amp;Tassen"},"content":{"rendered":"<div class=\"wp-block-columns is-layout-flex wp-container-core-columns-is-layout-9d6595d7 wp-block-columns-is-layout-flex\">\n<div class=\"wp-block-column is-layout-flow wp-block-column-is-layout-flow\">\n<h2 class=\"wp-block-heading\"><strong><strong>Eintauchmaschine<\/strong><\/strong> <strong>Merkmale:<\/strong><\/h2>\n\n\n\n<p>Doppelrillen-Design: Erm\u00f6glicht das gleichzeitige Glasieren von zwei verschiedenen Farben oder Glasurtypen und damit eine gr\u00f6\u00dfere Flexibilit\u00e4t und Individualisierung Ihrer Produkte.<\/p>\n\n\n\n<p>Gesteigerte Effizienz: Automatisierte Tauchverfahren reduzieren die manuelle Arbeit erheblich, beschleunigen die Produktionszeiten und erh\u00f6hen die Gesamtausbeute, was sie ideal f\u00fcr die Massenproduktion macht.<\/p>\n\n\n\n<p>Vielseitigkeit: Die Maschine eignet sich f\u00fcr verschiedene Keramikprodukte wie Schalen, Tassen, Vasen usw. Sie kann keramische Produkte unterschiedlicher Form und Gr\u00f6\u00dfe verarbeiten, so dass sie sich an eine breite Palette von Produktionsanforderungen anpassen kann.<\/p>\n<\/div>\n\n\n\n<div class=\"wp-block-column is-layout-flow wp-block-column-is-layout-flow\">\n<figure class=\"wp-block-embed is-type-video is-provider-youtube wp-block-embed-youtube wp-embed-aspect-16-9 wp-has-aspect-ratio\"><div class=\"wp-block-embed__wrapper\">\n<iframe title=\"Keramik-Topfglasur-Tauchmaschine\" width=\"940\" height=\"529\" src=\"https:\/\/www.youtube.com\/embed\/N0N9-HTgLno?feature=oembed\" frameborder=\"0\" allow=\"accelerometer; autoplay; clipboard-write; encrypted-media; gyroscope; picture-in-picture; web-share\" referrerpolicy=\"strict-origin-when-cross-origin\" allowfullscreen><\/iframe>\n<\/div><\/figure>\n<\/div>\n<\/div>","protected":false},"excerpt":{"rendered":"<p>Yutai Ceramic Machine Factory Direktvertrieb von hochwertigen keramischen Tauchmaschine, Doppel-Tank-Design, kann gleichzeitig zwei Farben Glasur, Verbesserung der Effizienz der Produktion. Wir bieten kundenspezifische und technische Installation Dienstleistungen, 24 Stunden online, um Ihre Probleme zu l\u00f6sen.<\/p>\n<h2>One-Stop-L\u00f6sung f\u00fcr Tauchmaschinen:<\/h2>\n<ol>\n<li>\n<p>Fabrikpreis: Als Hersteller von Keramikmaschinen bieten wir kosteng\u00fcnstige Glasur-Tauchmaschinen an. Bitte kontaktieren Sie uns, um den Fabrikpreis zu erfahren.<\/p>\n<\/li>\n<li>\n<p>Technische Unterst\u00fctzung: Professionelle technische Anleitung und mechanische Installation, mit Videoanleitungen f\u00fcr eine schnelle Nutzung des Produkts<\/p>\n<\/li>\n<li>\n<p>Ersatzteile: Eine Reihe von Original-Ersatzteilen liefern.<\/p>\n<\/li>\n<li>\n<p>Unterst\u00fctzung nach dem Kauf: 24-Stunden-Online-Hilfe, um sicherzustellen, dass Sie mit der Glasur-Tauchmaschine zufrieden sind und dass sie reibungslos in Ihrer Produktionslinie eingesetzt wird.<\/p>\n<\/li>\n<\/ol>","protected":false},"featured_media":4081,"template":"","meta":{"_acf_changed":false},"product_brand":[],"product_cat":[57],"product_tag":[78],"class_list":{"0":"post-4077","1":"product","2":"type-product","3":"status-publish","4":"has-post-thumbnail","6":"product_cat-ceramic-glazing-machine","7":"product_tag-glaze-dipping-machine","9":"first","10":"instock","11":"shipping-taxable","12":"product-type-simple"},"acf":{"customization_content":"<h2><\/h2>\r\n<div><\/div>","customization_content_source":{"label":"Customization Content","type":"wysiwyg","formatted_value":"<h2><\/h2>\n<div><\/div>\n"},"why_choose_us_content":"<h2 style=\"text-align: center;\">Why Choose Us as Your Glazing Machine Supplier<\/h2>\r\n\r\n<hr \/>\r\n<p style=\"text-align: center;\">\u00a0Yutai as a ceramic machine manufacturer, maintains strict quality standards and excellent service. Revolutionize your manufacturing processes with cutting-edge automation technology that streamlines forming and enhances efficiency.<\/p>","why_choose_us_content_source":{"label":"Why Choose Us Content","type":"wysiwyg","formatted_value":"<h2 style=\"text-align: center;\">Why Choose Us as Your Glazing Machine Supplier<\/h2>\n<hr \/>\n<p style=\"text-align: center;\">\u00a0Yutai as a ceramic machine manufacturer, maintains strict quality standards and excellent service. Revolutionize your manufacturing processes with cutting-edge automation technology that streamlines forming and enhances efficiency.<\/p>\n"}},"_links":{"self":[{"href":"https:\/\/yutaimachinery.com\/de\/wp-json\/wp\/v2\/product\/4077","targetHints":{"allow":["GET"]}}],"collection":[{"href":"https:\/\/yutaimachinery.com\/de\/wp-json\/wp\/v2\/product"}],"about":[{"href":"https:\/\/yutaimachinery.com\/de\/wp-json\/wp\/v2\/types\/product"}],"version-history":[{"count":0,"href":"https:\/\/yutaimachinery.com\/de\/wp-json\/wp\/v2\/product\/4077\/revisions"}],"wp:featuredmedia":[{"embeddable":true,"href":"https:\/\/yutaimachinery.com\/de\/wp-json\/wp\/v2\/media\/4081"}],"wp:attachment":[{"href":"https:\/\/yutaimachinery.com\/de\/wp-json\/wp\/v2\/media?parent=4077"}],"wp:term":[{"taxonomy":"product_brand","embeddable":true,"href":"https:\/\/yutaimachinery.com\/de\/wp-json\/wp\/v2\/product_brand?post=4077"},{"taxonomy":"product_cat","embeddable":true,"href":"https:\/\/yutaimachinery.com\/de\/wp-json\/wp\/v2\/product_cat?post=4077"},{"taxonomy":"product_tag","embeddable":true,"href":"https:\/\/yutaimachinery.com\/de\/wp-json\/wp\/v2\/product_tag?post=4077"}],"curies":[{"name":"wp","href":"https:\/\/api.w.org\/{rel}","templated":true}]}}