{"id":4055,"date":"2024-05-14T11:04:57","date_gmt":"2024-05-14T03:04:57","guid":{"rendered":"https:\/\/yutaimachinery.com\/?post_type=product&#038;p=4055"},"modified":"2024-05-14T11:51:19","modified_gmt":"2024-05-14T03:51:19","slug":"verglasungsgerate-2","status":"publish","type":"product","link":"https:\/\/yutaimachinery.com\/de\/product\/glazing-equipment\/","title":{"rendered":"G\u00fcnstige Glasierger\u00e4te f\u00fcr Keramikbecher Intern"},"content":{"rendered":"<div class=\"wp-block-columns is-layout-flex wp-container-core-columns-is-layout-9d6595d7 wp-block-columns-is-layout-flex\">\n<div class=\"wp-block-column is-layout-flow wp-block-column-is-layout-flow\">\n<h2 class=\"wp-block-heading\"><strong><strong>Glaserei-Ausr\u00fcstung<\/strong><\/strong> <strong>Merkmale:<\/strong><\/h2>\n\n\n\n<p>Einfach zu bedienen: Design und benutzerfreundliche Steuerung, drehen Sie einfach die Tasse \u00fcber die Glasur Mund zu vervollst\u00e4ndigen die interne Glasur der Tasse, einfach zu bedienen, um die Effizienz zu verbessern.<\/p>\n\n\n\n<p>Kosteneffizienz: Mit manuellem Betrieb bietet diese Anlage eine kosteneffektive L\u00f6sung f\u00fcr das Glasieren von Keramikbechern, die den Bedarf an komplexen Automatisierungssystemen eliminiert und die anf\u00e4nglichen Investitionskosten reduziert.<\/p>\n<\/div>\n\n\n\n<div class=\"wp-block-column is-layout-flow wp-block-column-is-layout-flow\">\n<figure class=\"wp-block-embed is-type-video is-provider-youtube wp-block-embed-youtube wp-embed-aspect-16-9 wp-has-aspect-ratio\"><div class=\"wp-block-embed__wrapper\">\n<iframe title=\"Wie glasiert man die Porzellantassen innen und au\u00dfen?\" width=\"940\" height=\"529\" src=\"https:\/\/www.youtube.com\/embed\/Act77sMDPRw?feature=oembed\" frameborder=\"0\" allow=\"accelerometer; autoplay; clipboard-write; encrypted-media; gyroscope; picture-in-picture; web-share\" referrerpolicy=\"strict-origin-when-cross-origin\" allowfullscreen><\/iframe>\n<\/div><\/figure>\n<\/div>\n<\/div>","protected":false},"excerpt":{"rendered":"<p>Manuelles Keramikglasierger\u00e4t, einfach zu bedienen, effizienter Abschluss der Innenglasur der Tasse. Geeignet f\u00fcr verschiedene Keramikbecherdesigns und -gr\u00f6\u00dfen. Es ist eine wirtschaftliche Multi-Anwendung Keramik Glasur L\u00f6sung.<\/p>\n<h2>Alles aus einer Hand f\u00fcr Verglasungszubeh\u00f6r:<\/h2>\n<ol>\n<li>\n<p>Fabrikpreis: Als Hersteller von keramischen Maschinen bieten wir kosteneffiziente Glasieranlagen an. Bitte kontaktieren Sie uns, um den Fabrikpreis zu erfahren.<\/p>\n<\/li>\n<li>\n<p>Technische Unterst\u00fctzung: Professionelle technische Anleitung und mechanische Installation, mit Videoanleitungen f\u00fcr eine schnelle Nutzung des Produkts<\/p>\n<\/li>\n<li>\n<p>Ersatzteile: Eine Reihe von Original-Ersatzteilen liefern.<\/p>\n<\/li>\n<li>\n<p>Kundendienst 24-Stunden-Online-Hilfe, um sicherzustellen, dass Sie mit der Verglasungsanlage zufrieden sind und dass sie reibungslos in Ihrer Produktionslinie eingesetzt wird.<\/p>\n<\/li>\n<\/ol>","protected":false},"featured_media":4058,"template":"","meta":{"_acf_changed":false},"product_brand":[],"product_cat":[57],"product_tag":[78],"class_list":{"0":"post-4055","1":"product","2":"type-product","3":"status-publish","4":"has-post-thumbnail","6":"product_cat-ceramic-glazing-machine","7":"product_tag-glaze-dipping-machine","9":"first","10":"instock","11":"shipping-taxable","12":"product-type-simple"},"acf":{"customization_content":"<h2><\/h2>\r\n<div><\/div>","customization_content_source":{"label":"Customization Content","type":"wysiwyg","formatted_value":"<h2><\/h2>\n<div><\/div>\n"},"why_choose_us_content":"<h2 style=\"text-align: center;\">Why Choose Us as Your Glazing Equipment Supplier<\/h2>\r\n\r\n<hr \/>\r\n<p style=\"text-align: center;\">\u00a0Yutai as a ceramic machine manufacturer, maintains strict quality standards and excellent service. Revolutionize your manufacturing processes with cutting-edge automation technology that streamlines forming and enhances efficiency.<\/p>","why_choose_us_content_source":{"label":"Why Choose Us Content","type":"wysiwyg","formatted_value":"<h2 style=\"text-align: center;\">Why Choose Us as Your Glazing Equipment Supplier<\/h2>\n<hr \/>\n<p style=\"text-align: center;\">\u00a0Yutai as a ceramic machine manufacturer, maintains strict quality standards and excellent service. Revolutionize your manufacturing processes with cutting-edge automation technology that streamlines forming and enhances efficiency.<\/p>\n"}},"_links":{"self":[{"href":"https:\/\/yutaimachinery.com\/de\/wp-json\/wp\/v2\/product\/4055","targetHints":{"allow":["GET"]}}],"collection":[{"href":"https:\/\/yutaimachinery.com\/de\/wp-json\/wp\/v2\/product"}],"about":[{"href":"https:\/\/yutaimachinery.com\/de\/wp-json\/wp\/v2\/types\/product"}],"version-history":[{"count":0,"href":"https:\/\/yutaimachinery.com\/de\/wp-json\/wp\/v2\/product\/4055\/revisions"}],"wp:featuredmedia":[{"embeddable":true,"href":"https:\/\/yutaimachinery.com\/de\/wp-json\/wp\/v2\/media\/4058"}],"wp:attachment":[{"href":"https:\/\/yutaimachinery.com\/de\/wp-json\/wp\/v2\/media?parent=4055"}],"wp:term":[{"taxonomy":"product_brand","embeddable":true,"href":"https:\/\/yutaimachinery.com\/de\/wp-json\/wp\/v2\/product_brand?post=4055"},{"taxonomy":"product_cat","embeddable":true,"href":"https:\/\/yutaimachinery.com\/de\/wp-json\/wp\/v2\/product_cat?post=4055"},{"taxonomy":"product_tag","embeddable":true,"href":"https:\/\/yutaimachinery.com\/de\/wp-json\/wp\/v2\/product_tag?post=4055"}],"curies":[{"name":"wp","href":"https:\/\/api.w.org\/{rel}","templated":true}]}}