{"id":4048,"date":"2024-05-14T09:37:20","date_gmt":"2024-05-14T01:37:20","guid":{"rendered":"https:\/\/yutaimachinery.com\/?post_type=product&#038;p=4048"},"modified":"2024-05-14T11:03:53","modified_gmt":"2024-05-14T03:03:53","slug":"automatische-keramikglasiermaschine-12-24-stationen-2","status":"publish","type":"product","link":"https:\/\/yutaimachinery.com\/de\/product\/automatic-ceramic-glazing-machine-12-24-station\/","title":{"rendered":"Automatische Keramik-Glasiermaschine 12-24 Stationen"},"content":{"rendered":"<div class=\"wp-block-columns is-layout-flex wp-container-core-columns-is-layout-9d6595d7 wp-block-columns-is-layout-flex\">\n<div class=\"wp-block-column is-layout-flow wp-block-column-is-layout-flow\">\n<h2 class=\"wp-block-heading\"><strong><strong>Keramische Glasiermaschine<\/strong><\/strong> <strong>Merkmale:<\/strong><\/h2>\n\n\n\n<p>Hohe Effizienz 12-24 Stationen: Mit 12-24 Stationen gew\u00e4hrleisten unsere automatischen Keramikglasiermaschinen eine hohe Produktivit\u00e4t und k\u00f6nnen gleichzeitig eine breite Palette von Keramikprodukten glasieren.<\/p>\n\n\n\n<p>Benutzerfreundlich: Einfache Bedienung, intuitive Bedienelemente und eine benutzerfreundliche Oberfl\u00e4che sorgen f\u00fcr einen reibungslosen Betrieb und minimalen Schulungsbedarf.<\/p>\n\n\n\n<p>Vielseitigkeit: Geeignet f\u00fcr eine breite Palette von Keramikprodukten, darunter Teller, Schalen, Tassen und mehr, was es zu einer vielseitigen L\u00f6sung f\u00fcr Keramikhersteller macht.<\/p>\n<\/div>\n\n\n\n<div class=\"wp-block-column is-layout-flow wp-block-column-is-layout-flow\">\n<figure class=\"wp-block-embed is-type-video is-provider-youtube wp-block-embed-youtube wp-embed-aspect-16-9 wp-has-aspect-ratio\"><div class=\"wp-block-embed__wrapper\">\n<iframe title=\"Automatische Glasiermaschine f\u00fcr keramische Teller, Schalen und Tassen\" width=\"940\" height=\"529\" src=\"https:\/\/www.youtube.com\/embed\/9WJXD2lhWPc?feature=oembed\" frameborder=\"0\" allow=\"accelerometer; autoplay; clipboard-write; encrypted-media; gyroscope; picture-in-picture; web-share\" referrerpolicy=\"strict-origin-when-cross-origin\" allowfullscreen><\/iframe>\n<\/div><\/figure>\n<\/div>\n<\/div>","protected":false},"excerpt":{"rendered":"<p>Als keramische Maschinen Fabrik, Gro\u00dfhandel keramischen Glasur Maschinen mit 12-24 Stationen, die Effizienz zu verbessern, und kann gleichzeitig auf mehrere keramische Produkte automatische Glasur. Unterst\u00fctzung der Anpassung und technische Installation Dienstleistungen.<\/p>\n<h2>Alles aus einer Hand f\u00fcr Keramikglasiermaschinen:<\/h2>\n<ol>\n<li>\n<p>Fabrikpreis: Als Hersteller von keramischen Maschinen bieten wir kosteng\u00fcnstige keramische Glasiermaschinen an. Bitte kontaktieren Sie uns, um den Fabrikpreis zu erfahren.<\/p>\n<\/li>\n<li>\n<p>Technische Unterst\u00fctzung: Professionelle technische Anleitung und mechanische Installation, mit Videoanleitungen f\u00fcr eine schnelle Nutzung des Produkts<\/p>\n<\/li>\n<li>\n<p>Ersatzteile: Eine Reihe von Original-Ersatzteilen liefern.<\/p>\n<\/li>\n<li>\n<p>Unterst\u00fctzung nach dem Kauf: 24-Stunden-Online-Hilfe, um sicherzustellen, dass Sie mit den keramischen Glasiermaschinen zufrieden sind und dass sie reibungslos in Ihrer Produktionslinie eingesetzt werden.<\/p>\n<\/li>\n<\/ol>","protected":false},"featured_media":4052,"template":"","meta":{"_acf_changed":false},"product_brand":[],"product_cat":[57],"product_tag":[78],"class_list":{"0":"post-4048","1":"product","2":"type-product","3":"status-publish","4":"has-post-thumbnail","6":"product_cat-ceramic-glazing-machine","7":"product_tag-glaze-dipping-machine","9":"first","10":"instock","11":"shipping-taxable","12":"product-type-simple"},"acf":{"customization_content":"<h2><\/h2>\r\n<div><\/div>","customization_content_source":{"label":"Customization Content","type":"wysiwyg","formatted_value":"<h2><\/h2>\n<div><\/div>\n"},"why_choose_us_content":"<h2 style=\"text-align: center;\">Why Choose Us as Your Ceramic Glazing Machine Supplier<\/h2>\r\n\r\n<hr \/>\r\n<p style=\"text-align: center;\">\u00a0Yutai as a ceramic machine manufacturer, maintains strict quality standards and excellent service. Revolutionize your manufacturing processes with cutting-edge automation technology that streamlines forming and enhances efficiency.<\/p>","why_choose_us_content_source":{"label":"Why Choose Us Content","type":"wysiwyg","formatted_value":"<h2 style=\"text-align: center;\">Why Choose Us as Your Ceramic Glazing Machine Supplier<\/h2>\n<hr \/>\n<p style=\"text-align: center;\">\u00a0Yutai as a ceramic machine manufacturer, maintains strict quality standards and excellent service. Revolutionize your manufacturing processes with cutting-edge automation technology that streamlines forming and enhances efficiency.<\/p>\n"}},"_links":{"self":[{"href":"https:\/\/yutaimachinery.com\/de\/wp-json\/wp\/v2\/product\/4048","targetHints":{"allow":["GET"]}}],"collection":[{"href":"https:\/\/yutaimachinery.com\/de\/wp-json\/wp\/v2\/product"}],"about":[{"href":"https:\/\/yutaimachinery.com\/de\/wp-json\/wp\/v2\/types\/product"}],"version-history":[{"count":0,"href":"https:\/\/yutaimachinery.com\/de\/wp-json\/wp\/v2\/product\/4048\/revisions"}],"wp:featuredmedia":[{"embeddable":true,"href":"https:\/\/yutaimachinery.com\/de\/wp-json\/wp\/v2\/media\/4052"}],"wp:attachment":[{"href":"https:\/\/yutaimachinery.com\/de\/wp-json\/wp\/v2\/media?parent=4048"}],"wp:term":[{"taxonomy":"product_brand","embeddable":true,"href":"https:\/\/yutaimachinery.com\/de\/wp-json\/wp\/v2\/product_brand?post=4048"},{"taxonomy":"product_cat","embeddable":true,"href":"https:\/\/yutaimachinery.com\/de\/wp-json\/wp\/v2\/product_cat?post=4048"},{"taxonomy":"product_tag","embeddable":true,"href":"https:\/\/yutaimachinery.com\/de\/wp-json\/wp\/v2\/product_tag?post=4048"}],"curies":[{"name":"wp","href":"https:\/\/api.w.org\/{rel}","templated":true}]}}