{"id":3958,"date":"2024-04-25T15:32:27","date_gmt":"2024-04-25T07:32:27","guid":{"rendered":"https:\/\/yutaimachinery.com\/?post_type=product&#038;p=3958"},"modified":"2024-05-14T10:52:29","modified_gmt":"2024-05-14T02:52:29","slug":"vacuum-plaster-mixer","status":"publish","type":"product","link":"https:\/\/yutaimachinery.com\/de\/product\/vacuum-plaster-mixer\/","title":{"rendered":"Vakuum-Gipsmischer f\u00fcr Walz- und Gie\u00dfformen"},"content":{"rendered":"<div class=\"wp-block-columns is-layout-flex wp-container-core-columns-is-layout-9d6595d7 wp-block-columns-is-layout-flex\">\n<div class=\"wp-block-column is-layout-flow wp-block-column-is-layout-flow\">\n<h2 class=\"wp-block-heading\"><strong>Vakuum-Gipsmischer Parameter:<\/strong><\/h2>\n\n\n\n<figure class=\"wp-block-table\"><table><tbody><tr><td>Modell<\/td><td>Abmessung (lxbxh)<\/td><td>Leistung(kw)<\/td><\/tr><tr><td>30<\/td><td>70x60x150cm(h)<\/td><td>0,75 kW<\/td><\/tr><tr><td>60<\/td><td>80x65x170 cm(h)<\/td><td>1,5 kW<\/td><\/tr><\/tbody><\/table><\/figure>\n<\/div>\n\n\n\n<div class=\"wp-block-column is-layout-flow wp-block-column-is-layout-flow\"><div class=\"wp-block-image\">\n<figure class=\"aligncenter size-full is-resized\"><img fetchpriority=\"high\" decoding=\"async\" width=\"1080\" height=\"1080\" src=\"https:\/\/yutaimachinery.com\/wp-content\/uploads\/2024\/04\/Vacuum-plaster-mixer1.webp\" alt=\"Vakuum-Putzmischer\" class=\"wp-image-3966\" style=\"width:293px;height:auto\" title=\"\" srcset=\"https:\/\/yutaimachinery.com\/wp-content\/uploads\/2024\/04\/Vacuum-plaster-mixer1.webp 1080w, https:\/\/yutaimachinery.com\/wp-content\/uploads\/2024\/04\/Vacuum-plaster-mixer1-300x300.webp 300w, https:\/\/yutaimachinery.com\/wp-content\/uploads\/2024\/04\/Vacuum-plaster-mixer1-150x150.webp 150w, https:\/\/yutaimachinery.com\/wp-content\/uploads\/2024\/04\/Vacuum-plaster-mixer1-768x768.webp 768w, https:\/\/yutaimachinery.com\/wp-content\/uploads\/2024\/04\/Vacuum-plaster-mixer1-285x285.webp 285w, https:\/\/yutaimachinery.com\/wp-content\/uploads\/2024\/04\/Vacuum-plaster-mixer1-270x270.webp 270w, https:\/\/yutaimachinery.com\/wp-content\/uploads\/2024\/04\/Vacuum-plaster-mixer1-540x540.webp 540w, https:\/\/yutaimachinery.com\/wp-content\/uploads\/2024\/04\/Vacuum-plaster-mixer1-660x660.webp 660w\" sizes=\"(max-width: 1080px) 100vw, 1080px\" \/><\/figure>\n<\/div><\/div>\n<\/div>\n\n\n\n<h2 class=\"wp-block-heading\"><strong><strong>Vakuum-Gipsmischer <\/strong>Merkmale:<\/strong><\/h2>\n\n\n\n<p><strong>Verbesserte Gipsqualit\u00e4t: <\/strong>Das Vakuum-Mischverfahren erh\u00f6ht die Gl\u00e4tte und H\u00e4rte der Gipsformen, was zu feineren Details und Haltbarkeit des Endprodukts f\u00fchrt.<\/p>\n\n\n\n<p><strong>Einstellbare Mischgeschwindigkeit und -zeit: <\/strong>Bietet Flexibilit\u00e4t bei der Einstellung der Mischgeschwindigkeit und -dauer und erm\u00f6glicht so eine pr\u00e4zise Steuerung der Gipskonsistenz entsprechend den spezifischen Anforderungen.<\/p>\n\n\n\n<p><strong>Konstruktion aus rostfreiem Stahl<\/strong>: Das Geh\u00e4use des Mischers ist aus rostfreiem Stahl gefertigt, was eine lange Lebensdauer und Korrosionsbest\u00e4ndigkeit gew\u00e4hrleistet, was f\u00fcr den langfristigen Einsatz in einer Produktionsumgebung unerl\u00e4sslich ist.<\/p>\n\n\n\n<p><strong>Versiegelte Aluminiumkammer: <\/strong>Verf\u00fcgt \u00fcber eine Aluminiumgusskammer mit hervorragenden Dichtungseigenschaften, die das Gemisch vor Verunreinigungen sch\u00fctzt und eine saubere Mischumgebung gew\u00e4hrleistet.<\/p>\n\n\n\n<p><strong>Einfacher Betrieb: <\/strong>Die M\u00f6glichkeit, die Geschwindigkeit der Mischfl\u00fcgel und die Mischzeit einfach einzustellen, macht diese Maschine benutzerfreundlich und anpassungsf\u00e4hig an verschiedene Produktionsanforderungen.<\/p>\n\n\n\n<div class=\"wp-block-columns is-layout-flex wp-container-core-columns-is-layout-9d6595d7 wp-block-columns-is-layout-flex\">\n<div class=\"wp-block-column is-layout-flow wp-block-column-is-layout-flow\">\n<figure class=\"wp-block-image size-full is-resized\"><img decoding=\"async\" width=\"1276\" height=\"1276\" src=\"https:\/\/yutaimachinery.com\/wp-content\/uploads\/2024\/04\/Vacuum-plaster-mixer5.webp\" alt=\"Vakuum-Putzmischer\" class=\"wp-image-3967\" style=\"width:346px;height:auto\" title=\"\" srcset=\"https:\/\/yutaimachinery.com\/wp-content\/uploads\/2024\/04\/Vacuum-plaster-mixer5.webp 1276w, https:\/\/yutaimachinery.com\/wp-content\/uploads\/2024\/04\/Vacuum-plaster-mixer5-300x300.webp 300w, https:\/\/yutaimachinery.com\/wp-content\/uploads\/2024\/04\/Vacuum-plaster-mixer5-150x150.webp 150w, https:\/\/yutaimachinery.com\/wp-content\/uploads\/2024\/04\/Vacuum-plaster-mixer5-768x768.webp 768w, https:\/\/yutaimachinery.com\/wp-content\/uploads\/2024\/04\/Vacuum-plaster-mixer5-285x285.webp 285w, https:\/\/yutaimachinery.com\/wp-content\/uploads\/2024\/04\/Vacuum-plaster-mixer5-270x270.webp 270w, https:\/\/yutaimachinery.com\/wp-content\/uploads\/2024\/04\/Vacuum-plaster-mixer5-540x540.webp 540w, https:\/\/yutaimachinery.com\/wp-content\/uploads\/2024\/04\/Vacuum-plaster-mixer5-660x660.webp 660w\" sizes=\"(max-width: 1276px) 100vw, 1276px\" \/><\/figure>\n<\/div>\n\n\n\n<div class=\"wp-block-column is-layout-flow wp-block-column-is-layout-flow\">\n<figure class=\"wp-block-image size-full is-resized\"><img decoding=\"async\" width=\"1080\" height=\"1080\" src=\"https:\/\/yutaimachinery.com\/wp-content\/uploads\/2024\/04\/Vacuum-plaster-mixer2.webp\" alt=\"Vakuum-Putzmischer\" class=\"wp-image-3964\" style=\"width:344px;height:auto\" title=\"\" srcset=\"https:\/\/yutaimachinery.com\/wp-content\/uploads\/2024\/04\/Vacuum-plaster-mixer2.webp 1080w, https:\/\/yutaimachinery.com\/wp-content\/uploads\/2024\/04\/Vacuum-plaster-mixer2-300x300.webp 300w, https:\/\/yutaimachinery.com\/wp-content\/uploads\/2024\/04\/Vacuum-plaster-mixer2-150x150.webp 150w, https:\/\/yutaimachinery.com\/wp-content\/uploads\/2024\/04\/Vacuum-plaster-mixer2-768x768.webp 768w, https:\/\/yutaimachinery.com\/wp-content\/uploads\/2024\/04\/Vacuum-plaster-mixer2-285x285.webp 285w, https:\/\/yutaimachinery.com\/wp-content\/uploads\/2024\/04\/Vacuum-plaster-mixer2-270x270.webp 270w, https:\/\/yutaimachinery.com\/wp-content\/uploads\/2024\/04\/Vacuum-plaster-mixer2-540x540.webp 540w, https:\/\/yutaimachinery.com\/wp-content\/uploads\/2024\/04\/Vacuum-plaster-mixer2-660x660.webp 660w\" sizes=\"(max-width: 1080px) 100vw, 1080px\" \/><\/figure>\n<\/div>\n<\/div>","protected":false},"excerpt":{"rendered":"<p>Vakuum-Gipsmischer f\u00fcr den Direktvertrieb ab Werk zur Optimierung der Gipsaufbereitung f\u00fcr Rollenkopf- und Gussformen, ein unsch\u00e4tzbares Werkzeug zur Verbesserung der Produktionseffizienz und Qualit\u00e4t bei der Herstellung von Keramik- und Gipsformen.<\/p>\n<h2>Alles aus einer Hand f\u00fcr Vakuum-Putzmischer:<\/h2>\n<ol>\n<li>\n<p>Fabrikpreis: Als Hersteller von keramischen Maschinen bieten wir kosteng\u00fcnstige Tonschneidemaschinen an. Bitte kontaktieren Sie uns, um den Fabrikpreis zu erhalten.<\/p>\n<\/li>\n<li>\n<p>Technische Unterst\u00fctzung: Professionelle technische Anleitung und mechanische Installation, mit Videoanleitungen f\u00fcr eine schnelle Nutzung des Produkts<\/p>\n<\/li>\n<li>\n<p>Ersatzteile: Eine Reihe von Original-Ersatzteilen liefern.<\/p>\n<\/li>\n<li>\n<p>Unterst\u00fctzung nach dem Kauf: 24-Stunden-Online-Hilfe, um sicherzustellen, dass Sie mit dem Vakuum-Putzmischer zufrieden sind und dass er reibungslos in Ihrer Produktionslinie eingesetzt wird.<\/p>\n<\/li>\n<\/ol>","protected":false},"featured_media":3963,"template":"","meta":{"_acf_changed":false},"product_brand":[],"product_cat":[55],"product_tag":[84],"class_list":{"0":"post-3958","1":"product","2":"type-product","3":"status-publish","4":"has-post-thumbnail","6":"product_cat-ceramic-forming-machine","7":"product_tag-vacuum-plaster-mixer","9":"first","10":"instock","11":"shipping-taxable","12":"product-type-simple"},"acf":{"customization_content":"<h2><\/h2>\r\n<div><\/div>","customization_content_source":{"label":"Customization Content","type":"wysiwyg","formatted_value":"<h2><\/h2>\n<div><\/div>\n"},"why_choose_us_content":"<h2 style=\"text-align: center;\">Why Choose Us as Your Vacuum Plaster Mixer Supplier<\/h2>\r\n\r\n<hr \/>\r\n<p style=\"text-align: center;\">\u00a0Yutai as a ceramic machine manufacturer, maintains strict quality standards and excellent service. Revolutionize your manufacturing processes with cutting-edge automation technology that streamlines forming and enhances efficiency.<\/p>","why_choose_us_content_source":{"label":"Why Choose Us Content","type":"wysiwyg","formatted_value":"<h2 style=\"text-align: center;\">Why Choose Us as Your Vacuum Plaster Mixer Supplier<\/h2>\n<hr \/>\n<p style=\"text-align: center;\">\u00a0Yutai as a ceramic machine manufacturer, maintains strict quality standards and excellent service. Revolutionize your manufacturing processes with cutting-edge automation technology that streamlines forming and enhances efficiency.<\/p>\n"}},"_links":{"self":[{"href":"https:\/\/yutaimachinery.com\/de\/wp-json\/wp\/v2\/product\/3958","targetHints":{"allow":["GET"]}}],"collection":[{"href":"https:\/\/yutaimachinery.com\/de\/wp-json\/wp\/v2\/product"}],"about":[{"href":"https:\/\/yutaimachinery.com\/de\/wp-json\/wp\/v2\/types\/product"}],"version-history":[{"count":0,"href":"https:\/\/yutaimachinery.com\/de\/wp-json\/wp\/v2\/product\/3958\/revisions"}],"wp:featuredmedia":[{"embeddable":true,"href":"https:\/\/yutaimachinery.com\/de\/wp-json\/wp\/v2\/media\/3963"}],"wp:attachment":[{"href":"https:\/\/yutaimachinery.com\/de\/wp-json\/wp\/v2\/media?parent=3958"}],"wp:term":[{"taxonomy":"product_brand","embeddable":true,"href":"https:\/\/yutaimachinery.com\/de\/wp-json\/wp\/v2\/product_brand?post=3958"},{"taxonomy":"product_cat","embeddable":true,"href":"https:\/\/yutaimachinery.com\/de\/wp-json\/wp\/v2\/product_cat?post=3958"},{"taxonomy":"product_tag","embeddable":true,"href":"https:\/\/yutaimachinery.com\/de\/wp-json\/wp\/v2\/product_tag?post=3958"}],"curies":[{"name":"wp","href":"https:\/\/api.w.org\/{rel}","templated":true}]}}